{"id":2495,"date":"2018-10-25T11:18:27","date_gmt":"2018-10-25T14:18:27","guid":{"rendered":"https:\/\/wp.ufpel.edu.br\/ppgl\/?page_id=2495"},"modified":"2018-12-10T10:55:10","modified_gmt":"2018-12-10T12:55:10","slug":"2007-2","status":"publish","type":"page","link":"https:\/\/wp.ufpel.edu.br\/ppgl\/trabalhos-defendidos\/dissertacoes\/2007-2\/","title":{"rendered":"2007"},"content":{"rendered":"<p><strong>Let\u00edcia Stander Farias<\/strong><\/p>\n<p>A AQUISI\u00c7\u00c3O DO ACENTO PRIM\u00c1RIO EM INGL\u00caS COMO LE: O CASO DE<\/p>\n<p>PALAVRAS SUFIXADAS, \u00c0 LUZ DA TEORIA DA OTIMIDADE<\/p>\n<p>Orientador: M\u00e1rcia Cristina Zimmer<\/p>\n<p><a href=\"https:\/\/wp.ufpel.edu.br\/ppgl\/files\/2018\/11\/Acento_primario_em_Ingles-Leticia_Farias.pdf\">Texto Completo <\/a><\/p>\n<p>&nbsp;<\/p>\n<p>&nbsp;<\/p>\n<p><strong>Odete Cicatto Benghi<\/strong><\/p>\n<p>UMA AN\u00c1LISE DAS ESTRAT\u00c9GIAS DE CARNAVALIZA\u00c7\u00c3O\u00a0 UTILIZADAS POR ARNALDO JABOR NA CR\u00d4NICA POL\u00cdTICA\u00a0 SOBRE GEORGE BUSH E OSAMA BIN LADEN<\/p>\n<p>Orientador: Susana Born\u00e9o Funck<\/p>\n<p><a href=\"https:\/\/wp.ufpel.edu.br\/ppgl\/files\/2018\/11\/Analise_das_estrategias_de_carnavalizacao-Odete_Benghi.pdf\">Texto Completo<\/a><\/p>\n<p>&nbsp;<\/p>\n<p>&nbsp;<\/p>\n<p><strong>Desir\u00e9e\u00a0 Reinehr Mirapalhete<\/strong><\/p>\n<p>PROFESSORAS DE L\u00cdNGUA PORTUGUESA EM GRUPO DE DISCUSS\u00c3O: AN\u00c1LISE DIAL\u00d3GICA DO FAZER DOCENTE<\/p>\n<p>Orientador: Maria da Gl\u00f3ria Corr\u00eaa di Fanti<\/p>\n<p><a href=\"https:\/\/wp.ufpel.edu.br\/ppgl\/files\/2018\/11\/Analise_dialogica_do_fazer_docente-Desiree_Mirapalhete-1.pdf\">Texto Completo <\/a><\/p>\n<p>&nbsp;<\/p>\n<p>&nbsp;<\/p>\n<p><strong>Mariane Frigo Denardin<\/strong><\/p>\n<p>O ENCONTRO DE CRIAN\u00c7AS COM UMA L\u00cdNGUA ESTRANGEIRA: \u201cSe eu fosse m\u00e1gico eu queria passar tudo de novo\u201d<\/p>\n<p>Orientador: Hil\u00e1rio I.Bohn<\/p>\n<p><a href=\"https:\/\/wp.ufpel.edu.br\/ppgl\/files\/2018\/11\/Criancas_com_lingua_estrangeira-Mariane_Denardin.pdf\">Texto Completo<\/a><\/p>\n<p>&nbsp;<\/p>\n<p>&nbsp;<\/p>\n<p><strong>Luciana Specht<\/strong><\/p>\n<p>AUTORIA DE ALUNOS-ESCRITORES DE L\u00cdNGUA ESTRANGEIRA: POSSIBILIDADE OU UTOPIA<\/p>\n<p>Orientador: Hil\u00e1rio I. Bohn<\/p>\n<p><a href=\"https:\/\/wp.ufpel.edu.br\/ppgl\/files\/2018\/11\/Escritores_de_lingua_estrangeira-Luciana_Specht.pdf\">Texto Completo <\/a><\/p>\n<p>&nbsp;<\/p>\n<p>&nbsp;<\/p>\n<p><strong>Marlo\u00e1 Eggres Krebs<\/strong><\/p>\n<p>UM OLHAR PARA A INTERFER\u00caNCIA DOS HETEROSSEM\u00c2NTICOSNA<\/p>\n<p>APRENDIZAGEM DO ESPANHOL POR FALANTES NATIVOS DE PORTUGU\u00caS<\/p>\n<p>BRASILEIRO: UM ESTUDO DE CASO<\/p>\n<p>Orientador: Vilson J. Leffa.<\/p>\n<p><a href=\"https:\/\/wp.ufpel.edu.br\/ppgl\/files\/2018\/11\/Interferencia_dos_heterossemanticos-Marloa_Krebs.pdf\">Texto Completo<\/a><\/p>\n<p>&nbsp;<\/p>\n<p>&nbsp;<\/p>\n<p><strong>Manoel Jesus Soares da Silva <\/strong><\/p>\n<p>JORNALISMO E LITERATURA \u2013 UMA RELA\u00c7\u00c3O POSS\u00cdVEL<\/p>\n<p>Orientador: Susana Funck<\/p>\n<p><a href=\"https:\/\/wp.ufpel.edu.br\/ppgl\/files\/2018\/11\/Jornalismo_e_literatura_uma_relacao_possivel-Manoel_Jesus.pdf\">Texto Completo<\/a><\/p>\n<p>&nbsp;<\/p>\n<p>&nbsp;<\/p>\n<p><strong>Clarissa Diassul\u00a0 da Silva Redmer <\/strong><\/p>\n<p>MET\u00c1TESE E EP\u00caNTESE NA AQUISI\u00c7\u00c3O DA FONOLOGIA DO PB \u2013 UMA AN\u00c1LISE COM BASE NA TEORIA DA OTIMIDADE<\/p>\n<p>Orientador: Carmen L\u00facia Barreto Matzenauer<\/p>\n<p><a href=\"https:\/\/wp.ufpel.edu.br\/ppgl\/files\/2018\/11\/Metatese_e_epentese_na_aquisicao_da_fonologia-Clarissa_Redmer.pdf\">Texto Completo <\/a><\/p>\n<p>&nbsp;<\/p>\n<p>&nbsp;<\/p>\n<p><strong>Lydia Tessmann M\u00fclling<\/strong><\/p>\n<p>NOTAR E APRENDER: O PAPEL DA INSTRU\u00c7\u00c3O EXPL\u00cdCITA NA AQUISI\u00c7\u00c3O DA PRAGM\u00c1TICA DA L2.<\/p>\n<p>Orientador: M\u00e1rcia\u00a0 Cristina Zimmer<\/p>\n<p><a href=\"https:\/\/wp.ufpel.edu.br\/ppgl\/files\/2018\/11\/Notar_e_aprender-Lydia_Tessmann.pdf\">Texto Completo<\/a><\/p>\n<p>&nbsp;<\/p>\n<p>&nbsp;<\/p>\n<p><strong>Alessandra Herlin De Bona<\/strong><\/p>\n<p>O PAPEL DO FEEDBACK CORRETIVO NA REVERS\u00c3O DA FOSSILIZA\u00c7\u00c3O<\/p>\n<p>EM APRENDIZES ADULTOS<\/p>\n<p>Orientador: M\u00e1rcia\u00a0 Cristina Zimmer<\/p>\n<p><a href=\"https:\/\/wp.ufpel.edu.br\/ppgl\/files\/2018\/11\/O_papel_do_feedback-Alessandra_de_Bona.pdf\">Texto Completo <\/a><\/p>\n<p>&nbsp;<\/p>\n<p>&nbsp;<\/p>\n<p><strong>Renata Kabke Pinheiro <\/strong><\/p>\n<p>\u00c9OWYN, A SENHORA DE ROHAN: UMA AN\u00c1LISE LING\u00dc\u00cdSTICO-DISCURSIVA DA PERSONAGEM DE TOLKIEN EM O SENHOR DOS AN\u00c9IS<\/p>\n<p>Orientador: Susana Born\u00e9o Funck<\/p>\n<p><a href=\"https:\/\/wp.ufpel.edu.br\/ppgl\/files\/2018\/11\/O_Senhor_dos_Aneis-Renata_Kabke_Pinheiro.pdf\">Texto Completo <\/a><\/p>\n<p>&nbsp;<\/p>\n<p>&nbsp;<\/p>\n<p><strong>Arice Cardoso Tavares\u00a0 <\/strong><\/p>\n<p>O PAPEL DOS OBJETOS DE APRENDIZAGEM NO ENSINO DE L\u00cdNGUAS: UMA AN\u00c1LISE EM CURSOS ON-LINE DE ESPANHOL COMO L\u00cdNGUA\u00a0 ESTRANGEIRA<\/p>\n<p>Orientador: Vilson Jos\u00e9 Leffa<\/p>\n<p><a href=\"https:\/\/wp.ufpel.edu.br\/ppgl\/files\/2018\/11\/Papel_dos_objetos_de_aprendizagem-Arice_Tavares.pdf\">Texto Completo<\/a><\/p>\n<p>&nbsp;<\/p>\n<p>&nbsp;<\/p>\n<p><strong>Alessandra de Souza \u00c1vila Kabke<\/strong><\/p>\n<p>A PRESEN\u00c7A DO PROFESSOR NO ENSINO A DIST\u00c2NCIA<\/p>\n<p>Orientador: Vilson Jos\u00e9 Leffa<\/p>\n<p><a href=\"https:\/\/wp.ufpel.edu.br\/ppgl\/files\/2018\/11\/Presenca_professor_ensino_a_distancia-Alessandra_Kabke.pdf\">Texto Completo <\/a><\/p>\n<p>&nbsp;<\/p>\n<p>&nbsp;<\/p>\n<p><strong>Adriana Claudia Martins Fighera <\/strong><\/p>\n<p>O PROCESSAMENTO DO INPUT POR PARTE DOS APRENDIZES DE INGL\u00caS COMO L2 \u2013 O PAPEL DA SALI\u00caNCIA MORFOL\u00d3GICA E DOS ADV\u00c9RBIOS\u00a0TEMPORAIS NA COMPREENS\u00c3O DA REFER\u00caNCIA DE TEMPO<\/p>\n<p>Orientador: Ingrid Finger<\/p>\n<p><a href=\"https:\/\/wp.ufpel.edu.br\/ppgl\/files\/2018\/11\/Processamento_input_aprendizes_de_ingles-Adriana_Fighera.pdf\">Texto Completo <\/a><\/p>\n<p>&nbsp;<\/p>\n<p>&nbsp;<\/p>\n<p><strong>Andr\u00e9a N\u00f3brega Juliano<\/strong><\/p>\n<p>SUJEITO E ESCRITURA: UMA PERSPECTIVA DISCURSIVA SOBRE ERRO<\/p>\n<p>Orientador: Hil\u00e1rio I. Bohn<\/p>\n<p><a href=\"https:\/\/wp.ufpel.edu.br\/ppgl\/files\/2018\/11\/Sujeito_e_escritura-Andrea_Juliano.pdf\">Texto Completo <\/a><\/p>\n","protected":false},"excerpt":{"rendered":"<p>Let\u00edcia Stander Farias A AQUISI\u00c7\u00c3O DO ACENTO PRIM\u00c1RIO EM INGL\u00caS COMO LE: O CASO DE PALAVRAS SUFIXADAS, \u00c0 LUZ DA TEORIA DA OTIMIDADE Orientador: M\u00e1rcia Cristina Zimmer Texto Completo &nbsp; &nbsp; Odete Cicatto Benghi UMA AN\u00c1LISE DAS ESTRAT\u00c9GIAS DE CARNAVALIZA\u00c7\u00c3O\u00a0 UTILIZADAS POR ARNALDO JABOR NA CR\u00d4NICA POL\u00cdTICA\u00a0 SOBRE GEORGE BUSH E OSAMA BIN LADEN Orientador: [&hellip;]<\/p>\n","protected":false},"author":253,"featured_media":0,"parent":397,"menu_order":13,"comment_status":"closed","ping_status":"closed","template":"","meta":{"jetpack_post_was_ever_published":false,"footnotes":""},"class_list":["post-2495","page","type-page","status-publish","hentry"],"jetpack_sharing_enabled":true,"jetpack_shortlink":"https:\/\/wp.me\/P8vD3Q-Ef","_links":{"self":[{"href":"https:\/\/wp.ufpel.edu.br\/ppgl\/wp-json\/wp\/v2\/pages\/2495","targetHints":{"allow":["GET"]}}],"collection":[{"href":"https:\/\/wp.ufpel.edu.br\/ppgl\/wp-json\/wp\/v2\/pages"}],"about":[{"href":"https:\/\/wp.ufpel.edu.br\/ppgl\/wp-json\/wp\/v2\/types\/page"}],"author":[{"embeddable":true,"href":"https:\/\/wp.ufpel.edu.br\/ppgl\/wp-json\/wp\/v2\/users\/253"}],"replies":[{"embeddable":true,"href":"https:\/\/wp.ufpel.edu.br\/ppgl\/wp-json\/wp\/v2\/comments?post=2495"}],"version-history":[{"count":5,"href":"https:\/\/wp.ufpel.edu.br\/ppgl\/wp-json\/wp\/v2\/pages\/2495\/revisions"}],"predecessor-version":[{"id":2774,"href":"https:\/\/wp.ufpel.edu.br\/ppgl\/wp-json\/wp\/v2\/pages\/2495\/revisions\/2774"}],"up":[{"embeddable":true,"href":"https:\/\/wp.ufpel.edu.br\/ppgl\/wp-json\/wp\/v2\/pages\/397"}],"wp:attachment":[{"href":"https:\/\/wp.ufpel.edu.br\/ppgl\/wp-json\/wp\/v2\/media?parent=2495"}],"curies":[{"name":"wp","href":"https:\/\/api.w.org\/{rel}","templated":true}]}}