{"id":2471,"date":"2018-10-25T10:53:06","date_gmt":"2018-10-25T13:53:06","guid":{"rendered":"https:\/\/wp.ufpel.edu.br\/ppgl\/?page_id=2471"},"modified":"2019-05-13T11:07:37","modified_gmt":"2019-05-13T14:07:37","slug":"2011-2","status":"publish","type":"page","link":"https:\/\/wp.ufpel.edu.br\/ppgl\/trabalhos-defendidos\/dissertacoes\/2011-2\/","title":{"rendered":"2011"},"content":{"rendered":"<p><strong>Aline Neuschrank<\/strong><\/p>\n<p>DO LATIM AO PORTUGU\u00caS: UM CONTINUUM \u00c0 LUZ DE TEORIA FONOL\u00d3GICA<\/p>\n<p>Orientador: Carmen L\u00facia Barreto Matzenauer<\/p>\n<p><a href=\"https:\/\/wp.ufpel.edu.br\/ppgl\/files\/2019\/05\/Aline-Neuschrank.pdf\">Texto Completo<\/a><\/p>\n<p>&nbsp;<\/p>\n<p>&nbsp;<\/p>\n<p>&nbsp;<\/p>\n<p><strong>Gerson Bruno Forgiarini de Quadros<\/strong><\/p>\n<p>COMUNIDADES DE APRENDIZAGEM.COM\/LIVEMOCHA: UM JEITO SOCIAL DE APRENDER IDIOMAS<\/p>\n<p>Orientador: Vilson Jos\u00e9 Leffa<\/p>\n<p><a href=\"https:\/\/wp.ufpel.edu.br\/ppgl\/files\/2019\/05\/Gerson-Bruno-Forgiarini-de-Quadros.pdf\">Texto Completo<\/a><\/p>\n<p>&nbsp;<\/p>\n<p>&nbsp;<\/p>\n<p><strong>Mabel Oliveira Teixeira<\/strong><\/p>\n<p>A CONSTRU\u00c7\u00c3O DO ENUNCIADO JORNAL\u00cdSTICO NO TWITTER<\/p>\n<p>Orientador: Raquel da Cunha Recuero<\/p>\n<p><a href=\"https:\/\/wp.ufpel.edu.br\/ppgl\/files\/2019\/05\/Mabel-Oliveira-Teixeira.pdf\">Texto Completo<\/a><\/p>\n<p>&nbsp;<\/p>\n<p>&nbsp;<\/p>\n<p><strong>Magnun Rochel Madruga<\/strong><\/p>\n<p><strong>\u00a0<\/strong>RELA\u00c7\u00d5ES DE COOCORR\u00caNCIA CV NA AQUISI\u00c7\u00c3O DO PORTUGU\u00caS BRASILEIRO: UMA DISCUSS\u00c3O ACERCA DO PAPEL DAS CLASSES CONSONANTAIS<\/p>\n<p>Orientador: Marcia Cristina Zimmer<\/p>\n<p>Data da defesa: 19\/12\/2011<\/p>\n<p><strong>\u00a0<\/strong><a style=\"color: #9538c5\" href=\"https:\/\/wp.ufpel.edu.br\/ppgl\/files\/2018\/10\/Rela\u00e7\u00e3o-de-Coocorr\u00eancia-CV-na-Aquisi\u00e7\u00e3o-do-Portugu\u00eas-Brasileiro-Uma-Discuss\u00e3o-Acerca-do-Papel-das-Classes-Consonantais-Magnun-Rochel-Madruga.pdf\">Texto Completo<\/a><\/p>\n<p>&nbsp;<\/p>\n<p>&nbsp;<\/p>\n<p><strong>Paula Cristiane Bueno Kuhn<\/strong><\/p>\n<p><strong>\u00a0<\/strong>A PERCEP\u00c7\u00c3O DE VOGAIS DO INGL\u00caS POR FALANTES MONOL\u00cdNGUES (PORTUGU\u00caS) E BIL\u00cdNGUES (POMERANO\/PORTUGU\u00caS) E O PAPEL DO BILINGUISMO NO PROCESSAMENTO GRAFO-F\u00d4NICO-FONOL\u00d3GICO DA L3<\/p>\n<p>Orientador: Andreia Schurt Rauber<\/p>\n<p>Data da defesa: 15\/12\/2011<\/p>\n<p><a href=\"https:\/\/wp.ufpel.edu.br\/ppgl\/files\/2018\/11\/PAULA-CRISTIANE-BUENO-KUHN1.pdf\">Texto Completo<\/a><\/p>\n<p>&nbsp;<\/p>\n<p>&nbsp;<\/p>\n<p><strong>Marcia Hyppolito Macedo Dos Santos<\/strong><\/p>\n<p><strong>\u00a0<\/strong>O PAPEL DA INSTRU\u00c7\u00c3O EXPL\u00cdCITA NA AQUISI\u00c7\u00c3O DOS PADR\u00d5ES DE VOZEAMENTO FINAL DO INGL\u00caS POR APRENDIZES BRASILEIROS<\/p>\n<p>Orientador: Andreia Schurt Rauber<\/p>\n<p>Data da defesa: 25\/11\/2011<\/p>\n<p><a href=\"https:\/\/wp.ufpel.edu.br\/ppgl\/files\/2018\/10\/O-Papel-da-Instru\u00e7\u00e3o-Explicita-na-Aquisi\u00e7\u00e3o-dos-Padr\u00f5es-de-Vozeamento-Final-do-Ingl\u00eas-por-Aprendizes-Brasileiros-MARCIA-HYPPOLITO-MACEDO.pdf\">Texto Completo <\/a><\/p>\n<p>&nbsp;<\/p>\n<p>&nbsp;<\/p>\n<p><strong>Jael Sanera Sigales Gon\u00e7alves<\/strong><\/p>\n<p><strong>\u00a0<\/strong>CONTRIBUI\u00c7\u00d5ES PARA A CARACTERIZA\u00c7\u00c3O PROS\u00d3DICA E ENTOACIONAL DA FALA SOB SUSPEI\u00c7\u00c3O<\/p>\n<p>Orientador: Carmen Lucia Barreto Matzenauer<\/p>\n<p>Data da defesa: 26\/10\/2011<\/p>\n<p><a href=\"https:\/\/wp.ufpel.edu.br\/ppgl\/files\/2018\/10\/Contribui\u00e7\u00f5es-para-a-Caracteriza\u00e7\u00e3o-Prosdica-e-Entoacional-da-fala-sob-suspeio-Jael-Sanera-Sigales-Gon\u00e7alves.pdf\">Texto Completo <\/a><\/p>\n<p>&nbsp;<\/p>\n<p>&nbsp;<\/p>\n<p><strong>Roberta Quintanilha Azevedo<\/strong><\/p>\n<p><strong>\u00a0<\/strong>A EP\u00caNTESE NO PORTUGU\u00caS BRASILEIRO (L2), EM SEGMENTOS PLOSIVOS EM CODAS MEDIAIS, POR FALANTES NATIVOS DO ESPANHOL COLOMBIANO (L1): UMA AN\u00c1LISE VIA TEORIA DA OTIMIDADE ESTOC\u00c1STICA E GRAM\u00c1TICA HARM\u00d4NICA<\/p>\n<p>Orientador: Carmen Lucia Barreto Matzenauer<\/p>\n<p>Data da defesa: 13\/07\/2011<\/p>\n<p><a href=\"https:\/\/wp.ufpel.edu.br\/ppgl\/files\/2018\/10\/A-Epentese-no-Portugues-Brasileiro-em-Segmentos-Plosivos-em-Codas-Mediais-por-Faltantes-Nativos-do-Espanhol-Colombiano-Roberta-Quintanilha-Azevedo.pdf\">Texto Completo <\/a><\/p>\n<p>&nbsp;<\/p>\n<p>&nbsp;<\/p>\n<p><strong>Maria Luiza Lemieszek Pereira<\/strong><\/p>\n<p><strong>\u00a0<\/strong>O FEEDBACK CORRETIVO REFERENTE \u00c0 PRODU\u00c7\u00c3O DO MORFEM\u2018-ED\u2019 DO INGL\u00caS POR BRASILEIROS: CONCEP\u00c7\u00d5ES E PR\u00c1TICAS PEDAG\u00d3GICAS DE DE DOIS PROFESSORES<\/p>\n<p>Orientador: Raquel Da Cunha Recuero<\/p>\n<p>Data da defesa: 25\/04\/2011<\/p>\n<p><a href=\"https:\/\/wp.ufpel.edu.br\/ppgl\/files\/2018\/10\/O-Feedback-Corretivo-Referente-\u00e0-Produ\u00e7\u00e3o-do-Morfem-ED-do-Ingles-por-Brasileiros-Maria-Luiza-Lemieszek-Pereira.pdf\">Texto Completo <\/a><\/p>\n<p>&nbsp;<\/p>\n<p>&nbsp;<\/p>\n<p><strong>Suelen Hernandes Moraes Junges<\/strong><\/p>\n<p><strong>\u00a0<\/strong>TIANA, UMA PRINCESA \u00c0S AVESSAS?: A REPRESENTA\u00c7\u00c3O DA PERSONAGEM FEMININA NO FILME DE ANIMA\u00c7\u00c3O \u201cA PRINCESA E O SAPO\u201d DA WALT DISNEY<\/p>\n<p>Orientador: Eliane Terezinha Do Amaral Campello<\/p>\n<p>Data da defesa: 31\/03\/2011<\/p>\n<p><a href=\"https:\/\/wp.ufpel.edu.br\/ppgl\/files\/2018\/11\/JUNGES-Su\u00e9len-Hernandes-Moraes.pdf\">Texto Completo <\/a><\/p>\n<p>&nbsp;<\/p>\n<p>&nbsp;<\/p>\n<p><strong>Raquel Menezes Vaz<\/strong><\/p>\n<p><strong>\u00a0<\/strong>O CONTRASTE ENCOBERTO DE VOZEAMENTO EM UM CASO DE DESVIO FONOL\u00d3GICO<\/p>\n<p>Orientador: Andreia Schurt Rauber<\/p>\n<p>Data da defesa: 30\/03\/2011<\/p>\n<p><a href=\"https:\/\/wp.ufpel.edu.br\/ppgl\/files\/2018\/10\/O-Contraste-Encoberto-de-Vozeamento-em-Caso-de-Desvio-Fonol\u00f3gico-Raquel-Menezes-Vaz.pdf\">Texto Completo <\/a><\/p>\n<p>&nbsp;<\/p>\n<p>&nbsp;<\/p>\n<p><strong>Jose Carlos Patta Alves<\/strong><\/p>\n<p><strong>\u00a0<\/strong>O TIPO DE INSTRU\u00c7\u00c3O FOCADA NA FORMA ESCOLHIDA POR DUAS PROFESSORAS DE INGL\u00caS (LE): CONHECIMENTO PR\u00c1TICO E\/OU CONHECIMENTO TE\u00d3RICO?<\/p>\n<p>Orientador: Raquel Da Cunha Recuero<\/p>\n<p>Data da defesa: 30\/03\/2011<\/p>\n<p><a href=\"https:\/\/wp.ufpel.edu.br\/ppgl\/files\/2018\/10\/O-Tipo-de-Instru\u00e7ao-Focada-na-Forma-Escolhida-Por-Duas-Professoras-de-Ingles-Le-Jos\u00e9-Carlos-Patta-Alves-1.pdf\">Texto Completo <\/a><\/p>\n<p>&nbsp;<\/p>\n<p>&nbsp;<\/p>\n<p><strong>Karoline Veiga Franca<\/strong><\/p>\n<p><strong>\u00a0<\/strong>A AQUISI\u00c7\u00c3O DA ASPIRA\u00c7\u00c3O DAS PLOSIVAS SURDAS DO INGL\u00caS POR FALANTES DO PORTUGU\u00caS BRASILEIRO: IMPLICA\u00c7\u00d5ES TE\u00d3RICAS DECORRENTES DE DUAS DIFERENTES FORMAS DE DESCRI\u00c7\u00c3O DOS DADOS<\/p>\n<p>Orientador: Raquel Da Cunha Recuero<\/p>\n<p>Data da defesa: 21\/03\/2011<\/p>\n<p><a href=\"https:\/\/wp.ufpel.edu.br\/ppgl\/files\/2018\/10\/A-Aquisi\u00e7\u00e3o-da-Aspira\u00e7\u00e3o-das-Plosivas-Surdas-do-Ingl\u00eas-por-Falantes-do-Portugu\u00eas-Brasileiro-Karoline-Veiga-Fran\u00e7a.pdf\">Texto Completo <\/a><\/p>\n<p>&nbsp;<\/p>\n<p>&nbsp;<\/p>\n<p><strong>Larissa Costa Kurtz Dos Santos<\/strong><\/p>\n<p><strong>\u00a0<\/strong>ENTRE O FRACASSO E O \u00caXITO: HETEROGENEIDADE E DIVIS\u00c3O EM DISCURSOS DE SUICIDAS<\/p>\n<p>Orientador: Aracy Gra\u00e7a Ernst<\/p>\n<p>Data da defesa: 28\/02\/2011<\/p>\n<p><a href=\"https:\/\/wp.ufpel.edu.br\/ppgl\/files\/2018\/10\/Entre-o-Fracasso-e-o-Exito-Heterogeneidade-e-Divisao-em-Discursos-de-Suicidas-Larissa-Costa-Kurtz.pdf\">Texto Completo <\/a><\/p>\n<p>&nbsp;<\/p>\n<p>&nbsp;<\/p>\n<p><strong>Monica Ferreira Cassana<\/strong><\/p>\n<p><strong>\u00a0<\/strong>P\u00c1GINAS DA VIDA: A DISCURSIVIZA\u00c7\u00c3O DO PASSADO NA NARRATIVA DE SUJEITOS IDOSOS<\/p>\n<p>Orientador: Aracy Gra\u00e7a Ernst<\/p>\n<p>Data da defesa: 28\/02\/2011<\/p>\n<p><a href=\"https:\/\/wp.ufpel.edu.br\/ppgl\/files\/2018\/10\/P\u00e1ginas-da-Vida-A-Discursiviza\u00e7\u00e3o-do-Passado-na-Narrativa-de-Sujeitos-Idosos-M\u00f4nica-Ferreira-Cassana.pdf\">Texto Completo<\/a><\/p>\n<p>&nbsp;<\/p>\n<p>&nbsp;<\/p>\n<p><strong>Sylvia Furtado Felix<\/strong><\/p>\n<p><strong>\u00a0<\/strong>A INTERA\u00c7\u00c3O EM F\u00d3RUM DE AMBIENTE VIRTUAL DE APRENDIZAGEM<\/p>\n<p>Orientador: Vilson Jose Leffa<\/p>\n<p>Data da defesa: 25\/02\/2011<\/p>\n<p><a href=\"https:\/\/wp.ufpel.edu.br\/ppgl\/files\/2018\/10\/A-Interra\u00e7\u00e3o-e-F\u00f3rum-de-Ambiente-Virtual-de-Aprendizagem-Sylvia-Furtado-F\u00e9lix.pdf\">Texto Completo<\/a><\/p>\n","protected":false},"excerpt":{"rendered":"<p>Aline Neuschrank DO LATIM AO PORTUGU\u00caS: UM CONTINUUM \u00c0 LUZ DE TEORIA FONOL\u00d3GICA Orientador: Carmen L\u00facia Barreto Matzenauer Texto Completo &nbsp; &nbsp; &nbsp; Gerson Bruno Forgiarini de Quadros COMUNIDADES DE APRENDIZAGEM.COM\/LIVEMOCHA: UM JEITO SOCIAL DE APRENDER IDIOMAS Orientador: Vilson Jos\u00e9 Leffa Texto Completo &nbsp; &nbsp; Mabel Oliveira Teixeira A CONSTRU\u00c7\u00c3O DO ENUNCIADO JORNAL\u00cdSTICO NO TWITTER [&hellip;]<\/p>\n","protected":false},"author":253,"featured_media":0,"parent":397,"menu_order":9,"comment_status":"closed","ping_status":"closed","template":"","meta":{"jetpack_post_was_ever_published":false,"footnotes":""},"class_list":["post-2471","page","type-page","status-publish","hentry"],"jetpack_sharing_enabled":true,"jetpack_shortlink":"https:\/\/wp.me\/P8vD3Q-DR","_links":{"self":[{"href":"https:\/\/wp.ufpel.edu.br\/ppgl\/wp-json\/wp\/v2\/pages\/2471","targetHints":{"allow":["GET"]}}],"collection":[{"href":"https:\/\/wp.ufpel.edu.br\/ppgl\/wp-json\/wp\/v2\/pages"}],"about":[{"href":"https:\/\/wp.ufpel.edu.br\/ppgl\/wp-json\/wp\/v2\/types\/page"}],"author":[{"embeddable":true,"href":"https:\/\/wp.ufpel.edu.br\/ppgl\/wp-json\/wp\/v2\/users\/253"}],"replies":[{"embeddable":true,"href":"https:\/\/wp.ufpel.edu.br\/ppgl\/wp-json\/wp\/v2\/comments?post=2471"}],"version-history":[{"count":6,"href":"https:\/\/wp.ufpel.edu.br\/ppgl\/wp-json\/wp\/v2\/pages\/2471\/revisions"}],"predecessor-version":[{"id":3509,"href":"https:\/\/wp.ufpel.edu.br\/ppgl\/wp-json\/wp\/v2\/pages\/2471\/revisions\/3509"}],"up":[{"embeddable":true,"href":"https:\/\/wp.ufpel.edu.br\/ppgl\/wp-json\/wp\/v2\/pages\/397"}],"wp:attachment":[{"href":"https:\/\/wp.ufpel.edu.br\/ppgl\/wp-json\/wp\/v2\/media?parent=2471"}],"curies":[{"name":"wp","href":"https:\/\/api.w.org\/{rel}","templated":true}]}}