{"id":2250,"date":"2018-09-28T11:48:30","date_gmt":"2018-09-28T14:48:30","guid":{"rendered":"https:\/\/wp.ufpel.edu.br\/ppgl\/?page_id=2250"},"modified":"2019-05-13T11:17:53","modified_gmt":"2019-05-13T14:17:53","slug":"2013-2","status":"publish","type":"page","link":"https:\/\/wp.ufpel.edu.br\/ppgl\/trabalhos-defendidos\/dissertacoes\/2013-2\/","title":{"rendered":"2013"},"content":{"rendered":"<p><strong>Alexander Severo C\u00f3rdoba<\/strong><\/p>\n<p>A NEUTRALIZA\u00c7\u00c3O DAS VOGAIS POST\u00d4NICAS FINAIS NO PORTUGU\u00caS URUGUAIO FALADO NA<br \/>\nCIDADE DE TRANQUERAS &#8211; URUGUAI<\/p>\n<p>Orientador: Carmen L\u00facia Barreto Matzenauer<\/p>\n<p><a href=\"https:\/\/wp.ufpel.edu.br\/ppgl\/files\/2019\/05\/A-neutraliza\u00e7\u00e3o-das-vogais-postonicas-finais-no-portugues-uruguaio-falado-na-cidade-de-Tranqueras-Uruguai-Alexander-Severo-C\u00f3rdoba-.pdf\">Texto Completo<\/a><\/p>\n<p>&nbsp;<\/p>\n<p>&nbsp;<\/p>\n<p><strong>Pricilla Farina Soares<\/strong><\/p>\n<p>AMORES PERROS: ARQUITET\u00d4NICA EM ESPELHO ESTILHA\u00c7ADO<\/p>\n<p>Orientador: Raquel Da Cunha Recuero<\/p>\n<p>Data da defesa: 12\/12\/2013<\/p>\n<p><a href=\"https:\/\/wp.ufpel.edu.br\/ppgl\/files\/2018\/10\/O-discurso-da-viol\u00eancia-sist\u00eamico-simb\u00f3lica-e-sua-replica\u00e7\u00e3o-nos-memes-de-humor-da-fanpage-Diva-Depress\u00e3o-PRICILLA-FARINA-SOARES.pdf\">Texto Completo <\/a><\/p>\n<p>&nbsp;<\/p>\n<p>&nbsp;<\/p>\n<p><strong>Daniela Vieira Palazzo<\/strong><\/p>\n<p>REPRESENTA\u00c7\u00d5ES DISCURSIVAS DA MODA NO FILME \u2018THE PRIME OF MISS JEAN BRODIE<\/p>\n<p>Orientador: Eliane Terezinha Do Amaral Campello<\/p>\n<p>Data da defesa: 04\/12\/2013<\/p>\n<p><a href=\"https:\/\/wp.ufpel.edu.br\/ppgl\/files\/2018\/10\/REPRESENTA\u00c7\u00d5ES-DISCURSIVAS-DA-MODA-NO-FILME-THE-PRIME-OF-MISS-JEAN-BRODIE-DANIELA-VIEIRA-PALAZZO-1.pdf\">Texto Completo <\/a><\/p>\n<p>&nbsp;<\/p>\n<p>&nbsp;<\/p>\n<p><strong>Leandra Fagundes Da Silva<\/strong><\/p>\n<p>ACESSO LEXICAL NA PRODU\u00c7\u00c3O DE FALA BIL\u00cdNGUE EM REGI\u00c3O DE FRONTEIRA \u2013 BRASIL \/ URUGUAI<\/p>\n<p>Orientador: Marcia Cristina Zimmer<\/p>\n<p>Data da defesa: 20\/11\/2013<\/p>\n<p><a href=\"https:\/\/wp.ufpel.edu.br\/ppgl\/files\/2018\/10\/Acesso-Lexical-na-Produ\u00e7\u00e3o-de-Fala-Bil\u00edngue-em-Regi\u00e3o-de-Fronteira-Brasil-Uruguai-LEANDRA-FAGUNDES-DA-SILVA-.pdf\">Texto Completo<\/a><\/p>\n<p>&nbsp;<\/p>\n<p>&nbsp;<\/p>\n<p><strong>Lucia Silveira Alda<\/strong><\/p>\n<p>O TELEFONE CELULAR E A APRENDIZAGEM DE L\u00cdNGUAS: UMA META-AN\u00c1LISE QUALITATIVA DE ESTUDOS PUBLICADOS ENTRE 2008 E 2012 NOS ANAIS DA CONFER\u00caNCIA INTERNACIONAL EM APRENDIZAGEM M\u00d3VEL<\/p>\n<p>Orientador: Vilson Jose Leffa<\/p>\n<p>Data da defesa: 31\/10\/2013<\/p>\n<p><a href=\"https:\/\/wp.ufpel.edu.br\/ppgl\/files\/2018\/10\/O-Telefone-Celular-e-a-Aprendizagem-de-Linguas_Uma-Meta-An\u00e1lise-Qualitativa-de-Estudos-Publicados-Entre-2008-e-2012-Luc\u00eda-Silveira-Alda.pdf\">Texto Completo<\/a><\/p>\n<p>&nbsp;<\/p>\n<p>&nbsp;<\/p>\n<p><strong>Glaucia da Silva Cosme<br \/>\n<\/strong><\/p>\n<p>O feminino em Tieta e Macab\u00e9a<\/p>\n<p>Orientador: Jo\u00e3o Lu\u00eds Pereira Ourique<\/p>\n<p>Data da defesa: 11\/10\/2013<\/p>\n<p><a href=\"https:\/\/wp.ufpel.edu.br\/ppgl\/files\/2018\/09\/Disserta\u00e7\u00e3o-Glaucia-Cosme.pdf\">Texto completo <\/a><\/p>\n<p>&nbsp;<\/p>\n<p>&nbsp;<\/p>\n<p><strong>Patr\u00edcia Nunes Viana Vargas<\/strong><\/p>\n<p>DOM QUIXOTE EM PORTUGU\u00caS: DOIS MOMENTOS, DUAS VERS\u00d5ES<\/p>\n<p>Orientador: Adail Ubirajara Sobral<\/p>\n<p>Data da defesa: 30\/09\/2013<\/p>\n<p><a href=\"https:\/\/wp.ufpel.edu.br\/ppgl\/files\/2018\/10\/Dom-Quixote-em-portugu\u00eas-Dois-momentos-duas-vers\u00f5es-Patr\u00edcia-Nunes-Viana.pdf\">Texto Completo<\/a><\/p>\n<p>&nbsp;<\/p>\n<p>&nbsp;<\/p>\n<p><strong>Gilnei Oleiro Correa<\/strong><\/p>\n<p>A CIDADE, A POLTRONA E A LINHA: ESTUDOS SOBRE A EST\u00c9TICA DO FRIO, DE V\u00cdTOR RAMIL<\/p>\n<p>Orientador: Aracy Gra\u00e7a Ernst<\/p>\n<p>Data da defesa: 27\/09\/2013<\/p>\n<p><a href=\"https:\/\/wp.ufpel.edu.br\/ppgl\/files\/2018\/10\/A-Cidade-a-Poltrona-e-a-Linha-Estudos-Sobre-a-Est\u00e9tica-do-Frio-de-Vitor-Ramil-Gilnei-Oleiro-Corr\u00eaa-1-1.pdf\">Texto Completo<\/a><\/p>\n<p>&nbsp;<\/p>\n<p>&nbsp;<\/p>\n<p><strong>Francine De Oliveira Gomes<\/strong><\/p>\n<p>CREN\u00c7AS DE ALUNOS E PROFESSORES DE L\u00cdNGUA INGLESA QUANTO \u00c0 CORRE\u00c7\u00c3O DE ERROS EM SALA DE AULA<\/p>\n<p>Orientador: Adail Ubirajara Sobral<\/p>\n<p>Data da defesa: 27\/09\/2013<\/p>\n<p><a href=\"https:\/\/wp.ufpel.edu.br\/ppgl\/files\/2018\/10\/Crencas-de-Alunos-e-Professores-de-Lingua-Inglesa-Quanto-a-Correcao-de-Erros-em-Sala-de-Aula-Francine-de-Oliveira-Gomes-1.pdf\">Texto Completo <\/a><\/p>\n<p>&nbsp;<\/p>\n<p>&nbsp;<\/p>\n<p><strong>Luiz Felipe Macedo Dos Santos<\/strong><\/p>\n<p>A NEGA\u00c7\u00c3O E O SIL\u00caNCIO NO DISCURSO DE CONFLITO DE RA\u00c7A NO BRASIL<\/p>\n<p>Orientador: Aracy Gra\u00e7a Ernst<\/p>\n<p>Data da defesa: 23\/09\/2013<\/p>\n<p><a href=\"https:\/\/wp.ufpel.edu.br\/ppgl\/files\/2018\/10\/A-NEGA\u00c7\u00c3O-E-O-SIL\u00caNCIO-NO-DISCURSO-DE-CONFLITO-DE-RA\u00c7A-NO-BRASIL-LUIZ-FELIPE-MACEDO-DOS-SANTOS.pdf\">Texto Completo <\/a><\/p>\n<p>&nbsp;<\/p>\n<p>&nbsp;<\/p>\n<p><strong>Daniele Soares De Lima<\/strong><\/p>\n<p>ATEN\u00c7\u00c3O, GRAVANDO!: PRODU\u00c7\u00c3O DE V\u00cdDEOS POR ALUNOS DO ENSINO M\u00c9DIO \u2013 A L\u00cdNGUA COMO OBJETO DE REFLEX\u00c3O<\/p>\n<p>Orientador: Vilson Jose Leffa<\/p>\n<p>Data da defesa: 29\/08\/2013<\/p>\n<p><a href=\"https:\/\/wp.ufpel.edu.br\/ppgl\/files\/2018\/10\/Aten\u00e7\u00e3o-gravando-O-uso-de-v\u00eddeos-sobre-a-l\u00edngua-por-alunos-do-ensino-m\u00e9dio.-Daniela-Soares-de-Lima.pdf\">Texto Completo<\/a><\/p>\n<p>&nbsp;<\/p>\n<p>&nbsp;<\/p>\n<p><strong>D\u00e2nia Pinto Gon\u00e7alves<br \/>\n<\/strong><\/p>\n<p>O falar dos comerciantes brasileiros na fronteira de Jaguar\u00e3o-R\u00edo Branco<\/p>\n<p>Orientadora: Profa. Dra. Isabella Ferreira Mozzillo<\/p>\n<p>Data de defesa: 21\/06\/2013<\/p>\n<p><a href=\"https:\/\/wp.ufpel.edu.br\/ppgl\/files\/2018\/09\/Disserta\u00e7\u00e3o-Dania-Pinto-Gon\u00e7alves.pdf\">Texto completo <\/a><\/p>\n<p>&nbsp;<\/p>\n<p>&nbsp;<\/p>\n<p><strong>Marina Marchi Mujica<\/strong><\/p>\n<p>Atitude, orienta\u00e7\u00e3o e identidade lingu\u00edstica dos pomeranos residentes na comunidade de santa augusta- S\u00e3o<\/p>\n<p>Louren\u00e7o do Sul-RS-Brasil<\/p>\n<p>Orientador: Prof. Dr. Lu\u00eds Isa\u00edas Centeno do Amaral<\/p>\n<p>Data da defesa: 27\/05\/2013<\/p>\n<p><a href=\"https:\/\/wp.ufpel.edu.br\/ppgl\/files\/2018\/09\/Disserta\u00e7\u00e3o-Marina-Marchi-Mujica.pdf\">Texto completo <\/a><\/p>\n<p>&nbsp;<\/p>\n<p>&nbsp;<\/p>\n<p><strong>Maria Ant\u00f4nia Carballo Dominguez<\/strong><\/p>\n<p>AS REPRESENTA\u00c7\u00d5ES IDENTIT\u00c1RIAS DE UM GRUPO DE PROFESSORES DE L\u00cdNGUA ESPANHOLA: A SUA FORMA\u00c7\u00c3O E TRABALHO PROFISSIONAL<\/p>\n<p>Orientador: Hil\u00e1rio In\u00e1cio Bohn<\/p>\n<p>Data da defesa: 24\/05\/2013<\/p>\n<p><a href=\"https:\/\/wp.ufpel.edu.br\/ppgl\/files\/2018\/10\/As-Representa\u00e7\u00f5es-Identit\u00e1rias-de-um-Grupo-de-Professores-de-L\u00edngua-Espanhola-A-Sua-Forma\u00e7\u00e3o-e-Trabalho-Profissional-Maria-Antonia-Carballo-Dominguez.pdf\">Texto Completo <\/a><\/p>\n<p>&nbsp;<\/p>\n<p>&nbsp;<\/p>\n<p><strong>Marisel Valerio Porto<\/strong><\/p>\n<p>Vest\u00edgios de uma voz: testemunho e fic\u00e7\u00e3o em A costa dos murm\u00farios, de L\u00eddia Jorge<\/p>\n<p>Orientador: Prof. Dr. Aulus Mandagar\u00e1 Martins<\/p>\n<p>Data da defesa: 22\/05\/2013<\/p>\n<p><a href=\"https:\/\/wp.ufpel.edu.br\/ppgl\/files\/2018\/09\/Disserta\u00e7\u00e3o-Marisel-Valerio-Porto.pdf\">Texto completo <\/a><\/p>\n<p>&nbsp;<\/p>\n<p>&nbsp;<\/p>\n<p><strong>Veronica Santos do Amaral<\/strong><\/p>\n<p>Ditongos fon\u00e9ticos: a interfer\u00eancia da l\u00edngua falada na escrita de alunos da zona urbana e da zona rural de S\u00e3o Jos\u00e9 do Norte<\/p>\n<p>Orietadora: Profa. Dra. Giovana Ferreira-Gon\u00e7alves<\/p>\n<p>Data da defesa: 21\/05\/2013<\/p>\n<p><a href=\"https:\/\/wp.ufpel.edu.br\/ppgl\/files\/2018\/09\/Disserta\u00e7\u00e3o-Veronica-Santos-do-Amaral.pdf\">Texto completo <\/a><\/p>\n<p>&nbsp;<\/p>\n<p>&nbsp;<\/p>\n<p><strong>Karol Stefanie Souza Garcia<\/strong><\/p>\n<p>Narrativa ut\u00f3pica do s\u00e9culo xxi?: uma an\u00e1lise f\u00edlmica de Avatar (2009) a partir do texto inaugural Utopia (1516) de Thomas More<\/p>\n<p>Orientador: Prof. Dr. Jos\u00e9 Carlos Marques Volcato<\/p>\n<p>Data da defesa: 26\/04\/2013<\/p>\n<p><a href=\"https:\/\/wp.ufpel.edu.br\/ppgl\/files\/2018\/09\/Disserta\u00e7\u00e3o-Karol-Souza-Garcia-1.pdf\">Texto completo <\/a><\/p>\n<p>&nbsp;<\/p>\n<p>&nbsp;<\/p>\n<p><strong>Gedeon Eloeno Rodrigues Messa<\/strong><\/p>\n<p>Entendesse?, Sabe? E Visse? Como Marcadores Discursivos Na Fala De Pelotas\/RS<\/p>\n<p>Orientador: Prof. Dr. Lu\u00eds Isa\u00edas Centeno do Amaral<\/p>\n<p>Data da defesa: 24\/04\/2013<\/p>\n<p><a href=\"https:\/\/wp.ufpel.edu.br\/ppgl\/files\/2018\/09\/Disserta\u00e7\u00e3o-Gedeon-Eloeno-Rodrigues-Messa.pdf\">Texto completo<\/a><\/p>\n<p>&nbsp;<\/p>\n<p>&nbsp;<\/p>\n<p><strong>Monica Ferreira<\/strong><\/p>\n<p>UMA AN\u00c1LISE DISCURSIVA SOBRE O TRATAMENTO DISPENSADO POR PROFESSORES AO ERRO EM LE: UM VI\u00c9S ENTRE TEORIA E PR\u00c1TICA<\/p>\n<p>Orientador: Aracy Gra\u00e7a Ernst<\/p>\n<p>Data da defesa: 08\/04\/2013<\/p>\n<p><a href=\"https:\/\/wp.ufpel.edu.br\/ppgl\/files\/2018\/10\/Uma-an\u00e1lise-discursiva-sobre-o-tratamento-por-professores-ao-erro-em-Le-Um-vi\u00e9s-entre-teoria-e-pr\u00e1tica-M\u00f4nica-Ferreira-R\u00eago.pdf\">Texto Completo<\/a><\/p>\n<p>&nbsp;<\/p>\n<p>&nbsp;<\/p>\n<p><strong>Diego Vieira Braga<\/strong><\/p>\n<p>REPRESENTA\u00c7\u00d5ES DO TEMPO NA PUBLICIDADE DE REL\u00d3GIOS DE PULSO: UMA AN\u00c1LISE DISCURSIVA<\/p>\n<p>Orientador: Aracy Gra\u00e7a Ernst<\/p>\n<p>Data da defesa: 05\/04\/2013<\/p>\n<p><a href=\"https:\/\/wp.ufpel.edu.br\/ppgl\/files\/2018\/10\/Representa\u00e7\u00f5es-do-Tempo-na-Publicidade-de-Rel\u00f3gios-de-Pulso-Uma-An\u00e1lise-Discursiva-Diego-Vieira-Braga-1.pdf\">Texto Completo <\/a><\/p>\n<p>&nbsp;<\/p>\n<p>&nbsp;<\/p>\n<p><strong>Morgana Paiva da Silva<\/strong><\/p>\n<p>A inser\u00e7\u00e3o de a gente na linguagem jornal\u00edstica de Zero Hora<\/p>\n<p>Orientadora: Profa. Dra. Maria Jos\u00e9 Blaskovski Vieira<\/p>\n<p>Data da defesa: 28\/03\/2013<\/p>\n<p><a href=\"https:\/\/wp.ufpel.edu.br\/ppgl\/files\/2018\/09\/Disserta\u00e7\u00e3o-Morgana-Paiva-da-Silva.pdf\">Texto completo <\/a><\/p>\n<p>&nbsp;<\/p>\n<p>&nbsp;<\/p>\n<p><strong>Gabriela Rocha Rodrigues<br \/>\n<\/strong><\/p>\n<p>A recep\u00e7\u00e3o da trag\u00e9dia Ant\u00edgona, de S\u00f3focles, na montagem de Luiz Paulo Vasconcellos<\/p>\n<p>Orientador: Prof. Dr. Alfeu Sparemberger<\/p>\n<p>Data da defesa: 27\/03\/2013<\/p>\n<p><a href=\"https:\/\/wp.ufpel.edu.br\/ppgl\/files\/2018\/09\/Disserta\u00e7\u00e3o-Gabriela-Rocha-Rodrigues.pdf\">Disserta\u00e7\u00e3o Gabriela Rocha Rodrigues<\/a><\/p>\n<p>&nbsp;<\/p>\n<p>&nbsp;<\/p>\n<p><strong>Mariana Jantsch de Souza<\/strong><\/p>\n<p>A reinven\u00e7\u00e3o do eu: desdobramentos do fen\u00f4meno mnem\u00f4nico em Dois irm\u00e3os e O Vale da Paix\u00e3o<\/p>\n<p>Orientador: Prof. Dr. Alfeu Sparemberger<\/p>\n<p>Data da defesa: 27\/03\/2013<\/p>\n<p><a href=\"https:\/\/wp.ufpel.edu.br\/ppgl\/files\/2018\/09\/Disserta\u00e7\u00e3o-Mariana-Jantsch-de-Souza.pdf\">Texto completo <\/a><\/p>\n<p>&nbsp;<\/p>\n<p>&nbsp;<\/p>\n<p><strong>Jones Neuenfeld Schuller<\/strong><\/p>\n<p>A PERCEP\u00c7\u00c3O DE VOGAIS PRET\u00d4NICAS E SUA RELA\u00c7\u00c3O COM OS PROCESSOS DE HARMONIA E DE AL\u00c7AMENTO VOC\u00c1LICO<\/p>\n<p>Orientador: Carmen Lucia Barreto Matzenauer<\/p>\n<p>Data da defesa: 27\/03\/2013<\/p>\n<p><a href=\"https:\/\/wp.ufpel.edu.br\/ppgl\/files\/2018\/10\/A-Percep\u00e7\u00e3o-de-Vogais-M\u00e9dias-Pret\u00f4nicas-e-Sua-Rela\u00e7\u00f5a-com-os-Processos-de-Harmonia-e-de-Al\u00e7amento-Voc\u00e1lico-Jones-Neuenfeld-Sch\u00fcller-.pdf\">Texto Completo<\/a><\/p>\n<p>&nbsp;<\/p>\n<p>&nbsp;<\/p>\n<p><strong>Gabriela Tornquist<\/strong><\/p>\n<p>DITONGOS NO PORTUGU\u00caS E NO ESPANHOL \u2013 AN\u00c1LISE SINCR\u00d4NICA E DIACR\u00d4NICA<\/p>\n<p>Orientador: Carmen Lucia Barreto Matzenauer<\/p>\n<p>Data da defesa: 27\/03\/2013<\/p>\n<p><a href=\"https:\/\/wp.ufpel.edu.br\/ppgl\/files\/2018\/10\/Ditongos-no-Portugu\u00eas-e-no-Espanhol-Uma-An\u00e1lise-Sincr\u00f4nica-e-Diacr\u00f4nica-Gabriela-Tornquist.pdf\">Texto Completo<\/a><\/p>\n<p>&nbsp;<\/p>\n<p>&nbsp;<\/p>\n<p><strong>Martina Camacho Blaas<\/strong><\/p>\n<p>LEITURA DIGITAL: UM CONTEXTO DIFERENTE, UMA POSTURA DIFERENTE<\/p>\n<p>Orientador: Vilson Jose Leffa<\/p>\n<p>Data da defesa: 22\/03\/2013<\/p>\n<p><a href=\"https:\/\/wp.ufpel.edu.br\/ppgl\/files\/2018\/10\/Leitura-Digital-Um-contexto-diferente-uma-postutura-diferente-Martina-Camacho-Blaas.pdf\">Texto Completo <\/a><\/p>\n<p>&nbsp;<\/p>\n<p>&nbsp;<\/p>\n<p><strong>Pablo Diego Niederauer Bernardi<br \/>\n<\/strong><\/p>\n<p>A interfer\u00eancia lingu\u00edstica e a supergeneraliza\u00e7\u00e3o na escrita em franc\u00eas como l\u00edngua estrangeira: uma<\/p>\n<p>compara\u00e7\u00e3o nos n\u00edveis inicial e avan\u00e7ado<\/p>\n<p>Orientadora: Profa. Dra. Isabella Ferreira Mozzillo<\/p>\n<p>Data da defesa: 22\/03\/2013<\/p>\n<p><a href=\"https:\/\/wp.ufpel.edu.br\/ppgl\/files\/2018\/09\/Disserta\u00e7\u00e3o-Pablo-Diego-Niederauer-Bernardi.pdf\">Texto completo <\/a><\/p>\n<p>&nbsp;<\/p>\n<p>&nbsp;<\/p>\n<p><strong>Paulo Fernando da Silva Furtado<\/strong><\/p>\n<p>As linguagens do autoritarismo em O coronel e o lobisomem, de Jos\u00e9 C\u00e2ndido de Carvalho, e em Sargento Get\u00falio, de Jo\u00e3o Ubaldo Ribeiro<\/p>\n<p>Orientador: Prof. Dr. Jo\u00e3o Lu\u00eds Pereira Ourique<\/p>\n<p>Data da defesa: 21\/03\/2013<\/p>\n<p><a href=\"https:\/\/wp.ufpel.edu.br\/ppgl\/files\/2018\/09\/Disserta\u00e7\u00e3o-Paulo-Fernando-da-Silva-Furtado.pdf\">Texto completo <\/a><\/p>\n<p>&nbsp;<\/p>\n<p>&nbsp;<\/p>\n<p><strong>Patr\u00edcia Mussi Escobar<br \/>\n<\/strong><\/p>\n<p>A escala comum de valores em grupos de aprendizagem de espanhol como l\u00edngua estrangeira (E\/LE) como sistemas adaptativos complexos<\/p>\n<p>Orientador: Prof. Dr. Rafael Vetromille-Castro<\/p>\n<p>Data da defesa: 15\/03\/2013<\/p>\n<p><a href=\"https:\/\/wp.ufpel.edu.br\/ppgl\/files\/2018\/09\/Disserta\u00e7\u00e3o-Patr\u00edcia-Mussi-Escobar-1.pdf\">Texto completo <\/a><\/p>\n<p>&nbsp;<\/p>\n<p>&nbsp;<\/p>\n<p><strong>Lisandra Rutkoski Rodrigues<\/strong><\/p>\n<p>UM COGNITIVE DIFFERENCES BETWEEN MONOLINGUALS AND BI\/MULTILINGUALS: EXECUTIVE FUNCTIONS BOOSTED BY CODE-SWITCHING?<\/p>\n<p>Orientador: Marcia Cristina Zimmer<\/p>\n<p>Data da defesa: 15\/03\/2013<\/p>\n<p><a href=\"https:\/\/wp.ufpel.edu.br\/ppgl\/files\/2018\/10\/Cognitive-differences-between-monolinguals-and-multiliguals-executive-functions-boosted-by-code-switching-LISANDRA-RUTKOSKI-RODRIGUES.pdf\">Texto Completo<\/a><\/p>\n<p>&nbsp;<\/p>\n<p>&nbsp;<\/p>\n<p><strong>Patrick Tedesco<\/strong><\/p>\n<p>A escrita liter\u00e1ria na conflu\u00eancia de linguagens est\u00e9ticas: rela\u00e7\u00f5es entre palavra e imagem em S\u00e9rgio Sant\u2019anna<\/p>\n<p>Orientador: Prof. Dr. Jo\u00e3o Manuel dos Santos Cunha<\/p>\n<p>Data da defesa: 15\/03\/2013<\/p>\n<p><a href=\"https:\/\/wp.ufpel.edu.br\/ppgl\/files\/2018\/09\/Disserta\u00e7\u00e3o-Patrick-Tedesco.pdf\">Texto completo <\/a><\/p>\n<p>&nbsp;<\/p>\n<p>&nbsp;<\/p>\n<p><strong>Cl\u00e1udia Raquel Lutz<\/strong><\/p>\n<p>As narrativas que circulam sobre o Curso de Letras: mem\u00f3rias recontadas por quem deixou seu lar para estudar<\/p>\n<p>Orientadora: Profa. Dra. Leticia Fonseca Richthofen de Freitas<\/p>\n<p>Data da defesa: 15\/03\/2013<\/p>\n<p><a href=\"https:\/\/wp.ufpel.edu.br\/ppgl\/files\/2018\/09\/Disserta\u00e7\u00e3o-Cl\u00e1udia-Raquel-Lutz.pdf\">Texto completo <\/a><\/p>\n<p>&nbsp;<\/p>\n<p>&nbsp;<\/p>\n<p><strong>Rafael Dias Ferrei<\/strong><strong>ra<\/strong><\/p>\n<p>A tape\u00e7aria intertextual de Milton Hatoum: a mem\u00f3ria da literatura em Relato de um certo oriente<\/p>\n<p>Orientador: Prof. Dr. Jo\u00e3o Manuel dos Santos Cunha<\/p>\n<p>Data da defesa: 14\/03\/2013<\/p>\n<p><a href=\"https:\/\/wp.ufpel.edu.br\/ppgl\/files\/2018\/09\/Disserta\u00e7\u00e3o-Rafael-Dias-Ferreira-1.pdf\">Texto completo <\/a><\/p>\n<p>&nbsp;<\/p>\n<p>&nbsp;<\/p>\n<p><strong>Matheus Trindade Velasques<\/strong><\/p>\n<p>Why is the book on the table? Um estudo sobre a constitui\u00e7\u00e3o identit\u00e1ria de professoras de l\u00edngua inglesa em forma\u00e7\u00e3o<\/p>\n<p>Orientadora: Profa. Dra. Leticia Fonseca Richthofen de Freitas<\/p>\n<p>Data da defesa: 14\/03\/2013<\/p>\n<p><a href=\"https:\/\/wp.ufpel.edu.br\/ppgl\/files\/2018\/09\/Disserta\u00e7\u00e3o-Matheus-Trindade-Velasques.pdf\">Texto completo <\/a><\/p>\n<p>&nbsp;<\/p>\n<p>&nbsp;<\/p>\n<p><strong>Gisele Medina Nunes<br \/>\n<\/strong><\/p>\n<p>A escrita em ingl\u00eas como sistema adaptativo complexo: uma abordagem colaborativa na aprendizagem de l\u00edngua estrangeira por meio das TIC<\/p>\n<p>Orientador: Prof. Dr. Rafael Vetromille-Castro<\/p>\n<p>Data da defesa: 08\/03\/2013<\/p>\n<p><a href=\"https:\/\/wp.ufpel.edu.br\/ppgl\/files\/2018\/09\/Disserta\u00e7\u00e3o-Gisele-Medina-Nunes.pdf\">Texto completo<\/a><\/p>\n<p>&nbsp;<\/p>\n<p>&nbsp;<\/p>\n<p><strong>Franceli Rodrigues De Souza<\/strong><\/p>\n<p>CONSTRU\u00c7\u00c3O DE SUJEITOS CR\u00cdTICOS EM PROJETO VIVENCIAL DE LETRAMENTO<\/p>\n<p>Orientador: Adriana Fischer<\/p>\n<p>Data da defesa: 07\/03\/2013<\/p>\n<p><a href=\"https:\/\/wp.ufpel.edu.br\/ppgl\/files\/2018\/10\/A-Constru\u00e7\u00e3o-de-Sujeitos-Cr\u00edticos-em-Um-Projeto-Vivencial-de-Letramento-Franceli-Rodrigues-de-Souza.pdf\">Texto e Textualidade<\/a><\/p>\n<p>&nbsp;<\/p>\n<p>&nbsp;<\/p>\n<p><strong>Felipe Alves Pereira \u00c1vila<\/strong><\/p>\n<p>O DISCURSO CONTRADIT\u00d3RIO. UMA AN\u00c1LISE DOS PROCESSOS DISCURSIVOS PRESENTES EM PERFIS NEONAZISTAS NO ORKUT<\/p>\n<p>Orientador: Aracy Gra\u00e7a Ernst<\/p>\n<p>Data da defesa: 28\/02\/2013<\/p>\n<p><a href=\"https:\/\/wp.ufpel.edu.br\/ppgl\/files\/2018\/10\/O-Discurso-Contradit\u00f3rio-Uma-An\u00e1lise-dos-Processos-Discursivos-Presentes-em-Perfis-Neonazistas-no-orkut-Felipe-Avila.pdf\">Texto Completo<\/a><\/p>\n<p>&nbsp;<\/p>\n<p>&nbsp;<\/p>\n<p><strong>Daiane Winter<\/strong><\/p>\n<p>O USO DO V\u00cdDEO COMO INSTRUMENTO DE MOTIVA\u00c7\u00c3O NA AULA DE L\u00cdNGUA ESTRANGEIRA<\/p>\n<p>Orientador: Vilson Jose Leffa<\/p>\n<p>Data da defesa: 21\/02\/2013<\/p>\n<p><a href=\"https:\/\/wp.ufpel.edu.br\/ppgl\/files\/2018\/10\/O-Uso-do-V\u00eddeo-Como-Instrumento-de-Motiva\u00e7\u00e3o-na-Aula-de-L\u00edngua-Estrangeira-Daiane-Winter.pdf\">Texto Completo <\/a><\/p>\n","protected":false},"excerpt":{"rendered":"<p>Alexander Severo C\u00f3rdoba A NEUTRALIZA\u00c7\u00c3O DAS VOGAIS POST\u00d4NICAS FINAIS NO PORTUGU\u00caS URUGUAIO FALADO NA CIDADE DE TRANQUERAS &#8211; URUGUAI Orientador: Carmen L\u00facia Barreto Matzenauer Texto Completo &nbsp; &nbsp; Pricilla Farina Soares AMORES PERROS: ARQUITET\u00d4NICA EM ESPELHO ESTILHA\u00c7ADO Orientador: Raquel Da Cunha Recuero Data da defesa: 12\/12\/2013 Texto Completo &nbsp; &nbsp; Daniela Vieira Palazzo REPRESENTA\u00c7\u00d5ES DISCURSIVAS [&hellip;]<\/p>\n","protected":false},"author":253,"featured_media":0,"parent":397,"menu_order":7,"comment_status":"closed","ping_status":"closed","template":"","meta":{"jetpack_post_was_ever_published":false,"footnotes":""},"class_list":["post-2250","page","type-page","status-publish","hentry"],"jetpack_sharing_enabled":true,"jetpack_shortlink":"https:\/\/wp.me\/P8vD3Q-Ai","_links":{"self":[{"href":"https:\/\/wp.ufpel.edu.br\/ppgl\/wp-json\/wp\/v2\/pages\/2250","targetHints":{"allow":["GET"]}}],"collection":[{"href":"https:\/\/wp.ufpel.edu.br\/ppgl\/wp-json\/wp\/v2\/pages"}],"about":[{"href":"https:\/\/wp.ufpel.edu.br\/ppgl\/wp-json\/wp\/v2\/types\/page"}],"author":[{"embeddable":true,"href":"https:\/\/wp.ufpel.edu.br\/ppgl\/wp-json\/wp\/v2\/users\/253"}],"replies":[{"embeddable":true,"href":"https:\/\/wp.ufpel.edu.br\/ppgl\/wp-json\/wp\/v2\/comments?post=2250"}],"version-history":[{"count":10,"href":"https:\/\/wp.ufpel.edu.br\/ppgl\/wp-json\/wp\/v2\/pages\/2250\/revisions"}],"predecessor-version":[{"id":3513,"href":"https:\/\/wp.ufpel.edu.br\/ppgl\/wp-json\/wp\/v2\/pages\/2250\/revisions\/3513"}],"up":[{"embeddable":true,"href":"https:\/\/wp.ufpel.edu.br\/ppgl\/wp-json\/wp\/v2\/pages\/397"}],"wp:attachment":[{"href":"https:\/\/wp.ufpel.edu.br\/ppgl\/wp-json\/wp\/v2\/media?parent=2250"}],"curies":[{"name":"wp","href":"https:\/\/api.w.org\/{rel}","templated":true}]}}