{"id":2244,"date":"2018-09-28T09:14:15","date_gmt":"2018-09-28T12:14:15","guid":{"rendered":"https:\/\/wp.ufpel.edu.br\/ppgl\/?page_id=2244"},"modified":"2018-12-10T11:00:10","modified_gmt":"2018-12-10T13:00:10","slug":"2015-2","status":"publish","type":"page","link":"https:\/\/wp.ufpel.edu.br\/ppgl\/trabalhos-defendidos\/dissertacoes\/2015-2\/","title":{"rendered":"2015"},"content":{"rendered":"<p><strong>Tamires Pereira Duarte Goulart<\/strong><\/p>\n<div>A PRODU\u00c7\u00c3O DE FORMAS VERBAIS IRREGULARES POR CRIAN\u00c7AS FALANTES DO PORTUGU\u00caS BRASILEIRO<\/div>\n<div><\/div>\n<p>Orientador: Carmen Lucia Barreto Matzenauer<\/p>\n<p>Data da defesa: 18\/12\/2015<\/p>\n<p><a href=\"https:\/\/wp.ufpel.edu.br\/ppgl\/files\/2018\/10\/A-Produ\u00e7\u00e3o-de-Formas-Verbais-Irregulares-por-Crian\u00e7as-Falantes-do-Portugu\u00eas-Brasileiro-PB-Tamires-Pereira-Duarte-Goulart.pdf\">Texto Completo <\/a><\/p>\n<p>&nbsp;<\/p>\n<p>&nbsp;<\/p>\n<p><strong>Leticia Formoso Assun\u00e7\u00e3o<\/strong><\/p>\n<p>\u201cMADEMOISELLE CHANEL\u201d: UM DISCURSO ENTRE A MAGIA DO GLAMOUR E A ELOQU\u00caNCIA DA SOLID\u00c3O<\/p>\n<p>Orientador: Eliane Terezinha Do Amaral Campello<\/p>\n<p>Data da defesa: 17\/12\/2015<\/p>\n<p><a href=\"https:\/\/wp.ufpel.edu.br\/ppgl\/files\/2018\/10\/Mademoiselle-Chanel_Um-discurso-Entre-a-Magia-do-Glamour-e-a-Eloqu\u00eancia-da-Solid\u00e3o-Let\u00edcia-Formoso-Assun\u00e7\u00e3o.pdf\">Texto Completo <\/a><\/p>\n<p>&nbsp;<\/p>\n<p>&nbsp;<\/p>\n<p><strong>Leandro Pimentel Rodrigues Moreira <\/strong><\/p>\n<p>A PERCEP\u00c7\u00c3O DA FRICATIVA INTERDENTAL SURDA DO INGL\u00caS (L2) POR FALANTES NATIVOS DO PORTUGU\u00caS<\/p>\n<p>Orientador: Camila Lawson Scheifer<\/p>\n<p>Data da defesa: 15\/12\/2015<\/p>\n<p><a href=\"https:\/\/wp.ufpel.edu.br\/ppgl\/files\/2018\/10\/A-Percep\u00e7\u00e3o-da-Fricativa-Interdental-Surda-do-Ingl\u00eas.L2.Por-Falantes-Nativos-do-Portugu\u00eas-Leandro-Pimentel-Rodrigues-Moreira.pdf\">Texto Completo <\/a><\/p>\n<p>&nbsp;<\/p>\n<p>&nbsp;<\/p>\n<p><strong>Luciane Botelho Martins<\/strong><\/p>\n<p>MAFALDA: GESTOS DE LEITURA A PARTIR DO FUNCIONAMENTO DISCURSIVO DA INTERROGA\u00c7\u00c3O<\/p>\n<p>Orientador: Aracy Gra\u00e7a Ernst<\/p>\n<p>Data da defesa: 15\/12\/2015<\/p>\n<p><a href=\"https:\/\/wp.ufpel.edu.br\/ppgl\/files\/2018\/10\/Mafalda_Gestos-de-Leitura-a-Partir-do-Funcionamento-Discursivo-da-Interroga\u00e7\u00e3o-Luciane-Botelho-Martins-1.pdf\">Texto Completo<\/a><\/p>\n<p>&nbsp;<\/p>\n<p>&nbsp;<\/p>\n<p><strong>Jeferson Da Silva Schneider<\/strong><\/p>\n<p>AS QUEST\u00d5ES DE INTERPRETA\u00c7\u00c3O NO ENEM 2014: UMA AN\u00c1LISE INTERPRETATIVA<\/p>\n<p>Orientador: Ercilia Ana Cazarin<\/p>\n<p>Data da defesa: 15\/12\/2015<\/p>\n<p><a href=\"https:\/\/wp.ufpel.edu.br\/ppgl\/files\/2018\/10\/As-Quest\u00f5es-de-Interpreta\u00e7\u00e3o-no-ENEM-2014_Uma-An\u00e1lise-Discursiva-Jeferson-da-Silva-Schneider.pdf\">Texto Completo <\/a><\/p>\n<p>&nbsp;<\/p>\n<p>&nbsp;<\/p>\n<p><strong>Vinicius Oliveira De Oliveira<\/strong><\/p>\n<p>O GAME THE GRAND THEFT AUTO V COMO REDE DE LETRAMENTOS: UM ESTUDO DE CASO<\/p>\n<p>Orientador: Camila Lawson Scheifer<\/p>\n<p>Data da defesa: 04\/12\/2015<\/p>\n<p><a href=\"https:\/\/wp.ufpel.edu.br\/ppgl\/files\/2018\/10\/O-Game-The-Grand-Theft-Auto-V-Como-Rede-de-Letramentos_Um-Estudo-de-Caso-Vin\u00edcius-Oliveira-de-Oliveira.pdf\">Texto Completo<\/a><\/p>\n<p>&nbsp;<\/p>\n<p>&nbsp;<\/p>\n<p><strong>Luciano Gon\u00e7alves Moraes<\/strong><\/p>\n<p>LIVRO \u201cPORTUGU\u00caS LINGUAGENS\u201d: PROPOSTAS DE PRODU\u00c7\u00c3O TEXTUAL \u2013 CONTRAPONDO ATIVIDADES ENTRE O LIVRO DO ALUNO E O DO PROFESSOR<\/p>\n<p>Orientador: Ercilia Ana Cazarin<\/p>\n<p>Data da defesa: 30\/11\/2015<\/p>\n<p><a href=\"https:\/\/wp.ufpel.edu.br\/ppgl\/files\/2018\/10\/Livro-Portugu\u00eas-Linguagens_Propostas-de-Produ\u00e7\u00e3o-Textual-Contrapondo-Atividades-do-Livro-do-Aluno-e-o-do-Professor-Luciano-Gon\u00e7alves-Morales.pdf\">Texto Completo<\/a><\/p>\n<p>&nbsp;<\/p>\n<p>&nbsp;<\/p>\n<p><strong>Veridiana Pereira Borges<\/strong><\/p>\n<p>CONSCI\u00caNCIA MORFOL\u00d3GICA EM CRIAN\u00c7AS N\u00c3O ALFABETIZADAS E EM PROCESSO DE ALFABETIZA\u00c7\u00c3O: PRODU\u00c7\u00c3O E RECONHECIMENTO DE MORFEMAS<\/p>\n<p>Orientador: Carmen Lucia Barreto Matzenauer<\/p>\n<p>Data da defesa: 30\/11\/2015<\/p>\n<p><a href=\"https:\/\/wp.ufpel.edu.br\/ppgl\/files\/2018\/10\/Consci\u00eancia-Morfol\u00f3gica-em-Crian\u00e7as-N\u00e3o-Alfabetizadas-e-Em-Processo-de-Alfabetiza\u00e7\u00e3o_Produ\u00e7\u00e3o-e-Reconhecimento-de-Morfemas-Veridiana-Pereira-Borges.pdf\">Texto Completo<\/a><\/p>\n<p>&nbsp;<\/p>\n<p>&nbsp;<\/p>\n<p><strong>Leticia Ribeiro Schinestsck<\/strong><\/p>\n<p>\u201cSE A CARAPU\u00c7A SERVIU&#8230;\u201d \u2013 ESTUDO DE CASO DA CULTURA DAS INDIRETAS E A VIOL\u00caNCIA SIMB\u00d3LICA NO FACEBOOK<\/p>\n<p>Orientador: Raquel Da Cunha Recuero<\/p>\n<p>Data da defesa: 30\/11\/2015<\/p>\n<p><a href=\"https:\/\/wp.ufpel.edu.br\/ppgl\/files\/2018\/10\/Se-a-Carapu\u00e7a-Serviu..._Estudo-de-Caso-Sobre-a-Cultura-das-Indiretas-e-a-Viol\u00eancia-Simb\u00f3lica-no-Facebook-Let\u00edcia-Ribeiro-Schinestsck.pdf\">Texto Completo <\/a><\/p>\n<p>&nbsp;<\/p>\n<p>&nbsp;<\/p>\n<p><strong>Viviane Peres De Jesus Lino <\/strong><\/p>\n<p>O PROCESSO DE AQUISI\u00c7\u00c3O DO R\u00d3TICO CORONAL DO PORTUGU\u00caS BRASILEIRO: ESTRAT\u00c9GIAS DE DESENVOLVIMENTO<\/p>\n<p>Orientador: Carmen Lucia Barreto Matzenauer<\/p>\n<p>Data da defesa: 27\/11\/2015<\/p>\n<p><a href=\"https:\/\/wp.ufpel.edu.br\/ppgl\/files\/2018\/10\/O-Processo-de-Aquisi\u00e7\u00e3o-do-R\u00f3tico-Coronal-do-Portugu\u00eas-Brasileiro_Estrat\u00e9gias-de-Desenvolvimento-Viviane-Peres-de-Jesus-Lino-1.pdf\">Texto Completo <\/a><\/p>\n<p>&nbsp;<\/p>\n<p>&nbsp;<\/p>\n<p><strong>Clara Peron da Silva Guedes<\/strong><\/p>\n<p><em>Investiga\u00e7\u00e3o das interfer\u00eancias lingu\u00edsticas e das modalidades tradut\u00f3rias na tradu\u00e7\u00e3o para o portugu\u00eas brasileiro do conto \u201cTenth of December\u201d<\/em><\/p>\n<p>Orientadora: Profa. Dra. Isabella Ferreira Mozzillo<\/p>\n<p>Data da defesa: 23\/11\/2015<\/p>\n<p><a href=\"https:\/\/wp.ufpel.edu.br\/ppgl\/files\/2018\/09\/Disserta\u00e7\u00e3o-Clara.pdf\">Texto completo<\/a><\/p>\n<p>&nbsp;<\/p>\n<p>&nbsp;<\/p>\n<p><strong>Fernanda Tais Brignol Guimaraes<\/strong><\/p>\n<p>UMA AN\u00c1LISE DIAL\u00d3GICA DA ARQUITET\u00d4NICA DO G\u00caNERO ACAD\u00caMICO DISSERTA\u00c7\u00c3O: ESTUDO DE CASO<\/p>\n<p>Orientador: Adail Ubirajara Sobral<\/p>\n<p>Data da defesa: 03\/11\/2015<\/p>\n<p><a href=\"https:\/\/wp.ufpel.edu.br\/ppgl\/files\/2018\/10\/Uma-An\u00e1lise-Dial\u00f3gica-da-Arquitet\u00f4nica-do-G\u00eanero-Acad\u00eamico-Disserta\u00e7\u00e3o_Estudo-de-Caso-Fernanda-Ta\u00eds-Brignol-Guimar\u00e3es.pdf\">Texto Completo <\/a><\/p>\n<p>&nbsp;<\/p>\n<p>&nbsp;<\/p>\n<p><strong>Ricardo Rios Villas Boas<\/strong><\/p>\n<p>EVAS\u00c3O NA EDUCA\u00c7\u00c3O A DIST\u00c2NCIA: UMA AN\u00c1LISE CONCEITUAL PARA O APONTAMENTO DAS CAUSAS<\/p>\n<p>Orientador: Fabiane Villela Marroni<\/p>\n<p>Data da defesa: 28\/08\/2015<\/p>\n<p><a href=\"https:\/\/wp.ufpel.edu.br\/ppgl\/files\/2018\/10\/Evas\u00e3o-na-Educa\u00e7\u00e3o-a-Dist\u00e2ncia_Uma-An\u00e1lise-Conceitual-Para-o-Apontamento-das-Causas-Ricardo-Rios-Villas-Boas.pdf\">Texto Completo <\/a><\/p>\n<p>&nbsp;<\/p>\n<p>&nbsp;<\/p>\n<p><strong>Ana Cl\u00e1udia Sampaio Martins<\/strong><\/p>\n<p><em>O estranho na transcria\u00e7\u00e3o cinematogr\u00e1fica de Luchino Visconti para\u00a0<\/em>O estrangeiro<em>, de Albert Camus: uma an\u00e1lise <\/em><em>da abertura f\u00edlmica<\/em><\/p>\n<p>Orientadora: Profa. Dra. Daniele Gallindo Gon\u00e7alves Silva<\/p>\n<p>Data da defesa: 25\/06\/2015<br \/>\n<a href=\"https:\/\/wp.ufpel.edu.br\/ppgl\/files\/2018\/09\/Disserta\u00e7\u00e3o-Ana-Cl\u00e1udia-Sampaio-Martins.pdf\">Texto completo <\/a><\/p>\n<p>&nbsp;<\/p>\n<p>&nbsp;<\/p>\n<p><strong>Jos\u00e9 Edson de Barros Correia<\/strong><br \/>\n<em>A identidade de meninos e sua rela\u00e7\u00e3o com a varia\u00e7\u00e3o lingu\u00edstica de P4 e o sucesso escolar<\/em><\/p>\n<p>Orientador: Prof. Dr. Lu\u00eds Isaias Centeno do Amaral<\/p>\n<p>Data da defesa: 19\/06\/2015<\/p>\n<p><a href=\"https:\/\/wp.ufpel.edu.br\/ppgl\/files\/2018\/09\/Disserta\u00e7\u00e3o-Jos\u00e9-Edson-de-Barros-Correia.pdf\">Texto completo <\/a><\/p>\n<p>&nbsp;<\/p>\n<p>&nbsp;<\/p>\n<p><strong>Arl\u00e9zia de Souza<\/strong><br \/>\n<em>Narrativas docentes: construindo e reconstruindo hist\u00f3rias<\/em><\/p>\n<p>Orientadora: Profa. Dra. Let\u00edcia Fonseca Richthofen de Freitas<\/p>\n<p>Data da defesa: 06\/06\/2015<\/p>\n<p><a href=\"https:\/\/wp.ufpel.edu.br\/ppgl\/files\/2018\/09\/Disserta\u00e7\u00e3o-Arl\u00e9zia-de-Souza.pdf\">Texto completo <\/a><\/p>\n<p>&nbsp;<\/p>\n<p>&nbsp;<\/p>\n<p><strong>Fabiana Fagundes Palla<\/strong><br \/>\n<em>An\u00e1lise do emprego do marcador conversacional n\u00e9? na fala de Pelotas\/RS<\/em><\/p>\n<p>Orientador: Prof. Dr. Lu\u00eds Isaias Centeno do Amaral<\/p>\n<p>Data da defesa: 30\/04\/2015<\/p>\n<p><a href=\"https:\/\/wp.ufpel.edu.br\/ppgl\/files\/2018\/09\/Disserta\u00e7\u00e3o-Fabiana-Fagundes-Palla.pdf\">Texto completo <\/a><\/p>\n<p>&nbsp;<\/p>\n<p>&nbsp;<\/p>\n<p><strong>Milena de Oliveira Abott<\/strong><br \/>\n<em>Payador, pampa e guitarra: tempo, espa\u00e7o e ecos de uma cultura<\/em><\/p>\n<p>Orientador: Prof. Dr. Jo\u00e3o Lu\u00eds Pereira Ourique<\/p>\n<p>Data da defesa: 30\/04\/2015<\/p>\n<p><a href=\"https:\/\/wp.ufpel.edu.br\/ppgl\/files\/2018\/09\/Disserta\u00e7\u00e3o-Milena-Oliveira-Abott.pdf\">Texto completo <\/a><\/p>\n<p>&nbsp;<\/p>\n<p>&nbsp;<\/p>\n<p><strong>Luciane Oliveira Ribeiro<\/strong><br \/>\n<em>Resist\u00eancia e descoloniza\u00e7\u00e3o na obra de Luandino Vieira<\/em><\/p>\n<p>Orientador: Prof. Dr. Alfeu Sparemberger<\/p>\n<p>Data da defesa: 30\/04\/2015<\/p>\n<p><a href=\"https:\/\/wp.ufpel.edu.br\/ppgl\/files\/2018\/09\/Disserta\u00e7\u00e3o-Luciane-Oliveira-Ribeiro.pdf\">Texto completo <\/a><\/p>\n<p>&nbsp;<\/p>\n<p>&nbsp;<\/p>\n<p><strong>Doris Helena Soares Da Silva<\/strong><br \/>\n<em>Masculinidades em conflito em\u00a0<\/em>Um certo capit\u00e3o Rodrigo<em>: da luta pela hegemonia \u00e0 masculinidade mitificada<\/em><\/p>\n<p>Orientadora: Profa. Dra. Daniele Gallindo Gon\u00e7alves Silva<\/p>\n<p>Data da defesa: 29\/04\/2015<\/p>\n<p><a href=\"https:\/\/wp.ufpel.edu.br\/ppgl\/files\/2018\/09\/Disserta\u00e7\u00e3o-D\u00f3ris-Helena-Soares-da-S.-Giacomolli.pdf\">Texto completo <\/a><\/p>\n<p>&nbsp;<\/p>\n<p>&nbsp;<\/p>\n<p><strong>Sisney Darcy Vaz da Silva Junior<\/strong><br \/>\n<em>O desenvolvimento das m\u00faltiplas linguagens em ambientes virtuais: o blog como um sistema complexo<\/em><\/p>\n<p>Orientador: Prof. Dr. Rafael Vetromille-Castro<\/p>\n<p>Data da defesa: 29\/04\/2015<\/p>\n<p><a href=\"https:\/\/wp.ufpel.edu.br\/ppgl\/files\/2018\/09\/Disserta\u00e7\u00e3o-Sisney-Dartcy-Vaz-da-Silva-Junior.pdf\">Texto completo <\/a><\/p>\n<p>&nbsp;<\/p>\n<p>&nbsp;<\/p>\n<p><strong>Paula Penteado de David<\/strong><br \/>\n<em>Os processos de d\u00e2ndi externo no espanhol uruguaio<\/em><\/p>\n<p>Orientadora: Profa. Dra. C\u00edntia da Costa Alc\u00e2ntara<\/p>\n<p>Data da defesa: 29\/04\/2015<\/p>\n<p><a href=\"https:\/\/wp.ufpel.edu.br\/ppgl\/files\/2018\/09\/Disserta\u00e7\u00e3o-Paula-Pendeteado-de-David.pdf\">Texto completo <\/a><\/p>\n<p>&nbsp;<\/p>\n<p>&nbsp;<\/p>\n<p><strong>Ana Luiza Nunes Almeida<\/strong><br \/>\n<em>A representa\u00e7\u00e3o da homoafetividade em\u00a0<\/em>Duas iguais<em>, de C\u00edntia Moscovich e\u00a0<\/em>Morangos mofados<em>, de Caio Fernando Abreu<\/em><\/p>\n<p>Orientador: Prof. dr. Jo\u00e3o Lu\u00eds Pereira Ourique<\/p>\n<p>Data da defesa: 16\/04\/2015<\/p>\n<p><a href=\"https:\/\/wp.ufpel.edu.br\/ppgl\/files\/2018\/09\/Disserta\u00e7\u00e3o-Ana-Luiza-Nunes-Almeida.pdf\">Texto completo <\/a><\/p>\n<p>&nbsp;<\/p>\n<p>&nbsp;<\/p>\n<p><strong>Juliana Toazza Grossi<\/strong><br \/>\n<em>Ana Clara e Anelise: a rela\u00e7\u00e3o entre literatura, sociedade e melancolia em\u00a0<\/em>As meninas<em>, de Lygia Fagundes Telles e\u00a0<\/em>As parceiras<em>, de Lya Luft<\/em><\/p>\n<p>Orientador: Prof. dr. Jo\u00e3o Lu\u00eds Pereira Ourique<\/p>\n<p>Data da defesa: 16\/04\/2015<\/p>\n<p><a href=\"https:\/\/wp.ufpel.edu.br\/ppgl\/files\/2018\/09\/Disserta\u00e7\u00e3o-Juliana-Toazza-Grossi.pdf\">Texto completo <\/a><\/p>\n<p>&nbsp;<\/p>\n<p>&nbsp;<\/p>\n<p><strong>Renata de Azevedo Ribeiro<\/strong><br \/>\n<em>A experi\u00eancia hist\u00f3rica e sua narratividade na literatura de Mia Couto e Paulina Chiziane<\/em><\/p>\n<p>Orientador: Prof. Dr. Aulus Mandagar\u00e1 Martins<\/p>\n<p>Data da defesa: 09\/04\/2015<\/p>\n<p><a href=\"https:\/\/wp.ufpel.edu.br\/ppgl\/files\/2018\/09\/Disserta\u00e7\u00e3o-Renata-Ribeiro-Munhoz.pdf\">Texto completo <\/a><\/p>\n<p>&nbsp;<\/p>\n<p>&nbsp;<\/p>\n<p><strong>Maria Ines Gon\u00e7alves Medeiros Cordeiro<\/strong><\/p>\n<p>ENSINO PROFISSIONALIZANTE NO BRASIL: DETERMINA\u00c7\u00d5ES E ESCAPES<\/p>\n<p>Orientador: Ercilia Ana Cazarin<\/p>\n<p>Data da defesa: 05\/03\/2015<\/p>\n<p><a href=\"https:\/\/wp.ufpel.edu.br\/ppgl\/files\/2018\/11\/Ensino-Profissionalizante-no-Brasil_Determina\u00e7\u00f5es-e-Escapes-Maria-In\u00eas-Gon\u00e7alves-Medeiros-Cordeiro.pdf\">Texto Completo<\/a><\/p>\n<p>&nbsp;<\/p>\n<p>&nbsp;<\/p>\n<p><strong>Melanie Floriano De Oliveira<\/strong><\/p>\n<p>A CONSTRU\u00c7\u00c3O DA FONOLOGIA DAS VOGAIS FRONTAIS ARREDONDADAS DO FRANC\u00caS<\/p>\n<p>Orientador: Susiele Machry Da Silva<\/p>\n<p>Data da defesa: 27\/02\/2015<\/p>\n<p><a href=\"https:\/\/wp.ufpel.edu.br\/ppgl\/files\/2018\/11\/A-Constru\u00e7\u00e3o-da-Fonologia-das-Vogais-Frontais-Arredondadas-do-Franc\u00eas-Melanie-de-Oliveira-Santana-Elpo.pdf\">Texto Completo <\/a><\/p>\n<p>&nbsp;<\/p>\n<p>&nbsp;<\/p>\n<p><strong>Bianca Alves Lehmann<\/strong><br \/>\nAs aulas de orat\u00f3ria: um espa\u00e7o de forma\u00e7\u00e3o e de constru\u00e7\u00e3o identit\u00e1ria<\/p>\n<p>Orientadora: Profa. Dra. Let\u00edcia Fonseca Richthofen de Freitas<\/p>\n<p>Data da defesa: 23\/02\/2015<\/p>\n<p><a href=\"https:\/\/wp.ufpel.edu.br\/ppgl\/files\/2018\/09\/Disserta\u00e7\u00e3o-Bianca-Alves-Lehmann.pdf\">Texto completo<\/a><\/p>\n<p>&nbsp;<\/p>\n<p>&nbsp;<\/p>\n<p><strong>Marcelo de Andrade Duarte<\/strong><br \/>\nLiteratura e experi\u00eancia hist\u00f3rica em De rios velhos e guerrilheiros: o livro dos guerrilheiros, de Jos\u00e9 Luandino Vieira<\/p>\n<p>Orientador: Prof. Dr. Aulus Mandagar\u00e1 Martins<\/p>\n<p>Data da defesa: 20\/02\/2015<\/p>\n<p><a href=\"https:\/\/wp.ufpel.edu.br\/ppgl\/files\/2018\/09\/Disserta\u00e7\u00e3o-Marcelo-de-Andrade-Duarte.pdf\">Texto completo <\/a><\/p>\n<p>&nbsp;<\/p>\n<p>&nbsp;<\/p>\n<p><strong>Felipe Bilharva da Silva<br \/>\n<\/strong>Produ\u00e7\u00e3o oral e escrita dos r\u00f3ticos em Arroio do Padre (RS): avaliando a rela\u00e7\u00e3o portugu\u00eas\/pomerano com base na fonologia gestual<\/p>\n<p>Orientadora: Profa. Dra. Giovana Ferreira-Gon\u00e7alves<\/p>\n<p>Data da defesa: 20\/02\/2015<\/p>\n<p><a href=\"https:\/\/wp.ufpel.edu.br\/ppgl\/files\/2018\/09\/Disserta\u00e7\u00e3o-Felipe-Bilharva-da-Silva.pdf\">Texto completo<\/a><\/p>\n","protected":false},"excerpt":{"rendered":"<p>Tamires Pereira Duarte Goulart A PRODU\u00c7\u00c3O DE FORMAS VERBAIS IRREGULARES POR CRIAN\u00c7AS FALANTES DO PORTUGU\u00caS BRASILEIRO Orientador: Carmen Lucia Barreto Matzenauer Data da defesa: 18\/12\/2015 Texto Completo &nbsp; &nbsp; Leticia Formoso Assun\u00e7\u00e3o \u201cMADEMOISELLE CHANEL\u201d: UM DISCURSO ENTRE A MAGIA DO GLAMOUR E A ELOQU\u00caNCIA DA SOLID\u00c3O Orientador: Eliane Terezinha Do Amaral Campello Data da defesa: [&hellip;]<\/p>\n","protected":false},"author":253,"featured_media":0,"parent":397,"menu_order":5,"comment_status":"closed","ping_status":"closed","template":"","meta":{"jetpack_post_was_ever_published":false,"footnotes":""},"class_list":["post-2244","page","type-page","status-publish","hentry"],"jetpack_sharing_enabled":true,"jetpack_shortlink":"https:\/\/wp.me\/P8vD3Q-Ac","_links":{"self":[{"href":"https:\/\/wp.ufpel.edu.br\/ppgl\/wp-json\/wp\/v2\/pages\/2244","targetHints":{"allow":["GET"]}}],"collection":[{"href":"https:\/\/wp.ufpel.edu.br\/ppgl\/wp-json\/wp\/v2\/pages"}],"about":[{"href":"https:\/\/wp.ufpel.edu.br\/ppgl\/wp-json\/wp\/v2\/types\/page"}],"author":[{"embeddable":true,"href":"https:\/\/wp.ufpel.edu.br\/ppgl\/wp-json\/wp\/v2\/users\/253"}],"replies":[{"embeddable":true,"href":"https:\/\/wp.ufpel.edu.br\/ppgl\/wp-json\/wp\/v2\/comments?post=2244"}],"version-history":[{"count":15,"href":"https:\/\/wp.ufpel.edu.br\/ppgl\/wp-json\/wp\/v2\/pages\/2244\/revisions"}],"predecessor-version":[{"id":3053,"href":"https:\/\/wp.ufpel.edu.br\/ppgl\/wp-json\/wp\/v2\/pages\/2244\/revisions\/3053"}],"up":[{"embeddable":true,"href":"https:\/\/wp.ufpel.edu.br\/ppgl\/wp-json\/wp\/v2\/pages\/397"}],"wp:attachment":[{"href":"https:\/\/wp.ufpel.edu.br\/ppgl\/wp-json\/wp\/v2\/media?parent=2244"}],"curies":[{"name":"wp","href":"https:\/\/api.w.org\/{rel}","templated":true}]}}