{"id":2241,"date":"2018-09-26T11:56:03","date_gmt":"2018-09-26T14:56:03","guid":{"rendered":"https:\/\/wp.ufpel.edu.br\/ppgl\/?page_id=2241"},"modified":"2019-09-04T08:46:27","modified_gmt":"2019-09-04T11:46:27","slug":"2016-2","status":"publish","type":"page","link":"https:\/\/wp.ufpel.edu.br\/ppgl\/trabalhos-defendidos\/dissertacoes\/2016-2\/","title":{"rendered":"2016"},"content":{"rendered":"<p><strong>Amanda Pinheiro Damasseno<\/strong><\/p>\n<p>A PERSPECTIVA DO LETRAMENTO CR\u00cdTICO NO ENSINO DE ESPANHOL INSTRUMENTAL: DISCUTINDO CAMINHOS PARA A CRIA\u00c7\u00c3O DE MATERIAIS DE ENSINO<\/p>\n<p>Orientador: Camila Lawson Scheifer<\/p>\n<p style=\"background: white;margin: 0cm 0cm 15.0pt 0cm\"><span style=\"font-family: 'Arial','sans-serif';color: #4a474b\">Data da defesa: 22\/12\/2016\u00a0<\/span><\/p>\n<p><a href=\"https:\/\/wp.ufpel.edu.br\/ppgl\/files\/2018\/11\/A-Perspectiva-do-Letramento-Cr\u00edtico-no-Ensino-de-Espanhol-Instrumental_Discutindo-Caminhos-Para-a-Cria\u00e7\u00e3o-de-Materiais-de-Ensino-Amanda-Pinheiro-Damas.pdf\">Texto Completo<\/a><\/p>\n<p>&nbsp;<\/p>\n<p>&nbsp;<\/p>\n<p><strong>Stefanie Da Silva Tunes<\/strong><\/p>\n<p>A ECOLOGIA LINGU\u00cdSTICA NA PR\u00c1TICA DOCENTE DO PROFESSOR DE PORTUGU\u00caS COMO L\u00cdNGUA MATERNA: UMA PR\u00c1TICA REFLEXIVA<\/p>\n<p>Orientador: Hilario Inacio Bohn<\/p>\n<p>Data da defesa: 16\/12\/2016<\/p>\n<p><a href=\"https:\/\/wp.ufpel.edu.br\/ppgl\/files\/2018\/11\/A-Ecologia-Lingu\u00edstica-na-Pr\u00e1tica-Docente-do-Professor-de-Portugu\u00eas-como-L\u00edngua-Materna_uma-Pr\u00e1tica-Reflexiva-Stefanie-da-Silva-Tunes.pdf\">Texto Completo <\/a><\/p>\n<p>&nbsp;<\/p>\n<p>&nbsp;<\/p>\n<p><strong>Nathalia Madeira Araujo<\/strong><\/p>\n<p>O ROMPIMENTO DA BARRAGEM DE FUND\u00c3O EM MARIANA (MG): DO ACONTECIMENTO HIST\u00d3RICO AO ESTUDO DISCURSIVO DE CHARGES<\/p>\n<p>Orientador: Ercilia Ana Cazarin<\/p>\n<p>Data da defesa: 07\/12\/2016<\/p>\n<p><a href=\"https:\/\/wp.ufpel.edu.br\/ppgl\/files\/2018\/11\/O-Rompimento-da-Barragem-de-Fund\u00e3o-em-Mariana-MG_do-Acontecimento-Hist\u00f3rico-ao-Estudo-Discursivo-de-Charges-Nathalia-Madeira-Araujo.pdf\">Texto Completo <\/a><\/p>\n<p>&nbsp;<\/p>\n<p>&nbsp;<\/p>\n<p><strong>Felipe Bonow Soares<\/strong><\/p>\n<p>DISCURSO POL\u00cdTICO NO FACEBOOK: AN\u00c1LISE DAS P\u00c1GINAS DOS CANDIDATOS \u00c0 PREFEITURA DE PELOTAS EM 2016<\/p>\n<p>Orientador: Raquel Da Cunha Recuero<\/p>\n<p>Data da defesa: 02\/12\/2016<\/p>\n<p><a href=\"https:\/\/wp.ufpel.edu.br\/ppgl\/files\/2018\/11\/Discurso-Pol\u00edtico-no-Facebook_An\u00e1lise-das-P\u00e1ginas-dos-Candidatos-\u00e0-Prefeitura-de-Pelotas-em-2016-Felipe-Bonow-Soares.pdf\">Texto Completo <\/a><\/p>\n<p>&nbsp;<\/p>\n<p>&nbsp;<\/p>\n<p style=\"background: white;margin: 0cm 0cm 15.0pt 0cm\"><strong><span style=\"font-family: 'Arial','sans-serif';color: #4a474b\">Paola Oliveira dos Santos<\/span><\/strong><\/p>\n<p style=\"background: white;margin: 0cm 0cm 15.0pt 0cm\"><span style=\"font-family: 'Arial','sans-serif';color: #4a474b\"><br \/>\n<em><span style=\"font-family: 'Arial','sans-serif'\">O papel da consci\u00eancia fonoarticulat\u00f3ria na aquisi\u00e7\u00e3o da escrita de falantes monol\u00edngues e bil\u00edngues (pomerano\/portugu\u00eas): dados de Arroio do Padre<\/span><\/em><\/span><\/p>\n<p style=\"background: white;margin: 0cm 0cm 15.0pt 0cm\"><span style=\"font-family: 'Arial','sans-serif';color: #4a474b\"><br \/>\nOrientadora: Profa. Dra. Giovana Ferreira-Gon\u00e7alves<\/span><\/p>\n<p>Data da defesa: 31\/08\/2016<\/p>\n<p style=\"background: white;margin: 0cm 0cm 15.0pt 0cm\"><span style=\"font-family: 'Arial','sans-serif';color: #4a474b\"><br \/>\n<a href=\"https:\/\/wp.ufpel.edu.br\/ppgl\/files\/2018\/09\/Disserta\u00e7\u00e3o-oficial-Paola.pdf\">Texto Completo<\/a><br \/>\n<\/span><\/p>\n<p>&nbsp;<\/p>\n<p style=\"background: white;margin: 0cm 0cm 15.0pt 0cm\"><span style=\"font-family: 'Arial','sans-serif';color: #4a474b\">\u00a0<\/span><\/p>\n<p style=\"background: white;margin: 0cm 0cm 15.0pt 0cm\"><strong><span style=\"font-family: 'Arial','sans-serif';color: #4a474b\">Giulian da Silva Pinto<\/span><\/strong><\/p>\n<p style=\"background: white;margin: 0cm 0cm 15.0pt 0cm\"><span style=\"font-family: 'Arial','sans-serif';color: #4a474b\"><br \/>\n<em><span style=\"font-family: 'Arial','sans-serif'\">Percep\u00e7\u00e3o e produ\u00e7\u00e3o das vogais anteriores arredondadas [y], [q] e [e] do franc\u00eas por locutoras nativas do portugu\u00eas brasileiro (L1), proficientes em franc\u00eas (L2)<\/span><\/em><\/span><\/p>\n<p style=\"background: white;margin: 0cm 0cm 15.0pt 0cm\"><span style=\"font-family: 'Arial','sans-serif';color: #4a474b\">Orientadora: Profa. Dra. Mirian Rose Brum-de-Paula<\/span><\/p>\n<p style=\"background: white;margin: 0cm 0cm 15.0pt 0cm\"><span style=\"font-family: 'Arial','sans-serif';color: #4a474b\">Data da defesa: 31\/08\/2016<\/span><\/p>\n<p style=\"background: white;margin: 0cm 0cm 15.0pt 0cm\"><span style=\"font-family: 'Arial','sans-serif';color: #4a474b\"><a href=\"https:\/\/wp.ufpel.edu.br\/ppgl\/files\/2018\/09\/Dissertacao-Giulian.pdf\">Texto Completo<\/a><br \/>\n<\/span><\/p>\n<p style=\"background: white;margin: 0cm 0cm 15.0pt 0cm\"><span style=\"font-family: 'Arial','sans-serif';color: #4a474b\">\u00a0<\/span><\/p>\n<p>&nbsp;<\/p>\n<p style=\"background: white;margin: 0cm 0cm 15.0pt 0cm\"><strong><span style=\"font-family: 'Arial','sans-serif';color: #4a474b\">Mirian Duarte Saraiva<\/span><\/strong><\/p>\n<p style=\"background: white;margin: 0cm 0cm 15.0pt 0cm\"><span style=\"font-family: 'Arial','sans-serif';color: #4a474b\"><br \/>\n<em><span style=\"font-family: 'Arial','sans-serif'\">Aluno, professor e pibidiano: identidades docentes constru\u00eddas a partir de posicionamentos interacionais em performances narrativas<\/span><\/em><\/span><\/p>\n<p style=\"background: white;margin: 0cm 0cm 15.0pt 0cm\"><span style=\"font-family: 'Arial','sans-serif';color: #4a474b\">Orientadora: Profa. Dra. Let\u00edcia Fonseca Richthofen de Freitas<\/span><\/p>\n<p style=\"background: white;margin: 0cm 0cm 15.0pt 0cm\"><span style=\"font-family: 'Arial','sans-serif';color: #4a474b\">Data da defesa: 30\/06\/2016<\/span><\/p>\n<p style=\"background: white;margin: 0cm 0cm 15.0pt 0cm\"><span style=\"font-family: 'Arial','sans-serif';color: #4a474b\"><a href=\"https:\/\/wp.ufpel.edu.br\/ppgl\/files\/2018\/09\/Disserta\u00e7\u00e3o-M\u00edriam-Saraiva-Sandrini.pdf\">Texto Completo<\/a><\/span><\/p>\n<p style=\"background: white;margin: 0cm 0cm 15.0pt 0cm\"><span style=\"font-family: 'Arial','sans-serif';color: #4a474b\">\u00a0<\/span><\/p>\n<p>&nbsp;<\/p>\n<p><strong>Helena Rezende Ramires<\/strong><\/p>\n<p>PERCEP\u00c7\u00c3O E PRODU\u00c7\u00c3O DE VOGAIS CORONAIS DO INGL\u00caS POR FALANTES NATIVOS DE PORTUGU\u00caS BRASILEIRO: O PAPEL DA INSTRU\u00c7\u00c3O EXPL\u00cdCITA<\/p>\n<p>Orientador: Carmen Lucia Barreto Matzenauer<\/p>\n<p>Data da defesa: 26\/08\/2016<\/p>\n<p><a href=\"https:\/\/wp.ufpel.edu.br\/ppgl\/files\/2018\/11\/Percep\u00e7\u00e3o-e-Produ\u00e7\u00e3o-de-Vogais-Coronais-do-Ingl\u00eas-por-Falantes-Nativos-de-Portugu\u00eas-Brasileiro_O-Papel-da-Instru\u00e7\u00e3o-Expl\u00edcita-Helena-Rezende-Ramires.pdf\">Texto Completo <\/a><\/p>\n<p>&nbsp;<\/p>\n<p>&nbsp;<\/p>\n<p><strong>Fernanda Rusch Zahn<\/strong><\/p>\n<p><em>ESTRUTURA DA NARRATIVA EGROUNDING NA AQUISI\u00c7\u00c3O DA LINGUAGEM<\/em><\/p>\n<p>Orientador: Liliane Da Silva Prestes Rodrigues<\/p>\n<p>Data da defesa: 06\/06\/2016<\/p>\n<p><a href=\"https:\/\/wp.ufpel.edu.br\/ppgl\/files\/2018\/11\/Estrutura-da-Narrativa-e-Grounding-na-Aquisi\u00e7\u00e3o-da-Linguagem-Fernanda-Rusch-Zanh.pdf\">Texto Completo <\/a><\/p>\n<p>&nbsp;<\/p>\n<p>&nbsp;<\/p>\n<p><strong>Alan Ricardo Costa<\/strong><\/p>\n<p>PROFESSORES DE L\u00cdNGUAS \u201cNA\u201d E \u201cEM\u201d REDE? FORMA\u00c7\u00c3O CONTINUADA DE EDUCADORES PARA PR\u00c1TICAS ABERTAS DE (RE)PRODU\u00c7\u00c3O DE MATERIAIS DID\u00c1TICOS ONLINE<\/p>\n<p>Orientador: Vilson Jose Leffa<\/p>\n<p>Data da defesa: 06\/06\/2016<\/p>\n<p><a href=\"https:\/\/wp.ufpel.edu.br\/ppgl\/files\/2018\/11\/Professores-de-L\u00ednguas-NA-e-EM-Rede_Forma\u00e7\u00e3o-Continuada-de-Educadores-para-Pr\u00e1ticas-Abertas-de-Re-Produ\u00e7\u00e3o-de-Materiais-Did\u00e1ticos-Online-Alan-Ricardo-.pdf\">Texto Completo <\/a><\/p>\n<p>&nbsp;<\/p>\n<p>&nbsp;<\/p>\n<p><strong>Sabri<\/strong><strong>na Silveira Costa<\/strong><\/p>\n<p><em>A FRICATIVA CORONAL \/S\/ DO PORTUGU\u00caS DO SUL DO BRASIL: ABORDAGEM FONOL\u00d3GICA FON\u00c9TICO-AC\u00daSTICA<\/em><\/p>\n<p>Orientador: Carmen L\u00facia Barreto Matzenauer<\/p>\n<p>Data da defesa: 06\/06\/2016<\/p>\n<p><a href=\"https:\/\/wp.ufpel.edu.br\/ppgl\/files\/2018\/11\/A-Fricativa-Coronal-S-do-Sul-do-Brasil_Abordagem-Fonol\u00f3gica-e-Fon\u00e9tico-Ac\u00fastico-Sabrina-Silveira-da-Costa.pdf\">Texto Completo<\/a><\/p>\n<p>&nbsp;<\/p>\n<p>&nbsp;<\/p>\n<p style=\"background: white;margin: 0cm 0cm 15.0pt 0cm\"><strong><span style=\"font-family: 'Arial','sans-serif';color: #4a474b\">Daiane Mackedanz<\/span><\/strong><\/p>\n<p style=\"background: white;margin: 0cm 0cm 15.0pt 0cm\"><span style=\"font-family: 'Arial','sans-serif';color: #4a474b\"><br \/>\n<em><span style=\"font-family: 'Arial','sans-serif'\">O papel da identidade para a manuten\u00e7\u00e3o do pomerano na Serra dos Tapes, RS<\/span><\/em><\/span><\/p>\n<p style=\"background: white;margin: 0cm 0cm 15.0pt 0cm\"><span style=\"font-family: 'Arial','sans-serif';color: #4a474b\"><br \/>\nOrientador: Prof. Dr. Lu\u00eds Isa\u00edas Centeno do Amaral<\/span><\/p>\n<p style=\"background: white;margin: 0cm 0cm 15.0pt 0cm\"><span style=\"font-family: 'Arial','sans-serif';color: #4a474b\"><br \/>\nData da defesa: 18\/04\/2016<\/span><\/p>\n<p style=\"background: white;margin: 0cm 0cm 15.0pt 0cm\"><span style=\"font-family: 'Arial','sans-serif';color: #4a474b\"><br \/>\n<a href=\"https:\/\/wp.ufpel.edu.br\/ppgl\/files\/2018\/09\/Disserta\u00e7\u00e3o-Daiane-Mackedanz.pdf\">Texto Completo<\/a><\/span><\/p>\n<p style=\"background: white;margin: 0cm 0cm 15.0pt 0cm\"><span style=\"font-family: 'Arial','sans-serif';color: #4a474b\">\u00a0<\/span><\/p>\n<p>&nbsp;<\/p>\n<p style=\"background: white;margin: 0cm 0cm 15.0pt 0cm\"><strong><span style=\"font-family: 'Arial','sans-serif';color: #4a474b\">Leticia Berneira Cardozo<\/span><\/strong><\/p>\n<p style=\"background: white;margin: 0cm 0cm 15.0pt 0cm\"><span style=\"font-family: 'Arial','sans-serif';color: #4a474b\"><br \/>\n<em><span style=\"font-family: 'Arial','sans-serif'\">O impacto do material did\u00e1tico elaborado pelo professor na motiva\u00e7\u00e3o de aprendizes de l\u00edngua inglesa<\/span><\/em><\/span><\/p>\n<p style=\"background: white;margin: 0cm 0cm 15.0pt 0cm\"><span style=\"font-family: 'Arial','sans-serif';color: #4a474b\"><br \/>\nOrientador: Prof. Dr. Rafael Vetromille-Castro<\/span><\/p>\n<p style=\"background: white;margin: 0cm 0cm 15.0pt 0cm\"><span style=\"font-family: 'Arial','sans-serif';color: #4a474b\"><br \/>\nData da defesa: 29\/03\/2016<\/span><\/p>\n<p style=\"background: white;margin: 0cm 0cm 15.0pt 0cm\"><span style=\"font-family: 'Arial','sans-serif';color: #4a474b\"><br \/>\n<a href=\"https:\/\/wp.ufpel.edu.br\/ppgl\/files\/2018\/09\/Disserta\u00e7\u00e3o-Let\u00edcia-Berneira-Cardozo.pdf\">Texto Completo<\/a><br \/>\n<\/span><\/p>\n<p style=\"background: white;margin: 0cm 0cm 15.0pt 0cm\"><span style=\"font-family: 'Arial','sans-serif';color: #4a474b\">\u00a0<\/span><\/p>\n<p>&nbsp;<\/p>\n<p style=\"background: white;margin: 0cm 0cm 15.0pt 0cm\"><strong><span style=\"font-family: 'Arial','sans-serif';color: #4a474b\">Franciele Da Silveira Rocke<\/span><\/strong><\/p>\n<p style=\"background: white;margin: 0cm 0cm 15.0pt 0cm\"><span style=\"font-family: 'Arial','sans-serif';color: #4a474b\"><br \/>\n<em><span style=\"font-family: 'Arial','sans-serif'\">A representa\u00e7\u00e3o do leitor e da leitura em\u00a0<\/span><\/em>A hist\u00f3ria sem fim<em><span style=\"font-family: 'Arial','sans-serif'\">\u00a0de Michel Ende e\u00a0<\/span><\/em>Cora\u00e7\u00e3o de tinta<em><span style=\"font-family: 'Arial','sans-serif'\">\u00a0de Cornelia Funke<\/span><\/em><\/span><\/p>\n<p style=\"background: white;margin: 0cm 0cm 15.0pt 0cm\"><span style=\"font-family: 'Arial','sans-serif';color: #4a474b\"><br \/>\nOrientadora: Profa. Dra. Daniele Gallindo Gon\u00e7alves Silva<\/span><\/p>\n<p style=\"background: white;margin: 0cm 0cm 15.0pt 0cm\"><span style=\"font-family: 'Arial','sans-serif';color: #4a474b\"><br \/>\nData da defesa: 07\/03\/2016<\/span><\/p>\n<p style=\"background: white;margin: 0cm 0cm 15.0pt 0cm\"><span style=\"font-family: 'Arial','sans-serif';color: #4a474b\"><a href=\"https:\/\/wp.ufpel.edu.br\/ppgl\/files\/2018\/09\/Disserta\u00e7\u00e3o-Franciele-da-Silveira-Rocke.pdf\">Texto Completo<\/a><br \/>\n<\/span><\/p>\n<p style=\"background: white;margin: 0cm 0cm 15.0pt 0cm\"><span style=\"font-family: 'Arial','sans-serif';color: #4a474b\">\u00a0<\/span><\/p>\n<p>&nbsp;<\/p>\n<p style=\"background: white;margin: 0cm 0cm 15.0pt 0cm\"><strong><span style=\"font-family: 'Arial','sans-serif';color: #4a474b\">Vergilia Spiering Dam\u00e9<\/span><\/strong><\/p>\n<p style=\"background: white;margin: 0cm 0cm 15.0pt 0cm\"><span style=\"font-family: 'Arial','sans-serif';color: #4a474b\"><br \/>\n<em><span style=\"font-family: 'Arial','sans-serif'\">Aquisi\u00e7\u00e3o da escrita das consoantes plosivas: aspectos ac\u00fasticos e articulat\u00f3rios<\/span><\/em><\/span><\/p>\n<p style=\"background: white;margin: 0cm 0cm 15.0pt 0cm\"><span style=\"font-family: 'Arial','sans-serif';color: #4a474b\"><br \/>\nOrientadora: Profa. Dra. Giovana Ferreira-Gon\u00e7alves<\/span><\/p>\n<p style=\"background: white;margin: 0cm 0cm 15.0pt 0cm\"><span style=\"font-family: 'Arial','sans-serif';color: #4a474b\"><br \/>\nData da defesa: 29\/02\/2016<\/span><\/p>\n<p style=\"background: white;margin: 0cm 0cm 15.0pt 0cm\"><span style=\"font-family: 'Arial','sans-serif';color: #4a474b\"><br \/>\n<a href=\"https:\/\/wp.ufpel.edu.br\/ppgl\/files\/2018\/09\/Disserta\u00e7\u00e3o-Verg\u00edlia-Spiergins-Dam\u00e9.pdf\">Texto Completo<\/a><br \/>\n<\/span><\/p>\n<p style=\"background: white;margin: 0cm 0cm 15.0pt 0cm\"><span style=\"font-family: 'Arial','sans-serif';color: #4a474b\">\u00a0<\/span><\/p>\n<p>&nbsp;<\/p>\n<p style=\"background: white;margin: 0cm 0cm 15.0pt 0cm\"><strong><span style=\"font-family: 'Arial','sans-serif';color: #4a474b\">J\u00e9ssica Vaz de Mattos<\/span><\/strong><\/p>\n<p style=\"background: white;margin: 0cm 0cm 15.0pt 0cm\"><span style=\"font-family: 'Arial','sans-serif';color: #4a474b\"><br \/>\n<em><span style=\"font-family: 'Arial','sans-serif'\">Entre literatura e hist\u00f3ria: quest\u00f5es de representa\u00e7\u00e3o em<\/span><\/em>\u00a0Mong\u00f3lia<em><span style=\"font-family: 'Arial','sans-serif'\">\u00a0e\u00a0<\/span><\/em>O filho da m\u00e3e<em><span style=\"font-family: 'Arial','sans-serif'\">, de Bernardo Carvalho<\/span><\/em><\/span><\/p>\n<p style=\"background: white;margin: 0cm 0cm 15.0pt 0cm\"><span style=\"font-family: 'Arial','sans-serif';color: #4a474b\"><br \/>\nOrientador. Prof. Dr. Aulus Mandagar\u00e1 Martins<\/span><\/p>\n<p style=\"background: white;margin: 0cm 0cm 15.0pt 0cm\"><span style=\"font-family: 'Arial','sans-serif';color: #4a474b\"><br \/>\nData da defesa: 29\/02\/2016<\/span><\/p>\n<p style=\"background: white;margin: 0cm 0cm 15.0pt 0cm\"><span style=\"font-family: 'Arial','sans-serif';color: #4a474b\"><br \/>\n<a href=\"https:\/\/wp.ufpel.edu.br\/ppgl\/files\/2018\/09\/Disserta\u00e7\u00e3o-J\u00e9ssica-Vaz-de-Mattos.pdf\">Texto Completo\u00a0<\/a><br \/>\n<\/span><\/p>\n<p>&nbsp;<\/p>\n<p style=\"background: white;margin: 0cm 0cm 15.0pt 0cm\"><span style=\"font-family: 'Arial','sans-serif';color: #4a474b\">\u00a0<\/span><\/p>\n<p>&nbsp;<\/p>\n<p style=\"background: white;margin: 0cm 0cm 15.0pt 0cm\"><strong><span style=\"font-family: 'Arial','sans-serif';color: #4a474b\">Katiane Teixeira Barcelos Casero<\/span><\/strong><\/p>\n<p style=\"background: white;margin: 0cm 0cm 15.0pt 0cm\"><span style=\"font-family: 'Arial','sans-serif';color: #4a474b\"><br \/>\n<em><span style=\"font-family: 'Arial','sans-serif'\">A din\u00e2mica dos gestos articulat\u00f3rios da l\u00edquida lateral palatal: a fala dos usu\u00e1rios de implantes cocleares avaliada com base na fonologia articulat\u00f3ria<\/span><\/em><\/span><\/p>\n<p style=\"background: white;margin: 0cm 0cm 15.0pt 0cm\"><span style=\"font-family: 'Arial','sans-serif';color: #4a474b\"><br \/>\nOrientadora: Profa. Dra. Mirian Rose Brum-de-Paula<\/span><\/p>\n<p style=\"background: white;margin: 0cm 0cm 15.0pt 0cm\"><span style=\"font-family: 'Arial','sans-serif';color: #4a474b\"><br \/>\nCoorientadora: Profa. Dra. Giovana Ferreira-Gon\u00e7alves<\/span><\/p>\n<p style=\"background: white;margin: 0cm 0cm 15.0pt 0cm\"><span style=\"font-family: 'Arial','sans-serif';color: #4a474b\"><br \/>\nData da defesa: 26\/02\/2016<\/span><\/p>\n<p style=\"background: white;margin: 0cm 0cm 15.0pt 0cm\"><span style=\"font-family: 'Arial','sans-serif';color: #4a474b\"><br \/>\n<a href=\"https:\/\/wp.ufpel.edu.br\/ppgl\/files\/2018\/09\/Disserta\u00e7\u00e3o-Katiane-Teixeira-Barcelos-Casero.pdf\">Texto Completo<\/a><br \/>\n<\/span><\/p>\n<p style=\"background: white;margin: 0cm 0cm 15.0pt 0cm\"><span style=\"font-family: 'Arial','sans-serif';color: #4a474b\">\u00a0<\/span><\/p>\n<p>&nbsp;<\/p>\n<p>&nbsp;<\/p>\n<p style=\"background: white;margin: 0cm 0cm 15.0pt 0cm\"><strong><span style=\"font-family: 'Arial','sans-serif';color: #4a474b\">Bruna Santana Dias<\/span><\/strong><\/p>\n<p style=\"background: white;margin: 0cm 0cm 15.0pt 0cm\"><span style=\"font-family: 'Arial','sans-serif';color: #4a474b\"><br \/>\n<em><span style=\"font-family: 'Arial','sans-serif'\">Aquisi\u00e7\u00e3o da vogal [a] do espanhol por falantes do portugu\u00eas brasileiro<\/span><\/em><\/span><\/p>\n<p style=\"background: white;margin: 0cm 0cm 15.0pt 0cm\"><span style=\"font-family: 'Arial','sans-serif';color: #4a474b\"><br \/>\nOrientadora: Profa. Dra. Giovana Ferreira-Gon\u00e7alves<\/span><\/p>\n<p>Data da defesa: 26\/02\/2016<\/p>\n<p style=\"background: white;margin: 0cm 0cm 15.0pt 0cm\"><span style=\"font-family: 'Arial','sans-serif';color: #4a474b\"><br \/>\n<a href=\"https:\/\/wp.ufpel.edu.br\/ppgl\/files\/2018\/09\/Disserta\u00e7\u00e3o-Bruna-Santa-Dias-Cavalheiro.pdf\">Texto Completo<\/a><br \/>\n<\/span><\/p>\n<p style=\"background: white;margin: 0cm 0cm 15.0pt 0cm\"><span style=\"font-family: 'Arial','sans-serif';color: #4a474b\">\u00a0<\/span><\/p>\n<p>&nbsp;<\/p>\n<p style=\"background: white;margin: 0cm 0cm 15.0pt 0cm\"><strong><span style=\"font-family: 'Arial','sans-serif';color: #4a474b\">Leonardo Von Pfeil Rommel<\/span><\/strong><\/p>\n<p style=\"background: white;margin: 0cm 0cm 15.0pt 0cm\"><span style=\"font-family: 'Arial','sans-serif';color: #4a474b\"><br \/>\n<em><span style=\"font-family: 'Arial','sans-serif'\">Desconstruindo o Imp\u00e9rio: hist\u00f3ria e imagin\u00e1rio na fic\u00e7\u00e3o de Ant\u00f3nio Lobo Antunes<\/span><\/em><\/span><\/p>\n<p style=\"background: white;margin: 0cm 0cm 15.0pt 0cm\"><span style=\"font-family: 'Arial','sans-serif';color: #4a474b\"><br \/>\nOrientador: Prof. Dr. Alfeu Sparemberger<\/span><\/p>\n<p style=\"background: white;margin: 0cm 0cm 15.0pt 0cm\"><span style=\"font-family: 'Arial','sans-serif';color: #4a474b\"><br \/>\nData da defesa: 24\/02\/2016<\/span><\/p>\n<p style=\"background: white;margin: 0cm 0cm 15.0pt 0cm\"><span style=\"font-family: 'Arial','sans-serif';color: #4a474b\"><br \/>\n<a href=\"https:\/\/wp.ufpel.edu.br\/ppgl\/files\/2018\/09\/Disserta\u00e7\u00e3o-Leonardo-von-Pfeil-Rommel.pdf\">Texto Completo<\/a><\/span><\/p>\n<p style=\"background: white;margin: 0cm 0cm 15.0pt 0cm\"><span style=\"font-family: 'Arial','sans-serif';color: #4a474b\">\u00a0<\/span><\/p>\n<p>&nbsp;<\/p>\n<p style=\"background: white;margin: 0cm 0cm 15.0pt 0cm\"><strong><span style=\"font-family: 'Arial','sans-serif';color: #4a474b\">Lucas M\u00e1rio Dacuna Badaracco<\/span><\/strong><\/p>\n<p style=\"background: white;margin: 0cm 0cm 15.0pt 0cm\"><span style=\"font-family: 'Arial','sans-serif';color: #4a474b\"><br \/>\n<em><span style=\"font-family: 'Arial','sans-serif'\">Os efeitos protot\u00edpicos da categoria roupa e sua influ\u00eancia na tradu\u00e7\u00e3o interlingu\u00edstica: uma abordagem cognitivista<\/span><\/em><\/span><\/p>\n<p style=\"background: white;margin: 0cm 0cm 15.0pt 0cm\"><span style=\"font-family: 'Arial','sans-serif';color: #4a474b\"><br \/>\nOrientadora: Profa. Dra. Mirian Rose Brum-de-Paula<\/span><\/p>\n<p style=\"background: white;margin: 0cm 0cm 15.0pt 0cm\"><span style=\"font-family: 'Arial','sans-serif';color: #4a474b\"><br \/>\nData da defesa: 22\/02\/2016<\/span><\/p>\n<p style=\"background: white;margin: 0cm 0cm 15.0pt 0cm\"><span style=\"font-family: 'Arial','sans-serif';color: #4a474b\"><br \/>\n<a href=\"https:\/\/wp.ufpel.edu.br\/ppgl\/files\/2018\/09\/Disserta\u00e7\u00e3o-Lucas-Mario-Dacu\u00f1a-Badaracco.pdf\">Texto Completo<\/a><br \/>\n<\/span><\/p>\n<p>&nbsp;<\/p>\n<p>&nbsp;<\/p>\n<p><strong>Ana Paula <\/strong><strong>Vieira De Andrade Assump\u00e7\u00e3o<\/strong><\/p>\n<p>O DISCURSO DA FALTA E DO EXCESSO: A AUTOMUTILA\u00c7\u00c3O<\/p>\n<p>Orientador: Aracy Gra\u00e7a Ernst<\/p>\n<p>Data da defesa: 04\/02\/2016<\/p>\n<p><a href=\"https:\/\/wp.ufpel.edu.br\/ppgl\/files\/2018\/11\/O-Discurso-da-Falta-e-do-Excesso_A-Automutila\u00e7\u00e3o-Ana-Paula-Vieira-de-Andrade-Assump\u00e7\u00e3o.pdf\">Texto Completo <\/a><\/p>\n","protected":false},"excerpt":{"rendered":"<p>Amanda Pinheiro Damasseno A PERSPECTIVA DO LETRAMENTO CR\u00cdTICO NO ENSINO DE ESPANHOL INSTRUMENTAL: DISCUTINDO CAMINHOS PARA A CRIA\u00c7\u00c3O DE MATERIAIS DE ENSINO Orientador: Camila Lawson Scheifer Data da defesa: 22\/12\/2016\u00a0 Texto Completo &nbsp; &nbsp; Stefanie Da Silva Tunes A ECOLOGIA LINGU\u00cdSTICA NA PR\u00c1TICA DOCENTE DO PROFESSOR DE PORTUGU\u00caS COMO L\u00cdNGUA MATERNA: UMA PR\u00c1TICA REFLEXIVA Orientador: [&hellip;]<\/p>\n","protected":false},"author":253,"featured_media":0,"parent":397,"menu_order":4,"comment_status":"closed","ping_status":"closed","template":"","meta":{"jetpack_post_was_ever_published":false,"footnotes":""},"class_list":["post-2241","page","type-page","status-publish","hentry"],"jetpack_sharing_enabled":true,"jetpack_shortlink":"https:\/\/wp.me\/P8vD3Q-A9","_links":{"self":[{"href":"https:\/\/wp.ufpel.edu.br\/ppgl\/wp-json\/wp\/v2\/pages\/2241","targetHints":{"allow":["GET"]}}],"collection":[{"href":"https:\/\/wp.ufpel.edu.br\/ppgl\/wp-json\/wp\/v2\/pages"}],"about":[{"href":"https:\/\/wp.ufpel.edu.br\/ppgl\/wp-json\/wp\/v2\/types\/page"}],"author":[{"embeddable":true,"href":"https:\/\/wp.ufpel.edu.br\/ppgl\/wp-json\/wp\/v2\/users\/253"}],"replies":[{"embeddable":true,"href":"https:\/\/wp.ufpel.edu.br\/ppgl\/wp-json\/wp\/v2\/comments?post=2241"}],"version-history":[{"count":11,"href":"https:\/\/wp.ufpel.edu.br\/ppgl\/wp-json\/wp\/v2\/pages\/2241\/revisions"}],"predecessor-version":[{"id":4023,"href":"https:\/\/wp.ufpel.edu.br\/ppgl\/wp-json\/wp\/v2\/pages\/2241\/revisions\/4023"}],"up":[{"embeddable":true,"href":"https:\/\/wp.ufpel.edu.br\/ppgl\/wp-json\/wp\/v2\/pages\/397"}],"wp:attachment":[{"href":"https:\/\/wp.ufpel.edu.br\/ppgl\/wp-json\/wp\/v2\/media?parent=2241"}],"curies":[{"name":"wp","href":"https:\/\/api.w.org\/{rel}","templated":true}]}}