{"id":200,"date":"2014-04-22T15:22:56","date_gmt":"2014-04-22T18:22:56","guid":{"rendered":"https:\/\/wp.ufpel.edu.br\/ppgl\/?page_id=200"},"modified":"2025-02-23T20:06:00","modified_gmt":"2025-02-23T23:06:00","slug":"descricao-e-analise-dos-fenomenos-linguisticos","status":"publish","type":"page","link":"https:\/\/wp.ufpel.edu.br\/ppgl\/areas-e-linhas\/estudos-da-linguagem\/descricao-e-analise-dos-fenomenos-linguisticos\/","title":{"rendered":"Aquisi\u00e7\u00e3o, varia\u00e7\u00e3o e ensino"},"content":{"rendered":"<p style=\"text-align: center;\"><span style=\"font-size: 18pt;\"><strong>Linha de pesquisa: Aquisi\u00e7\u00e3o, varia\u00e7\u00e3o e ensino<\/strong><\/span><\/p>\n<p>&nbsp;<\/p>\n<p style=\"text-align: justify;\">Nessa linha integra-se toda investiga\u00e7\u00e3o dos processos naturais e formais de aquisi\u00e7\u00e3o da l\u00edngua (materna e estrangeira), bem como da varia\u00e7\u00e3o da linguagem e sua articula\u00e7\u00e3o com o ensino e outras intera\u00e7\u00f5es que envolvam fronteiras lingu\u00edsticas, culturais, pol\u00edticas e\/ou sociais.<\/p>\n","protected":false},"excerpt":{"rendered":"<p>Linha de pesquisa: Aquisi\u00e7\u00e3o, varia\u00e7\u00e3o e ensino &nbsp; Nessa linha integra-se toda investiga\u00e7\u00e3o dos processos naturais e formais de aquisi\u00e7\u00e3o da l\u00edngua (materna e estrangeira), bem como da varia\u00e7\u00e3o da linguagem e sua articula\u00e7\u00e3o com o ensino e outras intera\u00e7\u00f5es que envolvam fronteiras lingu\u00edsticas, culturais, pol\u00edticas e\/ou sociais.<\/p>\n","protected":false},"author":253,"featured_media":0,"parent":195,"menu_order":0,"comment_status":"closed","ping_status":"closed","template":"","meta":{"jetpack_post_was_ever_published":false,"footnotes":""},"class_list":["post-200","page","type-page","status-publish","hentry"],"jetpack_sharing_enabled":true,"jetpack_shortlink":"https:\/\/wp.me\/P8vD3Q-3e","_links":{"self":[{"href":"https:\/\/wp.ufpel.edu.br\/ppgl\/wp-json\/wp\/v2\/pages\/200","targetHints":{"allow":["GET"]}}],"collection":[{"href":"https:\/\/wp.ufpel.edu.br\/ppgl\/wp-json\/wp\/v2\/pages"}],"about":[{"href":"https:\/\/wp.ufpel.edu.br\/ppgl\/wp-json\/wp\/v2\/types\/page"}],"author":[{"embeddable":true,"href":"https:\/\/wp.ufpel.edu.br\/ppgl\/wp-json\/wp\/v2\/users\/253"}],"replies":[{"embeddable":true,"href":"https:\/\/wp.ufpel.edu.br\/ppgl\/wp-json\/wp\/v2\/comments?post=200"}],"version-history":[{"count":6,"href":"https:\/\/wp.ufpel.edu.br\/ppgl\/wp-json\/wp\/v2\/pages\/200\/revisions"}],"predecessor-version":[{"id":7443,"href":"https:\/\/wp.ufpel.edu.br\/ppgl\/wp-json\/wp\/v2\/pages\/200\/revisions\/7443"}],"up":[{"embeddable":true,"href":"https:\/\/wp.ufpel.edu.br\/ppgl\/wp-json\/wp\/v2\/pages\/195"}],"wp:attachment":[{"href":"https:\/\/wp.ufpel.edu.br\/ppgl\/wp-json\/wp\/v2\/media?parent=200"}],"curies":[{"name":"wp","href":"https:\/\/api.w.org\/{rel}","templated":true}]}}