{"id":195,"date":"2014-04-22T15:21:52","date_gmt":"2014-04-22T18:21:52","guid":{"rendered":"https:\/\/wp.ufpel.edu.br\/ppgl\/?page_id=195"},"modified":"2025-02-23T20:05:07","modified_gmt":"2025-02-23T23:05:07","slug":"estudos-da-linguagem","status":"publish","type":"page","link":"https:\/\/wp.ufpel.edu.br\/ppgl\/areas-e-linhas\/estudos-da-linguagem\/","title":{"rendered":"Linguagem, texto e imagem"},"content":{"rendered":"<p style=\"text-align: center;\"><span style=\"font-size: 18pt;\"><strong>\u00c1rea de concentra\u00e7\u00e3o: Linguagem, Texto e Imagem<\/strong><\/span><\/p>\n<p>&nbsp;<\/p>\n<p style=\"text-align: justify;\">A \u00e1rea congrega pesquisas acerca da linguagem, considerando quest\u00f5es de aquisi\u00e7\u00e3o, varia\u00e7\u00e3o, processos tradut\u00f3rios, enunciativos e discursivos, din\u00e2mica intertextual, bem como a articula\u00e7\u00e3o desses estudos, com diferentes pr\u00e1ticas sociais e\/ou educacionais, com processos culturais, art\u00edsticos e criativos.<\/p>\n","protected":false},"excerpt":{"rendered":"<p>\u00c1rea de concentra\u00e7\u00e3o: Linguagem, Texto e Imagem &nbsp; A \u00e1rea congrega pesquisas acerca da linguagem, considerando quest\u00f5es de aquisi\u00e7\u00e3o, varia\u00e7\u00e3o, processos tradut\u00f3rios, enunciativos e discursivos, din\u00e2mica intertextual, bem como a articula\u00e7\u00e3o desses estudos, com diferentes pr\u00e1ticas sociais e\/ou educacionais, com processos culturais, art\u00edsticos e criativos.<\/p>\n","protected":false},"author":253,"featured_media":0,"parent":193,"menu_order":0,"comment_status":"closed","ping_status":"closed","template":"","meta":{"jetpack_post_was_ever_published":false,"footnotes":""},"class_list":["post-195","page","type-page","status-publish","hentry"],"jetpack_sharing_enabled":true,"jetpack_shortlink":"https:\/\/wp.me\/P8vD3Q-39","_links":{"self":[{"href":"https:\/\/wp.ufpel.edu.br\/ppgl\/wp-json\/wp\/v2\/pages\/195","targetHints":{"allow":["GET"]}}],"collection":[{"href":"https:\/\/wp.ufpel.edu.br\/ppgl\/wp-json\/wp\/v2\/pages"}],"about":[{"href":"https:\/\/wp.ufpel.edu.br\/ppgl\/wp-json\/wp\/v2\/types\/page"}],"author":[{"embeddable":true,"href":"https:\/\/wp.ufpel.edu.br\/ppgl\/wp-json\/wp\/v2\/users\/253"}],"replies":[{"embeddable":true,"href":"https:\/\/wp.ufpel.edu.br\/ppgl\/wp-json\/wp\/v2\/comments?post=195"}],"version-history":[{"count":5,"href":"https:\/\/wp.ufpel.edu.br\/ppgl\/wp-json\/wp\/v2\/pages\/195\/revisions"}],"predecessor-version":[{"id":7442,"href":"https:\/\/wp.ufpel.edu.br\/ppgl\/wp-json\/wp\/v2\/pages\/195\/revisions\/7442"}],"up":[{"embeddable":true,"href":"https:\/\/wp.ufpel.edu.br\/ppgl\/wp-json\/wp\/v2\/pages\/193"}],"wp:attachment":[{"href":"https:\/\/wp.ufpel.edu.br\/ppgl\/wp-json\/wp\/v2\/media?parent=195"}],"curies":[{"name":"wp","href":"https:\/\/api.w.org\/{rel}","templated":true}]}}