{"id":1237,"date":"2017-04-07T13:44:09","date_gmt":"2017-04-07T16:44:09","guid":{"rendered":"https:\/\/wp.ufpel.edu.br\/ppgl\/?page_id=1237"},"modified":"2025-02-23T20:06:33","modified_gmt":"2025-02-23T23:06:33","slug":"estudos-textuais-discursivos-e-interacionais","status":"publish","type":"page","link":"https:\/\/wp.ufpel.edu.br\/ppgl\/areas-e-linhas\/estudos-da-linguagem\/estudos-textuais-discursivos-e-interacionais\/","title":{"rendered":"Literatura, cultura e tradu\u00e7\u00e3o"},"content":{"rendered":"<p style=\"text-align: center;\"><span style=\"font-size: 18pt;\"><strong>Linha de pesquisa: Literatura, cultura e tradu\u00e7\u00e3o<\/strong><\/span><\/p>\n<p>&nbsp;<\/p>\n<p style=\"text-align: justify;\">Essa linha investiga o texto liter\u00e1rio e suas rela\u00e7\u00f5es com outras artes, discursos, processos culturais, criativos, sua din\u00e2mica intertextual e quest\u00f5es te\u00f3ricas e pr\u00e1ticas da tradu\u00e7\u00e3o liter\u00e1ria.<\/p>\n","protected":false},"excerpt":{"rendered":"<p>Linha de pesquisa: Literatura, cultura e tradu\u00e7\u00e3o &nbsp; Essa linha investiga o texto liter\u00e1rio e suas rela\u00e7\u00f5es com outras artes, discursos, processos culturais, criativos, sua din\u00e2mica intertextual e quest\u00f5es te\u00f3ricas e pr\u00e1ticas da tradu\u00e7\u00e3o liter\u00e1ria.<\/p>\n","protected":false},"author":253,"featured_media":0,"parent":195,"menu_order":3,"comment_status":"closed","ping_status":"closed","template":"","meta":{"jetpack_post_was_ever_published":false,"footnotes":""},"class_list":["post-1237","page","type-page","status-publish","hentry"],"jetpack_sharing_enabled":true,"jetpack_shortlink":"https:\/\/wp.me\/P8vD3Q-jX","_links":{"self":[{"href":"https:\/\/wp.ufpel.edu.br\/ppgl\/wp-json\/wp\/v2\/pages\/1237","targetHints":{"allow":["GET"]}}],"collection":[{"href":"https:\/\/wp.ufpel.edu.br\/ppgl\/wp-json\/wp\/v2\/pages"}],"about":[{"href":"https:\/\/wp.ufpel.edu.br\/ppgl\/wp-json\/wp\/v2\/types\/page"}],"author":[{"embeddable":true,"href":"https:\/\/wp.ufpel.edu.br\/ppgl\/wp-json\/wp\/v2\/users\/253"}],"replies":[{"embeddable":true,"href":"https:\/\/wp.ufpel.edu.br\/ppgl\/wp-json\/wp\/v2\/comments?post=1237"}],"version-history":[{"count":8,"href":"https:\/\/wp.ufpel.edu.br\/ppgl\/wp-json\/wp\/v2\/pages\/1237\/revisions"}],"predecessor-version":[{"id":7444,"href":"https:\/\/wp.ufpel.edu.br\/ppgl\/wp-json\/wp\/v2\/pages\/1237\/revisions\/7444"}],"up":[{"embeddable":true,"href":"https:\/\/wp.ufpel.edu.br\/ppgl\/wp-json\/wp\/v2\/pages\/195"}],"wp:attachment":[{"href":"https:\/\/wp.ufpel.edu.br\/ppgl\/wp-json\/wp\/v2\/media?parent=1237"}],"curies":[{"name":"wp","href":"https:\/\/api.w.org\/{rel}","templated":true}]}}