{"id":1018,"date":"2016-11-01T09:58:47","date_gmt":"2016-11-01T11:58:47","guid":{"rendered":"https:\/\/wp.ufpel.edu.br\/ppgl\/?page_id=1018"},"modified":"2025-02-23T16:35:43","modified_gmt":"2025-02-23T19:35:43","slug":"objetivos","status":"publish","type":"page","link":"https:\/\/wp.ufpel.edu.br\/ppgl\/objetivos\/","title":{"rendered":"Objetivos"},"content":{"rendered":"<p style=\"text-align: justify;\">I \u2212 Objetivos gerais:<br \/>\na) atualizar, ampliar e aperfei\u00e7oar a forma\u00e7\u00e3o de pesquisadores e capacitar docentes para atua\u00e7\u00e3o nos tr\u00eas n\u00edveis de ensino, promovendo a discuss\u00e3o e a produ\u00e7\u00e3o de conhecimento na \u00e1rea de Letras.<br \/>\nb) proporcionar a docentes da \u00e1rea de Letras e a outros profissionais da linguagem e \u00e1reas afins um programa de estudos, te\u00f3ricos e aplicados, visando a uma melhor qualifica\u00e7\u00e3o profissional.<br \/>\nc) formar pesquisadores qualificados nas diversas sub\u00e1reas do campo das Letras capazes de identificar problemas relevantes e apontar solu\u00e7\u00f5es por meio de projetos de pesquisa originais e inovadores, comprometidos com o rigor e o avan\u00e7o do conhecimento cient\u00edfico.<\/p>\n<p style=\"text-align: justify;\">II \u2212 Objetivos espec\u00edficos:<br \/>\na) implementar e fortalecer as condi\u00e7\u00f5es para a pesquisa na regi\u00e3o, dentro e fora da universidade, atrav\u00e9s da institucionaliza\u00e7\u00e3o e da consolida\u00e7\u00e3o de projetos e grupos de estudo, incentivando a coopera\u00e7\u00e3o interinstitucional em n\u00edvel nacional e internacional.<br \/>\nb) proporcionar aos professores de universidades e escolas da rede p\u00fablica e particular, assim como a outros profissionais que utilizam a linguagem como seu principal objeto de trabalho, oportunidade de forma\u00e7\u00e3o continuada e de desenvolvimento dos conhecimentos lingu\u00edsticos, discursivos e liter\u00e1rios necess\u00e1rios \u00e0 sua pr\u00e1tica pedag\u00f3gica e\/ou profissional.<br \/>\nc) produzir conhecimento relacionado \u00e0s Linhas de Pesquisa da \u00c1rea de Concentra\u00e7\u00e3o do Curso, partindo tanto da realidade sociocultural da comunidade, quanto da reflex\u00e3o te\u00f3rica contempor\u00e2nea no \u00e2mbito dos estudos em Letras.<br \/>\nd) oferecer aos alunos de cursos de Letras e \u00e1reas afins, especialmente, do estado e dos pa\u00edses do Mercosul a oportunidade de uma forma\u00e7\u00e3o avan\u00e7ada em pesquisa atrav\u00e9s da participa\u00e7\u00e3o em projetos vinculados \u00e0s linhas de pesquisa do Programa.<br \/>\ne) propiciar aos professores-pesquisadores da UFPel e das outras universidades da regi\u00e3o a oportunidade de consolidar e ampliar suas pesquisas, pela integra\u00e7\u00e3o a novos projetos e pelo contato com novos pesquisadores.<br \/>\nf) estabelecer bases te\u00f3ricas e pr\u00e1ticas para um projeto de estudos comparativos, no n\u00edvel da fala e da escrita, entre o portugu\u00eas, o espanhol, o\u00a0ingl\u00eas, o franc\u00eas e o alem\u00e3o.<\/p>\n","protected":false},"excerpt":{"rendered":"<p>I \u2212 Objetivos gerais: a) atualizar, ampliar e aperfei\u00e7oar a forma\u00e7\u00e3o de pesquisadores e capacitar docentes para atua\u00e7\u00e3o nos tr\u00eas n\u00edveis de ensino, promovendo a discuss\u00e3o e a produ\u00e7\u00e3o de conhecimento na \u00e1rea de Letras. b) proporcionar a docentes da \u00e1rea de Letras e a outros profissionais da linguagem e \u00e1reas afins um programa de [&hellip;]<\/p>\n","protected":false},"author":253,"featured_media":0,"parent":0,"menu_order":1,"comment_status":"closed","ping_status":"closed","template":"","meta":{"jetpack_post_was_ever_published":false,"footnotes":""},"class_list":["post-1018","page","type-page","status-publish","hentry"],"jetpack_sharing_enabled":true,"jetpack_shortlink":"https:\/\/wp.me\/P8vD3Q-gq","_links":{"self":[{"href":"https:\/\/wp.ufpel.edu.br\/ppgl\/wp-json\/wp\/v2\/pages\/1018","targetHints":{"allow":["GET"]}}],"collection":[{"href":"https:\/\/wp.ufpel.edu.br\/ppgl\/wp-json\/wp\/v2\/pages"}],"about":[{"href":"https:\/\/wp.ufpel.edu.br\/ppgl\/wp-json\/wp\/v2\/types\/page"}],"author":[{"embeddable":true,"href":"https:\/\/wp.ufpel.edu.br\/ppgl\/wp-json\/wp\/v2\/users\/253"}],"replies":[{"embeddable":true,"href":"https:\/\/wp.ufpel.edu.br\/ppgl\/wp-json\/wp\/v2\/comments?post=1018"}],"version-history":[{"count":5,"href":"https:\/\/wp.ufpel.edu.br\/ppgl\/wp-json\/wp\/v2\/pages\/1018\/revisions"}],"predecessor-version":[{"id":7428,"href":"https:\/\/wp.ufpel.edu.br\/ppgl\/wp-json\/wp\/v2\/pages\/1018\/revisions\/7428"}],"wp:attachment":[{"href":"https:\/\/wp.ufpel.edu.br\/ppgl\/wp-json\/wp\/v2\/media?parent=1018"}],"curies":[{"name":"wp","href":"https:\/\/api.w.org\/{rel}","templated":true}]}}