{"id":866,"date":"2018-06-29T16:07:19","date_gmt":"2018-06-29T19:07:19","guid":{"rendered":"https:\/\/wp.ufpel.edu.br\/ppgh\/?page_id=866"},"modified":"2018-06-29T16:07:24","modified_gmt":"2018-06-29T19:07:24","slug":"turma-2015-02","status":"publish","type":"page","link":"https:\/\/wp.ufpel.edu.br\/ppgh\/turma-2015-02\/","title":{"rendered":"Turma 2015\/02"},"content":{"rendered":"<p>ELVIS SILVEIRA SIM\u00d5ES<\/p>\n<p><a href=\"https:\/\/wp.ufpel.edu.br\/ppgh\/turma-2015-02\/elvis-silveira-simoes\/\" rel=\"attachment wp-att-868\">No centro e \u00e0 margem: a trajet\u00f3ria hist\u00f3rica dos trabalhadores arrumadores de Rio Grande-RS, entre as d\u00e9cadas de 1950\/60<\/a><\/p>\n<p>&nbsp;<\/p>\n<p>JOSU\u00c9 EICHOLZ<\/p>\n<p><a href=\"https:\/\/wp.ufpel.edu.br\/ppgh\/turma-2015-02\/josue-eicholz\/\" rel=\"attachment wp-att-869\">Elites locais e caridade: Estudo sobre os benfeitores do Asilo de Mendigos e do Asilo de \u00d3rf\u00e3s S\u00e3o Benedito em Pelotas &#8211; RS (1880-1920)<\/a><\/p>\n<p>&nbsp;<\/p>\n<p>LET\u00cdCIA PORTELLA MILAN<\/p>\n<p><a href=\"https:\/\/wp.ufpel.edu.br\/ppgh\/turma-2015-02\/leticia-portella-milan\/\" rel=\"attachment wp-att-870\">Lazer e sociabilidade da elite pelotense: Os di\u00e1rios de Clarice Tavares Xavier<\/a><\/p>\n<p>&nbsp;<\/p>\n<p>S\u00cdLVIA REGINA TEIXEIRA CHRIST\u00d3V\u00c3O<\/p>\n<p><a href=\"https:\/\/wp.ufpel.edu.br\/ppgh\/turma-2015-02\/silvia-regina-teixeira-christovao\/\" rel=\"attachment wp-att-871\">Festa, m\u00fasica e mem\u00f3ria na Comunidade Quilombola S\u00e3o Roque (SC) e os vetores de uma identidade \u00e9tnica como demarca\u00e7\u00e3o de territ\u00f3rio e pertencimento<\/a><\/p>\n<p>&nbsp;<\/p>\n<p>TASLINS FERREIRA HERBSTRITH<\/p>\n<p><a href=\"https:\/\/wp.ufpel.edu.br\/ppgh\/turma-2015-02\/taslins-ferreira-herbstrith\/\" rel=\"attachment wp-att-872\">A arte de MaryCassatt e Camille Claudel: rela\u00e7\u00f5es de g\u00eanero como constru\u00e7\u00e3o hist\u00f3rica na Fran\u00e7a no final do s\u00e9culo XIX<\/a><\/p>\n<p>&nbsp;<\/p>\n<p>V\u00c2NIA FARIAS FERREIRA<\/p>\n<p><a href=\"https:\/\/wp.ufpel.edu.br\/ppgh\/turma-2015-02\/vania-farias-ferreira\/\" rel=\"attachment wp-att-873\">universidade Federal de Pelotas \u00e0 \u00e9poca da Ditadura Civil-Militar: Mem\u00f3rias divergentes de uma trajet\u00f3ria<\/a><\/p>\n<p>&nbsp;<\/p>\n<p>VINICIUS CARDOSO NUNES<\/p>\n<p><a href=\"https:\/\/wp.ufpel.edu.br\/ppgh\/turma-2015-02\/vinicius-cardoso-nunes\/\" rel=\"attachment wp-att-874\">Escravid\u00e3o e criminalidade: Os campeiros nos processos-crimes na Vila de Piratini (1850-1870)<\/a><\/p>\n","protected":false},"excerpt":{"rendered":"<p>ELVIS SILVEIRA SIM\u00d5ES No centro e \u00e0 margem: a trajet\u00f3ria hist\u00f3rica dos trabalhadores arrumadores de Rio Grande-RS, entre as d\u00e9cadas de 1950\/60 &nbsp; JOSU\u00c9 EICHOLZ Elites locais e caridade: Estudo sobre os benfeitores do Asilo de Mendigos e do Asilo de \u00d3rf\u00e3s S\u00e3o Benedito em Pelotas &#8211; RS (1880-1920) &nbsp; LET\u00cdCIA PORTELLA MILAN Lazer e [&hellip;]<\/p>\n","protected":false},"author":57,"featured_media":0,"parent":0,"menu_order":0,"comment_status":"closed","ping_status":"closed","template":"","meta":{"footnotes":""},"class_list":["post-866","page","type-page","status-publish","hentry"],"_links":{"self":[{"href":"https:\/\/wp.ufpel.edu.br\/ppgh\/wp-json\/wp\/v2\/pages\/866","targetHints":{"allow":["GET"]}}],"collection":[{"href":"https:\/\/wp.ufpel.edu.br\/ppgh\/wp-json\/wp\/v2\/pages"}],"about":[{"href":"https:\/\/wp.ufpel.edu.br\/ppgh\/wp-json\/wp\/v2\/types\/page"}],"author":[{"embeddable":true,"href":"https:\/\/wp.ufpel.edu.br\/ppgh\/wp-json\/wp\/v2\/users\/57"}],"replies":[{"embeddable":true,"href":"https:\/\/wp.ufpel.edu.br\/ppgh\/wp-json\/wp\/v2\/comments?post=866"}],"version-history":[{"count":2,"href":"https:\/\/wp.ufpel.edu.br\/ppgh\/wp-json\/wp\/v2\/pages\/866\/revisions"}],"predecessor-version":[{"id":876,"href":"https:\/\/wp.ufpel.edu.br\/ppgh\/wp-json\/wp\/v2\/pages\/866\/revisions\/876"}],"wp:attachment":[{"href":"https:\/\/wp.ufpel.edu.br\/ppgh\/wp-json\/wp\/v2\/media?parent=866"}],"curies":[{"name":"wp","href":"https:\/\/api.w.org\/{rel}","templated":true}]}}