{"id":850,"date":"2018-06-29T15:28:44","date_gmt":"2018-06-29T18:28:44","guid":{"rendered":"https:\/\/wp.ufpel.edu.br\/ppgh\/?page_id=850"},"modified":"2021-04-08T19:06:59","modified_gmt":"2021-04-08T22:06:59","slug":"turma-2015","status":"publish","type":"page","link":"https:\/\/wp.ufpel.edu.br\/ppgh\/turma-2015\/","title":{"rendered":"Turma 2015"},"content":{"rendered":"<p>AMANDA BASILIO SANTOS<\/p>\n<p><a href=\"https:\/\/wp.ufpel.edu.br\/ppgh\/turma-2015\/o-material-o-visual-e-o-intangivel-uma-analise-da-iconografia-e-da-arquitetura-da-igreja-de-st-mary-e-st-david-de-kilpeck-sec-xii\/\" rel=\"attachment wp-att-2396\">O material o visual e o intang\u00edvel uma an\u00e1lise da iconografia e da arquitetura da igreja de St Mary e St David de Kilpeck s\u00e9c XII<\/a><\/p>\n<p>&nbsp;<\/p>\n<p>ANDERSON DA CRUZ NUNES<\/p>\n<p><a href=\"https:\/\/wp.ufpel.edu.br\/ppgh\/turma-2015\/anderson-da-cruz-nunes\/\" rel=\"attachment wp-att-902\">Uma an\u00e1lise dos saberes em torno da homossexualidade no Congresso Nacional Brasileiro atrav\u00e9s das legislaturas de Jair Bolsonaro e Jean Wyllys (2011-2014)<\/a><\/p>\n<p>&nbsp;<\/p>\n<p>\u00c2NGELA PEREIRA OLIVEIRA<\/p>\n<p><a href=\"https:\/\/wp.ufpel.edu.br\/ppgh\/turma-2015\/a-racializacao-nas-entrelinhas-da-imprensa-negra-o-caso-o-exemplo-e-a-alvorada-1920-1935\/\" rel=\"attachment wp-att-2398\">A racializa\u00e7\u00e3o nas entrelinhas da imprensa negra o caso O Exemplo e A Alvorada \u2013 1920-1935<\/a><\/p>\n<p>&nbsp;<\/p>\n<p>BIANE PEVERADA JAQUES<\/p>\n<p><a href=\"https:\/\/wp.ufpel.edu.br\/ppgh\/turma-2015\/eis-ai-como-tomei-contato-com-o-diario-ascensao-social-profissional-do-imigrante-portugues-maximiano-pombo-cirne-a-partir-do-diario-popular-pelotas-1922-1949\/\" rel=\"attachment wp-att-2403\">Eis a\u00ed como tomei contato com o Di\u00e1rio &#8211; Ascens\u00e3o social-profissional do imigrante portugu\u00eas Maximiano Pombo Cirne a partir do Di\u00e1rio Popular &#8211; Pelotas 1922-1949<\/a><\/p>\n<p>&nbsp;<\/p>\n<p>COSME ALVES SERRALHEIRO<\/p>\n<p><a href=\"https:\/\/wp.ufpel.edu.br\/ppgh\/turma-2015\/a-consolidacao-do-imperio-atraves-da-formacao-da-armada-imperial-na-provincia-rio-grandense-com-base-na-companhia-de-aprendizes-marinheiros-de-rio-grande-rs-1860-1885\/\" rel=\"attachment wp-att-2405\">A consolida\u00e7\u00e3o do Imp\u00e9rio atrav\u00e9s da forma\u00e7\u00e3o da Armada imperial na prov\u00edncia rio-grandense com base na Companhia de Aprendizes-Marinheiros de Rio Grande &#8211; RS 1860-1885<\/a><\/p>\n<p>&nbsp;<\/p>\n<p>EDUARDA BORGES DA SILVA<\/p>\n<p><a href=\"https:\/\/wp.ufpel.edu.br\/ppgh\/turma-2015\/partejar-e-narrar-o-oficio-de-parteira-ao-sul-do-rio-grande-do-sul-1960-1990\/\" rel=\"attachment wp-att-2407\">Partejar e narrar &#8211; O of\u00edcio de parteira ao sul do Rio Grande do Sul 1960-1990<\/a><\/p>\n<p>&nbsp;<\/p>\n<p>FELIPE NUNES NOBRE<\/p>\n<p><a href=\"https:\/\/wp.ufpel.edu.br\/ppgh\/dissertacoes\/turma-2015\/felipe-nunes-nobre\/\" rel=\"attachment wp-att-859\">Nos meandros do (re)conhecimento &#8211; A tem\u00e1tica ind\u00edgena em livros did\u00e1ticos de Hist\u00f3ria no contexto de implementa\u00e7\u00e3o da Lei 11.645\/08 (2008-2014)<\/a><\/p>\n<p>&nbsp;<\/p>\n<p>J\u00c9SSICA OLIVEIRA DE SOUZA<\/p>\n<p><a href=\"https:\/\/wp.ufpel.edu.br\/ppgh\/turma-2015\/as-representacoes-da-cidade-de-pelotas-nas-cronicas-de-alberto-coelho-da-cunha-1853-1939\/\" rel=\"attachment wp-att-1265\">As representa\u00e7\u00f5es da cidade de Pelotas nas cr\u00f4nicas de Alberto Coelho da Cunha (1853-1939)<\/a><\/p>\n<p>&nbsp;<\/p>\n<p>MARCO ANTONIO CORREA COLLARES<\/p>\n<p><a href=\"https:\/\/wp.ufpel.edu.br\/ppgh\/turma-2015\/nas-fronteiras-entre-civilizacao-e-barbarie-as-narrativas-dos-ciclos-de-conan-de-robert-howard\/\" rel=\"attachment wp-att-2401\">Nas Fronteiras entre Civiliza\u00e7\u00e3o e Barb\u00e1rie &#8211; As Narrativas dos Ciclos de Conan de Robert Howard<\/a><\/p>\n<p>&nbsp;<\/p>\n<p>MILENA ROSA ARA\u00daJO OGAWA<\/p>\n<p><a href=\"https:\/\/wp.ufpel.edu.br\/ppgh\/turma-2015\/milena-rosa-araujo-ogawa\/\" rel=\"attachment wp-att-905\">T\u00e1cito e a ret\u00f3rica da decad\u00eancia. Um estudo sobre mem\u00f3ria, identidade e educa\u00e7\u00e3o \u00e0 \u00e9poca de Domiciano<\/a><\/p>\n<p>&nbsp;<\/p>\n<p>M\u00d4NICA RENATA SCHMIDT<\/p>\n<p><a href=\"https:\/\/wp.ufpel.edu.br\/ppgh\/turma-2015\/na-luta-por-direitos-os-trabalhadores-do-frigorifico-anglo-de-pelotas-e-a-justica-do-trabalho-1943-1945\/\" rel=\"attachment wp-att-2400\">Na luta por direitos &#8211; os trabalhadores do Frigor\u00edfico Anglo de Pelotas e a Justi\u00e7a do Trabalho 1943 &#8211; 1945<\/a><\/p>\n<p>&nbsp;<\/p>\n<p>RICARDO BARBOSA DA SILVA<\/p>\n<p><a href=\"https:\/\/wp.ufpel.edu.br\/ppgh\/turma-2015\/culto-a-guerra-uma-abordagem-historiografica-do-militarismo-na-esparta-classica\/\" rel=\"attachment wp-att-2399\">Culto \u00e0 guerra &#8211; uma abordagem historiogr\u00e1fica do militarismo na Esparta Cl\u00e1ssica<\/a><\/p>\n","protected":false},"excerpt":{"rendered":"<p>AMANDA BASILIO SANTOS O material o visual e o intang\u00edvel uma an\u00e1lise da iconografia e da arquitetura da igreja de St Mary e St David de Kilpeck s\u00e9c XII &nbsp; ANDERSON DA CRUZ NUNES Uma an\u00e1lise dos saberes em torno da homossexualidade no Congresso Nacional Brasileiro atrav\u00e9s das legislaturas de Jair Bolsonaro e Jean Wyllys [&hellip;]<\/p>\n","protected":false},"author":57,"featured_media":0,"parent":0,"menu_order":0,"comment_status":"closed","ping_status":"closed","template":"","meta":{"footnotes":""},"class_list":["post-850","page","type-page","status-publish","hentry"],"_links":{"self":[{"href":"https:\/\/wp.ufpel.edu.br\/ppgh\/wp-json\/wp\/v2\/pages\/850","targetHints":{"allow":["GET"]}}],"collection":[{"href":"https:\/\/wp.ufpel.edu.br\/ppgh\/wp-json\/wp\/v2\/pages"}],"about":[{"href":"https:\/\/wp.ufpel.edu.br\/ppgh\/wp-json\/wp\/v2\/types\/page"}],"author":[{"embeddable":true,"href":"https:\/\/wp.ufpel.edu.br\/ppgh\/wp-json\/wp\/v2\/users\/57"}],"replies":[{"embeddable":true,"href":"https:\/\/wp.ufpel.edu.br\/ppgh\/wp-json\/wp\/v2\/comments?post=850"}],"version-history":[{"count":11,"href":"https:\/\/wp.ufpel.edu.br\/ppgh\/wp-json\/wp\/v2\/pages\/850\/revisions"}],"predecessor-version":[{"id":2408,"href":"https:\/\/wp.ufpel.edu.br\/ppgh\/wp-json\/wp\/v2\/pages\/850\/revisions\/2408"}],"wp:attachment":[{"href":"https:\/\/wp.ufpel.edu.br\/ppgh\/wp-json\/wp\/v2\/media?parent=850"}],"curies":[{"name":"wp","href":"https:\/\/api.w.org\/{rel}","templated":true}]}}