{"id":518,"date":"2017-06-22T12:40:02","date_gmt":"2017-06-22T15:40:02","guid":{"rendered":"https:\/\/wp.ufpel.edu.br\/ppgh\/?page_id=518"},"modified":"2022-07-15T14:11:31","modified_gmt":"2022-07-15T17:11:31","slug":"turma-201001","status":"publish","type":"page","link":"https:\/\/wp.ufpel.edu.br\/ppgh\/turma-201001\/","title":{"rendered":"Turma 2010\/01"},"content":{"rendered":"<p class=\"text15\"><span style=\"color: #000000\"><strong><a style=\"color: #000000;text-decoration: underline\" href=\"https:\/\/wp.ufpel.edu.br\/ppgh\/files\/2016\/09\/dissertacao-antonio-vergara.pdf\">INVISIBILIDADE\/VISIBILIDADE: O GUARANI PR\u00c9-COLONIAL EM GRAVATA\u00cd<\/a><\/strong><\/span><\/p>\n<p><span style=\"color: #000000\"><strong>Antonio Gabriel Vergara<\/strong><\/span><\/p>\n<p class=\"text15\"><span style=\"color: #000000\"><strong>Resumo: <\/strong>As discuss\u00f5es acerca de patrim\u00f4nio e mem\u00f3ria t\u00eam, nos \u00faltimos tempos, tomado cada vez mais espa\u00e7o nas diferentes esferas da sociedade. Tamb\u00e9m podemos perceber que, al\u00e9m desses lugares, a preocupa\u00e7\u00e3o em manter preservada a Hist\u00f3ria, seja ela regional ou mesmo local, entre a popula\u00e7\u00e3o, \u00e9 uma crescente. Nesse sentido vemos surgir iniciativas de resgate de mem\u00f3rias como de imigrantes, conhecimentos tradicionais, entre outros, que na margem do esquecimento, necessitam ser trazidos de volta e recolocados na esteira do tempo, para que outras gera\u00e7\u00f5es possam ter conhecimento. Este trabalho vai ao encontro dessas discuss\u00f5es, tendo como um de seus prop\u00f3sitos, inserir nos debates historiogr\u00e1ficos de cunho local a tem\u00e1tica da presen\u00e7a ind\u00edgena pr\u00e9-colonial para Gravata\u00ed. Para tanto, os caminhos a serem percorridos para estabelecer o guarani pr\u00e9-colonial na regi\u00e3o, iniciam-se a partir da historiografia Nacional e de como o ind\u00edgena foi representado e situado na forma\u00e7\u00e3o da Hist\u00f3ria brasileira. A historiografia ga\u00facha foi revisitada e se puderam pin\u00e7ar alguns elementos para perceber a invisibilidade e visibilidade do guarani pr\u00e9-colonial para Gravata\u00ed, assim como perceber que a Arqueologia tamb\u00e9m n\u00e3o deu conta dessa presen\u00e7a ind\u00edgena antiga. E por ultimo, no que tange a discuss\u00e3o da historiografia local, esse exerc\u00edcio busca apontar os processos que contribu\u00edram para o apagamento da mem\u00f3ria ind\u00edgena guarani pr\u00e9colonial, investigando o papel dos agentes sociais, em particular o museu municipal de Gravata\u00ed, e os dispositivos usados para, ora tornar invis\u00edvel, ora dar visibilidade a essa cultura.<\/span><\/p>\n<p class=\"text15\"><span style=\"color: #000000\"><strong>Palavras-chave: <\/strong>Invisibilidade, visibilidade, Gravata\u00ed, guarani pr\u00e9-colonial, mem\u00f3ria.<\/span><\/p>\n<p class=\"text15\"><span style=\"color: #000000\"><strong>Banca: <\/strong>Artur Henrique Franco Barcelos (UFPel, orientador), Fernando Camargo (UFPel), Hilda Jaqueline Fraga (UNIPAMPA)<\/span><\/p>\n<p class=\"text15\"><span style=\"color: #000000\"><strong>Data da defesa<\/strong>: 08\/05\/2012<\/span><\/p>\n<p class=\"text12\"><span style=\"color: #000000\">___________________________________________________________________<\/span><\/p>\n<p class=\"text15\"><span style=\"color: #000000\"><a style=\"color: #000000\" href=\"https:\/\/wp.ufpel.edu.br\/ppgh\/files\/2016\/09\/dissertacao-2012-caroline-tecchio.pdf\"><strong>MEM\u00d3RIAS DO COMBATE \u00c0 COLUNA PAULISTA NO OESTE PARANAENSE: A ESCRITA DE SI NAS PAJADAS DE UM SOLDADO (1924-1925)<\/strong><\/a><\/span><\/p>\n<p><span style=\"color: #000000\"><strong>Caroline Tecchio<\/strong><\/span><\/p>\n<p class=\"text15\"><span style=\"color: #000000\"><strong>Resumo<\/strong>: Esse estudo trata das mem\u00f3rias de um soldado legalista que participou do combate \u00e0 Coluna Paulista no oeste paranaense entre 1924 e 1925. Suas experi\u00eancias militares s\u00e3o narradas em forma de pajadas, versos t\u00edpicos da cultura ga\u00facha que comumente apresentam-se oralmente. Os versos escritos aparecem no Caderno de Anota\u00e7\u00f5es de outro soldado raso: Ernesto Baptista Tecchio. Este n\u00e3o nomeia, em nenhum momento, o pajador, criando d\u00favidas sobre sua inten\u00e7\u00e3o em forjar ou n\u00e3o a autoria dos versos. Ernesto serviu ao Ex\u00e9rcito em Cruz Alta, Rio Grande do Sul, enquanto o soldado pajador partiu para o combate saindo de Alegrete nesse mesmo estado. Em algum momento suas trajet\u00f3rias se cruzaram e Ernesto teve acesso \u00e0s pajadas. Considerando as rela\u00e7\u00f5es estabelecidas entre as mem\u00f3rias do pajador e de Ernesto, que foi guardi\u00e3o e interlocutor dessa mem\u00f3ria, esse estudo analisa as escritas de si contidas nas fontes. De maneiras distintas, esses indiv\u00edduos conservam suas opini\u00f5es atrav\u00e9s de narrativas. Utilizando-se teoricamente de autores que discutem aspectos memorial\u00edsticos e a escrita de si, esse trabalho considera as intencionalidades do pajador em produzir a narrativa na forma de versos que expressam caracter\u00edsticas de sua cultura regional. Leva em conta tamb\u00e9m que Ernesto era filho de imigrantes italianos, e apesar de falar essa l\u00edngua em seu cotidiano, foi alfabetizado em portugu\u00eas e se apropriou dos versos do soldado ga\u00facho, o que parece demonstrar a fluidez de identidades entre os soldados. Com esse estudo, pretende-se ampliar as interpreta\u00e7\u00f5es sobre as Revoltas Tenentistas a partir da an\u00e1lise das pajadas, que constituem o olhar de um soldado raso sobre os enfrentamentos. Os documentos pessoais a que se teve acesso s\u00e3o analisados relacionando-os \u00e0 outras fontes, como por exemplo as mem\u00f3rias do tenente revoltoso Jo\u00e3o Cabanas. Quanto \u00e0s perspectivas te\u00f3ricometodol\u00f3gicas, destaca-se o di\u00e1logo da hist\u00f3ria cultural recente com a metodologia micro-hist\u00f3rica, bem como as discuss\u00f5es acerca dos conceitos de mem\u00f3ria e representa\u00e7\u00e3o. A historiografia sobre Revoltas Tenentistas auxilia na compreens\u00e3o das cr\u00edticas do soldado pajador que, mesmo sendo legalista, questiona a hierarquia militar e as condi\u00e7\u00f5es em que se encontravam os soldados rasos. Ernesto, por sua vez, pode ter se interessado pelas pajadas devido ao gosto pela leitura e, na condi\u00e7\u00e3o de soldado raso, possivelmente se identificou com as cr\u00edticas \u00e0 hierarquia militar.<\/span><\/p>\n<p class=\"text15\"><span style=\"color: #000000\"><strong>Palavras-chave<\/strong>: Mem\u00f3ria; Escrita de si; Pajadas; Revoltas Tenentistas<\/span><\/p>\n<p class=\"text15\"><span style=\"color: #000000\"><strong>Banca<\/strong>: M\u00e1rcia Janete Espig (UFPel, orientadora), Edgar \u00c1vila Gandra (UFPel), Benito Bisso Schmidt (UFRGS)<\/span><\/p>\n<p class=\"text15\"><span style=\"color: #000000\"><strong>Data da defesa<\/strong>: 20\/04\/2012<\/span><\/p>\n<p class=\"text15\"><span style=\"color: #000000\">___________________________________________________________________<\/span><\/p>\n<p class=\"text15\"><span style=\"color: #000000\"><a style=\"color: #000000\" href=\"https:\/\/wp.ufpel.edu.br\/ppgh\/files\/2016\/09\/dissertacao-2012-deomar-neto.pdf\"><strong>A ATUA\u00c7\u00c3O POL\u00cdTICA DE PINHEIRO MACHADO: O SENADOR DA CONCILIA\u00c7\u00c3O<br \/>\nDO FEDERALISMO COM A CENTRALIZA\u00c7\u00c3O NA REP\u00daBLICA VELHA<\/strong><\/a><\/span><\/p>\n<p class=\"text15\"><span style=\"color: #000000\"><strong>Deomar Villagra Neto<\/strong><\/span><\/p>\n<p class=\"text15\"><span style=\"color: #000000\"><strong>Resumo:<\/strong> Esta disserta\u00e7\u00e3o pretende refletir sobre a atua\u00e7\u00e3o pol\u00edtica do Senador Pinheiro Machado, suas fontes de poder e sua atua\u00e7\u00e3o no sentido de garantir os interesses regionais sem chocar-se com as pol\u00edticas de valoriza\u00e7\u00e3o do caf\u00e9 que caracterizaram a Rep\u00fablica Velha. Pretende, ainda, analisar a historiografia a respeito do poder de Pinheiro Machado e os sensos comuns formados sem a preocupa\u00e7\u00e3o maior em comprov\u00e1-los ou refut\u00e1-los com fontes. Em busca desses objetivos, ser\u00e1 feita uma an\u00e1lise comparativa entre a historiografia e as fontes prim\u00e1rias sobre o senador, al\u00e9m de um estudo da configura\u00e7\u00e3o pol\u00edtica do Rio Grande do Sul e do Brasil da nascente Rep\u00fablica, sendo essencial, para isso, o confronto entre as demandas regionais e o centralismo da Uni\u00e3o, principalmente ap\u00f3s a estipula\u00e7\u00e3o da Pol\u00edtica dos Governadores pelo Presidente Campos Salles.<\/span><\/p>\n<p class=\"text15\"><span style=\"color: #000000\"><strong>Palavras-chave: <\/strong>Pinheiro Machado, coronelismo, borgismo, Rep\u00fablica Velha e Rio Grande do Sul.<\/span><\/p>\n<p class=\"text15\"><span style=\"color: #000000\"><strong>Banca: <\/strong>Elisabete da Costa Leal (UFPel, orientadora), Fernando da Silva Camargo (UFPel) e Paulo Ricardo Pezat (UFPel)<\/span><\/p>\n<p class=\"text15\"><span style=\"color: #000000\"><strong>Data da defesa<\/strong>: 26\/04\/2012<\/span><\/p>\n<p class=\"text15\"><span style=\"color: #000000\">___________________________________________________________________<\/span><\/p>\n<p class=\"text15\"><span style=\"color: #000000\"><a style=\"color: #000000\" href=\"https:\/\/wp.ufpel.edu.br\/ppgh\/files\/2016\/09\/dissertacao-2012-helenize-soares-serres.pdf\"><strong>ESTAS TERRAS E SEUS DONOS: POL\u00cdTICAS DE ESPECIALIDADES E TERRITORIALIDADE EM LA CRUZ E NO MUNDO GUARANI MISSIONEIRO (1629 &#8211; 1828)<\/strong><\/a><\/span><\/p>\n<p class=\"text15\"><span style=\"color: #000000\"><strong>Helenize Soares Serres<\/strong><\/span><\/p>\n<p class=\"text15\"><span style=\"color: #000000\"><strong>Resumo: <\/strong>O estudo trata das rela\u00e7\u00f5es existentes entre as est\u00e2ncias missioneiras e as redu\u00e7\u00f5es jesu\u00edticas. Pretende-se compreender como se davam estas rela\u00e7\u00f5es entre a est\u00e2ncia de La Cruz, no lado oriental do rio Uruguai \u2013 localizada na fronteira oeste do atual Estado do Rio Grande do Sul, Brasil; e a redu\u00e7\u00e3o de La Cruz, do lado ocidental do mesmo rio, &#8211; localizada na fronteira leste da atual Prov\u00edncia de Corrientes, Argentina, no per\u00edodo de 1629 a 1828. A partir da perspectiva da administra\u00e7\u00e3o colonial da Am\u00e9rica espanhola e do papel da Igreja Cat\u00f3lica Romana nesse territ\u00f3rio foi poss\u00edvel entender e discutir a organiza\u00e7\u00e3o e a produ\u00e7\u00e3o interna de toda a Prov\u00edncia Jesu\u00edtica do Paraguai e principalmente da redu\u00e7\u00e3o de La Cruz e sua est\u00e2ncia. As rela\u00e7\u00f5es entre o povo da Cruz com grupos ind\u00edgenas como as na\u00e7\u00f5es dos charruas e dos minuanos no espa\u00e7o alegadamente pertencente \u00e0 coroa Espanhola, tamb\u00e9m foram referidas, levando em conta aspectos aplic\u00e1veis aos conceitos de fronteira, limite, espa\u00e7o e regi\u00e3o. Igualmente foi tratado o papel das est\u00e2ncias missioneiras no territ\u00f3rio das Miss\u00f5es Orientais do Uruguai, em especial a est\u00e2ncia de La Cruz, em um per\u00edodo de v\u00e1rias discuss\u00f5es diplom\u00e1ticas entre as coroas Ib\u00e9ricas, sob disputas e conflitos que determinavam aproxima\u00e7\u00e3o e distanciamento com a popula\u00e7\u00e3o ind\u00edgena.<\/span><\/p>\n<p class=\"text15\"><span style=\"color: #000000\"><strong>Palavras-chave: <\/strong>La Cruz; Est\u00e2ncia; Jesu\u00edtas; Geopol\u00edtica; Antigo Regime; Guaranis missioneiros.<\/span><\/p>\n<p class=\"text15\"><span style=\"color: #000000\"><strong>Banca: <\/strong>Fernando da Silva Camargo (UFPel, orientador), Artur Henrique Franco Barcelos (FURG), Ronaldo Bernardino Colvero (Unipampa)<\/span><\/p>\n<p class=\"text15\"><span style=\"color: #000000\"><strong>Data da defesa<\/strong>: 10\/04\/2012<\/span><\/p>\n<p class=\"text15\"><span style=\"color: #000000\">___________________________________________________________________<\/span><\/p>\n<p class=\"text15\"><span style=\"color: #000000\"><a style=\"color: #000000\" href=\"https:\/\/wp.ufpel.edu.br\/ppgh\/files\/2016\/09\/dissertacao-2012-paulo_sergio_quaresma.pdf\"><strong>URBE EM TEMPOS DE VAR\u00cdOLA: A CIDADE DO RIO GRANDE (RS)<\/strong><strong><br \/>\n<\/strong><strong>DURANTE A EPIDEMIA DE 1904-1905<\/strong><\/a><\/span><\/p>\n<p class=\"text15\"><span style=\"color: #000000\"><strong>Paulo Sergio Andrade Quaresma<\/strong><\/span><\/p>\n<p class=\"text15\"><span style=\"color: #000000\"><strong>Resumo: <\/strong>Ao longo do tempo, a hist\u00f3ria do homem esteve fortemente marcada por crises geradas em consequ\u00eancia da incid\u00eancia de doen\u00e7as, principalmente aquelas de natureza infectocontagiosa. Nesse cen\u00e1rio, tem destaque a var\u00edola, cujos registros demonstram que causou a morte de milhares de pessoas, desde a antiguidade at\u00e9 a sua extin\u00e7\u00e3o na segunda metade do s\u00e9culo XX. Antes da sua erradica\u00e7\u00e3o, essa doen\u00e7a foi um problema social e pol\u00edtico, interferindo no cotidiano e nos h\u00e1bitos da sociedade. Em conson\u00e2ncia a esses fatos, o presente estudo tem como objetivo tra\u00e7ar um perfil hist\u00f3rico da cidade do Rio Grande durante a epidemia de var\u00edola entre 1904 e 1905. Neste estudo, far-se-\u00e1 an\u00e1lise do estado sanit\u00e1rio, das atitudes individuais e coletivas da popula\u00e7\u00e3o diante do morbo infeccioso e os estigmas associados \u00e0 doen\u00e7a, a partir do olhar dos estudos preconizados pela hist\u00f3ria social, hist\u00f3ria das doen\u00e7as, da demografia hist\u00f3rica, da imprensa e da literatura. Para alcan\u00e7ar esses objetivos, foram recolhidos dados quantitativos nos livros de \u00f3bitos e de sepultamentos da Associa\u00e7\u00e3o de Caridade Santa Casa do Rio Grande e not\u00edcias veiculadas na imprensa local da \u00e9poca, junto ao acervo de jornais da Biblioteca Rio-Grandense. Esse manancial de informa\u00e7\u00f5es auxilia na constru\u00e7\u00e3o de gr\u00e1ficos e tabelas, abrindo, dessa forma, a possibilidade de diferentes conjecturas e permitindo a realiza\u00e7\u00e3o de observa\u00e7\u00f5es diversas. Esta disserta\u00e7\u00e3o \u00e9 constitu\u00edda por tr\u00eas cap\u00edtulos: o primeiro analisa a presen\u00e7a das doen\u00e7as ao longo da hist\u00f3ria das civiliza\u00e7\u00f5es; o segundo foca a estrutura sanit\u00e1ria e as incid\u00eancias de epidemias no Brasil ao longo s\u00e9culo XIX e in\u00edcio do s\u00e9culo XX; o terceiro faz um cotejo entre os dados quantitativos coletados e as mat\u00e9rias veiculadas na imprensa rio-grandina.<\/span><\/p>\n<p class=\"text15\"><span style=\"color: #000000\"><strong>Palavras-chave: <\/strong>Cidade do Rio Grande\/RS (1904-1905). Epidemia de var\u00edola. Estigmatiza\u00e7\u00e3o. Livro de \u00f3bitos e sepultamentos da Associa\u00e7\u00e3o de Caridade Santa Casa do Rio Grande. Hist\u00f3ria, imprensa e literatura.<\/span><br \/>\n<span style=\"color: #000000\"><strong>\u00a0<\/strong><\/span><br \/>\n<span style=\"color: #000000\"><strong>Banca: <\/strong>Lorena Almeida Gill (UFPel, orientadora), Aristeu Elisandro Machado Lopes (UFPel), Juliane Concei\u00e7\u00e3o Primon Serres (UNIPAMPA)<\/span><\/p>\n<p class=\"text15\"><span style=\"color: #000000\"><strong>Data da defesa<\/strong>: 26\/04\/2012<\/span><\/p>\n<p class=\"text15\"><span style=\"color: #000000\">___________________________________________________________________<\/span><\/p>\n<p><span style=\"color: #000000\"><a style=\"color: #000000\" href=\"https:\/\/wp.ufpel.edu.br\/ppgh\/files\/2016\/09\/dissertacao-2012-rafael-kapron.pdf\"><strong>HIST\u00d3RIA DO TRABALHO DOS CAMINHONEIROS NO BRASIL:<br \/>\nPROFISS\u00c3O, JORNADA E A\u00c7\u00d5ES POL\u00cdTICAS<\/strong><\/a><\/span><\/p>\n<p class=\"text15\"><span style=\"color: #000000\"><strong>Rafael Ant\u00f4nio Kapron<\/strong><\/span><\/p>\n<p class=\"text15\"><span style=\"color: #000000\"><strong>Resumo: <\/strong>Na hist\u00f3ria do Brasil os caminhoneiros t\u00eam sido marcados por uma excessiva jornada de trabalho e pelos expressivos \u00edndices do trabalho informal. A hist\u00f3ria profissional desses motoristas de caminh\u00e3o deve ser percebida a partir a preponder\u00e2ncia que se mant\u00e9m desde as suas origens do trabalho em pequenas empresas e da coexist\u00eancia entre os motoristas empregados e os aut\u00f4nomos. A intensa concorr\u00eancia de mercado no transporte rodovi\u00e1rio de cargas \u00e9 um dos fundamentos que explica o trabalho prec\u00e1rio, seja na informalidade perante a legisla\u00e7\u00e3o como na oferta irregular de trabalho. Bem como s\u00e3o essas condi\u00e7\u00f5es gerais que situam as elevadas incid\u00eancias de doen\u00e7as advindas do trabalho e o envolvimento em acidentes do trabalho. As pesquisas em diversas fontes documentais apontam todas essas afirma\u00e7\u00f5es na hist\u00f3ria profissional, bem como informam que os caminhoneiros tiveram formas diversificadas de reivindica\u00e7\u00f5es, seja atrav\u00e9s das greves como nos protestos diversos que foram identificados. Caracter\u00edstica da hist\u00f3ria profissional tamb\u00e9m est\u00e1 em suas fragmenta\u00e7\u00f5es, seja na atua\u00e7\u00e3o nos diferentes tipos de sindicatos, nas entidades paralelas, nas diferencia\u00e7\u00f5es entre os motoristas aut\u00f4nomos, os empregados com sal\u00e1rio por tempo e os assalariados por comiss\u00e3o. Na escrita dessa hist\u00f3ria as interpreta\u00e7\u00f5es dos diversos tipos de fontes documentais d\u00e3o evid\u00eancias para essas constata\u00e7\u00f5es.<\/span><\/p>\n<p class=\"text15\"><span style=\"color: #000000\"><strong>Palavras-chave<\/strong>: Rela\u00e7\u00f5es de trabalho. Motoristas de caminh\u00e3o. Brasil.<\/span><\/p>\n<p class=\"text15\"><span style=\"color: #000000\"><strong>Banca:<\/strong> Beatriz Ana Loner (UFPel, orientadora), Edgar \u00c1vila Gandra (UFPel), Pedro Alcides Robertt Niz (PPG em Sociologia\/UFPel)<\/span><\/p>\n<p><span class=\"text15\" style=\"color: #000000\"><strong>Data da defesa<\/strong>: 17\/04\/2012<\/span><\/p>\n","protected":false},"excerpt":{"rendered":"<p>INVISIBILIDADE\/VISIBILIDADE: O GUARANI PR\u00c9-COLONIAL EM GRAVATA\u00cd Antonio Gabriel Vergara Resumo: As discuss\u00f5es acerca de patrim\u00f4nio e mem\u00f3ria t\u00eam, nos \u00faltimos tempos, tomado cada vez mais espa\u00e7o nas diferentes esferas da sociedade. Tamb\u00e9m podemos perceber que, al\u00e9m desses lugares, a preocupa\u00e7\u00e3o em manter preservada a Hist\u00f3ria, seja ela regional ou mesmo local, entre a popula\u00e7\u00e3o, \u00e9 [&hellip;]<\/p>\n","protected":false},"author":57,"featured_media":0,"parent":0,"menu_order":0,"comment_status":"closed","ping_status":"closed","template":"","meta":{"footnotes":""},"class_list":["post-518","page","type-page","status-publish","hentry"],"_links":{"self":[{"href":"https:\/\/wp.ufpel.edu.br\/ppgh\/wp-json\/wp\/v2\/pages\/518","targetHints":{"allow":["GET"]}}],"collection":[{"href":"https:\/\/wp.ufpel.edu.br\/ppgh\/wp-json\/wp\/v2\/pages"}],"about":[{"href":"https:\/\/wp.ufpel.edu.br\/ppgh\/wp-json\/wp\/v2\/types\/page"}],"author":[{"embeddable":true,"href":"https:\/\/wp.ufpel.edu.br\/ppgh\/wp-json\/wp\/v2\/users\/57"}],"replies":[{"embeddable":true,"href":"https:\/\/wp.ufpel.edu.br\/ppgh\/wp-json\/wp\/v2\/comments?post=518"}],"version-history":[{"count":1,"href":"https:\/\/wp.ufpel.edu.br\/ppgh\/wp-json\/wp\/v2\/pages\/518\/revisions"}],"predecessor-version":[{"id":520,"href":"https:\/\/wp.ufpel.edu.br\/ppgh\/wp-json\/wp\/v2\/pages\/518\/revisions\/520"}],"wp:attachment":[{"href":"https:\/\/wp.ufpel.edu.br\/ppgh\/wp-json\/wp\/v2\/media?parent=518"}],"curies":[{"name":"wp","href":"https:\/\/api.w.org\/{rel}","templated":true}]}}