{"id":46,"date":"2016-09-02T11:10:29","date_gmt":"2016-09-02T14:10:29","guid":{"rendered":"https:\/\/wp.ufpel.edu.br\/ppgh\/?page_id=46"},"modified":"2025-06-10T11:26:34","modified_gmt":"2025-06-10T14:26:34","slug":"corpo-discente","status":"publish","type":"page","link":"https:\/\/wp.ufpel.edu.br\/ppgh\/corpo-discente\/","title":{"rendered":"Corpo Discente Mestrado"},"content":{"rendered":"<p><strong>Turma 2025<\/strong><\/p>\n<ol>\n<li>Alexia Francis Peter Demari<\/li>\n<li>Iris Freitas Rodrigues<\/li>\n<li>Isadora Teixeira da Cunha<\/li>\n<li>Jo\u00e3o Pedro Canez da Silveira<\/li>\n<li>Karina Tomaz da Silva<\/li>\n<li>Larissa Azevedo da Silva<\/li>\n<li>Lucas Carvalho Bittencourt<\/li>\n<li>Luiza Rolim Andr\u00e9<\/li>\n<li>Michelle da Cruz Vergas<\/li>\n<li>Rafaela May Amaral<\/li>\n<li>Ryan dos Santos Cardoso<\/li>\n<li>Sofia Giglio Pires<\/li>\n<li>Stefany Caroline Pantoja Amorim<\/li>\n<\/ol>\n<p><strong>Turma 2024<\/strong><\/p>\n<ol>\n<li>Andreina Hardtke Corpes<\/li>\n<li>Ariane Regina Bueno da Cunha<\/li>\n<li>Bruno Coutinho Lucas Pereira<\/li>\n<li>Eduarda Wille Zarnott<\/li>\n<li>Felipe Trentin Demiranda<\/li>\n<li>Fernando Ant\u00f4nio de Oliveira Brod<\/li>\n<li>Isabelle Branc\u00e3o Chaves<\/li>\n<li>Jo\u00e3o Pedro Ferreira dos Santos<\/li>\n<li>Mara In\u00eas Alflen<\/li>\n<li>Maria Portilho Bagesteiro<\/li>\n<li>Matheus Goulart Tanhote<\/li>\n<\/ol>\n<p><strong>Turma 2023<\/strong><\/p>\n<ol>\n<li>Beth\u00e2nia Lu\u00edsa Lessa Werner<\/li>\n<li>Daniel Filipe Soares Souza<\/li>\n<li>Franklin Donatello Rosa<\/li>\n<li>Gregory Ramos Oliveira<\/li>\n<li>Larissa Ceroni de Morais<\/li>\n<li>Lilian Oliveira Trevisan Lima<\/li>\n<li>Lilian Signorini Lafuente<\/li>\n<li>Lu\u00eds Fernando Oliveira Campos<\/li>\n<li>Lu\u00edsa Machado Montedo de Oliveira<\/li>\n<li>Marina Ribeiro Cardoso<\/li>\n<li>Nathalia Lima Estevam<\/li>\n<li>Rodrigo Tresoldi Giovanaz<\/li>\n<li>Su\u00e9llen de Medeiros Cortes<\/li>\n<li>Thalis Figueiredo Sartori<\/li>\n<\/ol>\n<p>&nbsp;<\/p>\n<p><strong>Turma 2022<\/strong><\/p>\n<ol>\n<li>Douglas Reisdorfer<\/li>\n<li>Jo\u00e3o Oct\u00e1vio Fran\u00e7a Teixeira<\/li>\n<li>Jo\u00e3o Vitor de Armas Teixeira<\/li>\n<li>Juliana \u00c1vila Pereira<\/li>\n<li>Patr\u00edcia Schneid Altenburg<\/li>\n<\/ol>\n<p>&nbsp;<\/p>\n<p><strong>Turma 2021<\/strong><\/p>\n<ol>\n<li>Ana Beatriz de Santana Bandeira Santos<\/li>\n<li>Charles Anderson dos Santos Kurz<\/li>\n<li>Cristiano Gastal S\u00f3ria<\/li>\n<li>Di\u00eanifer Alves Ramos da Rosa<\/li>\n<li>Giovani Bertolazi Brazil<\/li>\n<li>Joyce Silva Cardoso<\/li>\n<li>Lais Schillim da Silva<\/li>\n<li>Luciana de \u00c1vila Freitas<\/li>\n<li>Mateus da Silva Costa<\/li>\n<li>Tamires Ferreira Soares<\/li>\n<li>Vitor Naoki Miki Gomes<\/li>\n<\/ol>\n<p>&nbsp;<\/p>\n<p><strong>Turma 2020<\/strong><\/p>\n<ol>\n<li>Allan Gomes Silva Pereira<\/li>\n<li>Angelo Bierhals Zarnot<\/li>\n<li>Bruna Gabrielle Silva Zanetti<\/li>\n<li>Bruno dos Santos Bengochea<\/li>\n<li>Bruno Einhardt Bierhals<\/li>\n<li>Camila Meneguel Arenhart<\/li>\n<li>Darlise Gon\u00e7alves de Gon\u00e7alves<\/li>\n<li>Denise Vieira da Silva<\/li>\n<li>Douglas da Silva Nunes<\/li>\n<li>Douglas Ferreira dos Santos<\/li>\n<li>Etiane Carvalho Nunes<\/li>\n<li>Euler Fabres Zanetti<\/li>\n<li>Fabr\u00edcio de Oliveira Farias<\/li>\n<li>Fl\u00e1via Rodrigues de Freitas<\/li>\n<li>Luciana Mecking Arantes<\/li>\n<li>Matheus Silva da Silva<\/li>\n<li>Nycole Schmitt Andrade<\/li>\n<li>Vitor Wieth Porto<\/li>\n<\/ol>\n<p>&nbsp;<\/p>\n<p><strong>Turma 2019<\/strong><\/p>\n<ol>\n<li>Amilcar Alexandre Oliveira da Rosa<\/li>\n<li>Arantxa Sanches Silva da Silva<\/li>\n<li>Caroline Cardoso Silva<\/li>\n<li>Francisca Mesquita de Jesus<\/li>\n<li>J\u00e9ssica Bitencourt Lopes<\/li>\n<li>J\u00e9ssica Rodrigues Bandeira Peres<\/li>\n<li>Jo\u00e3o Gomes Braatz<\/li>\n<li>Jos\u00e9 Ricardo Marques Resende J\u00fanior<\/li>\n<li>L\u00eanin Pereira Landgraf<\/li>\n<li>L\u00e9o Ara\u00fajo Lacerda<\/li>\n<li>Leonardo Silva Amaral<\/li>\n<li>Mariuza Toledo Pinheiro<\/li>\n<li>Nairana Karkow Bones<\/li>\n<li>Patr\u00edcia Duarte Pinto<\/li>\n<li>Rayanne Matias Villarinho<\/li>\n<li>Sara Schneider de Bittencourt<\/li>\n<li>Sinara Viega Faustino<\/li>\n<\/ol>\n<p><strong>\u00a0<\/strong><\/p>\n<p><strong>Turma 2018<\/strong><\/p>\n<ol>\n<li>Alisson Barcellos Ballego<\/li>\n<li>Andrieli Paula Frana<\/li>\n<li>Darlan de Farias Rodrigues<\/li>\n<li>Everton Bonow<\/li>\n<li>Ezequiel Nascimento Santos<\/li>\n<li>Gabriel Carvalho Kunrath<\/li>\n<li>Juan Sampaio Neitzke<\/li>\n<li>Kevin Retzlaff dos Santos<\/li>\n<li>Let\u00edcia Campagnolo Cavalheiro<\/li>\n<li>Lisiane Beltr\u00e3o Pereira<\/li>\n<li>Luana Schubert Ledermann<\/li>\n<li>Lucas Marques Vilhena Motta<\/li>\n<li>Luis Giovani Adamoli Castro<\/li>\n<li>N\u00e1dia Cristiane Coelho da Silva Kendzerski<\/li>\n<li>S\u00edlvia Gon\u00e7alves Mateus<\/li>\n<li>Tiago Perinazzo Cassol<\/li>\n<li>Vinicius Rodrigues Dias<\/li>\n<\/ol>\n<p>&nbsp;<\/p>\n<p><strong>Turma 2017<\/strong><\/p>\n<ol>\n<li>Artur Rodrigo Itaqui Lopes Filho<\/li>\n<li>Carolina Abelaira Silveira<\/li>\n<li>Caroline Atencio Medeiros Nunes<\/li>\n<li>Caroline Beskow Quintana<\/li>\n<li>Caroline Duarte Matoso<\/li>\n<li>F\u00e1bio Donato Ferreira<\/li>\n<li>Felipe Alves Pereira \u00c1vila<\/li>\n<li>Gilson Moura Henrique J\u00fanior<\/li>\n<li>Lucas da Silva Brand\u00e3o<\/li>\n<li>Mariana Rockemback da Silva<\/li>\n<li>Maur\u00edcio da Cunha Albuquerque<\/li>\n<li>Moacir Silva do Nascimento<\/li>\n<li>Rafael de Moura Pernas<\/li>\n<li>Silvana de Ara\u00fajo Moreira<\/li>\n<\/ol>\n<p>&nbsp;<\/p>\n<p><strong>Turma 2016<\/strong><\/p>\n<ol>\n<li>Anelise \u00a0Domingues da Silva<\/li>\n<li>Antonio \u00a0Azambuja<\/li>\n<li>Elena \u00a0Teixeira<\/li>\n<li>Eliana \u00a0\u00a0Menezes de Souza<\/li>\n<li>Elisiane \u00a0Medeiros Chaves<\/li>\n<li>Gabriela \u00a0Rosseli<\/li>\n<li>Gustavo Silveira Ribeiro<\/li>\n<li>Heloisa Helena da Rocha<\/li>\n<li>Laura \u00a0\u00a0Giordani<\/li>\n<li>Maicon \u00a0Alexandre Oliveira<\/li>\n<li>M\u00e1rio Ayres<\/li>\n<li>Silvia \u00a0Bandeira<\/li>\n<li>Suzi \u00a0Urbana<\/li>\n<li>Tiago Rosa<\/li>\n<li>Ticiane Pinto<\/li>\n<li>Vinicius Veleda<\/li>\n<\/ol>\n<p>&nbsp;<\/p>\n<p><strong>Turma 2015\/02<\/strong><\/p>\n<ol>\n<li>Elvis Silveira Sim\u00f5es<\/li>\n<li>Josu\u00e9 Eicholz<\/li>\n<li>Let\u00edcia Portella Milan<\/li>\n<li>S\u00edlvia Regina Teixeira Christ\u00f3v\u00e3o<\/li>\n<li>Taslins Ferreira Herbstrith<\/li>\n<li>V\u00e2nia Farias Ferreira<\/li>\n<li>Vin\u00edcius Cardoso Nunes<\/li>\n<\/ol>\n<p>&nbsp;<\/p>\n<p><strong>Turma 2015<\/strong><\/p>\n<ol>\n<li>Amanda Basilio Santos<\/li>\n<li>Anderson da Cruz Nunes<\/li>\n<li>\u00c2ngela Pereira Oliveira<\/li>\n<li>Biane Peverada Jaques Antunes<\/li>\n<li>Cosme Alves Serralheiro<\/li>\n<li>Eduarda Borges da Silva<\/li>\n<li>Felipe Nunes Nobre<\/li>\n<li>J\u00e9ssica Oliveira de Souza<\/li>\n<li>Marco Ant\u00f4nio Correa Collares<\/li>\n<li>Milena Rosa Ara\u00fajo Ogawa<\/li>\n<li>M\u00f4nica Renata Schmidt<\/li>\n<li>Ricardo Barbosa da Silva<\/li>\n<\/ol>\n<p>&nbsp;<\/p>\n<p><strong>Turma 2014<\/strong><\/p>\n<ol>\n<li>Beatriz Flo\u00f4r Quadrado<\/li>\n<li>Bruno Blois Nunes<\/li>\n<li>Camila de Almeida Silva<\/li>\n<li>Camila Martins Braga<\/li>\n<li>Christian Ferreira Mackedanz<\/li>\n<li>Cleverton Luis Freitas de Oliveira<\/li>\n<li>Diana Silveira de Almeida<\/li>\n<li>Everton da Silva Otaz\u00fa<\/li>\n<li>Fabiano Neis<\/li>\n<li>Francisco Barreto de Almeida Neto<\/li>\n<li>Janaina Schaun Sbabo<\/li>\n<li>Jordana Alves Pieper<\/li>\n<li>Lidiane Carolina Carderaro dos Santos<\/li>\n<li>Marcio Dillmann de Carvalho<\/li>\n<li>Mario Marcello Neto<\/li>\n<li>Matheus Barros da Silva<\/li>\n<li>Paulo Renato Souza Ienczak<\/li>\n<li>Priscila Novelim<\/li>\n<li>Robert Wagner Porto da Silva Castro<\/li>\n<li>Thiago Cedrez da Silva<\/li>\n<\/ol>\n<p>&nbsp;<\/p>\n<p><strong>Turma 2013<\/strong><\/p>\n<ol>\n<li>D\u00e1rio Milech Neto<\/li>\n<li>D\u00e9bora Strieder Kreuz<\/li>\n<li>Helissa Renata Gr\u00fcndemann<\/li>\n<li>Jean Pierre Teixeira da Silva<\/li>\n<li>J\u00falio Ribeiro Xavier<\/li>\n<li>L\u00f3ren Nunes da Rocha<\/li>\n<li>Marcello de Albuquerque Maranh\u00e3o<\/li>\n<li>Rodrigo Salaberry dos Santos<\/li>\n<li>Sara Teixeira Munaretto<\/li>\n<li>Vitor Bernardi B\u00fcndchen<\/li>\n<\/ol>\n<p>&nbsp;<\/p>\n<p><strong>Turma 2012<\/strong><\/p>\n<ol>\n<li>Felipe Rad\u00fcnz Kr\u00fcger<\/li>\n<li>Geza Lisiane Car\u00fas Guedes<\/li>\n<li>Luiane Soares Motta<\/li>\n<li>Maria Clara Lysakowski Hallal<\/li>\n<li>Marilia Brand\u00e3o Amaro da Silveira<\/li>\n<li>Paula de Oliveira Vieira<\/li>\n<li>Rodrigo Vieira Pinnow<\/li>\n<li>Rosendo da Rosa Caetano<\/li>\n<li>Tamara Oswald<\/li>\n<\/ol>\n<p>&nbsp;<\/p>\n<p><strong>Turma 2011<\/strong><\/p>\n<ol>\n<li>Ana Paula Amaral da Costa<\/li>\n<li>Andr\u00e9 Luiz da Silva<\/li>\n<li>Cristine Tedesco<\/li>\n<li>Lidiane Elizabete Friderichs<\/li>\n<li>Luiz Carlos Colelho Feij\u00f3<\/li>\n<li>Maira Eveline Schmitz<\/li>\n<li>Maria do Carmo Pinto Arana de Aguiar<\/li>\n<li>Marilia da Rocha Hofst\u00e4tter<\/li>\n<li>Susan Lauren Zille Machado<\/li>\n<li>Tha\u00eds de Freitas Carvalho<\/li>\n<\/ol>\n<p>&nbsp;<\/p>\n<p><strong>Turma 2010\/02<\/strong><\/p>\n<ol>\n<li>Diego da Luz Nascimento<\/li>\n<li>Edalaura Berny Medeiros<\/li>\n<li>Taiane Mendes Taborda<\/li>\n<li>Vanessa dos Santos Lemos<\/li>\n<\/ol>\n<p>&nbsp;<\/p>\n<p><strong>Turma 2010\/01<\/strong><\/p>\n<ol>\n<li>Antonio Gabriel Vergara<\/li>\n<li>Caroline Tecchio<\/li>\n<li>Deomar Villagra Neto<\/li>\n<li>Helenize Soares Serres<\/li>\n<li>Paulo Sergio Andrade Quaresma<\/li>\n<li>Rafael Antonio Kapron<\/li>\n<\/ol>\n","protected":false},"excerpt":{"rendered":"<p>Turma 2025 Alexia Francis Peter Demari Iris Freitas Rodrigues Isadora Teixeira da Cunha Jo\u00e3o Pedro Canez da Silveira Karina Tomaz da Silva Larissa Azevedo da Silva Lucas Carvalho Bittencourt Luiza Rolim Andr\u00e9 Michelle da Cruz Vergas Rafaela May Amaral Ryan dos Santos Cardoso Sofia Giglio Pires Stefany Caroline Pantoja Amorim Turma 2024 Andreina Hardtke Corpes [&hellip;]<\/p>\n","protected":false},"author":57,"featured_media":0,"parent":0,"menu_order":0,"comment_status":"closed","ping_status":"closed","template":"","meta":{"footnotes":""},"class_list":["post-46","page","type-page","status-publish","hentry"],"_links":{"self":[{"href":"https:\/\/wp.ufpel.edu.br\/ppgh\/wp-json\/wp\/v2\/pages\/46","targetHints":{"allow":["GET"]}}],"collection":[{"href":"https:\/\/wp.ufpel.edu.br\/ppgh\/wp-json\/wp\/v2\/pages"}],"about":[{"href":"https:\/\/wp.ufpel.edu.br\/ppgh\/wp-json\/wp\/v2\/types\/page"}],"author":[{"embeddable":true,"href":"https:\/\/wp.ufpel.edu.br\/ppgh\/wp-json\/wp\/v2\/users\/57"}],"replies":[{"embeddable":true,"href":"https:\/\/wp.ufpel.edu.br\/ppgh\/wp-json\/wp\/v2\/comments?post=46"}],"version-history":[{"count":27,"href":"https:\/\/wp.ufpel.edu.br\/ppgh\/wp-json\/wp\/v2\/pages\/46\/revisions"}],"predecessor-version":[{"id":4112,"href":"https:\/\/wp.ufpel.edu.br\/ppgh\/wp-json\/wp\/v2\/pages\/46\/revisions\/4112"}],"wp:attachment":[{"href":"https:\/\/wp.ufpel.edu.br\/ppgh\/wp-json\/wp\/v2\/media?parent=46"}],"curies":[{"name":"wp","href":"https:\/\/api.w.org\/{rel}","templated":true}]}}