{"id":449,"date":"2017-03-31T17:13:53","date_gmt":"2017-03-31T20:13:53","guid":{"rendered":"https:\/\/wp.ufpel.edu.br\/ppgh\/?page_id=449"},"modified":"2018-07-02T20:42:37","modified_gmt":"2018-07-02T23:42:37","slug":"turma-2014","status":"publish","type":"page","link":"https:\/\/wp.ufpel.edu.br\/ppgh\/turma-2014\/","title":{"rendered":"Turma 2014"},"content":{"rendered":"<p>Beatriz Flo\u00f4r Quadrado<\/p>\n<p><a href=\"https:\/\/wp.ufpel.edu.br\/ppgh\/files\/2017\/03\/Disserta\u00e7\u00e3o-Beatriz-Flo\u00f4r-Quadrado.pdf\">\u201cEra meu sonho ser Miss Mulata\u201d: A representa\u00e7\u00e3o da mulher negra e mulata em um concurso de beleza 1969-1999 (Arroio Grande, RS)<\/a><\/p>\n<p>&nbsp;<\/p>\n<p>Bruno Blois Nunes<\/p>\n<p><a href=\"https:\/\/wp.ufpel.edu.br\/ppgh\/files\/2017\/09\/Disserta\u00e7\u00e3o-BBN-06-04-2016-vers\u00e3o-final-corrigida.pdf\">AS DAN\u00c7AS DE CORTE FRANCESA DE FRANCISCO I A LU\u00cdS XIV:<\/a><br \/>\nHIST\u00d3RIA E IMAGEM<\/p>\n<p>&nbsp;<\/p>\n<p>Camila de Almeida Silva<\/p>\n<p><a href=\"https:\/\/wp.ufpel.edu.br\/ppgh\/files\/2017\/03\/DISSERTA\u00c7\u00c3O-CAMILA-DE-ALMEIDA-SILVA.pdf\">O JORNAL CORREIO DO POVO, A\u00c7\u00c3O POL\u00cdTICA E INTELECTUAL \u2013 UMA AN\u00c1LISE DO ANO DE 1964<\/a><\/p>\n<p>&nbsp;<\/p>\n<p>Camila Martins Braga<\/p>\n<p><a href=\"https:\/\/wp.ufpel.edu.br\/ppgh\/files\/2017\/03\/DISSERTA\u00c7\u00c3O-PDF.pdf\">\u201cOs oper\u00e1rios n\u00e3o mentem perante a Justi\u00e7a\u201d: An\u00e1lise do exerc\u00edcio da advocacia de Ant\u00f4nio Ferreira Martins em Pelotas (RS) de 1941 a 1945.<\/a><\/p>\n<p>&nbsp;<\/p>\n<p>Christian Ferreira Mackendanz<\/p>\n<p><a href=\"https:\/\/wp.ufpel.edu.br\/ppgh\/files\/2017\/03\/Disserta\u00e7\u00e3o-Mackedanz-C.-F.-2016.pdf\">Racismo \u201cnas quatro linhas\u201d:os negros e as ligas de futebol em Pelotas (1901-1930)<\/a><\/p>\n<p>&nbsp;<\/p>\n<p>Cleverton de Oliveira<\/p>\n<p><a href=\"https:\/\/wp.ufpel.edu.br\/ppgh\/files\/2017\/03\/Disserta\u00e7\u00e3o-Cleverton-Oliveira-FINAL.pdf\">A A\u00c7\u00c3O POPULAR E SUAS ESTRAT\u00c9GIAS DE INTEGRA\u00c7\u00c3O NA CLASSE TRABALHADORA DO RIO GRANDE DO SUL (1962-1972)<\/a><\/p>\n<p>&nbsp;<\/p>\n<p>Diana Silveira de Almeida<\/p>\n<p><a href=\"https:\/\/wp.ufpel.edu.br\/ppgh\/files\/2017\/06\/Disserta\u00e7\u00e3o-Diana-POS-BANCA.pdf\">O Fim da Hist\u00f3ria da Arte: rela\u00e7\u00f5es entre Arte e Hist\u00f3ria no final do s\u00e9culo XX<\/a><\/p>\n<p>&nbsp;<\/p>\n<p>Everton da Silva Otaz\u00fa<\/p>\n<p><a href=\"https:\/\/wp.ufpel.edu.br\/ppgh\/files\/2017\/06\/OTAZU-Everton-da-Silva.-1945-Um-ano-intenso-na-politica-do-sul-gaucho.pdf\">1945: Um ano intenso na pol\u00edtica do sul ga\u00facho<\/a><\/p>\n<p>&nbsp;<\/p>\n<p>Fabiano Neis<\/p>\n<p><a href=\"https:\/\/wp.ufpel.edu.br\/ppgh\/turma-2014\/fabiano-neis\/\" rel=\"attachment wp-att-900\">As sociedades Italianas em Pelotas: A forma\u00e7\u00e3o de uma identidade coletiva (1870-1925)<\/a><\/p>\n<p>&nbsp;<\/p>\n<p>Francisco Barreto de Almeida Neto<\/p>\n<p><a href=\"https:\/\/wp.ufpel.edu.br\/ppgh\/files\/2017\/03\/Vers\u00e3o-Impress\u00e3o_-Disserta\u00e7\u00e3o-de-Mestrado.pdf\">Os empr\u00e9stimos estrangeiros e o aparelhamento das economias sul-americanas (1860 \u2013 1935)<\/a><\/p>\n<p>&nbsp;<\/p>\n<p>Jana\u00edna Schaun Sbabo<\/p>\n<p><a href=\"https:\/\/wp.ufpel.edu.br\/ppgh\/files\/2017\/03\/Disserta\u00e7\u00e3o-Janaina-Schaun-Sbabo.pdf\">A IMPRENSA COMO PORTA-VOZ DA CLASSE OPER\u00c1RIA:<\/a><br \/>\no caso do jornal A Evolu\u00e7\u00e3o de Rio Grande\/RS (1934 &#8211; 1937)<\/p>\n<p>&nbsp;<\/p>\n<p>Jordana Alves Pieper<\/p>\n<p><a href=\"https:\/\/wp.ufpel.edu.br\/ppgh\/files\/2017\/07\/Disserta\u00e7\u00e3o-Jordana-Alves-Pieper.pdf\">Da classifica\u00e7\u00e3o \u00e0 Fia\u00e7\u00e3o As experi\u00eancias dos oper\u00e1rios t\u00eaxteis da f\u00e1brica Laneira Brasileira em Pelotas \/RS (1980-1988)<\/a><\/p>\n<p>&nbsp;<\/p>\n<p>Lidiane Carolina Carderaro dos Santos<\/p>\n<p><a href=\"https:\/\/wp.ufpel.edu.br\/ppgh\/files\/2017\/06\/CARDERARO-L-Varia\u00e7\u00f5es-da-imagem-de-Apolo-citaredo-com-f.pdf\">Varia\u00e7\u00f5es da imagem de Apolo citaredo na cer\u00e2mica de influ\u00eancia grega\u00a0produzida na Camp\u00e2nia entre os s\u00e9culos V e III a.C.<\/a><\/p>\n<p>&nbsp;<\/p>\n<p>M\u00e1rcio Dillmann de Carvalho<\/p>\n<p><a href=\"https:\/\/wp.ufpel.edu.br\/ppgh\/files\/2017\/03\/Disserta\u00e7\u00e3o-Final-Marcio-Dillmann-de-Carvalho.pdf\">AS SOCIEDADES TEOS\u00d3FICAS E A MA\u00c7ONARIA MISTA<\/a>:Espiritualidade e poder em Pelotas no princ\u00edpio do s\u00e9culo XX (1902-1939).<\/p>\n<p>&nbsp;<\/p>\n<p>Mario Marcello Neto<\/p>\n<p><a href=\"https:\/\/wp.ufpel.edu.br\/ppgh\/files\/2017\/03\/Disserta\u00e7\u00e3o-Mario-Neto.pdf\">Medo do Invis\u00edvel:O Terrorismo e o Temor Nuclear em Desenhos Animados Estadunidenses (2001-2007)<\/a><\/p>\n<p>&nbsp;<\/p>\n<p>Matheus Barros da Silva<\/p>\n<p><a href=\"https:\/\/wp.ufpel.edu.br\/ppgh\/files\/2017\/06\/Disserta\u00e7\u00e3o-Matheus-Barros-da-Silva.pdf\">Entre a Natureza e a Educa\u00e7\u00e3o:\u00a0Uma leitura do Filoctetes de S\u00f3focles<\/a><\/p>\n<p>&nbsp;<\/p>\n<p>Paulo Renato Souza Ienczak<\/p>\n<p><a href=\"https:\/\/wp.ufpel.edu.br\/ppgh\/turma-2014\/paulo-renato-souza-ienczak\/\" rel=\"attachment wp-att-898\">Vis\u00f5es de mundo e Inter-rela\u00e7\u00f5es no movimento Hip Hop Pelotas<\/a><\/p>\n<p>&nbsp;<\/p>\n<p>Priscila Novelim<\/p>\n<p><a href=\"https:\/\/wp.ufpel.edu.br\/ppgh\/files\/2017\/07\/Disserta\u00e7\u00e3o-vers\u00e3o-final-final.pdf\">Embates entre a medicina popular e acad\u00eamica no s\u00e9culo XIX e o caso das \u00e1guas &#8220;santas&#8221; em Santa Maria da Boca do Monte\/RS<\/a><\/p>\n<p>&nbsp;<\/p>\n<p>Robert Wagner Porto da Silva Castro<\/p>\n<p><a href=\"https:\/\/wp.ufpel.edu.br\/ppgh\/files\/2017\/07\/DissertacaoFinal_Robert.pdf\">Na esteira da mem\u00f3ria: A quest\u00e3o social e a mobiliza\u00e7\u00e3o dos marinheiros, atua\u00e7\u00e3o e repress\u00e3o na cidade de Rio Grande-RS (1962-1964)<\/a><\/p>\n<p>&nbsp;<\/p>\n<p>Thiago Cedrez da Silva<\/p>\n<p><a href=\"https:\/\/wp.ufpel.edu.br\/ppgh\/files\/2017\/06\/Disserta\u00e7\u00e3o-THIAGO-CEDREZ-DA-SILVA.pdf\">\u201cDos por\u00f5es ao Cais\u201d:\u00a0Mem\u00f3ria e experi\u00eancia de estivadores do Rio Grande\/RS nos anos de 1960 a 1969.<\/a><\/p>\n<p>&nbsp;<\/p>\n<p>&nbsp;<\/p>\n","protected":false},"excerpt":{"rendered":"<p>Beatriz Flo\u00f4r Quadrado \u201cEra meu sonho ser Miss Mulata\u201d: A representa\u00e7\u00e3o da mulher negra e mulata em um concurso de beleza 1969-1999 (Arroio Grande, RS) &nbsp; Bruno Blois Nunes AS DAN\u00c7AS DE CORTE FRANCESA DE FRANCISCO I A LU\u00cdS XIV: HIST\u00d3RIA E IMAGEM &nbsp; Camila de Almeida Silva O JORNAL CORREIO DO POVO, A\u00c7\u00c3O POL\u00cdTICA [&hellip;]<\/p>\n","protected":false},"author":57,"featured_media":0,"parent":0,"menu_order":0,"comment_status":"closed","ping_status":"closed","template":"","meta":{"footnotes":""},"class_list":["post-449","page","type-page","status-publish","hentry"],"_links":{"self":[{"href":"https:\/\/wp.ufpel.edu.br\/ppgh\/wp-json\/wp\/v2\/pages\/449","targetHints":{"allow":["GET"]}}],"collection":[{"href":"https:\/\/wp.ufpel.edu.br\/ppgh\/wp-json\/wp\/v2\/pages"}],"about":[{"href":"https:\/\/wp.ufpel.edu.br\/ppgh\/wp-json\/wp\/v2\/types\/page"}],"author":[{"embeddable":true,"href":"https:\/\/wp.ufpel.edu.br\/ppgh\/wp-json\/wp\/v2\/users\/57"}],"replies":[{"embeddable":true,"href":"https:\/\/wp.ufpel.edu.br\/ppgh\/wp-json\/wp\/v2\/comments?post=449"}],"version-history":[{"count":14,"href":"https:\/\/wp.ufpel.edu.br\/ppgh\/wp-json\/wp\/v2\/pages\/449\/revisions"}],"predecessor-version":[{"id":490,"href":"https:\/\/wp.ufpel.edu.br\/ppgh\/wp-json\/wp\/v2\/pages\/449\/revisions\/490"}],"wp:attachment":[{"href":"https:\/\/wp.ufpel.edu.br\/ppgh\/wp-json\/wp\/v2\/media?parent=449"}],"curies":[{"name":"wp","href":"https:\/\/api.w.org\/{rel}","templated":true}]}}