{"id":4147,"date":"2025-06-18T11:30:24","date_gmt":"2025-06-18T14:30:24","guid":{"rendered":"https:\/\/wp.ufpel.edu.br\/ppgh\/?page_id=4147"},"modified":"2025-06-18T11:30:24","modified_gmt":"2025-06-18T14:30:24","slug":"turma-2022","status":"publish","type":"page","link":"https:\/\/wp.ufpel.edu.br\/ppgh\/turma-2022\/","title":{"rendered":"Turma 2022"},"content":{"rendered":"<p><strong>JO\u00c3O OCT\u00c1VIO FRAN\u00c7A TEIXEIRA<\/strong><\/p>\n<p><a href=\"https:\/\/guaiaca.ufpel.edu.br\/handle\/prefix\/15722\">Flexionando as letras: a participa\u00e7\u00e3o da Veja na legitima\u00e7\u00e3o do golpe de 2016 (2014-2016)<\/a><\/p>\n<p>&nbsp;<\/p>\n<p><strong>JO\u00c3O VITOR DE ARMAS TEIXEIRA<\/strong><\/p>\n<p><a href=\"https:\/\/guaiaca.ufpel.edu.br\/handle\/prefix\/15720\">\u201cA Invas\u00e3o do Comunismo\u201d: o imagin\u00e1rio anticomunista cat\u00f3lico nas p\u00e1ginas do jornal O Ap\u00f3stolo (1866-1893)<\/a><\/p>\n<p>&nbsp;<\/p>\n<p><strong>JULIANA \u00c1VILA PEREIRA<\/strong><\/p>\n<p><a href=\"https:\/\/guaiaca.ufpel.edu.br\/handle\/prefix\/15721\">\u201cEu sou mulher, me ou\u00e7am rugir\u201d: Cruella e a ressignifica\u00e7\u00e3o do feminino-vil\u00e3o nas produ\u00e7\u00f5es cinematogr\u00e1ficas Disney<\/a><\/p>\n<p>&nbsp;<\/p>\n<p><strong>PATR\u00cdCIA SCHNEID ALTENBURG<\/strong><\/p>\n<p><a href=\"https:\/\/guaiaca.ufpel.edu.br\/handle\/prefix\/15723\">Faces do sindicalismo rural brasileiro: o Sindicato dos Trabalhadores Rurais de S\u00e3o Louren\u00e7o do Sul (1966-1985)<\/a><\/p>\n<p>&nbsp;<\/p>\n<p>&nbsp;<\/p>\n","protected":false},"excerpt":{"rendered":"<p>JO\u00c3O OCT\u00c1VIO FRAN\u00c7A TEIXEIRA Flexionando as letras: a participa\u00e7\u00e3o da Veja na legitima\u00e7\u00e3o do golpe de 2016 (2014-2016) &nbsp; JO\u00c3O VITOR DE ARMAS TEIXEIRA \u201cA Invas\u00e3o do Comunismo\u201d: o imagin\u00e1rio anticomunista cat\u00f3lico nas p\u00e1ginas do jornal O Ap\u00f3stolo (1866-1893) &nbsp; JULIANA \u00c1VILA PEREIRA \u201cEu sou mulher, me ou\u00e7am rugir\u201d: Cruella e a ressignifica\u00e7\u00e3o do feminino-vil\u00e3o [&hellip;]<\/p>\n","protected":false},"author":57,"featured_media":0,"parent":0,"menu_order":0,"comment_status":"closed","ping_status":"closed","template":"","meta":{"footnotes":""},"class_list":["post-4147","page","type-page","status-publish","hentry"],"_links":{"self":[{"href":"https:\/\/wp.ufpel.edu.br\/ppgh\/wp-json\/wp\/v2\/pages\/4147","targetHints":{"allow":["GET"]}}],"collection":[{"href":"https:\/\/wp.ufpel.edu.br\/ppgh\/wp-json\/wp\/v2\/pages"}],"about":[{"href":"https:\/\/wp.ufpel.edu.br\/ppgh\/wp-json\/wp\/v2\/types\/page"}],"author":[{"embeddable":true,"href":"https:\/\/wp.ufpel.edu.br\/ppgh\/wp-json\/wp\/v2\/users\/57"}],"replies":[{"embeddable":true,"href":"https:\/\/wp.ufpel.edu.br\/ppgh\/wp-json\/wp\/v2\/comments?post=4147"}],"version-history":[{"count":1,"href":"https:\/\/wp.ufpel.edu.br\/ppgh\/wp-json\/wp\/v2\/pages\/4147\/revisions"}],"predecessor-version":[{"id":4148,"href":"https:\/\/wp.ufpel.edu.br\/ppgh\/wp-json\/wp\/v2\/pages\/4147\/revisions\/4148"}],"wp:attachment":[{"href":"https:\/\/wp.ufpel.edu.br\/ppgh\/wp-json\/wp\/v2\/media?parent=4147"}],"curies":[{"name":"wp","href":"https:\/\/api.w.org\/{rel}","templated":true}]}}