{"id":4144,"date":"2025-06-18T11:27:51","date_gmt":"2025-06-18T14:27:51","guid":{"rendered":"https:\/\/wp.ufpel.edu.br\/ppgh\/?page_id=4144"},"modified":"2025-06-18T11:27:51","modified_gmt":"2025-06-18T14:27:51","slug":"turma-2020-2","status":"publish","type":"page","link":"https:\/\/wp.ufpel.edu.br\/ppgh\/turma-2020-2\/","title":{"rendered":"Turma 2020"},"content":{"rendered":"<p><strong>F\u00c1BIO ALEXANDRE DA SILVA<\/strong><\/p>\n<p><a href=\"https:\/\/guaiaca.ufpel.edu.br\/handle\/prefix\/15719\">Concep\u00e7\u00f5es de ditadura em livros did\u00e1ticos de hist\u00f3ria: uma an\u00e1lise pela \u00f3tica da historiografia did\u00e1tica (1970-2020)<\/a><\/p>\n<p>&nbsp;<\/p>\n<p><strong>JOSU\u00c9 EICHOLZ<\/strong><\/p>\n<p>&nbsp;<\/p>\n<p><strong>M\u00d4NICA LUCAS LEAL MACEDO<\/strong><\/p>\n<p><a href=\"https:\/\/guaiaca.ufpel.edu.br\/handle\/prefix\/15718\">Brasileiros de torna-viagem: a trajet\u00f3ria do Visconde de Souza Soares no sul do Brasil e no norte de Portugal (1872- 1908).<\/a><\/p>\n<p>&nbsp;<\/p>\n<p><strong>RAFAEL FERREIRA COSTA<\/strong><\/p>\n<p>&nbsp;<\/p>\n<p><strong>RENATO RODRIGUES FAROFA<\/strong><\/p>\n<p>&nbsp;<\/p>\n<p><strong>SILVANA DE ARA\u00daJO MOREIRA<\/strong><\/p>\n<p>&nbsp;<\/p>\n<p><strong>TATIANA CARRILHO PASTORINI TORRES<\/strong><\/p>\n<p>&nbsp;<\/p>\n<p><strong>VINICIUS CARDOSO NUNES<\/strong><\/p>\n<p>&nbsp;<\/p>\n<p><strong>VINICIUS RODRIGUES DIAS<\/strong><\/p>\n<p><a href=\"https:\/\/guaiaca.ufpel.edu.br\/handle\/prefix\/14711\">O militar e o pol\u00edtico na transi\u00e7\u00e3o da Ditadura Militar \u00e0 Nova Rep\u00fablica: ALE-RO, ex\u00e9rcito e imprensa na fronteira amaz\u00f4nica (1983-1986)<\/a><\/p>\n<p>&nbsp;<\/p>\n<p><strong>VITOR BORGES DA CUNHA<\/strong><\/p>\n","protected":false},"excerpt":{"rendered":"<p>F\u00c1BIO ALEXANDRE DA SILVA Concep\u00e7\u00f5es de ditadura em livros did\u00e1ticos de hist\u00f3ria: uma an\u00e1lise pela \u00f3tica da historiografia did\u00e1tica (1970-2020) &nbsp; JOSU\u00c9 EICHOLZ &nbsp; M\u00d4NICA LUCAS LEAL MACEDO Brasileiros de torna-viagem: a trajet\u00f3ria do Visconde de Souza Soares no sul do Brasil e no norte de Portugal (1872- 1908). &nbsp; RAFAEL FERREIRA COSTA &nbsp; RENATO [&hellip;]<\/p>\n","protected":false},"author":57,"featured_media":0,"parent":0,"menu_order":0,"comment_status":"closed","ping_status":"closed","template":"","meta":{"footnotes":""},"class_list":["post-4144","page","type-page","status-publish","hentry"],"_links":{"self":[{"href":"https:\/\/wp.ufpel.edu.br\/ppgh\/wp-json\/wp\/v2\/pages\/4144","targetHints":{"allow":["GET"]}}],"collection":[{"href":"https:\/\/wp.ufpel.edu.br\/ppgh\/wp-json\/wp\/v2\/pages"}],"about":[{"href":"https:\/\/wp.ufpel.edu.br\/ppgh\/wp-json\/wp\/v2\/types\/page"}],"author":[{"embeddable":true,"href":"https:\/\/wp.ufpel.edu.br\/ppgh\/wp-json\/wp\/v2\/users\/57"}],"replies":[{"embeddable":true,"href":"https:\/\/wp.ufpel.edu.br\/ppgh\/wp-json\/wp\/v2\/comments?post=4144"}],"version-history":[{"count":1,"href":"https:\/\/wp.ufpel.edu.br\/ppgh\/wp-json\/wp\/v2\/pages\/4144\/revisions"}],"predecessor-version":[{"id":4145,"href":"https:\/\/wp.ufpel.edu.br\/ppgh\/wp-json\/wp\/v2\/pages\/4144\/revisions\/4145"}],"wp:attachment":[{"href":"https:\/\/wp.ufpel.edu.br\/ppgh\/wp-json\/wp\/v2\/media?parent=4144"}],"curies":[{"name":"wp","href":"https:\/\/api.w.org\/{rel}","templated":true}]}}