{"id":39,"date":"2016-09-02T11:07:10","date_gmt":"2016-09-02T14:07:10","guid":{"rendered":"https:\/\/wp.ufpel.edu.br\/ppgh\/?page_id=39"},"modified":"2023-08-23T11:57:44","modified_gmt":"2023-08-23T14:57:44","slug":"contato-2","status":"publish","type":"page","link":"https:\/\/wp.ufpel.edu.br\/ppgh\/contato-2\/","title":{"rendered":"Contato"},"content":{"rendered":"<p><span style=\"font-family: arial, helvetica, sans-serif\"><b>Programa de P\u00f3s-Gradua\u00e7\u00e3o em Hist\u00f3ria<\/b><\/span><\/p>\n<p><span style=\"font-family: arial, helvetica, sans-serif\">Universidade Federal de Pelotas \u2013 Campus Porto<\/span><br \/>\n<span style=\"font-family: arial, helvetica, sans-serif\">Instituto de Ci\u00eancias Humanas\u00a0<\/span><br \/>\n<span class=\"text12\" style=\"font-family: arial, helvetica, sans-serif\">Rua Cel. Alberto Rosa, 154 \u2013 Sala 121<br \/>\nCentro &#8211; Pelotas, RS<br \/>\nCEP: 96010-77<br \/>\n(53) 3284-5525<br \/>\n<\/span><span style=\"font-family: arial, helvetica, sans-serif\">Whatsapp: 53 32843202<\/span><br \/>\n<span style=\"font-family: arial, helvetica, sans-serif\">E-mail: <span class=\"textverm\"><a class=\"texto10\" href=\"mailto:ppgh.ufpel@gmail.com\"><strong>ufpelppgh@gmail.com<\/strong><\/a><\/span><\/span><\/p>\n<p class=\"text12\">\n","protected":false},"excerpt":{"rendered":"<p>Programa de P\u00f3s-Gradua\u00e7\u00e3o em Hist\u00f3ria Universidade Federal de Pelotas \u2013 Campus Porto Instituto de Ci\u00eancias Humanas\u00a0 Rua Cel. Alberto Rosa, 154 \u2013 Sala 121 Centro &#8211; Pelotas, RS CEP: 96010-77 (53) 3284-5525 Whatsapp: 53 32843202 E-mail: ufpelppgh@gmail.com<\/p>\n","protected":false},"author":57,"featured_media":0,"parent":0,"menu_order":0,"comment_status":"closed","ping_status":"closed","template":"","meta":{"footnotes":""},"class_list":["post-39","page","type-page","status-publish","hentry"],"_links":{"self":[{"href":"https:\/\/wp.ufpel.edu.br\/ppgh\/wp-json\/wp\/v2\/pages\/39","targetHints":{"allow":["GET"]}}],"collection":[{"href":"https:\/\/wp.ufpel.edu.br\/ppgh\/wp-json\/wp\/v2\/pages"}],"about":[{"href":"https:\/\/wp.ufpel.edu.br\/ppgh\/wp-json\/wp\/v2\/types\/page"}],"author":[{"embeddable":true,"href":"https:\/\/wp.ufpel.edu.br\/ppgh\/wp-json\/wp\/v2\/users\/57"}],"replies":[{"embeddable":true,"href":"https:\/\/wp.ufpel.edu.br\/ppgh\/wp-json\/wp\/v2\/comments?post=39"}],"version-history":[{"count":9,"href":"https:\/\/wp.ufpel.edu.br\/ppgh\/wp-json\/wp\/v2\/pages\/39\/revisions"}],"predecessor-version":[{"id":3344,"href":"https:\/\/wp.ufpel.edu.br\/ppgh\/wp-json\/wp\/v2\/pages\/39\/revisions\/3344"}],"wp:attachment":[{"href":"https:\/\/wp.ufpel.edu.br\/ppgh\/wp-json\/wp\/v2\/media?parent=39"}],"curies":[{"name":"wp","href":"https:\/\/api.w.org\/{rel}","templated":true}]}}