{"id":3442,"date":"2023-11-27T17:14:12","date_gmt":"2023-11-27T20:14:12","guid":{"rendered":"https:\/\/wp.ufpel.edu.br\/ppgh\/?page_id=3442"},"modified":"2024-08-01T14:51:56","modified_gmt":"2024-08-01T17:51:56","slug":"turma-2021","status":"publish","type":"page","link":"https:\/\/wp.ufpel.edu.br\/ppgh\/turma-2021\/","title":{"rendered":"Turma 2021"},"content":{"rendered":"<p><span style=\"font-family: arial, helvetica, sans-serif;color: #000000\">ANA BEATRIZ DE SANTANA BANDEIRA SANTOS<\/span><\/p>\n<p><a href=\"https:\/\/guaiaca.ufpel.edu.br\/handle\/prefix\/13655\"><span style=\"font-family: arial, helvetica, sans-serif\">A forma\u00e7\u00e3o das jovens aristocratas em Lesbos: um estudo sobre a educa\u00e7\u00e3o feminina no Per\u00edodo Arcaico por meio da an\u00e1lise dos fragmentos de Safo de Lesbos<\/span><\/a><\/p>\n<p>&nbsp;<\/p>\n<p>CHARLES ANDERSON DOS SANTOS KURZ<\/p>\n<p><a href=\"https:\/\/guaiaca.ufpel.edu.br\/handle\/prefix\/13656\"><span style=\"font-family: arial, helvetica, sans-serif\">As rela\u00e7\u00f5es sociais da madrugada nas ondas do programa de r\u00e1dio Pelotas \u00e0 noite (1997 a 2002)<\/span><\/a><\/p>\n<p>&nbsp;<\/p>\n<p><span style=\"font-family: 'Arial','sans-serif';color: black\">CRISTIANO GASTAL S\u00d3RIA<\/span><\/p>\n<p><a href=\"https:\/\/guaiaca.ufpel.edu.br\/handle\/prefix\/13658\"><span style=\"font-family: arial, helvetica, sans-serif\">Hist\u00f3ria e cinema: o futuro como distopia em mad Max, Blade Runner, 1984 e Robocop<\/span><\/a><\/p>\n<p>&nbsp;<\/p>\n<p><span style=\"font-family: 'Arial','sans-serif';color: black\">DI\u00caNIFER ALVES RAMOS DA ROSA<\/span><\/p>\n<p><a href=\"https:\/\/guaiaca.ufpel.edu.br\/handle\/prefix\/13657\"><span style=\"font-family: arial, helvetica, sans-serif\">\u201cHist\u00f3ria de vida de mulheres sindicalistas: o caso das professoras do 17\u00b0 N\u00facleo do CPERS\/Sindicato (Bag\u00e9\/1979-2022)\u201d<\/span><\/a><\/p>\n<p>&nbsp;<\/p>\n<p><span style=\"font-family: 'Arial','sans-serif';color: black\">GIOVANI BERTOLAZI BRAZIL<\/span><\/p>\n<p><span style=\"font-family: arial, helvetica, sans-serif\"><a href=\"https:\/\/guaiaca.ufpel.edu.br\/handle\/prefix\/13659\">Cap\u00edtulos do antifascismo brasileiro: Frente \u00danica Antifascista e Alian\u00e7a Nacional Libertadora (1933-1935)<\/a><\/span><\/p>\n<p>&nbsp;<\/p>\n<p><span style=\"font-family: 'Arial','sans-serif';color: black\">JOYCE SILVA CARDOSO<\/span><\/p>\n<p><a href=\"https:\/\/guaiaca.ufpel.edu.br\/handle\/prefix\/13660\"><span style=\"font-family: arial, helvetica, sans-serif\">Mulheres negras: entre representa\u00e7\u00f5es e identidades na Hist\u00f3ria do Brasil. Uma an\u00e1lise sobre Luc\u00e9lia na s\u00e9rie Filhos da P\u00e1tria (2017-2019)<\/span><\/a><\/p>\n<p>&nbsp;<\/p>\n<p><span style=\"font-family: 'Arial','sans-serif';color: black\">LAIS SCHILLIM DA SILVA<\/span><\/p>\n<p><a href=\"https:\/\/guaiaca.ufpel.edu.br\/handle\/prefix\/13661\"><span style=\"font-family: arial, helvetica, sans-serif\">Uma forma de ver e se relacionar com o mundo: narrativas de sujeitos vinculados ao movimento agroecol\u00f3gico na cidade de Pelotas\/RS<\/span><\/a><\/p>\n<p>&nbsp;<\/p>\n<p><span style=\"font-family: 'Arial','sans-serif';color: black\">LUC<span style=\"font-family: arial, helvetica, sans-serif\">IANA DE \u00c1VILA FREITAS<\/span><\/span><\/p>\n<p><span style=\"font-family: arial, helvetica, sans-serif\"><a href=\"https:\/\/guaiaca.ufpel.edu.br\/handle\/prefix\/13662\">Para uma constru\u00e7\u00e3o de corpos e espa\u00e7os em Akira (1988), de Katsuhiro Otomo<\/a><\/span><\/p>\n<p>&nbsp;<\/p>\n<p><span style=\"font-family: arial, helvetica, sans-serif;color: black\">MATEUS DA SILVA COSTA<\/span><\/p>\n<p><a href=\"https:\/\/guaiaca.ufpel.edu.br\/handle\/prefix\/13663\"><span style=\"font-family: arial, helvetica, sans-serif\">Balne\u00e1rios do laranjal: hist\u00f3ria, sociabilidade e lazer na Costa Doce Pelotense (1970-2014)<\/span><\/a><\/p>\n<p>&nbsp;<\/p>\n<p><span style=\"font-family: arial, helvetica, sans-serif;color: black\">TAMIRES FERREIRA SOARES<\/span><\/p>\n<p><span style=\"font-family: arial, helvetica, sans-serif\"><a href=\"https:\/\/guaiaca.ufpel.edu.br\/handle\/prefix\/13664\">Os Professores e as elites locais na defesa da Educa\u00e7\u00e3o: As lideran\u00e7as e as atividades da Associa\u00e7\u00e3o Brasileira de Educa\u00e7\u00e3o e da Associa\u00e7\u00e3o Sul-Rio-Grandense de Professores em Pelotas (1926-1945)<\/a><\/span><\/p>\n<p>&nbsp;<\/p>\n<p><span style=\"font-family: arial, helvetica, sans-serif;color: black\">VITOR NAOKI MIKI GOMES<\/span><\/p>\n<p><span style=\"font-family: arial, helvetica, sans-serif\"><a href=\"https:\/\/guaiaca.ufpel.edu.br\/handle\/prefix\/13665\">O Priapo p\u00e1tico e as identidades er\u00f3ticas desviantes em Roma: limites das subjetividades masculinas (s\u00e9c. I a.C. \u2013 II d.C.)<\/a><\/span><\/p>\n","protected":false},"excerpt":{"rendered":"<p>ANA BEATRIZ DE SANTANA BANDEIRA SANTOS A forma\u00e7\u00e3o das jovens aristocratas em Lesbos: um estudo sobre a educa\u00e7\u00e3o feminina no Per\u00edodo Arcaico por meio da an\u00e1lise dos fragmentos de Safo de Lesbos &nbsp; CHARLES ANDERSON DOS SANTOS KURZ As rela\u00e7\u00f5es sociais da madrugada nas ondas do programa de r\u00e1dio Pelotas \u00e0 noite (1997 a 2002) [&hellip;]<\/p>\n","protected":false},"author":57,"featured_media":0,"parent":0,"menu_order":0,"comment_status":"closed","ping_status":"closed","template":"","meta":{"footnotes":""},"class_list":["post-3442","page","type-page","status-publish","hentry"],"_links":{"self":[{"href":"https:\/\/wp.ufpel.edu.br\/ppgh\/wp-json\/wp\/v2\/pages\/3442","targetHints":{"allow":["GET"]}}],"collection":[{"href":"https:\/\/wp.ufpel.edu.br\/ppgh\/wp-json\/wp\/v2\/pages"}],"about":[{"href":"https:\/\/wp.ufpel.edu.br\/ppgh\/wp-json\/wp\/v2\/types\/page"}],"author":[{"embeddable":true,"href":"https:\/\/wp.ufpel.edu.br\/ppgh\/wp-json\/wp\/v2\/users\/57"}],"replies":[{"embeddable":true,"href":"https:\/\/wp.ufpel.edu.br\/ppgh\/wp-json\/wp\/v2\/comments?post=3442"}],"version-history":[{"count":10,"href":"https:\/\/wp.ufpel.edu.br\/ppgh\/wp-json\/wp\/v2\/pages\/3442\/revisions"}],"predecessor-version":[{"id":3727,"href":"https:\/\/wp.ufpel.edu.br\/ppgh\/wp-json\/wp\/v2\/pages\/3442\/revisions\/3727"}],"wp:attachment":[{"href":"https:\/\/wp.ufpel.edu.br\/ppgh\/wp-json\/wp\/v2\/media?parent=3442"}],"curies":[{"name":"wp","href":"https:\/\/api.w.org\/{rel}","templated":true}]}}