{"id":3241,"date":"2023-04-05T10:10:38","date_gmt":"2023-04-05T13:10:38","guid":{"rendered":"https:\/\/wp.ufpel.edu.br\/ppgh\/?page_id=3241"},"modified":"2025-04-20T20:06:16","modified_gmt":"2025-04-20T23:06:16","slug":"perguntas-frequentes","status":"publish","type":"page","link":"https:\/\/wp.ufpel.edu.br\/ppgh\/perguntas-frequentes\/","title":{"rendered":"Perguntas Frequentes"},"content":{"rendered":"<p><span style=\"font-family: arial, helvetica, sans-serif;color: #000000;font-size: 14pt\">Como solicito APROVEITAMENTO DE CR\u00c9DITOS\/DISCIPLINAS?<\/span><\/p>\n<p style=\"text-align: justify\"><span style=\"font-family: arial, helvetica, sans-serif;color: #000000\">O\/A estudante deve preencher o <a style=\"color: #000000\" href=\"https:\/\/wp.ufpel.edu.br\/ppgh\/documentos\/formulario-de-aproveitamento-de-disciplinas-2\/\" rel=\"attachment wp-att-3235\">Formul\u00e1rio de Aproveitamento de Disciplinas<\/a>\u00a0que deve ser assinado\u00a0<strong>tamb\u00e9m pelo seu\/sua orientador\/a (via GOV.BR),\u00a0<\/strong>este formul\u00e1rio deve ser encaminhado para o e-mail\u00a0<a style=\"color: #000000\" href=\"mailto:ufpelppgh@gmail.com\">ufpelppgh@gmail.com<\/a><\/span><\/p>\n<p style=\"text-align: justify\"><span style=\"font-family: arial, helvetica, sans-serif;color: #000000\">Lembrete:<\/span><\/p>\n<ol style=\"text-align: justify\">\n<li><span style=\"font-family: arial, helvetica, sans-serif;color: #000000\">Disciplina(s) cursada(s) como Estudante em Regime Especial ou Regular em outros PPGs da UFPel ou de outras Institui\u00e7\u00f5es: enviar o <u>formul\u00e1rio<\/u>\u00a0com a(s) <u>ementa<\/u>(s) das disciplina(s) pretendidas e <span style=\"text-decoration: underline\">hist\u00f3rico<\/span>.<\/span><\/li>\n<\/ol>\n<p style=\"text-align: justify\"><span style=\"font-family: arial, helvetica, sans-serif;color: #000000\"><strong>Mestrado<\/strong>: O m\u00e1ximo de cr\u00e9ditos a ser aproveitado \u00e9 8 (oito). Somente ser\u00e3o aceitos se tiverem sido obtidos h\u00e1 at\u00e9 5 (cinco) anos, contados a partir do ano letivo seguinte \u00e0 oferta da disciplina.<\/span><\/p>\n<p style=\"text-align: justify\"><span style=\"font-family: arial, helvetica, sans-serif;color: #000000\"><strong>Doutorado:<\/strong> O m\u00e1ximo de cr\u00e9ditos a ser aproveitado \u00e9 16 (dezesseis).<\/span><\/p>\n<p style=\"text-align: justify\"><span style=\"font-family: arial, helvetica, sans-serif;color: #000000\">Obs. 1: Somente podem ser aproveitadas disciplinas com conceito A\/B e C.<\/span><\/p>\n<hr \/>\n<p><span style=\"font-family: arial, helvetica, sans-serif;color: #000000;font-size: 14pt\">Como fa\u00e7o o CANCELAMENTO\/TRANCAMENTO DE MATR\u00cdCULA?<\/span><\/p>\n<p style=\"text-align: justify\"><span style=\"font-family: arial, helvetica, sans-serif;color: #000000\">Para cancelar ou trancar a matr\u00edcula voc\u00ea deve preencher o <a style=\"color: #000000\" href=\"https:\/\/wp.ufpel.edu.br\/ppgh\/documentos\/formulario-de-trancamento-de-matricula\/\" rel=\"attachment wp-att-1453\">Formul\u00e1rio de Trancamento de Matr\u00edcula<\/a>\u00a0e encaminhar para o e-mail\u00a0<a style=\"color: #000000\" href=\"mailto:ufpelppgh@gmail.com\">ufpelppgh@gmail.com<\/a>. Esta solicita\u00e7\u00e3o ser\u00e1 levada \u00e0 reuni\u00e3o de Colegiado e ap\u00f3s delibera\u00e7\u00e3o, \u00e9 encaminhada para o NPG a fim de efetivar o trancamento\/cancelamento da matr\u00edcula.<\/span><\/p>\n<hr \/>\n<p><span style=\"font-family: arial, helvetica, sans-serif;color: #000000;font-size: 14pt\">Qual o PRAZO M\u00c1XIMO DE TRANCAMENTO da minha matr\u00edcula posso solicitar?<\/span><\/p>\n<p style=\"text-align: justify\"><span style=\"font-family: arial, helvetica, sans-serif;color: #000000\">O(A) discente poder\u00e1 trancar sua matr\u00edcula por um per\u00edodo m\u00e1ximo de dois semestres letivos, consecutivos ou n\u00e3o, o qual precisa ser aprovado pelo Colegiado.<\/span><\/p>\n<hr \/>\n<p><span style=\"font-family: arial, helvetica, sans-serif;color: #000000;font-size: 14pt\">Como solicito PRORROGA\u00c7\u00c3O DE PRAZO de Qualifica\u00e7\u00e3o e Defesa?<\/span><\/p>\n<p style=\"text-align: justify\"><span style=\"font-family: arial, helvetica, sans-serif;color: #000000\">Preencher Formul\u00e1rio de <a style=\"color: #000000\" href=\"https:\/\/wp.ufpel.edu.br\/ppgh\/documentos\/formulario-de-prorrogacao-de-prazo-para-qualificacao-e-defesa-mestrado-e-doutorado-1\/\" rel=\"attachment wp-att-3232\">Formul\u00e1rio-de-Prorroga\u00e7\u00e3o-de-Prazo-para-Qualifica\u00e7\u00e3o-e-Defesa-Mestrado-e-Doutorado<\/a>, que deve conter as assinaturas do discente e do(a) orientador\/a (via GOV.BR) e enviar para e-mail\u00a0<a style=\"color: #000000\" href=\"mailto:ufpelppgh@gmail.com\">ufpelppgh@gmail.com<\/a>. Esta solicita\u00e7\u00e3o ser\u00e1 levada \u00e0 reuni\u00e3o de Colegiado e ap\u00f3s delibera\u00e7\u00e3o, o aluno ser\u00e1 comunicado.<\/span><\/p>\n<p style=\"text-align: justify\"><span style=\"font-family: arial, helvetica, sans-serif;color: #000000\"><span style=\"color: #ff0000;background-color: #000000\"><span style=\"background-color: #ffffff\"><strong>\u00a0\u00a0<\/strong><span style=\"background-color: #ff0000;color: #ffffff\">IMPORTANTE:<\/span><\/span><\/span> Caso o motivo seja <strong>SA\u00daDE<\/strong>, o(a) discente deve encaminhar o formul\u00e1rio <u><a style=\"color: #000000\" href=\"https:\/\/wp.ufpel.edu.br\/ppgh\/perguntas-frequentes\/requerimento-de-aluno-pericia\/\" rel=\"attachment wp-att-3242\">Requerimento de Aluno &#8211; Per\u00edcia<\/a><\/u>\u00a0diretamente para a Pericia M\u00e9dica atrav\u00e9s do email <a style=\"color: #000000\" href=\"mailto:pericia.medica@ufpel.edu.br\">pericia.medica@ufpel.edu.br<\/a>. A Per\u00edcia entrar\u00e1 em contato com o PPGH para informar o per\u00edodo de afastamento do(a) discente.<\/span><\/p>\n<hr \/>\n<p><span style=\"font-family: arial, helvetica, sans-serif;color: #000000;font-size: 14pt\">Quanto tempo de PRORROGA\u00c7\u00c3O DE PRAZO posso solicitar?<\/span><\/p>\n<p style=\"text-align: justify\"><span style=\"font-family: arial, helvetica, sans-serif;color: #000000\">O(A) discente poder\u00e1 prorrogar o prazo de defesa\/qualifica\u00e7\u00e3o por at\u00e9 6 meses, desde que seu\/sua orientar(a) esteja ciente e aprovado pelo Colegiado.<\/span><\/p>\n<hr \/>\n<p><span style=\"font-family: arial, helvetica, sans-serif;color: #000000;font-size: 14pt\">Como atesto minha PROFICI\u00caNCIA?<\/span><\/p>\n<p><span style=\"font-family: arial, helvetica, sans-serif;color: #000000\">O\/A estudante deve encaminhar o certificado da profici\u00eancia (frente e verso) em .PDF para o email <a style=\"color: #000000\" href=\"mailto:ufpelppgh@gmail.com\">ufpelppgh@gmail.com<\/a><\/span><\/p>\n<p><span style=\"font-family: arial, helvetica, sans-serif;color: #000000\">Obs.1 : para o Mestrado \u00e9 obrigat\u00f3rio um idioma e para o Doutorado \u00e9 obrigat\u00f3rio dois idiomas.<\/span><\/p>\n<p><span style=\"font-family: arial, helvetica, sans-serif;color: #000000\">Obs 2: A comprova\u00e7\u00e3o da profici\u00eancia ou compet\u00eancia em L\u00edngua Estrangeira <strong>\u00e9 pr\u00e9-requisito para a Qualifica\u00e7\u00e3o<\/strong>. (Art. 32 do Regimento do PPH)<\/span><\/p>\n<p><span style=\"font-family: arial, helvetica, sans-serif;color: #000000\">Obs 3: No caso dos doutorandos h\u00e1 possibilidade de aproveitamento da L\u00edngua apresentada no Mestrado, respeitando o \u00a7 3\u00ba do Art.32 do Regimento do PPGH.<\/span><\/p>\n<hr \/>\n<p><span style=\"font-family: arial, helvetica, sans-serif;color: #000000;font-size: 14pt\">Como fa\u00e7o pedido de AUX\u00cdLIO FINANCEIRO para eventos?<\/span><\/p>\n<p style=\"text-align: justify\"><span style=\"font-family: arial, helvetica, sans-serif;color: #000000\">Quando h\u00e1 verba para aux\u00edlio financeiro, o colegiado publica edital no site do Curso. \u00c9 responsabilidade do aluno(a) verificar e encaminhar a documenta\u00e7\u00e3o necess\u00e1ria. Portanto, FIQUE ATENTO(A).<\/span><\/p>\n<p style=\"text-align: justify\"><span style=\"font-family: arial, helvetica, sans-serif;color: #000000\">Sempre que houver custeio com valores p\u00fablicos, \u00e9 exigido uma presta\u00e7\u00e3o de contas, logo, o(a) \u00a0discente dever\u00e1, ap\u00f3s o evento\/viagem, prestar contas.<\/span><\/p>\n<hr \/>\n<p><span style=\"font-family: arial, helvetica, sans-serif;color: #000000;font-size: 14pt\">Como fa\u00e7o a PRESTA\u00c7\u00c3O DE CONTAS do AUX\u00cdLIO FINANCEIRO?<\/span><\/p>\n<p style=\"text-align: justify\"><span style=\"font-family: arial, helvetica, sans-serif;color: #000000\">At\u00e9 10 dias depois do evento deve enviar o Comprovante de participa\u00e7\u00e3o (Atestado\/Certificado) no caso de Eventos Cient\u00edficos ou relat\u00f3rio de viagem em caso de visita T\u00e9cnica <a style=\"color: #000000\" href=\"https:\/\/wp.ufpel.edu.br\/ppgh\/documentos\/relatorio-de-viagem-ou-visita-tecnica-aluno\/\" rel=\"attachment wp-att-2843\">Relat\u00f3rio de Viagem ou Visita T\u00e9cnica<\/a>\u00a0para o email <a style=\"color: #000000\" href=\"mailto:ufpelppgh@gmail.com\">ufpelppgh@gmail.com<\/a><\/span><\/p>\n<hr \/>\n<p><span style=\"font-family: arial, helvetica, sans-serif;color: #000000;font-size: 14pt\">Preciso do meu HIST\u00d3RICO ou ATESTADO DE MATR\u00cdCULA, como fa\u00e7o?<\/span><\/p>\n<p style=\"text-align: justify\"><span style=\"font-family: arial, helvetica, sans-serif;color: #000000\">Assim como o hist\u00f3rico, o atestado de matr\u00edcula pode ser retirado diretamente do Cobalto. Este \u00faltimo: Aluno &gt; Consultas &gt; Matr\u00edcula &gt; Imprimir.<\/span><\/p>\n<hr \/>\n<p><span style=\"font-family: arial, helvetica, sans-serif;color: #000000;font-size: 14pt\">Preciso de um ATESTADO ESPEC\u00cdFICO, como consigo?<\/span><\/p>\n<p style=\"text-align: justify\"><span style=\"font-family: arial, helvetica, sans-serif;color: #000000\">Mande um e-mail para <a style=\"color: #000000\" href=\"mailto:ufpelppgh@gmail.com\">ufpelppgh@gmail.com<\/a> solicitando o pedido espec\u00edfico. O atestado ser\u00e1 entregue em at\u00e9 cinco dias \u00fateis. Situa\u00e7\u00f5es preferenciais ser\u00e3o atendidas conforme a legisla\u00e7\u00e3o em vigor (Lei 10.048\/00).<\/span><\/p>\n<hr \/>\n<p><span style=\"font-family: arial, helvetica, sans-serif;color: #000000;font-size: 14pt\">O EST\u00c1GIO DOC\u00caNCIA \u00e9 obrigat\u00f3rio?<\/span><\/p>\n<p style=\"text-align: justify\"><span style=\"font-family: arial, helvetica, sans-serif;color: #000000\">O Est\u00e1gio Doc\u00eancia \u00e9 obrigat\u00f3rio aos discentes bolsistas, aos demais, \u00e9 facultativo.<\/span><\/p>\n<hr \/>\n<p><span style=\"font-family: arial, helvetica, sans-serif;color: #000000;font-size: 14pt\">DEFENDI a Disserta\u00e7\u00e3o\/Tese e agora? QUANDO PEGO MEU DIPLOMA?<\/span><\/p>\n<p style=\"text-align: justify\"><span style=\"font-family: arial, helvetica, sans-serif;color: #000000\">Ap\u00f3s a defesa e a entrega da Vers\u00e3o Final da Disserta\u00e7\u00e3o ou Tese deve ser homologada pelo Colegiado em reuni\u00e3o. Isso feito, d\u00e1-se in\u00edcio o processo administrativo que consiste em:<\/span><\/p>\n<p style=\"text-align: justify\"><span style=\"font-family: arial, helvetica, sans-serif;color: #000000\">1 \u2013 Abrir processo no SEI;<\/span><\/p>\n<p style=\"text-align: justify\"><span style=\"font-family: arial, helvetica, sans-serif;color: #000000\">2 \u2013 Anexar todos os documentos exigidos;<\/span><\/p>\n<p style=\"text-align: justify\"><span style=\"font-family: arial, helvetica, sans-serif;color: #000000\">3 \u2013 Enviar o processo ao N\u00facleo de Registros Acad\u00eamicos \u2013 NRD.<\/span><\/p>\n<p style=\"text-align: justify\"><span style=\"font-family: arial, helvetica, sans-serif;color: #000000\"><strong>Neste momento o(a) aluno(a) recebe o processo <u>na \u00edntegra<\/u> via email.<\/strong><\/span><\/p>\n<p style=\"text-align: justify\"><span style=\"font-family: arial, helvetica, sans-serif;color: #000000\">O prazo de confec\u00e7\u00e3o do diploma no NRD \u00e9 de 60 at\u00e9 120 dias a contar da data de chegada do processo. Ap\u00f3s isso, o diploma \u00e9 enviado para a Dire\u00e7\u00e3o da unidade, a qual realizar\u00e1 a entrega.<\/span><\/p>\n<p style=\"text-align: justify\"><span style=\"font-family: arial, helvetica, sans-serif;color: #000000\">Obs. 1: A secretaria do PPGH avisar\u00e1 o discente quando o diploma estiver dispon\u00edvel para retirada. A consulta pode ser feita atrav\u00e9s do email <a style=\"color: #000000\" href=\"mailto:secretariaich@gmail.com\">secretariaich@gmail.com<\/a> \/ <span style=\"text-decoration: underline\">ufpelppgh@gmail.com<\/span> ou pelo telefone <span style=\"text-decoration: underline\">3284-5525<\/span><\/span><\/p>\n<hr \/>\n<p><span style=\"font-family: arial, helvetica, sans-serif;color: #000000;font-size: 14pt\">Como \u00e9 a entrega da VERS\u00c3O FINAL DA TESE\/DISSERTA\u00c7\u00c3O?<\/span><\/p>\n<p style=\"text-align: justify\"><span style=\"font-family: arial, helvetica, sans-serif;color: #000000\">A <a href=\"https:\/\/wp.ufpel.edu.br\/ppgh\/documentos\/tutorial-fichas-2025\/\" rel=\"attachment wp-att-4041\">ficha catalogr\u00e1fica<\/a> \u00e9 item obrigat\u00f3rio t<\/span><span style=\"font-family: arial, helvetica, sans-serif;color: #000000\">anto nas Disserta\u00e7\u00f5es quanto nas Teses. As solicita\u00e7\u00f5es de ficha catalogr\u00e1fica devem ser feitas atrav\u00e9s do Cobalto. <em>Sistema Cobalto \u2013 Biblioteca \u2013 Cadastros \u2013 Ficha catalogr\u00e1fica.<\/em><\/span><\/p>\n<p style=\"text-align: justify\"><span style=\"font-family: arial, helvetica, sans-serif;color: #000000\">Depois de inserida a ficha catalogr\u00e1fica, realizada todas as corre\u00e7\u00f5es, o texto final da Disserta\u00e7\u00e3o ou da Tese deve ser salvo em PDF.<\/span><\/p>\n<p style=\"text-align: justify\"><span style=\"font-family: arial, helvetica, sans-serif;color: #000000\">Ap\u00f3s, deve ser preenchido o termo de autoriza\u00e7\u00e3o para publica\u00e7\u00e3o na biblioteca, no link abaixo. Somente ser\u00e3o aceitas Disserta\u00e7\u00f5es e Teses que o\/a autor\/a tenha autorizado a sua publica\u00e7\u00e3o.<\/span><\/p>\n<p style=\"text-align: justify\"><span style=\"font-family: arial, helvetica, sans-serif;color: #000000\"><a style=\"color: #000000\" href=\"https:\/\/wp.ufpel.edu.br\/ppgh\/documentos\/termo-de-autorizacao-sisbi-atualizado\/\" rel=\"attachment wp-att-2456\">Termo de autoriza\u00e7\u00e3o SisBi <\/a><\/span><\/p>\n<p style=\"text-align: justify\"><span style=\"font-family: arial, helvetica, sans-serif;color: #000000\">Estes dois documentos devem ser encaminhados para a Secretaria do PPGH.\u00a0<\/span><\/p>\n<hr \/>\n<p><span style=\"font-family: arial, helvetica, sans-serif;color: #000000;font-size: 14pt\">QUAIS DISCIPLINAS S\u00c3O PERTINENTES para minha linha de pesquisa?<\/span><\/p>\n<p style=\"text-align: justify\"><span style=\"font-family: arial, helvetica, sans-serif;color: #000000\">O mais indicado \u00e9 entrar em contato diretamente com seu\/sua orientador(a), visto que a\u00a0 secretaria \u00e9 inapta para tal.<\/span><\/p>\n<hr \/>\n<p><span style=\"font-family: arial, helvetica, sans-serif;color: #000000;font-size: 14pt\">O que s\u00e3o as ATIVIDADES COMPLEMENTARES?<\/span><\/p>\n<p style=\"text-align: justify\"><span style=\"font-family: arial, helvetica, sans-serif;color: #000000\">S\u00e3o disciplinas obrigat\u00f3rias ofertadas anualmente. Para obter os cr\u00e9ditos obrigat\u00f3rios, os doutorandos dever\u00e3o comprovar participa\u00e7\u00e3o em atividades promovidas pelo PPGH tais como bancas (qualifica\u00e7\u00e3o e\/ou defesa), aula-inaugural, palestras, congressos, jornadas dentre outros eventos. Tamb\u00e9m ser\u00e3o aceitas as participa\u00e7\u00f5es em dos n\u00facleos e laborat\u00f3rios vinculados ao PPGH. Para tal, \u00e9 necess\u00e1rio preencher o formul\u00e1rio \u2013 Atividades Complementares e encaminhar para o e-mail da Comiss\u00e3o de Acompanhamento e Avalia\u00e7\u00e3o Discente: ppghcad@gmail.com<\/span><\/p>\n<hr \/>\n<p><span style=\"font-family: arial, helvetica, sans-serif;color: #000000;font-size: 14pt\">Como fa\u00e7o minha ASSINATURA COM CERTIFICA\u00c7\u00c3O DIGITAL pelo Gov.BR?<\/span><\/p>\n<p style=\"text-align: justify\"><span style=\"font-family: arial, helvetica, sans-serif;color: #000000\">A\u00a0<a style=\"color: #000000\" href=\"http:\/\/assinador.iti.br\/\">assinatura eletr\u00f4nica<\/a>\u00a0permite que voc\u00ea assine um documento em meio digital a partir da sua conta gov.br. O documento com a assinatura digital tem a mesma validade de um documento com assinatura f\u00edsica e \u00e9 regulamentado pelo\u00a0<a style=\"color: #000000\" href=\"http:\/\/www.planalto.gov.br\/ccivil_03\/_Ato2019-2022\/2020\/Decreto\/D10543.htm\">Decreto N\u00ba 10.543, de 13\/11\/2020<\/a>.<\/span><\/p>\n<p style=\"text-align: justify\"><span style=\"font-family: arial, helvetica, sans-serif;color: #000000\">Quem pode usar o servi\u00e7o:<\/span><\/p>\n<p style=\"text-align: justify\"><span style=\"font-family: arial, helvetica, sans-serif;color: #000000\">Para utilizar o servi\u00e7o da assinatura digital do gov.br, voc\u00ea precisa ter uma conta validada por:<\/span><\/p>\n<ul style=\"text-align: justify\">\n<li><span style=\"font-family: arial, helvetica, sans-serif;color: #000000\">Reconhecimento facial realizada pelo aplicativo gov.br. (<a style=\"color: #000000\" href=\"https:\/\/www.gov.br\/governodigital\/pt-br\/assinatura-eletronica\/baixar-app-govbr\/\">Baixar aqui<\/a>)<\/span><\/li>\n<li><span style=\"font-family: arial, helvetica, sans-serif;color: #000000\">Bancos credenciados;<\/span><\/li>\n<li><span style=\"font-family: arial, helvetica, sans-serif;color: #000000\">Certificado digital;<\/span><\/li>\n<\/ul>\n<p style=\"text-align: justify\"><span style=\"font-family: arial, helvetica, sans-serif;color: #000000\"><a style=\"color: #000000\" href=\"https:\/\/confiabilidades.acesso.gov.br\/\">Verifique aqui<\/a>\u00a0se sua conta no gov.br est\u00e1 validada para utilizar a assinatura digital.<\/span><\/p>\n<p style=\"text-align: justify\"><span style=\"font-family: arial, helvetica, sans-serif;color: #000000\">Tamb\u00e9m pode acessar o passo a passo para assinatura aqui:<\/span><\/p>\n<p style=\"text-align: justify\"><span style=\"font-family: arial, helvetica, sans-serif;color: #000000\"><a style=\"color: #000000\" href=\"https:\/\/wp.ufpel.edu.br\/ppgh\/perguntas-frequentes\/tutorial-para-assinatura-digital\/\" rel=\"attachment wp-att-3243\">TUTORIAL para ASSINATURA DIGITAL<\/a>\u00a0<\/span><\/p>\n","protected":false},"excerpt":{"rendered":"<p>Como solicito APROVEITAMENTO DE CR\u00c9DITOS\/DISCIPLINAS? O\/A estudante deve preencher o Formul\u00e1rio de Aproveitamento de Disciplinas\u00a0que deve ser assinado\u00a0tamb\u00e9m pelo seu\/sua orientador\/a (via GOV.BR),\u00a0este formul\u00e1rio deve ser encaminhado para o e-mail\u00a0ufpelppgh@gmail.com Lembrete: Disciplina(s) cursada(s) como Estudante em Regime Especial ou Regular em outros PPGs da UFPel ou de outras Institui\u00e7\u00f5es: enviar o formul\u00e1rio\u00a0com a(s) ementa(s) das [&hellip;]<\/p>\n","protected":false},"author":57,"featured_media":0,"parent":0,"menu_order":0,"comment_status":"closed","ping_status":"closed","template":"","meta":{"footnotes":""},"class_list":["post-3241","page","type-page","status-publish","hentry"],"_links":{"self":[{"href":"https:\/\/wp.ufpel.edu.br\/ppgh\/wp-json\/wp\/v2\/pages\/3241","targetHints":{"allow":["GET"]}}],"collection":[{"href":"https:\/\/wp.ufpel.edu.br\/ppgh\/wp-json\/wp\/v2\/pages"}],"about":[{"href":"https:\/\/wp.ufpel.edu.br\/ppgh\/wp-json\/wp\/v2\/types\/page"}],"author":[{"embeddable":true,"href":"https:\/\/wp.ufpel.edu.br\/ppgh\/wp-json\/wp\/v2\/users\/57"}],"replies":[{"embeddable":true,"href":"https:\/\/wp.ufpel.edu.br\/ppgh\/wp-json\/wp\/v2\/comments?post=3241"}],"version-history":[{"count":9,"href":"https:\/\/wp.ufpel.edu.br\/ppgh\/wp-json\/wp\/v2\/pages\/3241\/revisions"}],"predecessor-version":[{"id":4045,"href":"https:\/\/wp.ufpel.edu.br\/ppgh\/wp-json\/wp\/v2\/pages\/3241\/revisions\/4045"}],"wp:attachment":[{"href":"https:\/\/wp.ufpel.edu.br\/ppgh\/wp-json\/wp\/v2\/media?parent=3241"}],"curies":[{"name":"wp","href":"https:\/\/api.w.org\/{rel}","templated":true}]}}