{"id":3234,"date":"2025-04-20T19:39:03","date_gmt":"2025-04-20T22:39:03","guid":{"rendered":"https:\/\/wp.ufpel.edu.br\/ppgh\/?page_id=3234"},"modified":"2025-04-20T19:39:03","modified_gmt":"2025-04-20T22:39:03","slug":"perguntas-frequentes-2","status":"publish","type":"page","link":"https:\/\/wp.ufpel.edu.br\/ppgh\/perguntas-frequentes-2\/","title":{"rendered":"Perguntas Frequentes"},"content":{"rendered":"<p><span style=\"font-family: arial, helvetica, sans-serif\">Como solicito APROVEITAMENTO DE CR\u00c9DITOS\/DISCIPLINAS?<\/span><\/p>\n<p><span style=\"font-family: arial, helvetica, sans-serif\">O\/A estudante deve preencher o\u00a0<a href=\"https:\/\/wp.ufpel.edu.br\/ppge\/files\/2022\/04\/REQUERIMENTO-DE-APROVEITAMENTO.docx\">REQUERIMENTO DE APROVEITAMENTO<\/a>\u00a0que deve ser assinado\u00a0<strong>tamb\u00e9m pelo seu\/sua orientador\/a (via GOV.BR),\u00a0<\/strong>este formul\u00e1rio deve ser encaminhado para o e-mail\u00a0<a href=\"mailto:ufpelppgh@gmail.com\">ufpelppgh@gmail.com<\/a><\/span><\/p>\n<p>&nbsp;<\/p>\n<p><span style=\"font-family: arial, helvetica, sans-serif\">Lembrete:<\/span><\/p>\n<ol>\n<li><span style=\"font-family: arial, helvetica, sans-serif\"><strong>Disciplina(s) cursada(s) como Estudante em Regime Especial ou Regular em outros PPGs da UFPel ou de outras Institui\u00e7\u00f5es: <\/strong>enviar o <u>requerimento<\/u> com a(s) <u>ementa<\/u>(s) das disciplina(s) pretendidas e <span style=\"text-decoration: underline\">hist\u00f3rico<\/span>.<\/span><\/li>\n<\/ol>\n<p><span style=\"font-family: arial, helvetica, sans-serif\"><strong>Mestrado<\/strong>: O m\u00e1ximo de cr\u00e9ditos a ser aproveitado \u00e9 8 (oito). Somente ser\u00e3o aceitos se tiverem sido obtidos h\u00e1 at\u00e9 5 (cinco) anos, contados a partir do ano letivo seguinte \u00e0 oferta da disciplina.<\/span><\/p>\n<p><span style=\"font-family: arial, helvetica, sans-serif\"><strong>Doutorado:<\/strong> O m\u00e1ximo de cr\u00e9ditos a ser aproveitado \u00e9 16 (dezesseis).<\/span><\/p>\n<p>&nbsp;<\/p>\n<p><span style=\"font-family: arial, helvetica, sans-serif\">Obs. 1: Somente podem ser aproveitadas disciplinas com conceito A\/B e C.<\/span><\/p>\n","protected":false},"excerpt":{"rendered":"<p>Como solicito APROVEITAMENTO DE CR\u00c9DITOS\/DISCIPLINAS? O\/A estudante deve preencher o\u00a0REQUERIMENTO DE APROVEITAMENTO\u00a0que deve ser assinado\u00a0tamb\u00e9m pelo seu\/sua orientador\/a (via GOV.BR),\u00a0este formul\u00e1rio deve ser encaminhado para o e-mail\u00a0ufpelppgh@gmail.com &nbsp; Lembrete: Disciplina(s) cursada(s) como Estudante em Regime Especial ou Regular em outros PPGs da UFPel ou de outras Institui\u00e7\u00f5es: enviar o requerimento com a(s) ementa(s) das disciplina(s) [&hellip;]<\/p>\n","protected":false},"author":57,"featured_media":0,"parent":0,"menu_order":0,"comment_status":"closed","ping_status":"closed","template":"","meta":{"footnotes":""},"class_list":["post-3234","page","type-page","status-publish","hentry"],"_links":{"self":[{"href":"https:\/\/wp.ufpel.edu.br\/ppgh\/wp-json\/wp\/v2\/pages\/3234","targetHints":{"allow":["GET"]}}],"collection":[{"href":"https:\/\/wp.ufpel.edu.br\/ppgh\/wp-json\/wp\/v2\/pages"}],"about":[{"href":"https:\/\/wp.ufpel.edu.br\/ppgh\/wp-json\/wp\/v2\/types\/page"}],"author":[{"embeddable":true,"href":"https:\/\/wp.ufpel.edu.br\/ppgh\/wp-json\/wp\/v2\/users\/57"}],"replies":[{"embeddable":true,"href":"https:\/\/wp.ufpel.edu.br\/ppgh\/wp-json\/wp\/v2\/comments?post=3234"}],"version-history":[{"count":1,"href":"https:\/\/wp.ufpel.edu.br\/ppgh\/wp-json\/wp\/v2\/pages\/3234\/revisions"}],"predecessor-version":[{"id":4042,"href":"https:\/\/wp.ufpel.edu.br\/ppgh\/wp-json\/wp\/v2\/pages\/3234\/revisions\/4042"}],"wp:attachment":[{"href":"https:\/\/wp.ufpel.edu.br\/ppgh\/wp-json\/wp\/v2\/media?parent=3234"}],"curies":[{"name":"wp","href":"https:\/\/api.w.org\/{rel}","templated":true}]}}