{"id":319,"date":"2016-09-13T12:16:08","date_gmt":"2016-09-13T15:16:08","guid":{"rendered":"https:\/\/wp.ufpel.edu.br\/ppgh\/?page_id=319"},"modified":"2025-02-06T13:24:43","modified_gmt":"2025-02-06T16:24:43","slug":"secretaria","status":"publish","type":"page","link":"https:\/\/wp.ufpel.edu.br\/ppgh\/secretaria\/","title":{"rendered":"Secretaria"},"content":{"rendered":"<p style=\"text-align: center\">Funcionamento de Segunda \u00e0 Sexta<\/p>\n<p><strong>Atendimento:<\/strong> Segunda a Sexta &#8211; das 8h \u00e0s 14h<\/p>\n<p>Exce\u00e7\u00e3o: Ter\u00e7a &#8211; das 14h \u00e0s 20h<\/p>\n<p>&nbsp;<\/p>\n<p>Secret\u00e1ria Executiva &#8211; Hanica Diniz Pereira<\/p>\n<p><strong>Contato:<\/strong> ufpelppgh@gmail.com<\/p>\n","protected":false},"excerpt":{"rendered":"<p>Funcionamento de Segunda \u00e0 Sexta Atendimento: Segunda a Sexta &#8211; das 8h \u00e0s 14h Exce\u00e7\u00e3o: Ter\u00e7a &#8211; das 14h \u00e0s 20h &nbsp; Secret\u00e1ria Executiva &#8211; Hanica Diniz Pereira Contato: ufpelppgh@gmail.com<\/p>\n","protected":false},"author":57,"featured_media":0,"parent":0,"menu_order":0,"comment_status":"closed","ping_status":"closed","template":"","meta":{"footnotes":""},"class_list":["post-319","page","type-page","status-publish","hentry"],"_links":{"self":[{"href":"https:\/\/wp.ufpel.edu.br\/ppgh\/wp-json\/wp\/v2\/pages\/319","targetHints":{"allow":["GET"]}}],"collection":[{"href":"https:\/\/wp.ufpel.edu.br\/ppgh\/wp-json\/wp\/v2\/pages"}],"about":[{"href":"https:\/\/wp.ufpel.edu.br\/ppgh\/wp-json\/wp\/v2\/types\/page"}],"author":[{"embeddable":true,"href":"https:\/\/wp.ufpel.edu.br\/ppgh\/wp-json\/wp\/v2\/users\/57"}],"replies":[{"embeddable":true,"href":"https:\/\/wp.ufpel.edu.br\/ppgh\/wp-json\/wp\/v2\/comments?post=319"}],"version-history":[{"count":46,"href":"https:\/\/wp.ufpel.edu.br\/ppgh\/wp-json\/wp\/v2\/pages\/319\/revisions"}],"predecessor-version":[{"id":3876,"href":"https:\/\/wp.ufpel.edu.br\/ppgh\/wp-json\/wp\/v2\/pages\/319\/revisions\/3876"}],"wp:attachment":[{"href":"https:\/\/wp.ufpel.edu.br\/ppgh\/wp-json\/wp\/v2\/media?parent=319"}],"curies":[{"name":"wp","href":"https:\/\/api.w.org\/{rel}","templated":true}]}}