{"id":2913,"date":"2022-07-15T14:27:01","date_gmt":"2022-07-15T17:27:01","guid":{"rendered":"https:\/\/wp.ufpel.edu.br\/ppgh\/?page_id=2913"},"modified":"2022-07-20T14:23:26","modified_gmt":"2022-07-20T17:23:26","slug":"turma-2019-2","status":"publish","type":"page","link":"https:\/\/wp.ufpel.edu.br\/ppgh\/turma-2019-2\/","title":{"rendered":"Turma 2019"},"content":{"rendered":"<p>AMILCAR ALEXANDRE OLIVEIRA DA ROSA<\/p>\n<p><a href=\"http:\/\/guaiaca.ufpel.edu.br\/handle\/prefix\/8091\">Gazeta Pelotense: ensaio para uma imprensa de transi\u00e7\u00e3o (anos 1970)<\/a><\/p>\n<p>&nbsp;<\/p>\n<p>ARANTXA SANCHES SILVA DA SILVA<\/p>\n<p><a href=\"http:\/\/guaiaca.ufpel.edu.br\/handle\/prefix\/8080\">Jessica Jones (Alias): sobre mudan\u00e7as nos paradigmas das Super-Hero\u00ednas p\u00f3s anos 2000.<\/a><\/p>\n<p>&nbsp;<\/p>\n<p>CAROLINE CARDOSO SILVA<\/p>\n<p><a href=\"http:\/\/guaiaca.ufpel.edu.br\/handle\/prefix\/5942\">\u00a0Estudo das trajet\u00f3rias de vida de trabalhadoras terceirizadas na Pelotas atual: an\u00e1lise de um percurso.<\/a><\/p>\n<p>&nbsp;<\/p>\n<p>FRANCISCA MESQUITA DE JESUS<\/p>\n<p><a href=\"http:\/\/guaiaca.ufpel.edu.br\/handle\/prefix\/8082\">Guaiaca: J\u00f3quei Clube de Pelotas: associativismo, sociabilidades e civismo &#8211; 1930 a 1955.<\/a><\/p>\n<p>&nbsp;<\/p>\n<p>J\u00c9SSICA BITENCOURT LOPES<\/p>\n<p><a href=\"http:\/\/guaiaca.ufpel.edu.br\/handle\/prefix\/8076\">Boletim Renner: um peri\u00f3dico das ind\u00fastrias Renner, Porto Alegre &#8211; RS (1949-1958)<\/a><\/p>\n<p>&nbsp;<\/p>\n<p>J\u00c9SSICA RODRIGUES BANDEIRA PERES<\/p>\n<p><a href=\"http:\/\/guaiaca.ufpel.edu.br\/handle\/prefix\/8083\">Abaixo a Monarquia: lideran\u00e7a pol\u00edtica e propaganda republicana em Pelotas-RS (1880-1889).<\/a><\/p>\n<p>&nbsp;<\/p>\n<p>JO\u00c3O GOMES BRAATZ<\/p>\n<p><a href=\"http:\/\/guaiaca.ufpel.edu.br\/handle\/prefix\/8092\">Contatos culturais por meio do material monet\u00e1rio nos limites da expans\u00e3o hel\u00eanica na B\u00e1ctria e na \u00cdndia (S\u00e9culos III-I AEC)<\/a><\/p>\n<p>&nbsp;<\/p>\n<p>JOS\u00c9 RICARDO MARQUES RESENDE J\u00daNIOR<\/p>\n<p><a href=\"http:\/\/guaiaca.ufpel.edu.br\/handle\/prefix\/8077\">&#8220;Crian\u00e7as pretas passeiam em total liberdade&#8221;: um estudo sobre inf\u00e2ncia e escravid\u00e3o: Pelotas e Rio Grande (1820-1870)<\/a><\/p>\n<p>&nbsp;<\/p>\n<p>L\u00caNIN PEREIRA LANDGRAF<\/p>\n<p><a href=\"http:\/\/guaiaca.ufpel.edu.br\/handle\/prefix\/8084\">Massacre da Linha do Parque e a Disputa Pela Mem\u00f3ria: o confronto no primeiro de maio de 1950 em Rio Grande.<\/a><\/p>\n<p>&nbsp;<\/p>\n<p>L\u00c9O ARA\u00daJO LACERDA<\/p>\n<p><a href=\"http:\/\/guaiaca.ufpel.edu.br\/handle\/prefix\/8078\">Os conflitos \u00e9tnico-religiosos em Castela durante o reinado de Alfonso X (1252-1284)<\/a><\/p>\n<p>&nbsp;<\/p>\n<p>LEONARDO SILVA AMARAL<\/p>\n<p><a href=\"http:\/\/guaiaca.ufpel.edu.br\/handle\/prefix\/8085\">Jos\u00e9 Vecchio: a trajet\u00f3ria de um militante em ascend\u00eancia ao longo do Estado Novo (1930-1950).<\/a><\/p>\n<p>&nbsp;<\/p>\n<p>MARIUZA TOLEDO PINHEIRO<\/p>\n<p><a href=\"http:\/\/guaiaca.ufpel.edu.br\/handle\/prefix\/8086\">Ilus\u00f5es perigosas: debates sobre a implementa\u00e7\u00e3o da Terceiriza\u00e7\u00e3o na UFPel por meio das Mem\u00f3rias dos seus Servidores P\u00fablicos Federais (1995-2017).<\/a><\/p>\n<p>&nbsp;<\/p>\n<p>NAIRANA KARKOW BONES<\/p>\n<p><a href=\"http:\/\/guaiaca.ufpel.edu.br\/handle\/prefix\/8087\">A Bacia do Prata: Argentina e Uruguai face ao processo integracionista do Mercosul (2003-2015).<\/a><\/p>\n<p>&nbsp;<\/p>\n<p>PATR\u00cdCIA DUARTE PINTO<\/p>\n<p><a href=\"http:\/\/guaiaca.ufpel.edu.br\/handle\/prefix\/8089\">Narrativas da aboli\u00e7\u00e3o da escravid\u00e3o no Brasil em livros did\u00e1ticos de hist\u00f3ria (1889-1930).<\/a><\/p>\n<p>&nbsp;<\/p>\n<p>RAYANNE MATIAS VILLARINHO<\/p>\n<p><a href=\"http:\/\/guaiaca.ufpel.edu.br\/handle\/prefix\/8079\">Mem\u00f3rias e discursos hist\u00f3ricos: o processo de patrimonializa\u00e7\u00e3o da Serra da Barriga &#8211; Alagoas (1986-2017)<\/a><\/p>\n<p>&nbsp;<\/p>\n<p>SARA SCHNEIDER DE BITTENCOURT<\/p>\n<p><a href=\"http:\/\/guaiaca.ufpel.edu.br\/handle\/prefix\/8090\">&#8220;Somos as descendentes de todas as donzelas, m\u00e3es e anci\u00e3s&#8221;: constru\u00e7\u00f5es de g\u00eanero em Chilling adventures of Sabrina<\/a><\/p>\n<p>&nbsp;<\/p>\n<p>SINARA VIEGA FAUSTINO<\/p>\n<p><a href=\"http:\/\/guaiaca.ufpel.edu.br\/handle\/prefix\/8088\">&#8220;Eu meio que fui costurando essa hist\u00f3ria&#8221;: a trajet\u00f3ria de mulheres durante a ditadura civil-militar (1964-1985).<\/a><\/p>\n<p>&nbsp;<\/p>\n","protected":false},"excerpt":{"rendered":"<p>AMILCAR ALEXANDRE OLIVEIRA DA ROSA Gazeta Pelotense: ensaio para uma imprensa de transi\u00e7\u00e3o (anos 1970) &nbsp; ARANTXA SANCHES SILVA DA SILVA Jessica Jones (Alias): sobre mudan\u00e7as nos paradigmas das Super-Hero\u00ednas p\u00f3s anos 2000. &nbsp; CAROLINE CARDOSO SILVA \u00a0Estudo das trajet\u00f3rias de vida de trabalhadoras terceirizadas na Pelotas atual: an\u00e1lise de um percurso. &nbsp; FRANCISCA MESQUITA [&hellip;]<\/p>\n","protected":false},"author":57,"featured_media":0,"parent":0,"menu_order":0,"comment_status":"closed","ping_status":"closed","template":"","meta":{"footnotes":""},"class_list":["post-2913","page","type-page","status-publish","hentry"],"_links":{"self":[{"href":"https:\/\/wp.ufpel.edu.br\/ppgh\/wp-json\/wp\/v2\/pages\/2913","targetHints":{"allow":["GET"]}}],"collection":[{"href":"https:\/\/wp.ufpel.edu.br\/ppgh\/wp-json\/wp\/v2\/pages"}],"about":[{"href":"https:\/\/wp.ufpel.edu.br\/ppgh\/wp-json\/wp\/v2\/types\/page"}],"author":[{"embeddable":true,"href":"https:\/\/wp.ufpel.edu.br\/ppgh\/wp-json\/wp\/v2\/users\/57"}],"replies":[{"embeddable":true,"href":"https:\/\/wp.ufpel.edu.br\/ppgh\/wp-json\/wp\/v2\/comments?post=2913"}],"version-history":[{"count":4,"href":"https:\/\/wp.ufpel.edu.br\/ppgh\/wp-json\/wp\/v2\/pages\/2913\/revisions"}],"predecessor-version":[{"id":2944,"href":"https:\/\/wp.ufpel.edu.br\/ppgh\/wp-json\/wp\/v2\/pages\/2913\/revisions\/2944"}],"wp:attachment":[{"href":"https:\/\/wp.ufpel.edu.br\/ppgh\/wp-json\/wp\/v2\/media?parent=2913"}],"curies":[{"name":"wp","href":"https:\/\/api.w.org\/{rel}","templated":true}]}}