{"id":266,"date":"2016-09-02T16:21:29","date_gmt":"2016-09-02T19:21:29","guid":{"rendered":"https:\/\/wp.ufpel.edu.br\/ppgh\/?page_id=266"},"modified":"2023-09-06T10:35:36","modified_gmt":"2023-09-06T13:35:36","slug":"publicacoes-2","status":"publish","type":"page","link":"https:\/\/wp.ufpel.edu.br\/ppgh\/publicacoes-2\/","title":{"rendered":"Publica\u00e7\u00f5es"},"content":{"rendered":"<ol>\n<li><a href=\"https:\/\/periodicos.ufpel.edu.br\/ojs2\/index.php\/lepaarq\/index\">Cadernos do LEPAARQ. Publica\u00e7\u00e3o do Laborat\u00f3rio de Antropologia e Arqueologia da UFPel <\/a>&#8211;<\/li>\n<li><a href=\"https:\/\/periodicos.ufpel.edu.br\/ojs2\/index.php\/HistRev\">Hist\u00f3ria em Revista. Publica\u00e7\u00e3o do N\u00facleo de Documenta\u00e7\u00e3o Hist\u00f3rica da UFPel<\/a><\/li>\n<li><a href=\"https:\/\/periodicos.ufpel.edu.br\/ojs2\/index.php\/interfaces\">Interfaces \u2013 Brasil \/ Canad\u00e1. Publica\u00e7\u00e3o da Associa\u00e7\u00e3o Brasileira de Estudos Canadenses \u2013 ABECAN, em parceria com a UFPel, a USP e a UDESC.<\/a><\/li>\n<li>Cole\u00e7\u00e3o &#8220;<a href=\"https:\/\/wp.ufpel.edu.br\/ppgh\/files\/2023\/09\/Colecao-Teses-e-Dissertacoes.pdf\" rel=\"attachment wp-att-3364\">Teses e Disserta\u00e7\u00f5es&#8221;<\/a><\/li>\n<\/ol>\n<p>&nbsp;<\/p>\n","protected":false},"excerpt":{"rendered":"<p>Cadernos do LEPAARQ. Publica\u00e7\u00e3o do Laborat\u00f3rio de Antropologia e Arqueologia da UFPel &#8211; Hist\u00f3ria em Revista. Publica\u00e7\u00e3o do N\u00facleo de Documenta\u00e7\u00e3o Hist\u00f3rica da UFPel Interfaces \u2013 Brasil \/ Canad\u00e1. Publica\u00e7\u00e3o da Associa\u00e7\u00e3o Brasileira de Estudos Canadenses \u2013 ABECAN, em parceria com a UFPel, a USP e a UDESC. Cole\u00e7\u00e3o &#8220;Teses e Disserta\u00e7\u00f5es&#8221; &nbsp;<\/p>\n","protected":false},"author":57,"featured_media":0,"parent":0,"menu_order":0,"comment_status":"closed","ping_status":"closed","template":"","meta":{"footnotes":""},"class_list":["post-266","page","type-page","status-publish","hentry"],"_links":{"self":[{"href":"https:\/\/wp.ufpel.edu.br\/ppgh\/wp-json\/wp\/v2\/pages\/266","targetHints":{"allow":["GET"]}}],"collection":[{"href":"https:\/\/wp.ufpel.edu.br\/ppgh\/wp-json\/wp\/v2\/pages"}],"about":[{"href":"https:\/\/wp.ufpel.edu.br\/ppgh\/wp-json\/wp\/v2\/types\/page"}],"author":[{"embeddable":true,"href":"https:\/\/wp.ufpel.edu.br\/ppgh\/wp-json\/wp\/v2\/users\/57"}],"replies":[{"embeddable":true,"href":"https:\/\/wp.ufpel.edu.br\/ppgh\/wp-json\/wp\/v2\/comments?post=266"}],"version-history":[{"count":3,"href":"https:\/\/wp.ufpel.edu.br\/ppgh\/wp-json\/wp\/v2\/pages\/266\/revisions"}],"predecessor-version":[{"id":3365,"href":"https:\/\/wp.ufpel.edu.br\/ppgh\/wp-json\/wp\/v2\/pages\/266\/revisions\/3365"}],"wp:attachment":[{"href":"https:\/\/wp.ufpel.edu.br\/ppgh\/wp-json\/wp\/v2\/media?parent=266"}],"curies":[{"name":"wp","href":"https:\/\/api.w.org\/{rel}","templated":true}]}}