{"id":1775,"date":"2020-02-24T09:29:23","date_gmt":"2020-02-24T12:29:23","guid":{"rendered":"https:\/\/wp.ufpel.edu.br\/ppgh\/?page_id=1775"},"modified":"2020-02-24T09:29:23","modified_gmt":"2020-02-24T12:29:23","slug":"publications","status":"publish","type":"page","link":"https:\/\/wp.ufpel.edu.br\/ppgh\/publications\/","title":{"rendered":"Publications"},"content":{"rendered":"<ol>\n<li><span style=\"color: #000000\"><a style=\"color: #000000\" href=\"https:\/\/www.editorafi.org\/fronteiraseidentidades\">S\u00e9rie Fronteiras e Identidades\u00a0<\/a><\/span><\/li>\n<li><span style=\"color: #000000\"><a style=\"color: #000000\" href=\"https:\/\/periodicos.ufpel.edu.br\/ojs2\/index.php\/lepaarq\/index\">Cadernos do LEPAARQ. Publica\u00e7\u00e3o do Laborat\u00f3rio de Antropologia e Arqueologia da UFPel <\/a>&#8211;<\/span><\/li>\n<li><span style=\"color: #000000\"><a style=\"color: #000000\" href=\"https:\/\/periodicos.ufpel.edu.br\/ojs2\/index.php\/HistRev\">Hist\u00f3ria em Revista. Publica\u00e7\u00e3o do N\u00facleo de Documenta\u00e7\u00e3o Hist\u00f3rica da UFPel<\/a><\/span><\/li>\n<li><span style=\"color: #000000\"><a style=\"color: #000000\" href=\"https:\/\/periodicos.ufpel.edu.br\/ojs2\/index.php\/interfaces\">Interfaces \u2013 Brasil \/ Canad\u00e1. Publica\u00e7\u00e3o da Associa\u00e7\u00e3o Brasileira de Estudos Canadenses \u2013 ABECAN, em parceria com a UFPel, a USP e a UDESC.<\/a><\/span><\/li>\n<li><span style=\"color: #000000\"><a style=\"color: #000000\" href=\"https:\/\/periodicos.ufpel.edu.br\/ojs2\/index.php\/CLIO\"><em>Of\u00edcios de Clio<\/em>. Revista Discente dos Cursos de Hist\u00f3ria da UFPel<\/a><\/span><\/li>\n<\/ol>\n","protected":false},"excerpt":{"rendered":"<p>S\u00e9rie Fronteiras e Identidades\u00a0 Cadernos do LEPAARQ. Publica\u00e7\u00e3o do Laborat\u00f3rio de Antropologia e Arqueologia da UFPel &#8211; Hist\u00f3ria em Revista. Publica\u00e7\u00e3o do N\u00facleo de Documenta\u00e7\u00e3o Hist\u00f3rica da UFPel Interfaces \u2013 Brasil \/ Canad\u00e1. Publica\u00e7\u00e3o da Associa\u00e7\u00e3o Brasileira de Estudos Canadenses \u2013 ABECAN, em parceria com a UFPel, a USP e a UDESC. Of\u00edcios de Clio. [&hellip;]<\/p>\n","protected":false},"author":57,"featured_media":0,"parent":0,"menu_order":0,"comment_status":"closed","ping_status":"closed","template":"","meta":{"footnotes":""},"class_list":["post-1775","page","type-page","status-publish","hentry"],"_links":{"self":[{"href":"https:\/\/wp.ufpel.edu.br\/ppgh\/wp-json\/wp\/v2\/pages\/1775","targetHints":{"allow":["GET"]}}],"collection":[{"href":"https:\/\/wp.ufpel.edu.br\/ppgh\/wp-json\/wp\/v2\/pages"}],"about":[{"href":"https:\/\/wp.ufpel.edu.br\/ppgh\/wp-json\/wp\/v2\/types\/page"}],"author":[{"embeddable":true,"href":"https:\/\/wp.ufpel.edu.br\/ppgh\/wp-json\/wp\/v2\/users\/57"}],"replies":[{"embeddable":true,"href":"https:\/\/wp.ufpel.edu.br\/ppgh\/wp-json\/wp\/v2\/comments?post=1775"}],"version-history":[{"count":1,"href":"https:\/\/wp.ufpel.edu.br\/ppgh\/wp-json\/wp\/v2\/pages\/1775\/revisions"}],"predecessor-version":[{"id":1776,"href":"https:\/\/wp.ufpel.edu.br\/ppgh\/wp-json\/wp\/v2\/pages\/1775\/revisions\/1776"}],"wp:attachment":[{"href":"https:\/\/wp.ufpel.edu.br\/ppgh\/wp-json\/wp\/v2\/media?parent=1775"}],"curies":[{"name":"wp","href":"https:\/\/api.w.org\/{rel}","templated":true}]}}