{"id":1686,"date":"2019-12-30T10:07:35","date_gmt":"2019-12-30T13:07:35","guid":{"rendered":"https:\/\/wp.ufpel.edu.br\/ppgh\/?page_id=1686"},"modified":"2020-07-21T10:06:53","modified_gmt":"2020-07-21T13:06:53","slug":"research-groups","status":"publish","type":"page","link":"https:\/\/wp.ufpel.edu.br\/ppgh\/research-groups\/","title":{"rendered":"Study Groups"},"content":{"rendered":"<p><span class=\"text12\">&#8211; Ambiente interdisciplinar para desenvolvimento de metodologias integradas de pesquisas (AMI)<\/span><\/p>\n<p class=\"text12\">&#8211;<a href=\"http:\/\/ensinodehistoriaufpel.blogspot.com.br\/\"> Laborat\u00f3rio\u00a0de Ensino de Hist\u00f3ria (LEH)<\/a><\/p>\n<p class=\"text12\">&#8211; <a href=\"https:\/\/wp.ufpel.edu.br\/lepaarq\/\">Laborat\u00f3rio\u00a0de Ensino e Pesquisa em Antropologia e Arqueologia (LEPAARQ)<\/a><\/p>\n<p class=\"text12\">&#8211; <a href=\"http:\/\/leca.ufpel.edu.br\/home\">Laborat\u00f3rio\u00a0de Estudos da Cer\u00e2mica Antiga (LECA)<\/a><\/p>\n<p class=\"text12\">&#8211; <a href=\"https:\/\/www.facebook.com\/profile.php?id=100010735660706&amp;fref=ts&amp;__mref=message\">Laborat\u00f3rio\u00a0Interdisciplinar de Ensino e pesquisa em Entretenimento e M\u00eddias (LIPEEM)<\/a><\/p>\n<p class=\"text12\">&#8211; <a href=\"https:\/\/lapiufpel.wordpress.com\/\">Laborat\u00f3rio de Pol\u00edtica e Imagem (LAPI)<\/a><\/p>\n<p class=\"text12\">&#8211; <a href=\"http:\/\/www2.ufpel.edu.br\/ich\/ndh\/\">N\u00facleo de Documenta\u00e7\u00e3o Hist\u00f3rica (NDH)<\/a><\/p>\n<p class=\"text12\">&#8211; <a href=\"https:\/\/wp.ufpel.edu.br\/nphr\/\">N\u00facleo de Pesquisa em Hist\u00f3ria Regional (NPHR)<\/a><\/p>\n<p class=\"text12\">&#8211; <a href=\"https:\/\/www.facebook.com\/poiemaufpel\/\">Polo Interdisciplinar de Estudos do Medievo e da Antiguidade <u>(POIEMA)<\/u><\/a><\/p>\n<p class=\"text12\">&#8211;\u00a0<a href=\"https:\/\/wp.ufpel.edu.br\/museumaciel\/\">Museu Etnogr\u00e1fico da Col\u00f4nia Maciel<\/a><\/p>\n<p class=\"text12\">&#8211; <a href=\"http:\/\/museudacoloniafrancesa.blogspot.com.br\/\">\u00a0Museu da Col\u00f4nia Francesa<\/a><\/p>\n","protected":false},"excerpt":{"rendered":"<p>&#8211; Ambiente interdisciplinar para desenvolvimento de metodologias integradas de pesquisas (AMI) &#8211; Laborat\u00f3rio\u00a0de Ensino de Hist\u00f3ria (LEH) &#8211; Laborat\u00f3rio\u00a0de Ensino e Pesquisa em Antropologia e Arqueologia (LEPAARQ) &#8211; Laborat\u00f3rio\u00a0de Estudos da Cer\u00e2mica Antiga (LECA) &#8211; Laborat\u00f3rio\u00a0Interdisciplinar de Ensino e pesquisa em Entretenimento e M\u00eddias (LIPEEM) &#8211; Laborat\u00f3rio de Pol\u00edtica e Imagem (LAPI) &#8211; N\u00facleo de [&hellip;]<\/p>\n","protected":false},"author":57,"featured_media":0,"parent":0,"menu_order":0,"comment_status":"closed","ping_status":"closed","template":"","meta":{"footnotes":""},"class_list":["post-1686","page","type-page","status-publish","hentry"],"_links":{"self":[{"href":"https:\/\/wp.ufpel.edu.br\/ppgh\/wp-json\/wp\/v2\/pages\/1686","targetHints":{"allow":["GET"]}}],"collection":[{"href":"https:\/\/wp.ufpel.edu.br\/ppgh\/wp-json\/wp\/v2\/pages"}],"about":[{"href":"https:\/\/wp.ufpel.edu.br\/ppgh\/wp-json\/wp\/v2\/types\/page"}],"author":[{"embeddable":true,"href":"https:\/\/wp.ufpel.edu.br\/ppgh\/wp-json\/wp\/v2\/users\/57"}],"replies":[{"embeddable":true,"href":"https:\/\/wp.ufpel.edu.br\/ppgh\/wp-json\/wp\/v2\/comments?post=1686"}],"version-history":[{"count":4,"href":"https:\/\/wp.ufpel.edu.br\/ppgh\/wp-json\/wp\/v2\/pages\/1686\/revisions"}],"predecessor-version":[{"id":1897,"href":"https:\/\/wp.ufpel.edu.br\/ppgh\/wp-json\/wp\/v2\/pages\/1686\/revisions\/1897"}],"wp:attachment":[{"href":"https:\/\/wp.ufpel.edu.br\/ppgh\/wp-json\/wp\/v2\/media?parent=1686"}],"curies":[{"name":"wp","href":"https:\/\/api.w.org\/{rel}","templated":true}]}}