{"id":1677,"date":"2019-12-29T12:03:05","date_gmt":"2019-12-29T15:03:05","guid":{"rendered":"https:\/\/wp.ufpel.edu.br\/ppgh\/?page_id=1677"},"modified":"2025-03-14T19:42:28","modified_gmt":"2025-03-14T22:42:28","slug":"apresentacao","status":"publish","type":"page","link":"https:\/\/wp.ufpel.edu.br\/ppgh\/apresentacao\/","title":{"rendered":"Apresenta\u00e7\u00e3o"},"content":{"rendered":"<p style=\"text-align: justify\">O Programa de P\u00f3s-Gradua\u00e7\u00e3o em Hist\u00f3ria da Universidade Federal de Pelotas, lotado no Instituto de Ci\u00eancias Humanas, comp\u00f5e-se dos Cursos de Mestrado e Doutorado, aprovados respectivamente em 2009 e 2018. A \u00e1rea de concentra\u00e7\u00e3o \u00e9 \u201cFronteiras e Identidades\u201d, tendo quatro linhas de pesquisa: \u201cEstado: entre poder, tens\u00f5es e autoritarismo\u201d, \u201cTrajet\u00f3rias: entre identidades, mem\u00f3ria e conflito social\u201d, \u201cImagens: entre iconografia, cultura visual e intermidialidade\u201d e \u201cCulturas: entre ensino, linguagens e forma\u00e7\u00e3o de sentidos\u201d.<\/p>\n<p style=\"text-align: justify\">A UFPEL \u00e9 a \u00fanica universidade na metade Sul do Rio Grande do Sul a oferecer, na p\u00f3s-gradua\u00e7\u00e3o em Hist\u00f3ria, os cursos de Mestrado Acad\u00eamico e Doutorado Acad\u00eamico, fomentando os estudos hist\u00f3ricos na regi\u00e3o.<\/p>\n<p style=\"text-align: justify\">O Programa, com perfil interdisciplinar, inclui professores de diferentes unidades acad\u00eamicas da Universidade, que transitam entre diferentes saberes, tais como Hist\u00f3ria, Arqueologia, Artes Visuais, Dan\u00e7a, Direito, Educa\u00e7\u00e3o e Rela\u00e7\u00f5es Internacionais. O programa tem acolhido pesquisadores externos, nas modalidades de P\u00f3s-doutorado e Professor Visitante.<\/p>\n<p style=\"text-align: justify\">No extremo sul do pa\u00eds e a uma centena de quil\u00f4metros da fronteira com o Uruguai, a condi\u00e7\u00e3o geogr\u00e1fica de Pelotas a vocaciona para os estudos sobre \u201cfronteiras nacionais\u201d. No entanto, a problematiza\u00e7\u00e3o da \u00e1rea de concentra\u00e7\u00e3o estimula reflex\u00f5es mais amplas sobre aos conceitos de \u201cfronteira\u201d e de \u201cidentidade\u201d, em suas m\u00faltiplas possibilidades de interpreta\u00e7\u00e3o e de aplica\u00e7\u00e3o, com abertura para diferentes regi\u00f5es e per\u00edodos da hist\u00f3ria.<\/p>\n<p style=\"text-align: justify\">O PPGH\/UFPel promove dois eventos bienais oficiais, em anos alternados, o Encontro Internacional de Fronteiras e Identidades (EIFI) e o Encontro Discente. O programa associa-se a quatro peri\u00f3dicos: a <em>Of\u00edcios de Clio<\/em>, revista discente dos cursos de Hist\u00f3ria da UFPel; a\u00a0<em>Hist\u00f3ria em Revista<\/em>, publica\u00e7\u00e3o do N\u00facleo de Documenta\u00e7\u00e3o Hist\u00f3rica da UFPel, editada desde 1994; os\u00a0<em>Cadernos do LEPAARQ \u2013 Textos em Antropologia, Arqueologia e Patrim\u00f4nio<\/em>, publica\u00e7\u00e3o do Laborat\u00f3rio de Antropologia e Arqueologia da UFPel, editada desde 2004; e a revista\u00a0<em>Interfaces Brasil\/Canad\u00e1<\/em>, publica\u00e7\u00e3o oficial da Associa\u00e7\u00e3o Brasileira de Estudos Canadenses (ABECAN), editada desde 2001.<\/p>\n<p>&nbsp;<\/p>\n","protected":false},"excerpt":{"rendered":"<p>O Programa de P\u00f3s-Gradua\u00e7\u00e3o em Hist\u00f3ria da Universidade Federal de Pelotas, lotado no Instituto de Ci\u00eancias Humanas, comp\u00f5e-se dos Cursos de Mestrado e Doutorado, aprovados respectivamente em 2009 e 2018. A \u00e1rea de concentra\u00e7\u00e3o \u00e9 \u201cFronteiras e Identidades\u201d, tendo quatro linhas de pesquisa: \u201cEstado: entre poder, tens\u00f5es e autoritarismo\u201d, \u201cTrajet\u00f3rias: entre identidades, mem\u00f3ria e conflito [&hellip;]<\/p>\n","protected":false},"author":57,"featured_media":0,"parent":0,"menu_order":0,"comment_status":"closed","ping_status":"closed","template":"","meta":{"footnotes":""},"class_list":["post-1677","page","type-page","status-publish","hentry"],"_links":{"self":[{"href":"https:\/\/wp.ufpel.edu.br\/ppgh\/wp-json\/wp\/v2\/pages\/1677","targetHints":{"allow":["GET"]}}],"collection":[{"href":"https:\/\/wp.ufpel.edu.br\/ppgh\/wp-json\/wp\/v2\/pages"}],"about":[{"href":"https:\/\/wp.ufpel.edu.br\/ppgh\/wp-json\/wp\/v2\/types\/page"}],"author":[{"embeddable":true,"href":"https:\/\/wp.ufpel.edu.br\/ppgh\/wp-json\/wp\/v2\/users\/57"}],"replies":[{"embeddable":true,"href":"https:\/\/wp.ufpel.edu.br\/ppgh\/wp-json\/wp\/v2\/comments?post=1677"}],"version-history":[{"count":4,"href":"https:\/\/wp.ufpel.edu.br\/ppgh\/wp-json\/wp\/v2\/pages\/1677\/revisions"}],"predecessor-version":[{"id":3998,"href":"https:\/\/wp.ufpel.edu.br\/ppgh\/wp-json\/wp\/v2\/pages\/1677\/revisions\/3998"}],"wp:attachment":[{"href":"https:\/\/wp.ufpel.edu.br\/ppgh\/wp-json\/wp\/v2\/media?parent=1677"}],"curies":[{"name":"wp","href":"https:\/\/api.w.org\/{rel}","templated":true}]}}