{"id":1592,"date":"2019-12-26T11:16:21","date_gmt":"2019-12-26T14:16:21","guid":{"rendered":"https:\/\/wp.ufpel.edu.br\/ppgh\/?page_id=1592"},"modified":"2025-08-05T10:32:37","modified_gmt":"2025-08-05T13:32:37","slug":"comissao-de-avaliacao-discente","status":"publish","type":"page","link":"https:\/\/wp.ufpel.edu.br\/ppgh\/comissao-de-avaliacao-discente\/","title":{"rendered":"Comiss\u00e3o de Acompanhamento de Bolsas e Avalia\u00e7\u00e3o Discente"},"content":{"rendered":"<p><strong>Membros<\/strong><\/p>\n<p><span style=\"color: var(--cor-texto);font-family: var(--fonte-corpo)\">Prof\u00aa. Dr\u00aa Alessandra Gasparotto<\/span><\/p>\n<p>Prof. Dr. Aristeu Elisandro Machado Lopes<\/p>\n<p>Prof. Dr. Bruno Rotta Almeida<\/p>\n<p>Gabriel Gon\u00e7alves Ribeiro (representante discente do Doutorado)<\/p>\n<p>Ryan dos Santos Cardoso (representante discente do Mestrado)<\/p>\n<p>&nbsp;<\/p>\n<p>&nbsp;<\/p>\n<p><strong>Comiss\u00e3o anterior<\/strong><\/p>\n<p>Prof\u00aa. Dr\u00aa Alessandra Gasparotto<\/p>\n<p>Prof\u00aa. Dr\u00aa Lisiane Sias Manke<\/p>\n<p>Prof. Dr. Thiago Silva de Amorim Jesus<\/p>\n<p>&nbsp;<\/p>\n","protected":false},"excerpt":{"rendered":"<p>Membros Prof\u00aa. Dr\u00aa Alessandra Gasparotto Prof. Dr. Aristeu Elisandro Machado Lopes Prof. Dr. Bruno Rotta Almeida Gabriel Gon\u00e7alves Ribeiro (representante discente do Doutorado) Ryan dos Santos Cardoso (representante discente do Mestrado) &nbsp; &nbsp; Comiss\u00e3o anterior Prof\u00aa. Dr\u00aa Alessandra Gasparotto Prof\u00aa. Dr\u00aa Lisiane Sias Manke Prof. Dr. Thiago Silva de Amorim Jesus &nbsp;<\/p>\n","protected":false},"author":57,"featured_media":0,"parent":0,"menu_order":0,"comment_status":"closed","ping_status":"closed","template":"","meta":{"footnotes":""},"class_list":["post-1592","page","type-page","status-publish","hentry"],"_links":{"self":[{"href":"https:\/\/wp.ufpel.edu.br\/ppgh\/wp-json\/wp\/v2\/pages\/1592","targetHints":{"allow":["GET"]}}],"collection":[{"href":"https:\/\/wp.ufpel.edu.br\/ppgh\/wp-json\/wp\/v2\/pages"}],"about":[{"href":"https:\/\/wp.ufpel.edu.br\/ppgh\/wp-json\/wp\/v2\/types\/page"}],"author":[{"embeddable":true,"href":"https:\/\/wp.ufpel.edu.br\/ppgh\/wp-json\/wp\/v2\/users\/57"}],"replies":[{"embeddable":true,"href":"https:\/\/wp.ufpel.edu.br\/ppgh\/wp-json\/wp\/v2\/comments?post=1592"}],"version-history":[{"count":9,"href":"https:\/\/wp.ufpel.edu.br\/ppgh\/wp-json\/wp\/v2\/pages\/1592\/revisions"}],"predecessor-version":[{"id":4181,"href":"https:\/\/wp.ufpel.edu.br\/ppgh\/wp-json\/wp\/v2\/pages\/1592\/revisions\/4181"}],"wp:attachment":[{"href":"https:\/\/wp.ufpel.edu.br\/ppgh\/wp-json\/wp\/v2\/media?parent=1592"}],"curies":[{"name":"wp","href":"https:\/\/api.w.org\/{rel}","templated":true}]}}