{"id":138,"date":"2016-09-02T11:51:05","date_gmt":"2016-09-02T14:51:05","guid":{"rendered":"https:\/\/wp.ufpel.edu.br\/ppgh\/?page_id=138"},"modified":"2016-09-13T12:06:10","modified_gmt":"2016-09-13T15:06:10","slug":"links-interessantes","status":"publish","type":"page","link":"https:\/\/wp.ufpel.edu.br\/ppgh\/links-interessantes\/","title":{"rendered":"Links Interessantes"},"content":{"rendered":"<p><a class=\"text12\" href=\"http:\/\/www.capes.gov.br\/\" target=\"_blank\">CAPES: http:\/\/www.capes.gov.br<\/a><\/p>\n<p><a class=\"text12\" href=\"http:\/\/www.cnpq.br\/\" target=\"_blank\">CNPq: http:\/\/www.cnpq.br<\/a><\/p>\n<p><a class=\"text12\" href=\"http:\/\/www.periodicos.capes.gov.br\/\" target=\"_blank\">PERI\u00d3DICOS: http:\/\/www.periodicos.capes.gov.br<\/a><\/p>\n<p><a href=\"http:\/\/www.anpuh-rs.org.br\/\">Associa\u00e7\u00e3o Nacional de Hist\u00f3ria-Se\u00e7\u00e3o Rio Grande do Sul:\u00a0http:\/\/www.anpuh-rs.org.br\/<\/a><\/p>\n<p><a href=\"http:\/\/site.anpuh.org\/\">Associa\u00e7\u00e3o Nacional e Hist\u00f3ria:\u00a0http:\/\/site.anpuh.org\/<\/a><\/p>\n","protected":false},"excerpt":{"rendered":"<p>CAPES: http:\/\/www.capes.gov.br CNPq: http:\/\/www.cnpq.br PERI\u00d3DICOS: http:\/\/www.periodicos.capes.gov.br Associa\u00e7\u00e3o Nacional de Hist\u00f3ria-Se\u00e7\u00e3o Rio Grande do Sul:\u00a0http:\/\/www.anpuh-rs.org.br\/ Associa\u00e7\u00e3o Nacional e Hist\u00f3ria:\u00a0http:\/\/site.anpuh.org\/<\/p>\n","protected":false},"author":57,"featured_media":0,"parent":0,"menu_order":0,"comment_status":"closed","ping_status":"closed","template":"","meta":{"footnotes":""},"class_list":["post-138","page","type-page","status-publish","hentry"],"_links":{"self":[{"href":"https:\/\/wp.ufpel.edu.br\/ppgh\/wp-json\/wp\/v2\/pages\/138","targetHints":{"allow":["GET"]}}],"collection":[{"href":"https:\/\/wp.ufpel.edu.br\/ppgh\/wp-json\/wp\/v2\/pages"}],"about":[{"href":"https:\/\/wp.ufpel.edu.br\/ppgh\/wp-json\/wp\/v2\/types\/page"}],"author":[{"embeddable":true,"href":"https:\/\/wp.ufpel.edu.br\/ppgh\/wp-json\/wp\/v2\/users\/57"}],"replies":[{"embeddable":true,"href":"https:\/\/wp.ufpel.edu.br\/ppgh\/wp-json\/wp\/v2\/comments?post=138"}],"version-history":[{"count":5,"href":"https:\/\/wp.ufpel.edu.br\/ppgh\/wp-json\/wp\/v2\/pages\/138\/revisions"}],"predecessor-version":[{"id":318,"href":"https:\/\/wp.ufpel.edu.br\/ppgh\/wp-json\/wp\/v2\/pages\/138\/revisions\/318"}],"wp:attachment":[{"href":"https:\/\/wp.ufpel.edu.br\/ppgh\/wp-json\/wp\/v2\/media?parent=138"}],"curies":[{"name":"wp","href":"https:\/\/api.w.org\/{rel}","templated":true}]}}