{"id":1339,"date":"2019-06-17T09:56:20","date_gmt":"2019-06-17T12:56:20","guid":{"rendered":"https:\/\/wp.ufpel.edu.br\/ppgh\/?page_id=1339"},"modified":"2021-04-09T09:08:38","modified_gmt":"2021-04-09T12:08:38","slug":"turma-2017-2","status":"publish","type":"page","link":"https:\/\/wp.ufpel.edu.br\/ppgh\/turma-2017-2\/","title":{"rendered":"Turma 2017"},"content":{"rendered":"<p>ARTUR RODRIGO ITAQUI LOPES FILHO<\/p>\n<p><a href=\"https:\/\/wp.ufpel.edu.br\/ppgh\/turma-2017-2\/o-capitao-america-enquanto-representacao-valorativa-da-segunda-guerra-mundial-1941-1945\/\" rel=\"attachment wp-att-1487\">O Capit\u00e3o Am\u00e9rica enquanto representa\u00e7\u00e3o (valorativa) da Segunda Guerra Mundial (1941-1945)<\/a><\/p>\n<p>&nbsp;<\/p>\n<p>CAROLINA ABELAIRA SILVEIRA<\/p>\n<p><a href=\"https:\/\/wp.ufpel.edu.br\/ppgh\/turma-2017-2\/entre-orgasmos-ou-a-falta-deles-a-construcao-da-sexualidade-feminina-nas-obras-de-william-master-virginia-johnson-e-shere-hite\/\" rel=\"attachment wp-att-1489\">Entre orgasmos ou a falta deles &#8211; a constru\u00e7\u00e3o da sexualidade feminina nas obras de William Master &amp; Virginia Johnson e Shere Hite<\/a><\/p>\n<p>&nbsp;<\/p>\n<p>CAROLINE ATENCIO MEDEIROS NUNES<\/p>\n<p><a href=\"https:\/\/wp.ufpel.edu.br\/ppgh\/turma-2017-2\/nao-nos-submeteremos-ao-xa-nem-ao-aiatola-religiao-e-relacoes-de-genero-em-persepolis-e-bordados-de-marjane-satrapi-1978-1994\/\" rel=\"attachment wp-att-1346\">N\u00e3o nos submeteremos ao X\u00e1 nem ao Aiatol\u00e1 &#8211; Religi\u00e3o e Rela\u00e7\u00f5es de g\u00eanero em Pers\u00e9polis e Bordados, de Marjane Satrapi (1978 -1994)<\/a><\/p>\n<p>&nbsp;<\/p>\n<p>CAROLINE BESKOW QUINTANA<\/p>\n<p><a href=\"https:\/\/wp.ufpel.edu.br\/ppgh\/turma-2017-2\/hotelaria-alema-na-decada-de-1940-o-quebra-quebra-nos-hoteis-pelotenses\/\" rel=\"attachment wp-att-2108\">HOTELARIA ALEM\u00c3 NA D\u00c9CADA DE 1940. O QUEBRA-QUEBRA NOS HOT\u00c9IS PELOTENSES<\/a><\/p>\n<p>&nbsp;<\/p>\n<p>CAROLINE DUARTE MATOSO<\/p>\n<p><a href=\"https:\/\/wp.ufpel.edu.br\/ppgh\/turma-2017-2\/as-marias-que-tecem-os-amanhas-fiando-a-existencia-e-tramando-a-resistencia-na-fabrica-rheingantz-rio-grande-1920-a-1968-2\/\" rel=\"attachment wp-att-1846\">As Marias que tecem os amanh\u00e3s Fiando a exist\u00eancia e tramando a resist\u00eancia na f\u00e1brica Rheingantz (Rio Grande, 1920 a 1968)<\/a><\/p>\n<p>&nbsp;<\/p>\n<p>F\u00c1BIO DONATO FERREIRA<\/p>\n<p><a href=\"https:\/\/wp.ufpel.edu.br\/ppgh\/turma-2017-2\/a-redemocratizacao-do-riso-as-charges-da-grande-imprensa-na-reabertura-politica-1979-1985\/\" rel=\"attachment wp-att-1483\">A Redemocratiza\u00e7\u00e3o do Riso &#8211; As Charges da grande imprensa na reabertura pol\u00edtica (1979-1985)<\/a><\/p>\n<p>&nbsp;<\/p>\n<p>FELIPE ALVES PEREIRA AVILA<\/p>\n<p><a href=\"https:\/\/wp.ufpel.edu.br\/ppgh\/turma-2017-2\/a-editora-revisao-e-as-representacoes-da-negacao-do-holocausto-no-brasil\/\" rel=\"attachment wp-att-1849\">A Editora Revis\u00e3o e as Representa\u00e7\u00f5es da Nega\u00e7\u00e3o do Holocausto no Brasil<\/a><\/p>\n<p>&nbsp;<\/p>\n<p>GILSON MOURA HENRIQUE JUNIOR<\/p>\n<p><a href=\"https:\/\/wp.ufpel.edu.br\/ppgh\/turma-2017-2\/de-catafalco-a-hirsuto-e-ingenuo-czar-as-representacoes-sobre-luiz-carlos-prestes-pelo-jornal-a-federacao-1924-1930\/\" rel=\"attachment wp-att-1341\">DE CATAFALCO A HIRSUTO E ING\u00caNUO CZAR- As representa\u00e7\u00f5es sobre Luiz Carlos Prestes pelo jornal A Federa\u00e7\u00e3o (1924-1930)<\/a><\/p>\n<p>&nbsp;<\/p>\n<p>LUCAS DA SILVA BRAND\u00c3O<\/p>\n<p><a href=\"https:\/\/wp.ufpel.edu.br\/ppgh\/turma-2017-2\/nestas-atormentadas-ruas-voce-pode-comprar-qualquer-coisa-consciencia-cultura-e-experiencia-nas-letras-dos-manic-stret-preachers-1988-a-1944-2\/\" rel=\"attachment wp-att-2409\">Nestas atormentadas ruas voc\u00ea pode comprar qualquer coisa Consci\u00eancia, cultura e experi\u00eancia nas letras dos Manic Stret Preachers (1988 a 1944)<\/a><\/p>\n<p>&nbsp;<\/p>\n<p>MARIANA ROCKEMBACK DA SILVA<\/p>\n<p><a href=\"https:\/\/wp.ufpel.edu.br\/ppgh\/turma-2017-2\/o-palco-como-desejo-a-trajetoria-de-antonia-caringi-de-aquino-como-centro-do-espetaculo-2\/\" rel=\"attachment wp-att-1894\">O PALCO COMO DESEJO &#8211; A trajet\u00f3ria de Ant\u00f4nia Caringi de Aquino como centro do espet\u00e1culo<\/a><\/p>\n<p>&nbsp;<\/p>\n<p>MAURICIO DA CUNHA ALBUQUERQUE<\/p>\n<p><a href=\"https:\/\/wp.ufpel.edu.br\/ppgh\/turma-2017-2\/por-tras-da-capa-e-da-espada-o-neomedievalismo-em-principe-valente-de-hal-foster-1939-1940\/\" rel=\"attachment wp-att-1343\">&#8216;Por Tr\u00e1s da Capa e da Espada &#8211; O Neomedievalismo em Principe valente, de Hal Foster (1939-1940)<\/a><\/p>\n<p>&nbsp;<\/p>\n<p>MOACIR SILVA DO NASCIMENTO<\/p>\n<p><a href=\"https:\/\/wp.ufpel.edu.br\/ppgh\/turma-2017-2\/cor-racializacao-e-sociedade-uma-analise-sobre-a-insercao-de-negros-nas-fileiras-do-oficialato-da-marinha-de-guerra-do-brasil-no-pos-abolicao-1908-1917\/\" rel=\"attachment wp-att-1851\">Cor, racializa\u00e7\u00e3o e sociedade &#8211; uma an\u00e1lise sobre a inser\u00e7\u00e3o de negros nas fileiras do oficialato da Marinha de Guerra do Brasil no p\u00f3s-aboli\u00e7\u00e3o (1908-1917)<\/a><\/p>\n<p>&nbsp;<\/p>\n<p>RAFAEL DE MOURA PERNAS<\/p>\n<p><a href=\"https:\/\/wp.ufpel.edu.br\/ppgh\/turma-2017-2\/ser-ser-humano-projetando-o-futuro-atraves-do-humano-maquina-nas-narrativas-dos-jogos-call-of-duty-black-ops-iii-soma-e-the-talos-principle\/\" rel=\"attachment wp-att-1485\">SER ser humano &#8211; projetando o futuro atrav\u00e9s do humano-m\u00e1quina nas narrativas dos jogos Call of Duty &#8211; Black ops III, Soma e the talos principle<\/a><\/p>\n<p>&nbsp;<\/p>\n<p>SILVANA DE ARA\u00daJO MOREIRA<\/p>\n<p><a href=\"https:\/\/wp.ufpel.edu.br\/ppgh\/turma-2017-2\/zyd-579-1079-mega-hertz-radio-federal-fm-o-protagonismo-do-radialista-como-sobrevivente-das-midias-1980-2017\/\" rel=\"attachment wp-att-1344\">\u201cZYD 579, 107,9 MEGA HERTZ \u2013 R\u00c1DIO FEDERAL FM\u201d &#8211; O PROTAGONISMO DO RADIALISTA COMO SOBREVIVENTE DAS M\u00cdDIAS (1980-2017)<\/a><\/p>\n","protected":false},"excerpt":{"rendered":"<p>ARTUR RODRIGO ITAQUI LOPES FILHO O Capit\u00e3o Am\u00e9rica enquanto representa\u00e7\u00e3o (valorativa) da Segunda Guerra Mundial (1941-1945) &nbsp; CAROLINA ABELAIRA SILVEIRA Entre orgasmos ou a falta deles &#8211; a constru\u00e7\u00e3o da sexualidade feminina nas obras de William Master &amp; Virginia Johnson e Shere Hite &nbsp; CAROLINE ATENCIO MEDEIROS NUNES N\u00e3o nos submeteremos ao X\u00e1 nem ao [&hellip;]<\/p>\n","protected":false},"author":57,"featured_media":0,"parent":0,"menu_order":0,"comment_status":"closed","ping_status":"closed","template":"","meta":{"footnotes":""},"class_list":["post-1339","page","type-page","status-publish","hentry"],"_links":{"self":[{"href":"https:\/\/wp.ufpel.edu.br\/ppgh\/wp-json\/wp\/v2\/pages\/1339","targetHints":{"allow":["GET"]}}],"collection":[{"href":"https:\/\/wp.ufpel.edu.br\/ppgh\/wp-json\/wp\/v2\/pages"}],"about":[{"href":"https:\/\/wp.ufpel.edu.br\/ppgh\/wp-json\/wp\/v2\/types\/page"}],"author":[{"embeddable":true,"href":"https:\/\/wp.ufpel.edu.br\/ppgh\/wp-json\/wp\/v2\/users\/57"}],"replies":[{"embeddable":true,"href":"https:\/\/wp.ufpel.edu.br\/ppgh\/wp-json\/wp\/v2\/comments?post=1339"}],"version-history":[{"count":15,"href":"https:\/\/wp.ufpel.edu.br\/ppgh\/wp-json\/wp\/v2\/pages\/1339\/revisions"}],"predecessor-version":[{"id":2410,"href":"https:\/\/wp.ufpel.edu.br\/ppgh\/wp-json\/wp\/v2\/pages\/1339\/revisions\/2410"}],"wp:attachment":[{"href":"https:\/\/wp.ufpel.edu.br\/ppgh\/wp-json\/wp\/v2\/media?parent=1339"}],"curies":[{"name":"wp","href":"https:\/\/api.w.org\/{rel}","templated":true}]}}