{"id":121,"date":"2016-09-02T11:47:05","date_gmt":"2016-09-02T14:47:05","guid":{"rendered":"https:\/\/wp.ufpel.edu.br\/ppgh\/?page_id=121"},"modified":"2023-09-06T13:01:47","modified_gmt":"2023-09-06T16:01:47","slug":"publicacoes","status":"publish","type":"page","link":"https:\/\/wp.ufpel.edu.br\/ppgh\/publicacoes\/","title":{"rendered":"Publica\u00e7\u00f5es"},"content":{"rendered":"<ol>\n<li><span style=\"color: #000000\"><a style=\"color: #000000\" href=\"https:\/\/www.editorafi.org\/fronteiraseidentidades\">S\u00e9rie Fronteiras e Identidades\u00a0<\/a><\/span><\/li>\n<li><span style=\"color: #000000\"><a style=\"color: #000000\" href=\"https:\/\/periodicos.ufpel.edu.br\/ojs2\/index.php\/lepaarq\/index\">Cadernos do LEPAARQ. Publica\u00e7\u00e3o do Laborat\u00f3rio de Antropologia e Arqueologia da UFPel <\/a>&#8211;<\/span><\/li>\n<li><span style=\"color: #000000\"><a style=\"color: #000000\" href=\"https:\/\/periodicos.ufpel.edu.br\/ojs2\/index.php\/HistRev\">Hist\u00f3ria em Revista. Publica\u00e7\u00e3o do N\u00facleo de Documenta\u00e7\u00e3o Hist\u00f3rica da UFPel<\/a><\/span><\/li>\n<li><span style=\"color: #000000\"><a style=\"color: #000000\" href=\"https:\/\/periodicos.ufpel.edu.br\/ojs2\/index.php\/interfaces\">Interfaces \u2013 Brasil \/ Canad\u00e1. Publica\u00e7\u00e3o da Associa\u00e7\u00e3o Brasileira de Estudos Canadenses \u2013 ABECAN, em parceria com a UFPel, a USP e a UDESC.<\/a><\/span><\/li>\n<li><span style=\"color: #000000\"><a style=\"color: #000000\" href=\"https:\/\/periodicos.ufpel.edu.br\/ojs2\/index.php\/CLIO\"><em>Of\u00edcios de Clio<\/em>. Revista Discente dos Cursos de Hist\u00f3ria da UFPel<\/a><\/span><\/li>\n<li>Cole\u00e7\u00e3o Disserta\u00e7\u00e3o e Teses:<\/li>\n<\/ol>\n<ul>\n<li><a href=\"https:\/\/wp.ufpel.edu.br\/ppgh\/files\/2023\/09\/Livro-Gabriel-Carvalho-Kunrath.pdf\" rel=\"attachment wp-att-3367\">N\u00e3o tivemos outro jeito, ou morr\u00edamos ou nos defend\u00edamos: uma an\u00e1lise acerca da batalha do Irani (1912)\u00a0 de Gabriel Carvalho Kunrath<\/a><\/li>\n<li><a style=\"text-align: center;font-family: var(--fonte-corpo)\" href=\"https:\/\/wp.ufpel.edu.br\/ppgh\/files\/2023\/09\/Livro-Jose-Resende-Jr.pdf\" rel=\"attachment wp-att-3368\">&#8220;Inf\u00e2ncias de sal e areia&#8221; uma hist\u00f3ria das crian\u00e7as escravizadas em Pelotas e Rio Grande (1820-1870) de Jos\u00e9 Resende Jr<\/a><\/li>\n<li><a href=\"https:\/\/wp.ufpel.edu.br\/ppgh\/files\/2023\/09\/Livro-Jessica-Lopes.pdf\" rel=\"attachment wp-att-3369\">BOLETIM RENNER uma estrat\u00e9gia do poder empresarial, Porto Alegre &#8211; RS (1949-1958) de J\u00e9ssica Lopes<\/a><\/li>\n<li><a href=\"https:\/\/wp.ufpel.edu.br\/ppgh\/files\/2023\/09\/Livro-Silvia-Mateus.pdf\" rel=\"attachment wp-att-3370\">Mem\u00f3rias Afrorreligiosas Reveladas a fotografia nos terreiros de S\u00edlvia Mateus<\/a><\/li>\n<\/ul>\n","protected":false},"excerpt":{"rendered":"<p>S\u00e9rie Fronteiras e Identidades\u00a0 Cadernos do LEPAARQ. Publica\u00e7\u00e3o do Laborat\u00f3rio de Antropologia e Arqueologia da UFPel &#8211; Hist\u00f3ria em Revista. Publica\u00e7\u00e3o do N\u00facleo de Documenta\u00e7\u00e3o Hist\u00f3rica da UFPel Interfaces \u2013 Brasil \/ Canad\u00e1. Publica\u00e7\u00e3o da Associa\u00e7\u00e3o Brasileira de Estudos Canadenses \u2013 ABECAN, em parceria com a UFPel, a USP e a UDESC. Of\u00edcios de Clio. [&hellip;]<\/p>\n","protected":false},"author":57,"featured_media":0,"parent":0,"menu_order":0,"comment_status":"closed","ping_status":"closed","template":"","meta":{"footnotes":""},"class_list":["post-121","page","type-page","status-publish","hentry"],"_links":{"self":[{"href":"https:\/\/wp.ufpel.edu.br\/ppgh\/wp-json\/wp\/v2\/pages\/121","targetHints":{"allow":["GET"]}}],"collection":[{"href":"https:\/\/wp.ufpel.edu.br\/ppgh\/wp-json\/wp\/v2\/pages"}],"about":[{"href":"https:\/\/wp.ufpel.edu.br\/ppgh\/wp-json\/wp\/v2\/types\/page"}],"author":[{"embeddable":true,"href":"https:\/\/wp.ufpel.edu.br\/ppgh\/wp-json\/wp\/v2\/users\/57"}],"replies":[{"embeddable":true,"href":"https:\/\/wp.ufpel.edu.br\/ppgh\/wp-json\/wp\/v2\/comments?post=121"}],"version-history":[{"count":7,"href":"https:\/\/wp.ufpel.edu.br\/ppgh\/wp-json\/wp\/v2\/pages\/121\/revisions"}],"predecessor-version":[{"id":3371,"href":"https:\/\/wp.ufpel.edu.br\/ppgh\/wp-json\/wp\/v2\/pages\/121\/revisions\/3371"}],"wp:attachment":[{"href":"https:\/\/wp.ufpel.edu.br\/ppgh\/wp-json\/wp\/v2\/media?parent=121"}],"curies":[{"name":"wp","href":"https:\/\/api.w.org\/{rel}","templated":true}]}}