{"id":1192,"date":"2019-04-17T09:28:04","date_gmt":"2019-04-17T12:28:04","guid":{"rendered":"https:\/\/wp.ufpel.edu.br\/ppgh\/?page_id=1192"},"modified":"2025-07-25T14:05:17","modified_gmt":"2025-07-25T17:05:17","slug":"estrutura-curricular-doutorado","status":"publish","type":"page","link":"https:\/\/wp.ufpel.edu.br\/ppgh\/estrutura-curricular-doutorado\/","title":{"rendered":"Estrutura Curricular Doutorado"},"content":{"rendered":"<p class=\"m_-387915194697324685ydpda8de5e5MsoNormal\"><b><span lang=\"PT-BR\">FLUXOGRAMA<\/span><\/b><\/p>\n<p class=\"m_-387915194697324685ydpda8de5e5MsoNormal\"><span lang=\"PT-BR\">1\u00ba SEM.<\/span><\/p>\n<p class=\"m_-387915194697324685ydpda8de5e5MsoNormal\"><span lang=\"PT-BR\">&#8211; Disciplina Obrigat\u00f3ria Geral<\/span><\/p>\n<p class=\"m_-387915194697324685ydpda8de5e5MsoNormal\"><span lang=\"PT-BR\">&#8211; 1 Eletiva<\/span><\/p>\n<p class=\"m_-387915194697324685ydpda8de5e5MsoNormal\"><span lang=\"PT-BR\">&#8211; S.O. I<\/span><\/p>\n<p class=\"m_-387915194697324685ydpda8de5e5MsoNormal\"><span lang=\"PT-BR\">2\u00ba SEM.<\/span><\/p>\n<p class=\"m_-387915194697324685ydpda8de5e5MsoNormal\"><span lang=\"PT-BR\">&#8211; Disciplina Obrigat\u00f3ria da Linha<\/span><\/p>\n<p class=\"m_-387915194697324685ydpda8de5e5MsoNormal\"><span lang=\"PT-BR\">&#8211; 1 Eletiva<\/span><\/p>\n<p class=\"m_-387915194697324685ydpda8de5e5MsoNormal\"><span lang=\"PT-BR\">&#8211; S.O. II<\/span><\/p>\n<p class=\"m_-387915194697324685ydpda8de5e5MsoNormal\"><span lang=\"PT-BR\">3\u00ba SEM.<\/span><\/p>\n<p class=\"m_-387915194697324685ydpda8de5e5MsoNormal\"><span lang=\"PT-BR\">&#8211; 1 Eletiva<\/span><\/p>\n<p class=\"m_-387915194697324685ydpda8de5e5MsoNormal\"><span lang=\"PT-BR\">&#8211; S.O. III<\/span><\/p>\n<p class=\"m_-387915194697324685ydpda8de5e5MsoNormal\"><span lang=\"PT-BR\">4<\/span><span lang=\"PT-BR\">\u00ba\u00a0<\/span><span lang=\"PT-BR\">SEM.\u00a0<\/span><\/p>\n<p class=\"m_-387915194697324685ydpda8de5e5MsoNormal\"><span lang=\"PT-BR\">&#8211; 1 Eletiva<\/span><\/p>\n<p class=\"m_-387915194697324685ydpda8de5e5MsoNormal\"><span lang=\"PT-BR\">&#8211; S.O IV<\/span><\/p>\n<p class=\"m_-387915194697324685ydpda8de5e5MsoNormal\"><span lang=\"PT-BR\">&#8211; Requerer Exame de Qualifica\u00e7\u00e3o<\/span><\/p>\n<p class=\"m_-387915194697324685ydpda8de5e5MsoNormal\"><span lang=\"PT-BR\">&#8211; Submeter-se \u00e0 Banca de Qualifica\u00e7\u00e3o<\/span><\/p>\n<p class=\"m_-387915194697324685ydpda8de5e5MsoNormal\"><span lang=\"PT-BR\">5\u00ba SEM.<\/span><\/p>\n<p class=\"m_-387915194697324685ydpda8de5e5MsoNormal\"><span lang=\"PT-BR\">&#8211; S.O. V<\/span><\/p>\n<p class=\"m_-387915194697324685ydpda8de5e5MsoNormal\"><span lang=\"PT-BR\">6\u00ba SEM.<\/span><\/p>\n<p class=\"m_-387915194697324685ydpda8de5e5MsoNormal\"><span lang=\"PT-BR\">&#8211; S.O. VI<\/span><\/p>\n<p class=\"m_-387915194697324685ydpda8de5e5MsoNormal\"><span lang=\"PT-BR\">7\u00ba SEM.<\/span><\/p>\n<p class=\"m_-387915194697324685ydpda8de5e5MsoNormal\"><span lang=\"PT-BR\">&#8211; S.O. VII<\/span><\/p>\n<p class=\"m_-387915194697324685ydpda8de5e5MsoNormal\"><span lang=\"PT-BR\">8\u00ba SEM.<\/span><\/p>\n<p class=\"m_-387915194697324685ydpda8de5e5MsoNormal\"><span lang=\"PT-BR\">&#8211; S.O. VIII<\/span><\/p>\n<p class=\"m_-387915194697324685ydpda8de5e5MsoNormal\"><span lang=\"PT-BR\">&#8211; Entrega da tese e constitui\u00e7\u00e3o de banca<\/span><\/p>\n<p class=\"m_-387915194697324685ydpda8de5e5MsoNormal\"><span lang=\"PT-BR\">&#8211; Submeter-se \u00e0 Banca de Defesa de Tese<\/span><\/p>\n<p>&nbsp;<\/p>\n<p>Ementas, bibliografias e demais dados das disciplinas:<\/p>\n<p><a href=\"https:\/\/wp.ufpel.edu.br\/ppgh\/estrutura-curricular-doutorado\/ementas-sucupira\/\" rel=\"attachment wp-att-2601\">Ementas &#8211; Sucupira<\/a><\/p>\n<p>&nbsp;<\/p>\n<p><strong>Disciplinas e c\u00f3digos<\/strong><\/p>\n<p><a href=\"https:\/\/wp.ufpel.edu.br\/ppgh\/estrutura-curricular-doutorado\/curriculo_curso_8053-2\/\" rel=\"attachment wp-att-4176\">Curr\u00edculo do Doutorado (8053)<\/a><\/p>\n","protected":false},"excerpt":{"rendered":"<p>FLUXOGRAMA 1\u00ba SEM. &#8211; Disciplina Obrigat\u00f3ria Geral &#8211; 1 Eletiva &#8211; S.O. I 2\u00ba SEM. &#8211; Disciplina Obrigat\u00f3ria da Linha &#8211; 1 Eletiva &#8211; S.O. II 3\u00ba SEM. &#8211; 1 Eletiva &#8211; S.O. III 4\u00ba\u00a0SEM.\u00a0 &#8211; 1 Eletiva &#8211; S.O IV &#8211; Requerer Exame de Qualifica\u00e7\u00e3o &#8211; Submeter-se \u00e0 Banca de Qualifica\u00e7\u00e3o 5\u00ba SEM. &#8211; [&hellip;]<\/p>\n","protected":false},"author":57,"featured_media":0,"parent":0,"menu_order":0,"comment_status":"closed","ping_status":"closed","template":"","meta":{"footnotes":""},"class_list":["post-1192","page","type-page","status-publish","hentry"],"_links":{"self":[{"href":"https:\/\/wp.ufpel.edu.br\/ppgh\/wp-json\/wp\/v2\/pages\/1192","targetHints":{"allow":["GET"]}}],"collection":[{"href":"https:\/\/wp.ufpel.edu.br\/ppgh\/wp-json\/wp\/v2\/pages"}],"about":[{"href":"https:\/\/wp.ufpel.edu.br\/ppgh\/wp-json\/wp\/v2\/types\/page"}],"author":[{"embeddable":true,"href":"https:\/\/wp.ufpel.edu.br\/ppgh\/wp-json\/wp\/v2\/users\/57"}],"replies":[{"embeddable":true,"href":"https:\/\/wp.ufpel.edu.br\/ppgh\/wp-json\/wp\/v2\/comments?post=1192"}],"version-history":[{"count":11,"href":"https:\/\/wp.ufpel.edu.br\/ppgh\/wp-json\/wp\/v2\/pages\/1192\/revisions"}],"predecessor-version":[{"id":4177,"href":"https:\/\/wp.ufpel.edu.br\/ppgh\/wp-json\/wp\/v2\/pages\/1192\/revisions\/4177"}],"wp:attachment":[{"href":"https:\/\/wp.ufpel.edu.br\/ppgh\/wp-json\/wp\/v2\/media?parent=1192"}],"curies":[{"name":"wp","href":"https:\/\/api.w.org\/{rel}","templated":true}]}}