{"id":62,"date":"2016-02-23T17:21:27","date_gmt":"2016-02-23T20:21:27","guid":{"rendered":"https:\/\/wp.ufpel.edu.br\/ppgfil\/?page_id=62"},"modified":"2022-03-14T16:40:19","modified_gmt":"2022-03-14T19:40:19","slug":"eventos","status":"publish","type":"page","link":"https:\/\/wp.ufpel.edu.br\/ppgfil\/eventos\/","title":{"rendered":"Eventos"},"content":{"rendered":"<p><a href=\"https:\/\/wp.ufpel.edu.br\/cifmp\/\">VII Congresso Internacional de Filosofia Moral e Pol\u00edtica : \u00c9tica e Pol\u00edtica em tempos de pandemia<\/a><\/p>\n","protected":false},"excerpt":{"rendered":"<p>VII Congresso Internacional de Filosofia Moral e Pol\u00edtica : \u00c9tica e Pol\u00edtica em tempos de pandemia<\/p>\n","protected":false},"author":16,"featured_media":0,"parent":0,"menu_order":0,"comment_status":"closed","ping_status":"closed","template":"","meta":{"jetpack_post_was_ever_published":false,"footnotes":""},"class_list":["post-62","page","type-page","status-publish","hentry"],"jetpack_sharing_enabled":true,"_links":{"self":[{"href":"https:\/\/wp.ufpel.edu.br\/ppgfil\/wp-json\/wp\/v2\/pages\/62","targetHints":{"allow":["GET"]}}],"collection":[{"href":"https:\/\/wp.ufpel.edu.br\/ppgfil\/wp-json\/wp\/v2\/pages"}],"about":[{"href":"https:\/\/wp.ufpel.edu.br\/ppgfil\/wp-json\/wp\/v2\/types\/page"}],"author":[{"embeddable":true,"href":"https:\/\/wp.ufpel.edu.br\/ppgfil\/wp-json\/wp\/v2\/users\/16"}],"replies":[{"embeddable":true,"href":"https:\/\/wp.ufpel.edu.br\/ppgfil\/wp-json\/wp\/v2\/comments?post=62"}],"version-history":[{"count":3,"href":"https:\/\/wp.ufpel.edu.br\/ppgfil\/wp-json\/wp\/v2\/pages\/62\/revisions"}],"predecessor-version":[{"id":1469,"href":"https:\/\/wp.ufpel.edu.br\/ppgfil\/wp-json\/wp\/v2\/pages\/62\/revisions\/1469"}],"wp:attachment":[{"href":"https:\/\/wp.ufpel.edu.br\/ppgfil\/wp-json\/wp\/v2\/media?parent=62"}],"curies":[{"name":"wp","href":"https:\/\/api.w.org\/{rel}","templated":true}]}}