{"id":42,"date":"2016-02-23T17:03:14","date_gmt":"2016-02-23T20:03:14","guid":{"rendered":"https:\/\/wp.ufpel.edu.br\/ppgfil\/?page_id=42"},"modified":"2026-03-09T10:51:30","modified_gmt":"2026-03-09T13:51:30","slug":"regimento","status":"publish","type":"page","link":"https:\/\/wp.ufpel.edu.br\/ppgfil\/regimento\/","title":{"rendered":"Regimento"},"content":{"rendered":"<p>&nbsp;<\/p>\n<ul>\n<li><strong><a href=\"https:\/\/wp.ufpel.edu.br\/ppgfil\/files\/2025\/12\/Novo-Regimento-PPG-2025.pdf\">NOVO Regimento PPG Filosofia<\/a><\/strong><\/li>\n<li><a style=\"text-align: justify; font-family: var(--fonte-corpo);\" href=\"https:\/\/wp.ufpel.edu.br\/ppgfil\/files\/2024\/12\/2024-Criterios-para-Concessao-e-Manutencao-de-Bolsas-do-PPGFIL.pdf\">2024 Crit\u00e9rios para Concess\u00e3o e Manuten\u00e7\u00e3o de Bolsas do PPGFIL<\/a><\/li>\n<li><a style=\"text-align: justify; font-family: var(--fonte-corpo);\" href=\"https:\/\/wp.ufpel.edu.br\/ppgfil\/files\/2026\/03\/Resolucao-01_2026.pdf\">Crit\u00e9rios de credenciamento e descredenciamento do corpo docente do PPGFIL (2026)<\/a><\/li>\n<\/ul>\n","protected":false},"excerpt":{"rendered":"<p>&nbsp; NOVO Regimento PPG Filosofia 2024 Crit\u00e9rios para Concess\u00e3o e Manuten\u00e7\u00e3o de Bolsas do PPGFIL Crit\u00e9rios de credenciamento e descredenciamento do corpo docente do PPGFIL (2026)<\/p>\n","protected":false},"author":16,"featured_media":0,"parent":0,"menu_order":0,"comment_status":"closed","ping_status":"closed","template":"","meta":{"jetpack_post_was_ever_published":false,"footnotes":""},"class_list":["post-42","page","type-page","status-publish","hentry"],"jetpack_sharing_enabled":true,"_links":{"self":[{"href":"https:\/\/wp.ufpel.edu.br\/ppgfil\/wp-json\/wp\/v2\/pages\/42","targetHints":{"allow":["GET"]}}],"collection":[{"href":"https:\/\/wp.ufpel.edu.br\/ppgfil\/wp-json\/wp\/v2\/pages"}],"about":[{"href":"https:\/\/wp.ufpel.edu.br\/ppgfil\/wp-json\/wp\/v2\/types\/page"}],"author":[{"embeddable":true,"href":"https:\/\/wp.ufpel.edu.br\/ppgfil\/wp-json\/wp\/v2\/users\/16"}],"replies":[{"embeddable":true,"href":"https:\/\/wp.ufpel.edu.br\/ppgfil\/wp-json\/wp\/v2\/comments?post=42"}],"version-history":[{"count":5,"href":"https:\/\/wp.ufpel.edu.br\/ppgfil\/wp-json\/wp\/v2\/pages\/42\/revisions"}],"predecessor-version":[{"id":3644,"href":"https:\/\/wp.ufpel.edu.br\/ppgfil\/wp-json\/wp\/v2\/pages\/42\/revisions\/3644"}],"wp:attachment":[{"href":"https:\/\/wp.ufpel.edu.br\/ppgfil\/wp-json\/wp\/v2\/media?parent=42"}],"curies":[{"name":"wp","href":"https:\/\/api.w.org\/{rel}","templated":true}]}}