{"id":3142,"date":"2025-04-11T16:45:27","date_gmt":"2025-04-11T19:45:27","guid":{"rendered":"https:\/\/wp.ufpel.edu.br\/ppgfil\/?page_id=3142"},"modified":"2025-04-11T16:45:27","modified_gmt":"2025-04-11T19:45:27","slug":"premios-y-titulos","status":"publish","type":"page","link":"https:\/\/wp.ufpel.edu.br\/ppgfil\/premios-y-titulos\/","title":{"rendered":"Premios y Titulos"},"content":{"rendered":"<p><span style=\"font-weight: 400;\">En el Curr\u00edculo Lattes, la secci\u00f3n \u201cPremios y T\u00edtulos\u201d es definida por el CNPq como \u201cuna opci\u00f3n destinada a la indicaci\u00f3n de los principales premios y t\u00edtulos honor\u00edficos que el usuario recibi\u00f3 por su destacada actuaci\u00f3n en las \u00e1reas cient\u00edfica, tecnol\u00f3gica y art\u00edstica\/cultural\u201d.<\/span><\/p>\n<p><span style=\"font-weight: 400;\">Con base en el Curr\u00edculo Lattes de estudiantes y docentes, a continuaci\u00f3n se presentan algunos de los Premios y T\u00edtulos obtenidos en el marco del PPG en Filosof\u00eda de la UFPel:<\/span><\/p>\n<hr \/>\n<h1 style=\"text-align: center;\"><b>2024<\/b><\/h1>\n<hr \/>\n<p><span style=\"font-weight: 400;\">Menci\u00f3n Honrosa en el Premio ANPOF\u00a0<\/span><\/p>\n<p><span style=\"font-weight: 400;\">Disertaci\u00f3n: Hospitalidad y hostilidad: un an\u00e1lisis de la Convenci\u00f3n Relativa al Estatuto del Refugiado a la luz del Derecho Cosmopolita Kantiano\u00a0<\/span><\/p>\n<p><span style=\"font-weight: 400;\">Estudiante: Carolina Moreira Paulsen\u00a0<\/span><\/p>\n<p><span style=\"font-weight: 400;\">Orientador: Keberson Bresolin<\/span><\/p>\n<hr \/>\n<p><span style=\"font-weight: 400;\">Convocatoria FAPERGS 09\/2023 \u2013 Programa Investigador Ga\u00facho (PqG) Propuesta aprobada: Derecho y Estado\u00a0<\/span><\/p>\n<p><span style=\"font-weight: 400;\">Docente: Keberson Bresolin<\/span><\/p>\n<hr \/>\n<p><span style=\"font-weight: 400;\">Convocatoria PAEP 37\/2023 \u2013 CAPES Propuesta aprobada: 53\u00ba Encuentros Nietzsche \u2013 Mercosur: pol\u00edtica, cultura y civilizaci\u00f3n\u00a0<\/span><\/p>\n<p><span style=\"font-weight: 400;\">Docente: Lu\u00eds Rubira<\/span><\/p>\n<hr \/>\n<p><span style=\"font-weight: 400;\">Convocatoria PAEP 37\/2023 \u2013 CAPES Propuesta aprobada: IX Coloquio Internacional Kant \u2013 \u201cKant y los antiguos\u201d\u00a0<\/span><\/p>\n<p><span style=\"font-weight: 400;\">Docente: Robinson dos Santos<\/span><\/p>\n<hr \/>\n<p><span style=\"font-weight: 400;\">Convocatoria CNPq\/MCTI N\u00ba 10\/2023 \u2013 UNIVERSAL Propuesta aprobada: Caras de la Vulnerabilidad: Justicia, Derechos Humanos y Tecnolog\u00edas\u00a0<\/span><\/p>\n<p><span style=\"font-weight: 400;\">Docente: Evandro Barbosa<\/span><\/p>\n<hr \/>\n<p><span style=\"font-weight: 400;\">Becas del Programa Institucional de Doctorado S\u00e1ndwich en el Extranjero (PDSE \/ CAPES) para estancia en:<\/span><\/p>\n<p><span style=\"font-weight: 400;\">Universidad de Santiago de Compostela, Espa\u00f1a:\u00a0<\/span><\/p>\n<p><span style=\"font-weight: 400;\">Estudiante: Ivo Luciano da Assun\u00e7\u00e3o Rodrigues.\u00a0<\/span><\/p>\n<p><span style=\"font-weight: 400;\">Orientador: Evandro Barbosa.<\/span><\/p>\n<hr \/>\n<p><span style=\"font-weight: 400;\">University of Edinburgh, Escocia:\u00a0<\/span><\/p>\n<p><span style=\"font-weight: 400;\">Estudiante: Josiana Barbosa de Andrade.\u00a0<\/span><\/p>\n<p><span style=\"font-weight: 400;\">Orientador: Lu\u00eds Rubira.<\/span><\/p>\n<hr \/>\n<p><span style=\"font-weight: 400;\">Universit\u00e0 degli Studi di Padova, Italia:\u00a0<\/span><\/p>\n<p><span style=\"font-weight: 400;\">Estudiante: Roberto Barboza da Silva.\u00a0<\/span><\/p>\n<p><span style=\"font-weight: 400;\">Orientador: Manoel Vasconcellos.<\/span><\/p>\n<hr \/>\n<p><span style=\"font-weight: 400;\">Beca de Investigador Senior \u2013 CNPq Docente: Robinson dos Santos<\/span><\/p>\n<hr \/>\n<h1 style=\"text-align: center;\"><b>2023<\/b><\/h1>\n<hr \/>\n<p><span style=\"font-weight: 400;\">Reconocimiento Destacado en el XXV Encuentro de Posgrado (ENPOS \/ UFPel)<\/span><\/p>\n<p><span style=\"font-weight: 400;\">Ponencia: Wagner y la d\u00e9cadence fisiol\u00f3gica y art\u00edstica<\/span><\/p>\n<p><span style=\"font-weight: 400;\">Estudiante: Augusto Martins de Avila<\/span><\/p>\n<p><span style=\"font-weight: 400;\">Orientador: Clademir Lu\u00eds Araldi<\/span><\/p>\n<hr \/>\n<p><span style=\"font-weight: 400;\">Reconocimiento Destacado en el XXV Encuentro de Posgrado (ENPOS \/ UFPel)<\/span><\/p>\n<p><span style=\"font-weight: 400;\">Ponencia: Lo que debemos a los refugiados: vinculando derechos humanos, humanidad y vulnerabilidad pol\u00edtica<\/span><\/p>\n<p><span style=\"font-weight: 400;\">Estudiante: Carolina Moreira Paulsen<\/span><\/p>\n<p><span style=\"font-weight: 400;\">Orientador: Keberson Bresolin<\/span><\/p>\n<hr \/>\n<p><span style=\"font-weight: 400;\">Reconocimiento Destacado en el XXV Encuentro de Posgrado (ENPOS \/ UFPel)<\/span><\/p>\n<p><span style=\"font-weight: 400;\">Ponencia: Biopol\u00edtica: las violencias sobre los cuerpos de las mujeres<\/span><\/p>\n<p><span style=\"font-weight: 400;\">Estudiante: Bruna dos Santos Leite<\/span><\/p>\n<p><span style=\"font-weight: 400;\">Orientadora: Sonia Maria Schio<\/span><\/p>\n<hr \/>\n<p><span style=\"font-weight: 400;\">Premio Trezentas On\u00e7as <\/span><\/p>\n<p><span style=\"font-weight: 400;\">Docente: Lu\u00eds Rubira<\/span><\/p>\n<hr \/>\n<p><span style=\"font-weight: 400;\">Beca de Investigaci\u00f3n Alexander von Humboldt-Stiftung <\/span><\/p>\n<p><span style=\"font-weight: 400;\">Docente: Robinson dos Santos<\/span><\/p>\n<hr \/>\n<h1 style=\"text-align: center;\"><b>2022<\/b><\/h1>\n<hr \/>\n<p><span style=\"font-weight: 400;\">Premio Fil\u00f3sofas de Distinci\u00f3n Acad\u00e9mica Otorgado por la Red Brasile\u00f1a de Mujeres Fil\u00f3sofas y la Direcci\u00f3n de ANPOF.<\/span><\/p>\n<p><span style=\"font-weight: 400;\">Disertaci\u00f3n: Un retorno a Simone de Beauvoir: estudio del drama de la coexistencia a la luz de la g\u00e9nesis y estructura de la filosof\u00eda beauvoiriana.\u00a0<\/span><\/p>\n<p><span style=\"font-weight: 400;\">Estudiante: Josiana Barbosa de Andrade\u00a0<\/span><\/p>\n<p><span style=\"font-weight: 400;\">Orientador: Lu\u00eds Rubira<\/span><\/p>\n<hr \/>\n<p><span style=\"font-weight: 400;\">Beca de Productividad en Investigaci\u00f3n del CNPq \u2013 nivel 2\u00a0<\/span><\/p>\n<p><span style=\"font-weight: 400;\">Docente: Evandro Barbosa<\/span><\/p>\n<hr \/>\n<p><span style=\"font-weight: 400;\">Beca de Productividad en Investigaci\u00f3n del CNPq \u2013 nivel 2\u00a0<\/span><\/p>\n<p><span style=\"font-weight: 400;\">Docente: Robinson dos Santos<\/span><\/p>\n<hr \/>\n<p><span style=\"font-weight: 400;\">Convocatoria CNPq\/MCTI\/FNDCT N\u00ba 18\/2021 Propuesta aprobada: Pandemia COVID-19 y el papel de las emociones en comportamientos normativos.\u00a0<\/span><\/p>\n<p><span style=\"font-weight: 400;\">Docente: Evandro Barbosa<\/span><\/p>\n<hr \/>\n<p><span style=\"font-weight: 400;\">Beca del Programa Institucional de Doctorado Sandwich en el Extranjero (PDSE \/ CAPES) para estancia en:<\/span><\/p>\n<p><span style=\"font-weight: 400;\">Brown University (Rhode Island \/ Estados Unidos):\u00a0<\/span><\/p>\n<p><span style=\"font-weight: 400;\">Estudiante: Celina Alcantara Brod\u00a0<\/span><\/p>\n<p><span style=\"font-weight: 400;\">Orientador: Evandro Barbosa<\/span><\/p>\n<hr \/>\n<p><span style=\"font-weight: 400;\">Pontificia Universidad Cat\u00f3lica Argentina (Buenos Aires):\u00a0<\/span><\/p>\n<p><span style=\"font-weight: 400;\">Estudiante: Julian Ritzel Farret\u00a0<\/span><\/p>\n<p><span style=\"font-weight: 400;\">Orientador: S\u00e9rgio Ricardo Strefling<\/span><\/p>\n<hr \/>\n<p><span style=\"font-weight: 400;\">Erasmus Mundus, Universit\u00e0 degli Studi di Sassari, Italia (Maestr\u00eda-s\u00e1ndwich): Estudiante: Raiza Alves Pereira\u00a0<\/span><\/p>\n<p><span style=\"font-weight: 400;\">Orientadora: Fl\u00e1via de Carvalho Chagas<\/span><\/p>\n<hr \/>\n<p><span style=\"font-weight: 400;\">Reconocimiento Destacado en el XXIV Encuentro de Posgrado (ENPOS \/ UFPel)<\/span><\/p>\n<p><span style=\"font-weight: 400;\">Ponencia: Moralidad y matem\u00e1tica: argumentos desmanteladores evolutivos y el problema Benacerraf-Field.\u00a0<\/span><\/p>\n<p><span style=\"font-weight: 400;\">Estudiante: Mariana Marques Burkle\u00a0<\/span><\/p>\n<p><span style=\"font-weight: 400;\">Orientador: Juliano Santos do Carmo<\/span><\/p>\n<hr \/>\n<p><span style=\"font-weight: 400;\">Ponencia: El conocimiento inmediato del ser en Santo Tom\u00e1s de Aquino.\u00a0<\/span><\/p>\n<p><span style=\"font-weight: 400;\">Estudiante: Willian Kalinowski\u00a0<\/span><\/p>\n<p><span style=\"font-weight: 400;\">Orientador: S\u00e9rgio Ricardo Strefling<\/span><\/p>\n<hr \/>\n<h1 style=\"text-align: center;\"><b>2019<\/b><\/h1>\n<hr \/>\n<p><span style=\"font-weight: 400;\">Beca de Profesor Visitante en el Extranjero (PVE Junior) \u2013 CAPES\u00a0<\/span><\/p>\n<p><span style=\"font-weight: 400;\">Docente: Evandro Barbosa<\/span><\/p>\n<hr \/>\n<p><span style=\"font-weight: 400;\">Beca de Investigaci\u00f3n CAPES\/HUMBOLDT \u2013 Investigador Experto\u00a0<\/span><\/p>\n<p><span style=\"font-weight: 400;\">Docente: Robinson dos Santos<\/span><\/p>\n<hr \/>\n<p><span style=\"font-weight: 400;\">Destacado en el XXI Encuentro de Posgrado (ENPOS \/ UFPel) Comunicaci\u00f3n: La navaja de Ockham: funci\u00f3n l\u00f3gica y criterios de aplicaci\u00f3n\u00a0<\/span><\/p>\n<p><span style=\"font-weight: 400;\">Estudiante: William Saraiva Borges\u00a0<\/span><\/p>\n<p><span style=\"font-weight: 400;\">Orientador: S\u00e9rgio Ricardo Strefling<\/span><\/p>\n<hr \/>\n<h1 style=\"text-align: center;\"><b>2018<\/b><\/h1>\n<hr \/>\n<p><span style=\"font-weight: 400;\">Destacado en el XX Encuentro de Posgrado (ENPOS \/ UFPel) Comunicaci\u00f3n: Elementos para una relaci\u00f3n entre historia y &#8220;naturaleza humana&#8221; en la filosof\u00eda de Nietzsche\u00a0<\/span><\/p>\n<p><span style=\"font-weight: 400;\">Estudiante: Nicolle Eloisa Lemos\u00a0<\/span><\/p>\n<p><span style=\"font-weight: 400;\">Orientador: Clademir Araldi<\/span><\/p>\n<hr \/>\n<h1 style=\"text-align: center;\"><b>2016<\/b><\/h1>\n<hr \/>\n<p><span style=\"font-weight: 400;\">1er lugar en el XVIII Encuentro de Posgrado (ENPOS \/ UFPel), Ciencias Humanas Comunicaci\u00f3n: El compatibilismo estoico\u00a0<\/span><\/p>\n<p><span style=\"font-weight: 400;\">Estudiante: Camila Pilotto Figueiredo\u00a0<\/span><\/p>\n<p><span style=\"font-weight: 400;\">Orientador: Jo\u00e3o Hobuss<\/span><\/p>\n<hr \/>\n<h1 style=\"text-align: center;\"><b>2015<\/b><\/h1>\n<hr \/>\n<p><span style=\"font-weight: 400;\">Destacado en el XVII Encuentro de Posgrado (ENPOS \/ UFPel)\u00a0<\/span><\/p>\n<p><span style=\"font-weight: 400;\">Comunicaci\u00f3n: La normatividad de las pr\u00e1cticas ling\u00fc\u00edsticas\u00a0<\/span><\/p>\n<p><span style=\"font-weight: 400;\">Estudiante: Lucas Vin\u00edcius Cintra Mendes\u00a0<\/span><\/p>\n<p><span style=\"font-weight: 400;\">Docente: Juliano Santos do Carmo<\/span><\/p>\n<hr \/>\n<p><span style=\"font-weight: 400;\">Finalista del Premio A\u00e7orianos de Literatura (categor\u00eda Ensayo)\u00a0<\/span><\/p>\n<p><span style=\"font-weight: 400;\">Docente: Lu\u00eds Rubira<\/span><\/p>\n<hr \/>\n<h1 style=\"text-align: center;\"><b>2014<\/b><\/h1>\n<hr \/>\n<p><span style=\"font-weight: 400;\">Beca de Posdoctorado en el Extranjero \u2013 T\u00fcbingen Universit\u00e4t, Humboldt-Stiftung, Alemania\u00a0<\/span><\/p>\n<p><span style=\"font-weight: 400;\">Docente: Keberson Bresolin<\/span><\/p>\n<hr \/>\n<p><span style=\"font-weight: 400;\">Beca de Posdoctorado en el Extranjero CAPES \u2013 Universit\u00e9 de Reims Champagne-Ardenne, Francia\u00a0<\/span><\/p>\n<p><span style=\"font-weight: 400;\">Docente: Lu\u00eds Rubira<\/span><\/p>\n<hr \/>\n<p><span style=\"font-weight: 400;\">Convocatoria MCTI\/CNPQ\/Universal 14\/2014\u00a0<\/span><\/p>\n<p><span style=\"font-weight: 400;\">Propuesta aprobada: Justificaci\u00f3n y legitimaci\u00f3n del Estado: un di\u00e1logo entre John Rawls y Robert Nozick\u00a0<\/span><\/p>\n<p><span style=\"font-weight: 400;\">Docente: Keberson Bresolin<\/span><\/p>\n<hr \/>\n<p><span style=\"font-weight: 400;\">Destacado en el XVI Encuentro de Posgrado (ENPOS \/ UFPel)\u00a0<\/span><\/p>\n<p><span style=\"font-weight: 400;\">Comunicaci\u00f3n: La idea del Bien Com\u00fan en John Finnis\u00a0<\/span><\/p>\n<p><span style=\"font-weight: 400;\">Estudiante: John Florindo de Miranda\u00a0<\/span><\/p>\n<p><span style=\"font-weight: 400;\">Orientador: Carlos Adriano Ferraz<\/span><\/p>\n<hr \/>\n<p><span style=\"font-weight: 400;\">Destacado en el XVI Encuentro de Posgrado (ENPOS \/ UFPel)\u00a0<\/span><\/p>\n<p><span style=\"font-weight: 400;\">Comunicaci\u00f3n: Marx y la filosof\u00eda pol\u00edtica: la cuesti\u00f3n de la colectividad\u00a0<\/span><\/p>\n<p><span style=\"font-weight: 400;\">Estudiante: Ricardo Rojas Fabres\u00a0<\/span><\/p>\n<p><span style=\"font-weight: 400;\">Orientador: Jovino Pizzi<\/span><\/p>\n<hr \/>\n<p><span style=\"font-weight: 400;\">Destacado en el XVI Encuentro de Posgrado (ENPOS\/UFPel)\u00a0<\/span><\/p>\n<p><span style=\"font-weight: 400;\">Comunicaci\u00f3n: Arendt y Cicero: concepciones de sociabilidad<\/span><\/p>\n<p><span style=\"font-weight: 400;\">Estudiante: Rossana Batista Padilha<\/span><\/p>\n<p><span style=\"font-weight: 400;\">Orientadora: S\u00f4nia Maria Schio<\/span><\/p>\n<hr \/>\n<h1 style=\"text-align: center;\"><b>2013<\/b><\/h1>\n<hr \/>\n<p><span style=\"font-weight: 400;\">Ayuda para Participaci\u00f3n en Eventos Cient\u00edficos en el Extranjero \u2013 CNPq<\/span><\/p>\n<p><span style=\"font-weight: 400;\">Propuesta aprobada: participaci\u00f3n en el VI Congreso del Groupe Internationale de Recherche sur Nietzsche. Centro de Estudos Colli-Montinari \/ Universit\u00e0 di Pisa \/ Italia<\/span><\/p>\n<p><span style=\"font-weight: 400;\">Docente: Lu\u00eds Rubira<\/span><\/p>\n<hr \/>\n<p><span style=\"font-weight: 400;\">Beca de Posdoctorado en el Extranjero \u2013 CAPES.<\/span><\/p>\n<p><span style=\"font-weight: 400;\">Docente: Robinson dos Santos<\/span><\/p>\n<hr \/>\n<h1 style=\"text-align: center;\"><b>2012<\/b><\/h1>\n<hr \/>\n<p><span style=\"font-weight: 400;\">Menci\u00f3n Honor\u00edfica en el Premio ANPOF<\/span><\/p>\n<p><span style=\"font-weight: 400;\">Disertaci\u00f3n: Ethica Nicomachea: una lectura particularista<\/span><\/p>\n<p><span style=\"font-weight: 400;\">Estudiante: Arthur Piranema da Cruz<\/span><\/p>\n<p><span style=\"font-weight: 400;\">Orientador: Jo\u00e3o Hobuss<\/span><\/p>\n<hr \/>\n<p><span style=\"font-weight: 400;\">Menci\u00f3n Honor\u00edfica en el XIV Encuentro de Posgrado (ENPOS \/ UFPel)<\/span><\/p>\n<p><span style=\"font-weight: 400;\">Ponencia: Un an\u00e1lisis del proyecto naturalista nietzscheano: el \u201cnaturalismo\u201d de Nietzsche como una superaci\u00f3n del dualismo esp\u00edritu-naturaleza<\/span><\/p>\n<p><span style=\"font-weight: 400;\">Estudiante: Leonardo Camacho de Oliveira<\/span><\/p>\n<p><span style=\"font-weight: 400;\">Docente: Clademir Lu\u00eds Araldi<\/span><\/p>\n<hr \/>\n<p><span style=\"font-weight: 400;\">Ayuda para Participaci\u00f3n en Eventos Cient\u00edficos en el Extranjero \u2013 CNPq<\/span><\/p>\n<p><span style=\"font-weight: 400;\">Propuesta aprobada: participaci\u00f3n en el V Congreso del Groupe Internationale de Recherche Nietzsche (GIRN), Universidade Nova de Lisboa \/ Portugal<\/span><\/p>\n<p><span style=\"font-weight: 400;\">Docente: Lu\u00eds Rubira<\/span><\/p>\n<hr \/>\n<h1 style=\"text-align: center;\"><b>2011<\/b><\/h1>\n<hr \/>\n<p><span style=\"font-weight: 400;\">Menci\u00f3n Honor\u00edfica en el XIII Encuentro de Posgrado (ENPOS \/ UFPEL)<\/span><\/p>\n<p><span style=\"font-weight: 400;\">Ponencia: La reformulaci\u00f3n moral en Maestro Eckhart<\/span><\/p>\n<p><span style=\"font-weight: 400;\">Estudiante: Antonio Carlos Lucio<\/span><\/p>\n<p><span style=\"font-weight: 400;\">Orientador: Manoel Vasconcellos<\/span><\/p>\n","protected":false},"excerpt":{"rendered":"<p>En el Curr\u00edculo Lattes, la secci\u00f3n \u201cPremios y T\u00edtulos\u201d es definida por el CNPq como \u201cuna opci\u00f3n destinada a la indicaci\u00f3n de los principales premios y t\u00edtulos honor\u00edficos que el usuario recibi\u00f3 por su destacada actuaci\u00f3n en las \u00e1reas cient\u00edfica, tecnol\u00f3gica y art\u00edstica\/cultural\u201d. Con base en el Curr\u00edculo Lattes de estudiantes y docentes, a continuaci\u00f3n [&hellip;]<\/p>\n","protected":false},"author":1247,"featured_media":0,"parent":0,"menu_order":0,"comment_status":"closed","ping_status":"closed","template":"","meta":{"jetpack_post_was_ever_published":false,"footnotes":""},"class_list":["post-3142","page","type-page","status-publish","hentry"],"jetpack_sharing_enabled":true,"_links":{"self":[{"href":"https:\/\/wp.ufpel.edu.br\/ppgfil\/wp-json\/wp\/v2\/pages\/3142","targetHints":{"allow":["GET"]}}],"collection":[{"href":"https:\/\/wp.ufpel.edu.br\/ppgfil\/wp-json\/wp\/v2\/pages"}],"about":[{"href":"https:\/\/wp.ufpel.edu.br\/ppgfil\/wp-json\/wp\/v2\/types\/page"}],"author":[{"embeddable":true,"href":"https:\/\/wp.ufpel.edu.br\/ppgfil\/wp-json\/wp\/v2\/users\/1247"}],"replies":[{"embeddable":true,"href":"https:\/\/wp.ufpel.edu.br\/ppgfil\/wp-json\/wp\/v2\/comments?post=3142"}],"version-history":[{"count":2,"href":"https:\/\/wp.ufpel.edu.br\/ppgfil\/wp-json\/wp\/v2\/pages\/3142\/revisions"}],"predecessor-version":[{"id":3144,"href":"https:\/\/wp.ufpel.edu.br\/ppgfil\/wp-json\/wp\/v2\/pages\/3142\/revisions\/3144"}],"wp:attachment":[{"href":"https:\/\/wp.ufpel.edu.br\/ppgfil\/wp-json\/wp\/v2\/media?parent=3142"}],"curies":[{"name":"wp","href":"https:\/\/api.w.org\/{rel}","templated":true}]}}