{"id":3129,"date":"2025-04-11T16:45:28","date_gmt":"2025-04-11T19:45:28","guid":{"rendered":"https:\/\/wp.ufpel.edu.br\/ppgfil\/?page_id=3129"},"modified":"2025-04-11T16:45:28","modified_gmt":"2025-04-11T19:45:28","slug":"acuerdos-y-convenios","status":"publish","type":"page","link":"https:\/\/wp.ufpel.edu.br\/ppgfil\/acuerdos-y-convenios\/","title":{"rendered":"Acuerdos y Convenios"},"content":{"rendered":"<p><b>Convenio de Colaboraci\u00f3n con la Universidad de la Rep\u00fablica (UDELAR\/Uruguay)<\/b><\/p>\n<p><span style=\"font-weight: 400;\">El Programa de Posgrado en Filosof\u00eda de la Universidad Federal de Pelotas (UFPel) estableci\u00f3 en julio de 2024 un convenio con el Instituto de Filosof\u00eda de la Facultad de Humanidades y Ciencias de la Educaci\u00f3n de la Universidad de la Rep\u00fablica, Uruguay.<\/span><\/p>\n<p><span style=\"font-weight: 400;\">El acuerdo, con una validez de cinco a\u00f1os, crea oportunidades para el intercambio de docentes y estudiantes de posgrado, que incluye la realizaci\u00f3n de pasant\u00edas de investigaci\u00f3n, pasant\u00edas doctorales, doctorados s\u00e1ndwich, estudios de posdoctorado; y la participaci\u00f3n en Congresos, Seminarios, Simposios, Coloquios, Talleres, Grupos de Estudio, Grupos de Investigaci\u00f3n, Minicursos, Clases y Cursos.<\/span><\/p>\n<p><span style=\"font-weight: 400;\">La iniciativa refuerza la integraci\u00f3n de la UFPel con los pa\u00edses del Mercosur. Para m\u00e1s informaci\u00f3n:<\/span><\/p>\n<p><a href=\"https:\/\/wp.ufpel.edu.br\/international\/files\/2024\/07\/Universid-de-la-Republica-Acordo-Especifico-PPGFilo.pdf\"><span style=\"font-weight: 400;\"> https:\/\/wp.ufpel.edu.br\/international\/files\/2024\/07\/Universid-de-la-Republica-Acordo-Especifico-PPGFilo.pdf<\/span><\/a><\/p>\n","protected":false},"excerpt":{"rendered":"<p>Convenio de Colaboraci\u00f3n con la Universidad de la Rep\u00fablica (UDELAR\/Uruguay) El Programa de Posgrado en Filosof\u00eda de la Universidad Federal de Pelotas (UFPel) estableci\u00f3 en julio de 2024 un convenio con el Instituto de Filosof\u00eda de la Facultad de Humanidades y Ciencias de la Educaci\u00f3n de la Universidad de la Rep\u00fablica, Uruguay. El acuerdo, con [&hellip;]<\/p>\n","protected":false},"author":1247,"featured_media":0,"parent":0,"menu_order":0,"comment_status":"closed","ping_status":"closed","template":"","meta":{"jetpack_post_was_ever_published":false,"footnotes":""},"class_list":["post-3129","page","type-page","status-publish","hentry"],"jetpack_sharing_enabled":true,"_links":{"self":[{"href":"https:\/\/wp.ufpel.edu.br\/ppgfil\/wp-json\/wp\/v2\/pages\/3129","targetHints":{"allow":["GET"]}}],"collection":[{"href":"https:\/\/wp.ufpel.edu.br\/ppgfil\/wp-json\/wp\/v2\/pages"}],"about":[{"href":"https:\/\/wp.ufpel.edu.br\/ppgfil\/wp-json\/wp\/v2\/types\/page"}],"author":[{"embeddable":true,"href":"https:\/\/wp.ufpel.edu.br\/ppgfil\/wp-json\/wp\/v2\/users\/1247"}],"replies":[{"embeddable":true,"href":"https:\/\/wp.ufpel.edu.br\/ppgfil\/wp-json\/wp\/v2\/comments?post=3129"}],"version-history":[{"count":1,"href":"https:\/\/wp.ufpel.edu.br\/ppgfil\/wp-json\/wp\/v2\/pages\/3129\/revisions"}],"predecessor-version":[{"id":3130,"href":"https:\/\/wp.ufpel.edu.br\/ppgfil\/wp-json\/wp\/v2\/pages\/3129\/revisions\/3130"}],"wp:attachment":[{"href":"https:\/\/wp.ufpel.edu.br\/ppgfil\/wp-json\/wp\/v2\/media?parent=3129"}],"curies":[{"name":"wp","href":"https:\/\/api.w.org\/{rel}","templated":true}]}}