{"id":3120,"date":"2025-04-11T16:45:28","date_gmt":"2025-04-11T19:45:28","guid":{"rendered":"https:\/\/wp.ufpel.edu.br\/ppgfil\/?page_id=3120"},"modified":"2025-04-11T16:45:28","modified_gmt":"2025-04-11T19:45:28","slug":"encuentro-de-posgrado-de-la-ufpel","status":"publish","type":"page","link":"https:\/\/wp.ufpel.edu.br\/ppgfil\/encuentro-de-posgrado-de-la-ufpel\/","title":{"rendered":"Encuentro de Posgrado de la UFPel"},"content":{"rendered":"<p><span style=\"font-weight: 400;\">El Encuentro de Posgrado &#8220;es uno de los mayores eventos cient\u00edficos de la UFPel, unificando la participaci\u00f3n de todos los Programas de Posgrado de esta universidad&#8221; con actividades desde el a\u00f1o 2001 (cf. https:\/\/wp.ufpel.edu.br\/enpos). A partir de la creaci\u00f3n de la Maestr\u00eda en Filosof\u00eda en 2007, los estudiantes del PPGFIL comenzaron a presentar sus investigaciones anualmente en el ENPOS, acompa\u00f1ados por los docentes que orientan sus disertaciones de maestr\u00eda o tesis de doctorado. A continuaci\u00f3n, enumeramos las participaciones en el cuatrienio 2021-2024:<\/span><\/p>\n<p>&nbsp;<\/p>\n<p><span style=\"font-weight: 400;\">ENPOS\/UFPel 2024 <\/span><\/p>\n<p><a href=\"https:\/\/wp.ufpel.edu.br\/enpos\/files\/2024\/11\/Ciencias-Humanas-3.pdf\"><span style=\"font-weight: 400;\">https:\/\/wp.ufpel.edu.br\/enpos\/files\/2024\/11\/Ciencias-Humanas-3.pdf<\/span><\/a><\/p>\n<p><span style=\"font-weight: 400;\">ENPOS\/UFPel 2023 <\/span><\/p>\n<p><a href=\"https:\/\/wp.ufpel.edu.br\/enpos\/files\/2023\/11\/Ciencias-Humanas.pdf\"><span style=\"font-weight: 400;\">https:\/\/wp.ufpel.edu.br\/enpos\/files\/2023\/11\/Ciencias-Humanas.pdf<\/span><\/a><\/p>\n<p><span style=\"font-weight: 400;\">ENPOS\/UFPel 2022 <\/span><\/p>\n<p><a href=\"https:\/\/wp.ufpel.edu.br\/enpos\/files\/2022\/10\/CIencias-Humanas.pdf\"><span style=\"font-weight: 400;\">https:\/\/wp.ufpel.edu.br\/enpos\/files\/2022\/10\/CIencias-Humanas.pdf<\/span><\/a><\/p>\n<p><span style=\"font-weight: 400;\">ENPOS\/UFPel 2021 <\/span><\/p>\n<p><a href=\"https:\/\/wp.ufpel.edu.br\/enpos\/category\/noticias\/2021\/page\/2\/\"><span style=\"font-weight: 400;\">https:\/\/wp.ufpel.edu.br\/enpos\/category\/noticias\/2021\/page\/2\/<\/span><\/a><\/p>\n","protected":false},"excerpt":{"rendered":"<p>El Encuentro de Posgrado &#8220;es uno de los mayores eventos cient\u00edficos de la UFPel, unificando la participaci\u00f3n de todos los Programas de Posgrado de esta universidad&#8221; con actividades desde el a\u00f1o 2001 (cf. https:\/\/wp.ufpel.edu.br\/enpos). A partir de la creaci\u00f3n de la Maestr\u00eda en Filosof\u00eda en 2007, los estudiantes del PPGFIL comenzaron a presentar sus investigaciones [&hellip;]<\/p>\n","protected":false},"author":1247,"featured_media":0,"parent":0,"menu_order":0,"comment_status":"closed","ping_status":"closed","template":"","meta":{"jetpack_post_was_ever_published":false,"footnotes":""},"class_list":["post-3120","page","type-page","status-publish","hentry"],"jetpack_sharing_enabled":true,"_links":{"self":[{"href":"https:\/\/wp.ufpel.edu.br\/ppgfil\/wp-json\/wp\/v2\/pages\/3120","targetHints":{"allow":["GET"]}}],"collection":[{"href":"https:\/\/wp.ufpel.edu.br\/ppgfil\/wp-json\/wp\/v2\/pages"}],"about":[{"href":"https:\/\/wp.ufpel.edu.br\/ppgfil\/wp-json\/wp\/v2\/types\/page"}],"author":[{"embeddable":true,"href":"https:\/\/wp.ufpel.edu.br\/ppgfil\/wp-json\/wp\/v2\/users\/1247"}],"replies":[{"embeddable":true,"href":"https:\/\/wp.ufpel.edu.br\/ppgfil\/wp-json\/wp\/v2\/comments?post=3120"}],"version-history":[{"count":1,"href":"https:\/\/wp.ufpel.edu.br\/ppgfil\/wp-json\/wp\/v2\/pages\/3120\/revisions"}],"predecessor-version":[{"id":3121,"href":"https:\/\/wp.ufpel.edu.br\/ppgfil\/wp-json\/wp\/v2\/pages\/3120\/revisions\/3121"}],"wp:attachment":[{"href":"https:\/\/wp.ufpel.edu.br\/ppgfil\/wp-json\/wp\/v2\/media?parent=3120"}],"curies":[{"name":"wp","href":"https:\/\/api.w.org\/{rel}","templated":true}]}}