{"id":3114,"date":"2025-04-11T16:45:28","date_gmt":"2025-04-11T19:45:28","guid":{"rendered":"https:\/\/wp.ufpel.edu.br\/ppgfil\/?page_id=3114"},"modified":"2025-12-05T09:24:08","modified_gmt":"2025-12-05T12:24:08","slug":"documentos-2","status":"publish","type":"page","link":"https:\/\/wp.ufpel.edu.br\/ppgfil\/documentos-2\/","title":{"rendered":"regimento"},"content":{"rendered":"<p><strong>Haga clic en los t\u00edtulos de los documentos a continuaci\u00f3n para acceder a ellos:\u00a0<\/strong><\/p>\n<ol>\n<li><a href=\"https:\/\/wp.ufpel.edu.br\/ppgfil\/files\/2023\/06\/Formulario-6-Aproveitamento-de-creditos.doc\"><span style=\"font-weight: 400;\"> Formulario 6 Aprovechamiento de Cr\u00e9ditos<\/span><\/a><\/li>\n<li><a href=\"https:\/\/wp.ufpel.edu.br\/ppgfil\/files\/2019\/12\/modelo-estruturado-de-projeto-de-pesquisa.pdf\"><span style=\"font-weight: 400;\"> Modelo estructurado de proyecto de investigaci\u00f3n<\/span><\/a><\/li>\n<li><a href=\"https:\/\/wp.ufpel.edu.br\/ppgfil\/files\/2016\/02\/formulario-INSCRICAO.doc\"><span style=\"font-weight: 400;\"> Formulario INSCRIPCI\u00d3N ALUMNO REGULAR<\/span><\/a><\/li>\n<li><a href=\"https:\/\/wp.ufpel.edu.br\/ppgfil\/files\/2016\/02\/formularioinscrio.rtf\"><span style=\"font-weight: 400;\"> Formulario INSCRIPCI\u00d3N ALUMNO ESPECIAL<\/span><\/a><\/li>\n<li><a href=\"https:\/\/wp.ufpel.edu.br\/ppgfil\/files\/2016\/02\/cancelamento-de-disciplina.doc\"><span style=\"font-weight: 400;\"> Formulario de Cancelaci\u00f3n de Asignatura<\/span><\/a><\/li>\n<li><a href=\"https:\/\/wp.ufpel.edu.br\/ppgfil\/files\/2016\/02\/encaminhamento-de-defesa.doc\"><span style=\"font-weight: 400;\"> Formulario de Env\u00edo de Defensa<\/span><\/a><\/li>\n<li><a href=\"https:\/\/wp.ufpel.edu.br\/ppgfil\/files\/2016\/02\/matricula.doc\"><span style=\"font-weight: 400;\"> Formulario de Matr\u00edcula<\/span><\/a><\/li>\n<li><a href=\"https:\/\/wp.ufpel.edu.br\/ppgfil\/files\/2016\/02\/programa-de-disciplina.doc\"><span style=\"font-weight: 400;\"> Formulario de Programa de Asignatura<\/span><\/a><\/li>\n<li><a href=\"https:\/\/wp.ufpel.edu.br\/ppgfil\/files\/2024\/03\/FORMULARIO-DE-CORRECAO-DE-MATRICULA.doc\"><span style=\"font-weight: 400;\"> Formulario de Correcci\u00f3n de Matr\u00edcula<\/span><\/a><\/li>\n<li><a href=\"https:\/\/wp.ufpel.edu.br\/ppgfil\/files\/2016\/02\/trancamento-de-matricula.doc\"><span style=\"font-weight: 400;\"> Formulario de Suspensi\u00f3n de Matr\u00edcula<\/span><\/a><\/li>\n<li><a href=\"https:\/\/wp.ufpel.edu.br\/ppgfil\/files\/2016\/02\/visitantes.doc\"><span style=\"font-weight: 400;\"> Formulario Visitantes<\/span><\/a><\/li>\n<li><a href=\"https:\/\/wp.ufpel.edu.br\/ppgfil\/files\/2016\/02\/solicitacao-de-estagio-docencia.doc\"><span style=\"font-weight: 400;\"> Solicitud de Pr\u00e1ctica Docente<\/span><\/a><\/li>\n<li><a href=\"https:\/\/wp.ufpel.edu.br\/ppgfil\/documentos\/procedimento-para-a-entrega-da-versao-final-da-dissertacao-ou-tese\/\"><span style=\"font-weight: 400;\"> Procedimiento para la entrega de la versi\u00f3n final de la tesis o disertaci\u00f3n<\/span><\/a><\/li>\n<li><a href=\"https:\/\/wp.ufpel.edu.br\/ppgfil\/files\/2024\/07\/2024-Criterios-para-Concessao-e-Manutencao-de-Bolsas-do-PPGFIL.pdf\"><span style=\"font-weight: 400;\"> Criterios para la concesi\u00f3n de becas<\/span><\/a><\/li>\n<\/ol>\n<hr \/>\n<p><strong>Documentos para el Proceso de Selecci\u00f3n \u2013 Estudiantes Regulares _Editales 245 y 246:\u00a0<\/strong><\/p>\n<ol>\n<li><a href=\"https:\/\/wp.ufpel.edu.br\/ppgfil\/files\/2016\/02\/formulario-INSCRICAO.doc\"><span style=\"font-weight: 400;\"> Formulario INSCRIPCI\u00d3N ALUMNO REGULAR<\/span><\/a><\/li>\n<li><a href=\"https:\/\/wp.ufpel.edu.br\/ppgfil\/files\/2023\/12\/COMPROVANTE-DE-PAGAMENTO-DA-INSCRICAO.docx\"><span style=\"font-weight: 400;\"> COMPROBANTE DE PAGO DE LA INSCRIPCI\u00d3N<\/span><\/a><\/li>\n<li><a href=\"https:\/\/wp.ufpel.edu.br\/ppgfil\/files\/2023\/12\/AUTODECLARACAO-ETNICO-RACIAL-NOVO.pdf\"><span style=\"font-weight: 400;\"> AUTODECLARACI\u00d3N \u00c9TNICO-RACIAL NUEVO<\/span><\/a><\/li>\n<li><a href=\"https:\/\/wp.ufpel.edu.br\/ppgfil\/files\/2023\/12\/AUTODECLARACAO-Indigenas.docx\"><span style=\"font-weight: 400;\"> AUTODECLARACI\u00d3N Ind\u00edgenas<\/span><\/a><\/li>\n<li><a href=\"https:\/\/wp.ufpel.edu.br\/ppgfil\/files\/2023\/12\/DECLARACAO-DE-PERTENCIMENTO-ETNICO-E-RESIDENCIA-Indigenas.docx\"><span style=\"font-weight: 400;\"> DECLARACI\u00d3N DE PERTENENCIA \u00c9TNICA Y RESIDENCIA Ind\u00edgenas<\/span><\/a><\/li>\n<li><a href=\"https:\/\/wp.ufpel.edu.br\/ppgfil\/files\/2023\/12\/AUTODECLARACAO-Quilombolas.docx\"><span style=\"font-weight: 400;\"> AUTODECLARACI\u00d3N Quilombolas<\/span><\/a><\/li>\n<li><a href=\"https:\/\/wp.ufpel.edu.br\/ppgfil\/files\/2023\/12\/DECLARACAO-DE-PERTENCIMENTO-ETNICO-E-DE-RESIDENCIA-Quilombolas.docx\"><span style=\"font-weight: 400;\"> DECLARACI\u00d3N DE PERTENENCIA \u00c9TNICA Y RESIDENCIA Quilombolas<\/span><\/a><\/li>\n<li><a href=\"https:\/\/wp.ufpel.edu.br\/ppgfil\/files\/2023\/12\/Autodeclaracao_de_Identidade_de_Genero.pdf\"><span style=\"font-weight: 400;\"> Autodeclaraci\u00f3n de Identidad de G\u00e9nero<\/span><\/a><\/li>\n<\/ol>\n","protected":false},"excerpt":{"rendered":"<p>Haga clic en los t\u00edtulos de los documentos a continuaci\u00f3n para acceder a ellos:\u00a0 Formulario 6 Aprovechamiento de Cr\u00e9ditos Modelo estructurado de proyecto de investigaci\u00f3n Formulario INSCRIPCI\u00d3N ALUMNO REGULAR Formulario INSCRIPCI\u00d3N ALUMNO ESPECIAL Formulario de Cancelaci\u00f3n de Asignatura Formulario de Env\u00edo de Defensa Formulario de Matr\u00edcula Formulario de Programa de Asignatura Formulario de Correcci\u00f3n de [&hellip;]<\/p>\n","protected":false},"author":1247,"featured_media":0,"parent":0,"menu_order":0,"comment_status":"closed","ping_status":"closed","template":"","meta":{"jetpack_post_was_ever_published":false,"footnotes":""},"class_list":["post-3114","page","type-page","status-publish","hentry"],"jetpack_sharing_enabled":true,"_links":{"self":[{"href":"https:\/\/wp.ufpel.edu.br\/ppgfil\/wp-json\/wp\/v2\/pages\/3114","targetHints":{"allow":["GET"]}}],"collection":[{"href":"https:\/\/wp.ufpel.edu.br\/ppgfil\/wp-json\/wp\/v2\/pages"}],"about":[{"href":"https:\/\/wp.ufpel.edu.br\/ppgfil\/wp-json\/wp\/v2\/types\/page"}],"author":[{"embeddable":true,"href":"https:\/\/wp.ufpel.edu.br\/ppgfil\/wp-json\/wp\/v2\/users\/1247"}],"replies":[{"embeddable":true,"href":"https:\/\/wp.ufpel.edu.br\/ppgfil\/wp-json\/wp\/v2\/comments?post=3114"}],"version-history":[{"count":3,"href":"https:\/\/wp.ufpel.edu.br\/ppgfil\/wp-json\/wp\/v2\/pages\/3114\/revisions"}],"predecessor-version":[{"id":3495,"href":"https:\/\/wp.ufpel.edu.br\/ppgfil\/wp-json\/wp\/v2\/pages\/3114\/revisions\/3495"}],"wp:attachment":[{"href":"https:\/\/wp.ufpel.edu.br\/ppgfil\/wp-json\/wp\/v2\/media?parent=3114"}],"curies":[{"name":"wp","href":"https:\/\/api.w.org\/{rel}","templated":true}]}}