{"id":3103,"date":"2025-04-11T16:45:29","date_gmt":"2025-04-11T19:45:29","guid":{"rendered":"https:\/\/wp.ufpel.edu.br\/ppgfil\/?page_id=3103"},"modified":"2025-04-11T16:45:29","modified_gmt":"2025-04-11T19:45:29","slug":"grupos-de-estudio-investigacion","status":"publish","type":"page","link":"https:\/\/wp.ufpel.edu.br\/ppgfil\/grupos-de-estudio-investigacion\/","title":{"rendered":"Grupos de estudio\/investigaci\u00f3n"},"content":{"rendered":"<p><span style=\"font-weight: 400;\">Entre los Grupos de Estudio\/Investigaci\u00f3n coordinados por docentes del PPGFIL con actividad regular, se encuentran los siguientes:<\/span><\/p>\n<hr \/>\n<p><b>Grupo de Estudios sobre Filosof\u00eda Medieval<\/b><\/p>\n<p><span style=\"font-weight: 400;\">Vigente desde mayo de 2003, el Grupo de Estudios sobre Filosof\u00eda Medieval tiene como objetivo proporcionar a los estudiantes de pregrado o posgrado la posibilidad de profundizar en determinados temas, problemas o autores medievales. Sin embargo, como proyecto de extensi\u00f3n universitaria, el grupo siempre ha tenido en cuenta ciertas peculiaridades: no es una actividad exclusivamente destinada a los estudiantes de Filosof\u00eda. Estudiantes de otros cursos de la universidad participan, y, adem\u00e1s, las actividades est\u00e1n a disposici\u00f3n de la comunidad en general, incluso fuera del \u00e1mbito universitario. De hecho, la comunidad nunca ha dejado de estar presente.<\/span><\/p>\n<p><span style=\"font-weight: 400;\">Como instrumento de estudio y divulgaci\u00f3n de investigaciones sobre filosof\u00eda medieval, el grupo, aunque no tenga como objetivo principal la formaci\u00f3n de investigadores, termina logrando este resultado. Un n\u00famero significativo de estudiantes que pasan por el grupo dirige sus investigaciones, tanto en la licenciatura como, sobre todo, en el posgrado, hacia temas de filosof\u00eda medieval.<\/span><\/p>\n<p><span style=\"font-weight: 400;\">El grupo, con reuniones semanales, ha sido, durante m\u00e1s de veinte a\u00f1os, un espacio especial de reflexi\u00f3n sobre cuestiones filos\u00f3ficas relevantes del medievo: fe y raz\u00f3n, relaciones entre poder temporal y espiritual, el problema de los universales, cuestiones metaf\u00edsicas, pruebas de la existencia de Dios, \u00e9tica y virtud, entre otros temas estudiados.<\/span><\/p>\n<p><span style=\"font-weight: 400;\">Con gran satisfacci\u00f3n, cada a\u00f1o, especialmente al inicio de las actividades, se observa un n\u00famero significativo de personas, principalmente j\u00f3venes estudiantes, interesados en unirse al grupo. No todos permanecen: algunos buscan actividades extracurriculares; otros se acercan por curiosidad o entusiasmo. Todos, no obstante, tienen la oportunidad de conocer mejor el trabajo filos\u00f3fico de la Edad Media.<\/span><\/p>\n<p><span style=\"font-weight: 400;\">Certificado en el Directorio de Grupos de Investigaci\u00f3n del CNPq:<\/span><\/p>\n<p><a href=\"http:\/\/dgp.cnpq.br\/dgp\/espelhogrupo\/813840\"><span style=\"font-weight: 400;\">http:\/\/dgp.cnpq.br\/dgp\/espelhogrupo\/813840<\/span><\/a><\/p>\n<hr \/>\n<p><b>Grupo de Estudios Nietzsche UFPel<\/b><\/p>\n<p><span style=\"font-weight: 400;\">Creado en 2003 como un proyecto de extensi\u00f3n universitaria, el Grupo de Estudios Nietzsche UFPel re\u00fane estudiantes e interesados en discutir cuestiones relevantes del pensamiento de Nietzsche. Desde su fundaci\u00f3n, dirigido por el profesor Clademir Araldi, sus actividades comenzaron con la lectura de Humano, demasiado humano. En 2024, el grupo organiz\u00f3 el Encontro Nietzsche Mercosul, reuniendo a 25 conferencistas de Argentina, Chile, Per\u00fa, Uruguay y Brasil.<\/span><\/p>\n<p><span style=\"font-weight: 400;\">Certificado en el Directorio de Grupos de Investigaci\u00f3n del CNPq:<\/span><\/p>\n<p><a href=\"http:\/\/dgp.cnpq.br\/dgp\/espelhogrupo\/385591\"><span style=\"font-weight: 400;\"> http:\/\/dgp.cnpq.br\/dgp\/espelhogrupo\/385591<\/span><\/a><\/p>\n<hr \/>\n<p><b>Grupo de Investigaci\u00f3n Est\u00e9tica y Cr\u00edtica de la Modernidad<\/b><\/p>\n<p><span style=\"font-weight: 400;\">Creado en 2003, investiga la cr\u00edtica de Nietzsche a la modernidad, abordando sus implicaciones en fil\u00f3sofos como Heidegger y Foucault, y la reconstrucci\u00f3n de valores y subjetividades.<\/span><\/p>\n<p><span style=\"font-weight: 400;\">Certificado en el Directorio de Grupos de Investigaci\u00f3n del CNPq:<\/span><\/p>\n<p><a href=\"http:\/\/dgp.cnpq.br\/dgp\/espelhogrupo\/26396\"><span style=\"font-weight: 400;\"> http:\/\/dgp.cnpq.br\/dgp\/espelhogrupo\/26396<\/span><\/a><\/p>\n<hr \/>\n<p><b>Grupo de Estudios Hannah Arendt (GEHAr)<\/b><\/p>\n<p><span style=\"font-weight: 400;\">Certificado en el Directorio de Grupos de Investigaci\u00f3n del CNPq:<\/span><\/p>\n<p><a href=\"http:\/\/dgp.cnpq.br\/dgp\/espelhogrupo\/786890\"><span style=\"font-weight: 400;\"> http:\/\/dgp.cnpq.br\/dgp\/espelhogrupo\/786890<\/span><\/a><\/p>\n<hr \/>\n<p><b>Grupo de Estudios Ecopol\u00edticas y el Sur Global<\/b><\/p>\n<p><span style=\"font-weight: 400;\">Creado en 2023, busca abordar las relaciones entre humanidad, mundo y Tierra marcadas por crisis ecol\u00f3gicas, enfoc\u00e1ndose en teor\u00edas cr\u00edticas del Sur Global. Con reuniones semanales, enfatiza:<\/span><\/p>\n<p><span style=\"font-weight: 400;\">El estudio de autores del Sur Global.<\/span><\/p>\n<p><span style=\"font-weight: 400;\">Un enfoque interdisciplinario sobre colonialidad y estructuras sociopol\u00edticas.<\/span><\/p>\n<p><span style=\"font-weight: 400;\">Propuestas \u00e9ticas y sostenibles para habitar la Tierra.<\/span><\/p>\n<p><span style=\"font-weight: 400;\">Registro en el Portal Institucional de UFPel: <\/span><\/p>\n<p><a href=\"https:\/\/institucional.ufpel.edu.br\/projetos\/id\/u7168\"><span style=\"font-weight: 400;\">https:\/\/institucional.ufpel.edu.br\/projetos\/id\/u7168<\/span><\/a><\/p>\n","protected":false},"excerpt":{"rendered":"<p>Entre los Grupos de Estudio\/Investigaci\u00f3n coordinados por docentes del PPGFIL con actividad regular, se encuentran los siguientes: Grupo de Estudios sobre Filosof\u00eda Medieval Vigente desde mayo de 2003, el Grupo de Estudios sobre Filosof\u00eda Medieval tiene como objetivo proporcionar a los estudiantes de pregrado o posgrado la posibilidad de profundizar en determinados temas, problemas o [&hellip;]<\/p>\n","protected":false},"author":1247,"featured_media":0,"parent":0,"menu_order":0,"comment_status":"closed","ping_status":"closed","template":"","meta":{"jetpack_post_was_ever_published":false,"footnotes":""},"class_list":["post-3103","page","type-page","status-publish","hentry"],"jetpack_sharing_enabled":true,"_links":{"self":[{"href":"https:\/\/wp.ufpel.edu.br\/ppgfil\/wp-json\/wp\/v2\/pages\/3103","targetHints":{"allow":["GET"]}}],"collection":[{"href":"https:\/\/wp.ufpel.edu.br\/ppgfil\/wp-json\/wp\/v2\/pages"}],"about":[{"href":"https:\/\/wp.ufpel.edu.br\/ppgfil\/wp-json\/wp\/v2\/types\/page"}],"author":[{"embeddable":true,"href":"https:\/\/wp.ufpel.edu.br\/ppgfil\/wp-json\/wp\/v2\/users\/1247"}],"replies":[{"embeddable":true,"href":"https:\/\/wp.ufpel.edu.br\/ppgfil\/wp-json\/wp\/v2\/comments?post=3103"}],"version-history":[{"count":1,"href":"https:\/\/wp.ufpel.edu.br\/ppgfil\/wp-json\/wp\/v2\/pages\/3103\/revisions"}],"predecessor-version":[{"id":3104,"href":"https:\/\/wp.ufpel.edu.br\/ppgfil\/wp-json\/wp\/v2\/pages\/3103\/revisions\/3104"}],"wp:attachment":[{"href":"https:\/\/wp.ufpel.edu.br\/ppgfil\/wp-json\/wp\/v2\/media?parent=3103"}],"curies":[{"name":"wp","href":"https:\/\/api.w.org\/{rel}","templated":true}]}}