{"id":3086,"date":"2025-04-11T16:45:44","date_gmt":"2025-04-11T19:45:44","guid":{"rendered":"https:\/\/wp.ufpel.edu.br\/ppgfil\/?page_id=3086"},"modified":"2025-04-11T16:45:44","modified_gmt":"2025-04-11T19:45:44","slug":"becas","status":"publish","type":"page","link":"https:\/\/wp.ufpel.edu.br\/ppgfil\/becas\/","title":{"rendered":"Becas"},"content":{"rendered":"<p><span style=\"font-weight: 400;\">El Programa de Posgrado en Filosof\u00eda (PPG Filosof\u00eda) dispone de cupos de becas tanto para Maestr\u00eda como para Doctorado.<\/span><\/p>\n<p><span style=\"font-weight: 400;\">Los criterios para la concesi\u00f3n y mantenimiento de las becas pueden consultarse en el enlace a continuaci\u00f3n:<\/span><\/p>\n<p><a href=\"https:\/\/wp.ufpel.edu.br\/ppgfil\/files\/2024\/07\/2024-Criterios-para-Concessao-e-Manutencao-de-Bolsas-do-PPGFIL.pdf\"><span style=\"font-weight: 400;\">2024 Criterios para la Concesi\u00f3n y Mantenimiento de Becas del PPGFIL.<\/span><\/a><\/p>\n","protected":false},"excerpt":{"rendered":"<p>El Programa de Posgrado en Filosof\u00eda (PPG Filosof\u00eda) dispone de cupos de becas tanto para Maestr\u00eda como para Doctorado. Los criterios para la concesi\u00f3n y mantenimiento de las becas pueden consultarse en el enlace a continuaci\u00f3n: 2024 Criterios para la Concesi\u00f3n y Mantenimiento de Becas del PPGFIL.<\/p>\n","protected":false},"author":1247,"featured_media":0,"parent":0,"menu_order":0,"comment_status":"closed","ping_status":"closed","template":"","meta":{"jetpack_post_was_ever_published":false,"footnotes":""},"class_list":["post-3086","page","type-page","status-publish","hentry"],"jetpack_sharing_enabled":true,"_links":{"self":[{"href":"https:\/\/wp.ufpel.edu.br\/ppgfil\/wp-json\/wp\/v2\/pages\/3086","targetHints":{"allow":["GET"]}}],"collection":[{"href":"https:\/\/wp.ufpel.edu.br\/ppgfil\/wp-json\/wp\/v2\/pages"}],"about":[{"href":"https:\/\/wp.ufpel.edu.br\/ppgfil\/wp-json\/wp\/v2\/types\/page"}],"author":[{"embeddable":true,"href":"https:\/\/wp.ufpel.edu.br\/ppgfil\/wp-json\/wp\/v2\/users\/1247"}],"replies":[{"embeddable":true,"href":"https:\/\/wp.ufpel.edu.br\/ppgfil\/wp-json\/wp\/v2\/comments?post=3086"}],"version-history":[{"count":1,"href":"https:\/\/wp.ufpel.edu.br\/ppgfil\/wp-json\/wp\/v2\/pages\/3086\/revisions"}],"predecessor-version":[{"id":3087,"href":"https:\/\/wp.ufpel.edu.br\/ppgfil\/wp-json\/wp\/v2\/pages\/3086\/revisions\/3087"}],"wp:attachment":[{"href":"https:\/\/wp.ufpel.edu.br\/ppgfil\/wp-json\/wp\/v2\/media?parent=3086"}],"curies":[{"name":"wp","href":"https:\/\/api.w.org\/{rel}","templated":true}]}}