{"id":3084,"date":"2025-04-11T16:45:44","date_gmt":"2025-04-11T19:45:44","guid":{"rendered":"https:\/\/wp.ufpel.edu.br\/ppgfil\/?page_id=3084"},"modified":"2025-04-11T17:48:26","modified_gmt":"2025-04-11T20:48:26","slug":"asignaturas-optativas","status":"publish","type":"page","link":"https:\/\/wp.ufpel.edu.br\/ppgfil\/asignaturas-optativas\/","title":{"rendered":"ASIGNATURAS OPTATIVAS"},"content":{"rendered":"<p><span style=\"font-weight: 400;\">A partir de julio de 2019 (seg\u00fan el Acta 006\/2019), las asignaturas del PPG en Filosof\u00eda de la UFPel pasaron a ser optativas, con la \u00fanica excepci\u00f3n obligatoria del \u201cSeminario de Orientaci\u00f3n de Disertaci\u00f3n\u201d y el \u201cSeminario de Orientaci\u00f3n de Tesis\u201d. Para finalizar el curso (de acuerdo con lo establecido en el Reglamento del PPGFIL-UFPel, del 09\/06\/2022, Secci\u00f3n III, \u201cDe la estructura Curricular\u201d), el estudiante necesita completar 20 (veinte) cr\u00e9ditos para la Maestr\u00eda y 40 (cuarenta) cr\u00e9ditos para el Doctorado.<\/span><\/p>\n<p><span style=\"font-weight: 400;\">Para visualizar las asignaturas que componen la Estructura Curricular del PPGFIL, solo es necesario acceder al Portal Institucional de la UFPel, seleccionar la opci\u00f3n \u201cDoctorado\u201d o \u201cMaestr\u00eda\u201d y luego hacer clic en \u201cMatriz Curricular\u201d: <a href=\"https:\/\/institucional.ufpel.edu.br\/unidades\/id\/904\">https:\/\/institucional.ufpel.edu.br\/unidades\/id\/904<\/a><\/span><\/p>\n","protected":false},"excerpt":{"rendered":"<p>A partir de julio de 2019 (seg\u00fan el Acta 006\/2019), las asignaturas del PPG en Filosof\u00eda de la UFPel pasaron a ser optativas, con la \u00fanica excepci\u00f3n obligatoria del \u201cSeminario de Orientaci\u00f3n de Disertaci\u00f3n\u201d y el \u201cSeminario de Orientaci\u00f3n de Tesis\u201d. Para finalizar el curso (de acuerdo con lo establecido en el Reglamento del PPGFIL-UFPel, [&hellip;]<\/p>\n","protected":false},"author":1247,"featured_media":0,"parent":0,"menu_order":0,"comment_status":"closed","ping_status":"closed","template":"","meta":{"jetpack_post_was_ever_published":false,"footnotes":""},"class_list":["post-3084","page","type-page","status-publish","hentry"],"jetpack_sharing_enabled":true,"_links":{"self":[{"href":"https:\/\/wp.ufpel.edu.br\/ppgfil\/wp-json\/wp\/v2\/pages\/3084","targetHints":{"allow":["GET"]}}],"collection":[{"href":"https:\/\/wp.ufpel.edu.br\/ppgfil\/wp-json\/wp\/v2\/pages"}],"about":[{"href":"https:\/\/wp.ufpel.edu.br\/ppgfil\/wp-json\/wp\/v2\/types\/page"}],"author":[{"embeddable":true,"href":"https:\/\/wp.ufpel.edu.br\/ppgfil\/wp-json\/wp\/v2\/users\/1247"}],"replies":[{"embeddable":true,"href":"https:\/\/wp.ufpel.edu.br\/ppgfil\/wp-json\/wp\/v2\/comments?post=3084"}],"version-history":[{"count":2,"href":"https:\/\/wp.ufpel.edu.br\/ppgfil\/wp-json\/wp\/v2\/pages\/3084\/revisions"}],"predecessor-version":[{"id":3232,"href":"https:\/\/wp.ufpel.edu.br\/ppgfil\/wp-json\/wp\/v2\/pages\/3084\/revisions\/3232"}],"wp:attachment":[{"href":"https:\/\/wp.ufpel.edu.br\/ppgfil\/wp-json\/wp\/v2\/media?parent=3084"}],"curies":[{"name":"wp","href":"https:\/\/api.w.org\/{rel}","templated":true}]}}