{"id":3080,"date":"2025-04-11T16:45:45","date_gmt":"2025-04-11T19:45:45","guid":{"rendered":"https:\/\/wp.ufpel.edu.br\/ppgfil\/?page_id=3080"},"modified":"2025-04-11T16:45:45","modified_gmt":"2025-04-11T19:45:45","slug":"posdoctorado","status":"publish","type":"page","link":"https:\/\/wp.ufpel.edu.br\/ppgfil\/posdoctorado\/","title":{"rendered":"POSDOCTORADO"},"content":{"rendered":"<p><span style=\"font-weight: 400;\"><strong>DE LOS OBJETIVOS<\/strong> <\/span><\/p>\n<p><span style=\"font-weight: 400;\">Proporcionar formaci\u00f3n a nivel de estancia de posdoctorado en el \u00e1rea de concentraci\u00f3n, l\u00edneas y grupos de investigaci\u00f3n vinculados al Programa de Posgrado en Filosof\u00eda de la UFPel; fomentar la investigaci\u00f3n en filosof\u00eda mediante la inserci\u00f3n de investigadores brasile\u00f1os y extranjeros en estancias posdoctorales en el pa\u00eds; permitir la transferencia de conocimientos y la integraci\u00f3n entre los grupos de investigaci\u00f3n nacionales e internacionales; contribuir a la capacitaci\u00f3n de investigadores en los Programas de Posgrado de instituciones de educaci\u00f3n superior e investigaci\u00f3n; promover la transferencia de nuevos conocimientos al cuerpo estudiantil del Curso y del Programa de Posgrado en Filosof\u00eda.<\/span><\/p>\n<p><span style=\"font-weight: 400;\"><strong>INSCRIPCIONES<\/strong> <\/span><\/p>\n<p><span style=\"font-weight: 400;\">Las inscripciones para el proceso selectivo de estancias posdoctorales en filosof\u00eda podr\u00e1n realizarse en un sistema de flujo continuo, durante el per\u00edodo lectivo establecido por el Calendario Acad\u00e9mico de la UFPel, en la Secretar\u00eda del Programa de Posgrado en Filosof\u00eda (Campus de Ciencias Sociales, Instituto de Filosof\u00eda, Sociolog\u00eda y Pol\u00edtica, sala 209), calle Coronel Alberto Rosa, 154, Centro \u2013 96010-770, Pelotas\/RS, o al correo electr\u00f3nico ppgfilosofia@ufpel.edu.br (indicando en el campo &#8220;Asunto&#8221; el texto \u201cINSCRIPCI\u00d3N POSDOCTORADO EN FILOSOF\u00cdA\u201d).<\/span><\/p>\n<p style=\"text-align: center;\"><strong><a href=\"https:\/\/wp.ufpel.edu.br\/ppgfil\/files\/2021\/10\/SEI_UFPel-1461235-Edital-pos-doc.pdf\">Accede al Edicto de Flujo Continuo de Posdoctorado.<\/a><\/strong><\/p>\n","protected":false},"excerpt":{"rendered":"<p>DE LOS OBJETIVOS Proporcionar formaci\u00f3n a nivel de estancia de posdoctorado en el \u00e1rea de concentraci\u00f3n, l\u00edneas y grupos de investigaci\u00f3n vinculados al Programa de Posgrado en Filosof\u00eda de la UFPel; fomentar la investigaci\u00f3n en filosof\u00eda mediante la inserci\u00f3n de investigadores brasile\u00f1os y extranjeros en estancias posdoctorales en el pa\u00eds; permitir la transferencia de conocimientos [&hellip;]<\/p>\n","protected":false},"author":1247,"featured_media":0,"parent":0,"menu_order":0,"comment_status":"closed","ping_status":"closed","template":"","meta":{"jetpack_post_was_ever_published":false,"footnotes":""},"class_list":["post-3080","page","type-page","status-publish","hentry"],"jetpack_sharing_enabled":true,"_links":{"self":[{"href":"https:\/\/wp.ufpel.edu.br\/ppgfil\/wp-json\/wp\/v2\/pages\/3080","targetHints":{"allow":["GET"]}}],"collection":[{"href":"https:\/\/wp.ufpel.edu.br\/ppgfil\/wp-json\/wp\/v2\/pages"}],"about":[{"href":"https:\/\/wp.ufpel.edu.br\/ppgfil\/wp-json\/wp\/v2\/types\/page"}],"author":[{"embeddable":true,"href":"https:\/\/wp.ufpel.edu.br\/ppgfil\/wp-json\/wp\/v2\/users\/1247"}],"replies":[{"embeddable":true,"href":"https:\/\/wp.ufpel.edu.br\/ppgfil\/wp-json\/wp\/v2\/comments?post=3080"}],"version-history":[{"count":1,"href":"https:\/\/wp.ufpel.edu.br\/ppgfil\/wp-json\/wp\/v2\/pages\/3080\/revisions"}],"predecessor-version":[{"id":3081,"href":"https:\/\/wp.ufpel.edu.br\/ppgfil\/wp-json\/wp\/v2\/pages\/3080\/revisions\/3081"}],"wp:attachment":[{"href":"https:\/\/wp.ufpel.edu.br\/ppgfil\/wp-json\/wp\/v2\/media?parent=3080"}],"curies":[{"name":"wp","href":"https:\/\/api.w.org\/{rel}","templated":true}]}}