{"id":3072,"date":"2025-04-11T16:45:45","date_gmt":"2025-04-11T19:45:45","guid":{"rendered":"https:\/\/wp.ufpel.edu.br\/ppgfil\/?page_id=3072"},"modified":"2025-04-11T16:45:45","modified_gmt":"2025-04-11T19:45:45","slug":"maestria","status":"publish","type":"page","link":"https:\/\/wp.ufpel.edu.br\/ppgfil\/maestria\/","title":{"rendered":"Maestr\u00eda"},"content":{"rendered":"<p><span style=\"font-weight: 400;\">El Programa de Posgrado en Filosof\u00eda, a nivel de Maestr\u00eda, en el \u00c1rea de Concentraci\u00f3n de \u00c9tica y Filosof\u00eda Pol\u00edtica, est\u00e1 organizado como un conjunto integrado de disciplinas para permitir al estudiante perfeccionar la formaci\u00f3n ya adquirida y facilitarle el desarrollo de estudios e investigaciones, de acuerdo con las l\u00edneas de investigaci\u00f3n definidas por el Programa: Concepciones de virtud; Fundamentaci\u00f3n y cr\u00edtica de la moral; Derecho, Sociedad y Estado; y Epistemolog\u00eda moral.<\/span><\/p>\n<p><span style=\"font-weight: 400;\">La finalizaci\u00f3n del curso requiere cumplir con 20 (veinte) cr\u00e9ditos para la Maestr\u00eda. La calificaci\u00f3n de la Maestr\u00eda debe realizarse hasta el final del tercer semestre del curso. El plazo para la conclusi\u00f3n es de 24 meses, pudiendo prorrogarse, en casos excepcionales, por 6 meses adicionales.<\/span><\/p>\n<p><a href=\"https:\/\/institucional.ufpel.edu.br\/cursos\/cod\/7048\"><span style=\"font-weight: 400;\">Puedes acceder a m\u00e1s informaci\u00f3n aqu\u00ed.<\/span><\/a><\/p>\n","protected":false},"excerpt":{"rendered":"<p>El Programa de Posgrado en Filosof\u00eda, a nivel de Maestr\u00eda, en el \u00c1rea de Concentraci\u00f3n de \u00c9tica y Filosof\u00eda Pol\u00edtica, est\u00e1 organizado como un conjunto integrado de disciplinas para permitir al estudiante perfeccionar la formaci\u00f3n ya adquirida y facilitarle el desarrollo de estudios e investigaciones, de acuerdo con las l\u00edneas de investigaci\u00f3n definidas por el [&hellip;]<\/p>\n","protected":false},"author":1247,"featured_media":0,"parent":0,"menu_order":0,"comment_status":"closed","ping_status":"closed","template":"","meta":{"jetpack_post_was_ever_published":false,"footnotes":""},"class_list":["post-3072","page","type-page","status-publish","hentry"],"jetpack_sharing_enabled":true,"_links":{"self":[{"href":"https:\/\/wp.ufpel.edu.br\/ppgfil\/wp-json\/wp\/v2\/pages\/3072","targetHints":{"allow":["GET"]}}],"collection":[{"href":"https:\/\/wp.ufpel.edu.br\/ppgfil\/wp-json\/wp\/v2\/pages"}],"about":[{"href":"https:\/\/wp.ufpel.edu.br\/ppgfil\/wp-json\/wp\/v2\/types\/page"}],"author":[{"embeddable":true,"href":"https:\/\/wp.ufpel.edu.br\/ppgfil\/wp-json\/wp\/v2\/users\/1247"}],"replies":[{"embeddable":true,"href":"https:\/\/wp.ufpel.edu.br\/ppgfil\/wp-json\/wp\/v2\/comments?post=3072"}],"version-history":[{"count":1,"href":"https:\/\/wp.ufpel.edu.br\/ppgfil\/wp-json\/wp\/v2\/pages\/3072\/revisions"}],"predecessor-version":[{"id":3073,"href":"https:\/\/wp.ufpel.edu.br\/ppgfil\/wp-json\/wp\/v2\/pages\/3072\/revisions\/3073"}],"wp:attachment":[{"href":"https:\/\/wp.ufpel.edu.br\/ppgfil\/wp-json\/wp\/v2\/media?parent=3072"}],"curies":[{"name":"wp","href":"https:\/\/api.w.org\/{rel}","templated":true}]}}