{"id":3068,"date":"2025-04-11T16:45:46","date_gmt":"2025-04-11T19:45:46","guid":{"rendered":"https:\/\/wp.ufpel.edu.br\/ppgfil\/?page_id=3068"},"modified":"2025-04-11T16:45:46","modified_gmt":"2025-04-11T19:45:46","slug":"plan-estrategico","status":"publish","type":"page","link":"https:\/\/wp.ufpel.edu.br\/ppgfil\/plan-estrategico\/","title":{"rendered":"Plan Estrat\u00e9gico"},"content":{"rendered":"<p><span style=\"font-weight: 400;\">El Plan Estrat\u00e9gico del Programa de Posgrado en Filosof\u00eda de la UFPel, correspondiente al per\u00edodo 2023-2024, puede ser accedido aqu\u00ed: <a href=\"https:\/\/wp.ufpel.edu.br\/ppgfil\/files\/2023\/10\/PEP-PPGFIL-2023-24_Versao-final.pdf\">PEP PPGFIL 2023-24<\/a>.<\/span><\/p>\n","protected":false},"excerpt":{"rendered":"<p>El Plan Estrat\u00e9gico del Programa de Posgrado en Filosof\u00eda de la UFPel, correspondiente al per\u00edodo 2023-2024, puede ser accedido aqu\u00ed: PEP PPGFIL 2023-24.<\/p>\n","protected":false},"author":1247,"featured_media":0,"parent":0,"menu_order":0,"comment_status":"closed","ping_status":"closed","template":"","meta":{"jetpack_post_was_ever_published":false,"footnotes":""},"class_list":["post-3068","page","type-page","status-publish","hentry"],"jetpack_sharing_enabled":true,"_links":{"self":[{"href":"https:\/\/wp.ufpel.edu.br\/ppgfil\/wp-json\/wp\/v2\/pages\/3068","targetHints":{"allow":["GET"]}}],"collection":[{"href":"https:\/\/wp.ufpel.edu.br\/ppgfil\/wp-json\/wp\/v2\/pages"}],"about":[{"href":"https:\/\/wp.ufpel.edu.br\/ppgfil\/wp-json\/wp\/v2\/types\/page"}],"author":[{"embeddable":true,"href":"https:\/\/wp.ufpel.edu.br\/ppgfil\/wp-json\/wp\/v2\/users\/1247"}],"replies":[{"embeddable":true,"href":"https:\/\/wp.ufpel.edu.br\/ppgfil\/wp-json\/wp\/v2\/comments?post=3068"}],"version-history":[{"count":1,"href":"https:\/\/wp.ufpel.edu.br\/ppgfil\/wp-json\/wp\/v2\/pages\/3068\/revisions"}],"predecessor-version":[{"id":3069,"href":"https:\/\/wp.ufpel.edu.br\/ppgfil\/wp-json\/wp\/v2\/pages\/3068\/revisions\/3069"}],"wp:attachment":[{"href":"https:\/\/wp.ufpel.edu.br\/ppgfil\/wp-json\/wp\/v2\/media?parent=3068"}],"curies":[{"name":"wp","href":"https:\/\/api.w.org\/{rel}","templated":true}]}}