{"id":3053,"date":"2025-04-11T16:45:46","date_gmt":"2025-04-11T19:45:46","guid":{"rendered":"https:\/\/wp.ufpel.edu.br\/ppgfil\/?page_id=3053"},"modified":"2026-01-12T21:56:37","modified_gmt":"2026-01-13T00:56:37","slug":"cuerpo-docente","status":"publish","type":"page","link":"https:\/\/wp.ufpel.edu.br\/ppgfil\/cuerpo-docente\/","title":{"rendered":"Cuerpo docente"},"content":{"rendered":"<h2 style=\"text-align: center;\"><b>Permanentes<\/b><\/h2>\n<hr \/>\n<p><b>Clademir Araldi<\/b><b><br \/>\n<\/b><span style=\"font-weight: 400;\">Doctor en Filosof\u00eda por la Universidade de S\u00e3o Paulo (2002), con estancia de investigaci\u00f3n en la Technische Universit\u00e4t Berlin\/Alemania (2001-2002).<\/span><\/p>\n<p><span style=\"font-weight: 400;\">Posdoctorado: Technische Universit\u00e4t Berlin\/Alemania (2007-2008), Technische Universit\u00e4t Berlin\/Alemania (2014), Universidade Federal do Paran\u00e1 (2020-2021).<\/span><\/p>\n<p><span style=\"font-weight: 400;\">Correo electr\u00f3nico: clademir.araldi@gmail.com \/ <a href=\"http:\/\/lattes.cnpq.br\/9512892707756969\"><strong>Curr\u00edculo Lattes<\/strong><\/a><\/span><\/p>\n<hr \/>\n<p><b>Evandro Barbosa<\/b><b><br \/>\n<\/b><span style=\"font-weight: 400;\">Doctor en Filosof\u00eda por la Pontif\u00edcia Universidade Cat\u00f3lica do Rio Grande do Sul (2011).<\/span><\/p>\n<p><span style=\"font-weight: 400;\">Posdoctorado \/ Profesor Visitante: Universidade Federal de Pelotas (2012-2014), University of California \/ Estados Unidos (2017), University of North Carolina \u2013 Chapel Hill \/ EE. UU. (2019-2020).<\/span><\/p>\n<p><span style=\"font-weight: 400;\">Correo electr\u00f3nico: evandrobarbosa2001@yahoo.com.br \/ <a href=\"http:\/\/lattes.cnpq.br\/4540090727696342\"><strong>Curr\u00edculo Lattes<\/strong><\/a><\/span><\/p>\n<hr \/>\n<p><b>Jovino Pizzi<\/b><b><br \/>\n<\/b><span style=\"font-weight: 400;\">Doctor en Filosof\u00eda por la Universitat Jaume I \/ Espa\u00f1a (2002).<\/span><\/p>\n<p><span style=\"font-weight: 400;\">Posdoctorado \/ Profesor Visitante: Universitat Jaume I \/ Espa\u00f1a (2005-2006), Universidade Federal de Santa Catarina (2015-2016), Universitat Jaume I \/ Espa\u00f1a (2020).<\/span><\/p>\n<p><span style=\"font-weight: 400;\">Correo electr\u00f3nico: jovino.piz@gmail.com \/ <a href=\"http:\/\/lattes.cnpq.br\/8367592283546125\"><strong>Curr\u00edculo Lattes<\/strong><\/a><\/span><\/p>\n<hr \/>\n<p><b>Juliano do Carmo<\/b><b><br \/>\n<\/b><span style=\"font-weight: 400;\">Doctor en Filosof\u00eda por la Pontif\u00edcia Universidade Cat\u00f3lica do Rio Grande do Sul (2012).<\/span><\/p>\n<p><span style=\"font-weight: 400;\">Posdoctorado: Universidade Federal de Pelotas (2013).<\/span><\/p>\n<p><span style=\"font-weight: 400;\">Correo electr\u00f3nico: juliano.ufpel@gmail.com \/ <a href=\"http:\/\/lattes.cnpq.br\/7477981517627461\"><strong>Curr\u00edculo Lattes<\/strong><\/a><\/span><\/p>\n<hr \/>\n<p><b>Keberson Bresolin<\/b><b><br \/>\n<\/b><span style=\"font-weight: 400;\">Doctor en Filosof\u00eda por la Pontif\u00edcia Universidade Cat\u00f3lica do Rio Grande do Sul (2012), con estancia de investigaci\u00f3n en la Eberhard Karls Universit\u00e4t T\u00fcbingen \/ Alemania (2011-2012).<\/span><\/p>\n<p><span style=\"font-weight: 400;\">Posdoctorado: University of T\u00fcbingen \/ Alemania (2014).<\/span><\/p>\n<p><span style=\"font-weight: 400;\">Correo electr\u00f3nico: keberson.bresolin@gmail.com \/ <a href=\"http:\/\/lattes.cnpq.br\/0453544073578564\"><strong>Curr\u00edculo Lattes<\/strong><\/a><\/span><\/p>\n<hr \/>\n<p><b>Lu\u00eds Rubira<\/b><b><br \/>\n<\/b><span style=\"font-weight: 400;\">Doctor en Filosof\u00eda por la Universidade de S\u00e3o Paulo (2009), con estancia de investigaci\u00f3n en la Universit\u00e9 de Reims Champagne-Ardenne \/ Francia (2007-2008).<\/span><\/p>\n<p><span style=\"font-weight: 400;\">Posdoctorado: Universit\u00e9 de Reims Champagne-Ardenne \/ Francia (2014-2015), Universidad de la Rep\u00fablica \/ Uruguay (2023-2024).<\/span><\/p>\n<p><span style=\"font-weight: 400;\">Correo electr\u00f3nico: luisrubira.filosofia@gmail.com \/ <a href=\"http:\/\/lattes.cnpq.br\/9798875695341483\"><strong>Curr\u00edculo Lattes<\/strong><\/a><\/span><\/p>\n<hr \/>\n<p><b>Manoel Vasconcellos<\/b><b><br \/>\n<\/b><span style=\"font-weight: 400;\">Doctor en Filosof\u00eda por la Pontif\u00edcia Universidade Cat\u00f3lica do Rio Grande do Sul (2003).<\/span><\/p>\n<p><span style=\"font-weight: 400;\">Posdoctorado: Universidade do Porto \/ Portugal (2011-2012).<\/span><\/p>\n<p><span style=\"font-weight: 400;\">Correo electr\u00f3nico: vasconcellos.manoel@gmail.com \/ <strong><a href=\"http:\/\/lattes.cnpq.br\/6450962679150321\">Curr\u00edculo Lattes<\/a><\/strong><\/span><\/p>\n<hr \/>\n<p><b>S\u00e9rgio Ricardo Strefling<\/b><b><br \/>\n<\/b><span style=\"font-weight: 400;\">Doctor en Filosof\u00eda por la Pontif\u00edcia Universidade Cat\u00f3lica do Rio Grande do Sul (2000).<\/span><\/p>\n<p><span style=\"font-weight: 400;\">Posdoctorado: Universidade do Porto \/ Portugal (2012-2013).<\/span><\/p>\n<p><span style=\"font-weight: 400;\">Correo electr\u00f3nico: srstrefling@gmail.com \/ <strong><a href=\"http:\/\/lattes.cnpq.br\/5956718110743667\">Curr\u00edculo Lattes<\/a><\/strong><\/span><\/p>\n<hr \/>\n<h2 style=\"text-align: center;\"><b>Colaborator<\/b><\/h2>\n<hr \/>\n<p><b>Darlei Dall\u00b4Agnoll (UFSC)<\/b><b><br \/>\n<\/b><span style=\"font-weight: 400;\">Doctor en Filosof\u00eda por la University of Bristol \/ Inglaterra (2000).<\/span><\/p>\n<p><span style=\"font-weight: 400;\">Posdoctorado: University of Michigan en Ann Arbor \/ EE. UU. (2006-2007), University of Oxford \/ Inglaterra (2015-2016).<\/span><\/p>\n<p><span style=\"font-weight: 400;\">Correo electr\u00f3nico: ddarlei@yahoo.com \/ <strong><a href=\"http:\/\/lattes.cnpq.br\/1009956459333986\">Curr\u00edculo Lattes<\/a><\/strong><\/span><\/p>\n<hr \/>\n<p><b>Delamar Volpato Dutra (UFSC)<\/b><b><br \/>\n<\/b><span style=\"font-weight: 400;\">Doctor en Filosof\u00eda por la Universidade Federal do Rio Grande do Sul (1997), con estancia de investigaci\u00f3n en la Universit\u00e9 Catholique de Louvain \/ B\u00e9lgica (1995-1996).<\/span><\/p>\n<p><span style=\"font-weight: 400;\">Posdoctorado: Columbia University \/ EE. UU. (2003-2004), Aberystwyth University \/ GALES (2011-2012), Pontif\u00edcia Universidade Cat\u00f3lica do Rio Grande do Sul (2017-2018), Universit\u00e0 degli Studi di Padova \/ Italia (2023-2024).<\/span><\/p>\n<p><span style=\"font-weight: 400;\">Correo electr\u00f3nico: djvdutra@yahoo.com.br \/ <a href=\"http:\/\/lattes.cnpq.br\/7826882124566360\"><strong>Curr\u00edculo Lattes<\/strong><\/a><\/span><\/p>\n<hr \/>\n<h2 style=\"text-align: center;\"><b>Visitante\u00a0<\/b><\/h2>\n<hr \/>\n<p><b>Nuno Miguel Pereira Castanheira<\/b><b><br \/>\n<\/b><span style=\"font-weight: 400;\">Doctor en Filosof\u00eda Pol\u00edtica por la Universidade de Lisboa (2015).<\/span><\/p>\n<p><span style=\"font-weight: 400;\">Posdoctorado: Universidade Federal do Rio Grande do Sul (2016-2018), Universidade Cat\u00f3lica do Rio Grande do Sul (2019-2023).<\/span><\/p>\n<p><span style=\"font-weight: 400;\">Correo electr\u00f3nico: npcastanheira@gmail.com \/ <a href=\"http:\/\/lattes.cnpq.br\/2074282295154166\"><strong>Curr\u00edculo Lattes<\/strong><\/a><\/span><\/p>\n<hr \/>\n<h2 style=\"text-align: center;\"><b>In Memoriam<\/b><\/h2>\n<hr \/>\n<p><b>Claudio Neutzling (1942-2003)<\/b><b><br \/>\n<\/b><span style=\"font-weight: 400;\">Doctor en Filosof\u00eda por la Pontificia Universit\u00e0 Gregoriana \/ Italia (1984).<\/span><\/p>\n<p><a href=\"http:\/\/lattes.cnpq.br\/5520877299944131\"><strong>Curr\u00edculo Lattes<\/strong><\/a><\/p>\n<hr \/>\n<p><b>Osmar Miguel Schaefer (1943-2021)<\/b><b><br \/>\n<\/b><span style=\"font-weight: 400;\">Doctor en Filosof\u00eda por la Universit\u00e9 Catholique de Louvain \/ B\u00e9lgica (1981).<\/span><\/p>\n<p><strong><a href=\"http:\/\/lattes.cnpq.br\/6343061273263244\">Curr\u00edculo Lattes<\/a><\/strong><\/p>\n","protected":false},"excerpt":{"rendered":"<p>Permanentes Clademir Araldi Doctor en Filosof\u00eda por la Universidade de S\u00e3o Paulo (2002), con estancia de investigaci\u00f3n en la Technische Universit\u00e4t Berlin\/Alemania (2001-2002). Posdoctorado: Technische Universit\u00e4t Berlin\/Alemania (2007-2008), Technische Universit\u00e4t Berlin\/Alemania (2014), Universidade Federal do Paran\u00e1 (2020-2021). Correo electr\u00f3nico: clademir.araldi@gmail.com \/ Curr\u00edculo Lattes Evandro Barbosa Doctor en Filosof\u00eda por la Pontif\u00edcia Universidade Cat\u00f3lica do Rio [&hellip;]<\/p>\n","protected":false},"author":1247,"featured_media":0,"parent":0,"menu_order":0,"comment_status":"closed","ping_status":"closed","template":"","meta":{"jetpack_post_was_ever_published":false,"footnotes":""},"class_list":["post-3053","page","type-page","status-publish","hentry"],"jetpack_sharing_enabled":true,"_links":{"self":[{"href":"https:\/\/wp.ufpel.edu.br\/ppgfil\/wp-json\/wp\/v2\/pages\/3053","targetHints":{"allow":["GET"]}}],"collection":[{"href":"https:\/\/wp.ufpel.edu.br\/ppgfil\/wp-json\/wp\/v2\/pages"}],"about":[{"href":"https:\/\/wp.ufpel.edu.br\/ppgfil\/wp-json\/wp\/v2\/types\/page"}],"author":[{"embeddable":true,"href":"https:\/\/wp.ufpel.edu.br\/ppgfil\/wp-json\/wp\/v2\/users\/1247"}],"replies":[{"embeddable":true,"href":"https:\/\/wp.ufpel.edu.br\/ppgfil\/wp-json\/wp\/v2\/comments?post=3053"}],"version-history":[{"count":3,"href":"https:\/\/wp.ufpel.edu.br\/ppgfil\/wp-json\/wp\/v2\/pages\/3053\/revisions"}],"predecessor-version":[{"id":3564,"href":"https:\/\/wp.ufpel.edu.br\/ppgfil\/wp-json\/wp\/v2\/pages\/3053\/revisions\/3564"}],"wp:attachment":[{"href":"https:\/\/wp.ufpel.edu.br\/ppgfil\/wp-json\/wp\/v2\/media?parent=3053"}],"curies":[{"name":"wp","href":"https:\/\/api.w.org\/{rel}","templated":true}]}}