{"id":3044,"date":"2025-04-11T16:46:05","date_gmt":"2025-04-11T19:46:05","guid":{"rendered":"https:\/\/wp.ufpel.edu.br\/ppgfil\/?page_id=3044"},"modified":"2025-04-11T16:46:05","modified_gmt":"2025-04-11T19:46:05","slug":"lineas-de-investigacion","status":"publish","type":"page","link":"https:\/\/wp.ufpel.edu.br\/ppgfil\/area-de-concentracion\/lineas-de-investigacion\/","title":{"rendered":"L\u00cdNEAS DE INVESTIGACI\u00d3N"},"content":{"rendered":"<p><b>Concepciones de la Virtud<\/b><\/p>\n<p><span style=\"font-weight: 400;\">The research line <\/span><i><span style=\"font-weight: 400;\">Conceptions of Virtue<\/span><\/i><span style=\"font-weight: 400;\"> aims to study in detail ethical theories that present virtue as a normative criterion for action in ancient, medieval, modern, and contemporary philosophy, while also establishing a contrast, especially with principled ethical theories. In this sense, special attention will be given to moral conceptions and virtue conceptions of Plato, Aristotle, Epicurus, the Stoics, Augustine, Boethius, Anselm, Thomas Aquinas, Kant, Mill, Anscombe, Foot, Geach, MacIntyre, Hursthouse, Slote, Baier, and Williams.<\/span><\/p>\n<p><b>Tutores:<\/b><\/p>\n<ul>\n<li style=\"font-weight: 400;\" aria-level=\"1\"><span style=\"font-weight: 400;\">Dr. Jo\u00e3o Hobuss<\/span><\/li>\n<li style=\"font-weight: 400;\" aria-level=\"1\"><span style=\"font-weight: 400;\">Dr. Manoel Vasconcellos<\/span><\/li>\n<li style=\"font-weight: 400;\" aria-level=\"1\"><span style=\"font-weight: 400;\">Dr. S\u00e9rgio Strefling<\/span><\/li>\n<\/ul>\n<hr \/>\n<p><b>Fundamentaci\u00f3n y Cr\u00edtica de la Moral<\/b><\/p>\n<p><span style=\"font-weight: 400;\">En la l\u00ednea de investigaci\u00f3n de Fundamentaci\u00f3n y Cr\u00edtica de la Moral, se busca, en un primer momento, analizar la fundamentaci\u00f3n de la moral en el pensamiento moderno. A partir del proyecto kantiano de fundamentaci\u00f3n de una moral aut\u00f3noma, se investigar\u00e1n otras cuestiones del pensamiento \u00e9tico contempor\u00e1neo, enfocadas en la fundamentaci\u00f3n racional de las exigencias morales. Tambi\u00e9n ser\u00e1n objeto de estudio las cr\u00edticas a la fundamentaci\u00f3n kantiana de la moral realizadas por Schopenhauer y Nietzsche, as\u00ed como la posici\u00f3n contractualista y el utilitarismo moral ingl\u00e9s.<\/span><\/p>\n<p><b>Tutores:<\/b><\/p>\n<ul>\n<li style=\"font-weight: 400;\" aria-level=\"1\"><span style=\"font-weight: 400;\">Dr. Clademir Araldi<\/span><\/li>\n<li style=\"font-weight: 400;\" aria-level=\"1\"><span style=\"font-weight: 400;\">Dr. Lu\u00eds Rubira<\/span><\/li>\n<li style=\"font-weight: 400;\" aria-level=\"1\"><span style=\"font-weight: 400;\">Dr. Nuno Castanheira<\/span><\/li>\n<\/ul>\n<hr \/>\n<p><b>Derecho, Sociedad y Estado<\/b><\/p>\n<p><span style=\"font-weight: 400;\">La l\u00ednea de investigaci\u00f3n Derecho, Sociedad y Estado tiene como objetivo un estudio detallado de diversos temas, tales como la sociedad y sus estructuras, la evoluci\u00f3n hist\u00f3rica del derecho, el papel del derecho en la legitimaci\u00f3n del estado, el problema del ordenamiento, as\u00ed como los conceptos de sistema y norma jur\u00eddica.<\/span><\/p>\n<p><span style=\"font-weight: 400;\">Adem\u00e1s, esta l\u00ednea de investigaci\u00f3n abarca cuestiones relacionadas con el derecho natural, el iusnaturalismo, el historicismo, el contractualismo, el positivismo jur\u00eddico, as\u00ed como la sociolog\u00eda jur\u00eddica y la l\u00f3gica\/ret\u00f3rica jur\u00eddicas. Tambi\u00e9n son temas relevantes para esta l\u00ednea los siguientes t\u00f3picos: derecho y dial\u00e9ctica, facticidad y validez del derecho, teor\u00edas del estado, sociedad y estado, el estado democr\u00e1tico de derecho, sociedad y organizaci\u00f3n social, estado y dominaci\u00f3n, cultura y sociedad, el derecho y los l\u00edmites del estado, tipos de estado, el estado moderno, el constitucionalismo en el orden jur\u00eddico moderno, el derecho pol\u00edtico, la concepci\u00f3n jur\u00eddica del estado y, finalmente, derecho, sociedad, estado y la cuesti\u00f3n del poder.<\/span><\/p>\n<p><b>Tutores:<\/b><\/p>\n<ul>\n<li style=\"font-weight: 400;\" aria-level=\"1\"><span style=\"font-weight: 400;\">Dr. Jovino Pizzi<\/span><\/li>\n<li style=\"font-weight: 400;\" aria-level=\"1\"><span style=\"font-weight: 400;\">Dr. Keberson Bresolin<\/span><\/li>\n<li style=\"font-weight: 400;\" aria-level=\"1\"><span style=\"font-weight: 400;\">Dr. S\u00f4nia Maria Schio<\/span><\/li>\n<\/ul>\n<hr \/>\n<p><b>Epistemolog\u00eda Moral<\/b><\/p>\n<p><span style=\"font-weight: 400;\">La epistemolog\u00eda moral est\u00e1 preocupada con nuestro conocimiento moral, con la cuesti\u00f3n de su justificaci\u00f3n (sobre si esa justificaci\u00f3n es posible y cu\u00e1les son los modelos justificativos m\u00e1s consistentes). En este sentido, existen varias teor\u00edas que se incluyen en la epistemolog\u00eda moral, teor\u00edas que pueden ser fundacionalistas, cognitivistas, no cognitivistas, coherentistas, intuicionistas, racionalistas, esc\u00e9pticas, naturalistas, internalistas, externalistas, etc. Pero todas tienen en com\u00fan el prop\u00f3sito de debatir la justificaci\u00f3n (su posibilidad o imposibilidad) de nuestros juicios morales cotidianos. Despu\u00e9s de todo, frecuentemente emitimos juicios morales, los cuales se basan en ciertas intuiciones sobre lo que ser\u00eda moralmente adecuado hacer en una situaci\u00f3n determinada. Y la pregunta que nos plantea la epistemolog\u00eda moral es: \u00bfc\u00f3mo justificar tales juicios, especialmente en situaciones concretas donde pueden surgir divergencias? No solo eso, tambi\u00e9n cuestiona la posibilidad misma de esa justificaci\u00f3n.<\/span><\/p>\n<p><b>Tutores:<\/b><\/p>\n<ul>\n<li style=\"font-weight: 400;\" aria-level=\"1\"><span style=\"font-weight: 400;\">Dr. Evandro Barbosa<\/span><\/li>\n<li style=\"font-weight: 400;\" aria-level=\"1\"><span style=\"font-weight: 400;\">Dr. Juliano do Carmo<\/span><\/li>\n<li style=\"font-weight: 400;\" aria-level=\"1\"><span style=\"font-weight: 400;\">Dr. Robinson dos Santos<\/span><\/li>\n<\/ul>\n","protected":false},"excerpt":{"rendered":"<p>Concepciones de la Virtud The research line Conceptions of Virtue aims to study in detail ethical theories that present virtue as a normative criterion for action in ancient, medieval, modern, and contemporary philosophy, while also establishing a contrast, especially with principled ethical theories. In this sense, special attention will be given to moral conceptions and [&hellip;]<\/p>\n","protected":false},"author":1247,"featured_media":0,"parent":3038,"menu_order":0,"comment_status":"closed","ping_status":"closed","template":"","meta":{"jetpack_post_was_ever_published":false,"footnotes":""},"class_list":["post-3044","page","type-page","status-publish","hentry"],"jetpack_sharing_enabled":true,"_links":{"self":[{"href":"https:\/\/wp.ufpel.edu.br\/ppgfil\/wp-json\/wp\/v2\/pages\/3044","targetHints":{"allow":["GET"]}}],"collection":[{"href":"https:\/\/wp.ufpel.edu.br\/ppgfil\/wp-json\/wp\/v2\/pages"}],"about":[{"href":"https:\/\/wp.ufpel.edu.br\/ppgfil\/wp-json\/wp\/v2\/types\/page"}],"author":[{"embeddable":true,"href":"https:\/\/wp.ufpel.edu.br\/ppgfil\/wp-json\/wp\/v2\/users\/1247"}],"replies":[{"embeddable":true,"href":"https:\/\/wp.ufpel.edu.br\/ppgfil\/wp-json\/wp\/v2\/comments?post=3044"}],"version-history":[{"count":1,"href":"https:\/\/wp.ufpel.edu.br\/ppgfil\/wp-json\/wp\/v2\/pages\/3044\/revisions"}],"predecessor-version":[{"id":3045,"href":"https:\/\/wp.ufpel.edu.br\/ppgfil\/wp-json\/wp\/v2\/pages\/3044\/revisions\/3045"}],"up":[{"embeddable":true,"href":"https:\/\/wp.ufpel.edu.br\/ppgfil\/wp-json\/wp\/v2\/pages\/3038"}],"wp:attachment":[{"href":"https:\/\/wp.ufpel.edu.br\/ppgfil\/wp-json\/wp\/v2\/media?parent=3044"}],"curies":[{"name":"wp","href":"https:\/\/api.w.org\/{rel}","templated":true}]}}