{"id":3038,"date":"2025-04-11T16:46:05","date_gmt":"2025-04-11T19:46:05","guid":{"rendered":"https:\/\/wp.ufpel.edu.br\/ppgfil\/?page_id=3038"},"modified":"2025-04-11T16:46:05","modified_gmt":"2025-04-11T19:46:05","slug":"area-de-concentracion","status":"publish","type":"page","link":"https:\/\/wp.ufpel.edu.br\/ppgfil\/area-de-concentracion\/","title":{"rendered":"AREA DE CONCENTRACI\u00d3N"},"content":{"rendered":"<p><b>ETICA Y FILOSOF\u00cdA POL\u00cdTICA<\/b><\/p>\n<p><span style=\"font-weight: 400;\">El Programa de Posgrado propuesto por el Departamento de Filosof\u00eda de la Universidade Federal de Pelotas, en el \u00e1rea de \u00c9tica y Filosof\u00eda Pol\u00edtica, se centra en temas fundamentales del pensamiento \u00e9tico y pol\u00edtico, abarc\u00e1ndolos en todos los per\u00edodos de la historia de la filosof\u00eda. En este sentido, el Programa contempla temas importantes de la filosof\u00eda antigua y medieval, tales como las concepciones de virtud y las concepciones de \u00e9tica y justicia en los autoresm\u00e1s significativos de estos per\u00edodos (autores que a\u00fan contribuyen a una reflexi\u00f3n sobre estos mismos temas).<\/span><\/p>\n<p>&nbsp;<\/p>\n<p><span style=\"font-weight: 400;\">En el contexto de la modernidad, se abordan los principales temas y corrientes respecto a las cuestiones m\u00e1s relevantes de la \u00e9tica y la filosof\u00eda pol\u00edtica, como las cuestiones relacionadas con la fundamentaci\u00f3n y la cr\u00edtica de la moral generadas por la propia modernidad. En el \u00e1mbito de la discusi\u00f3n contempor\u00e1nea, el Programa en \u00c9tica y Filosof\u00eda Pol\u00edtica busca representar, a partir del estudio de la tradici\u00f3n filos\u00f3fica, una reflexi\u00f3n sobre cuestiones \u00e9ticas tanto desde el punto de vista individual (como las concepciones de virtud, la fundamentaci\u00f3n y la cr\u00edtica de la moral, entre otras cuestiones esenciales de la tradici\u00f3n) como desde el punto de vista social, especialmente en el \u00e1mbito del Derecho y la Pol\u00edtica.<\/span><\/p>\n<p><span style=\"font-weight: 400;\">En este sentido, dicho Programa se gu\u00eda por la idea de que las reflexiones de car\u00e1cter \u00e9tico, adem\u00e1s de su valor intr\u00ednseco, tienen una fuerte aplicaci\u00f3n en el \u00e1mbito social en sus m\u00e1s diversas variaciones, lo cual se evidencia en el estudio de las teor\u00edas contempor\u00e1neas de la justicia.<\/span><\/p>\n","protected":false},"excerpt":{"rendered":"<p>ETICA Y FILOSOF\u00cdA POL\u00cdTICA El Programa de Posgrado propuesto por el Departamento de Filosof\u00eda de la Universidade Federal de Pelotas, en el \u00e1rea de \u00c9tica y Filosof\u00eda Pol\u00edtica, se centra en temas fundamentales del pensamiento \u00e9tico y pol\u00edtico, abarc\u00e1ndolos en todos los per\u00edodos de la historia de la filosof\u00eda. En este sentido, el Programa contempla [&hellip;]<\/p>\n","protected":false},"author":1247,"featured_media":0,"parent":0,"menu_order":0,"comment_status":"closed","ping_status":"closed","template":"","meta":{"jetpack_post_was_ever_published":false,"footnotes":""},"class_list":["post-3038","page","type-page","status-publish","hentry"],"jetpack_sharing_enabled":true,"_links":{"self":[{"href":"https:\/\/wp.ufpel.edu.br\/ppgfil\/wp-json\/wp\/v2\/pages\/3038","targetHints":{"allow":["GET"]}}],"collection":[{"href":"https:\/\/wp.ufpel.edu.br\/ppgfil\/wp-json\/wp\/v2\/pages"}],"about":[{"href":"https:\/\/wp.ufpel.edu.br\/ppgfil\/wp-json\/wp\/v2\/types\/page"}],"author":[{"embeddable":true,"href":"https:\/\/wp.ufpel.edu.br\/ppgfil\/wp-json\/wp\/v2\/users\/1247"}],"replies":[{"embeddable":true,"href":"https:\/\/wp.ufpel.edu.br\/ppgfil\/wp-json\/wp\/v2\/comments?post=3038"}],"version-history":[{"count":1,"href":"https:\/\/wp.ufpel.edu.br\/ppgfil\/wp-json\/wp\/v2\/pages\/3038\/revisions"}],"predecessor-version":[{"id":3039,"href":"https:\/\/wp.ufpel.edu.br\/ppgfil\/wp-json\/wp\/v2\/pages\/3038\/revisions\/3039"}],"wp:attachment":[{"href":"https:\/\/wp.ufpel.edu.br\/ppgfil\/wp-json\/wp\/v2\/media?parent=3038"}],"curies":[{"name":"wp","href":"https:\/\/api.w.org\/{rel}","templated":true}]}}