{"id":3035,"date":"2025-04-11T16:41:30","date_gmt":"2025-04-11T19:41:30","guid":{"rendered":"https:\/\/wp.ufpel.edu.br\/ppgfil\/?page_id=3035"},"modified":"2025-04-11T16:45:27","modified_gmt":"2025-04-11T19:45:27","slug":"presentacion","status":"publish","type":"page","link":"https:\/\/wp.ufpel.edu.br\/ppgfil\/presentacion\/","title":{"rendered":"Presentaci\u00f3n"},"content":{"rendered":"<p><span style=\"font-weight: 400;\">El Programa de Posgrado <\/span><i><span style=\"font-weight: 400;\">stricto sensu<\/span><\/i><span style=\"font-weight: 400;\"> en Filosof\u00eda de la Universidade Federal de Pelotas est\u00e1 basado en la trayectoria institucional de su Departamento de Filosof\u00eda. Desde su creaci\u00f3n en el 24\/08\/1984, la UFPel ha mantenido una Licenciatura en Filosof\u00eda (en 2005 se implement\u00f3 una modalidad de Bachillerato, y en el a\u00f1o 2014 se cre\u00f3 un curso de Filosof\u00eda en la modalidad a distancia).<\/span><\/p>\n<p><span style=\"font-weight: 400;\">En el segundo semestre de 1997, se inici\u00f3 el Posgrado lato sensu con el curso de Especializaci\u00f3n en Filosof\u00eda Moral y Pol\u00edtica. El curso de Posgrado a nivel de Maestr\u00eda fue creado en 2007 para atender una importante demanda de la regi\u00f3n sur de Rio Grande do Sul y de Uruguay. Por esta raz\u00f3n, el Programa mantuvo intercambios con la Universidad Cat\u00f3lica del Uruguay (UCU) y con la Universidad de la Rep\u00fablica (UDELAR). Adem\u00e1s, se estableci\u00f3 un acuerdo de cooperaci\u00f3n con la Universidade Federal de Santa Catarina (UFSC), que ya contaba con un Programa de Posgrado consolidado.<\/span><\/p>\n<p><span style=\"font-weight: 400;\">La creaci\u00f3n de la Maestr\u00eda en Filosof\u00eda, con su primer clase en marzo de 2008, tuvo como objetivo fortalecer, a nivel de ense\u00f1anza, las actividades de investigaci\u00f3n realizadas por su cuerpo docente, buscando ser un punto de referencia en las investigaciones sobre temas relevantes de filosof\u00eda moral y pol\u00edtica. En su primera evaluaci\u00f3n efectiva, el Programa recibi\u00f3 la calificaci\u00f3n 4 por parte de la Coordinaci\u00f3n de Perfeccionamiento de Personal de Nivel Superior (CAPES). En 2013, se reactiv\u00f3 el Curso de Especializaci\u00f3n en Filosof\u00eda, y en 2014 (cuando el Departamento celebraba sus treinta a\u00f1os de existencia) fue aprobado el Doctorado en Filosof\u00eda de la UFPel por el Consejo Cient\u00edfico de CAPES, iniciando sus actividades en agosto de 2015.<\/span><\/p>\n<p><span style=\"font-weight: 400;\">Actualmente, el Programa cuenta con 11 profesores en su cuadro docente permanente, adem\u00e1s de 2 profesores colaboradores y 1 profesor visitante, todos con actividades de ense\u00f1anza, investigaci\u00f3n y extensi\u00f3n centradas en el \u00e1rea de concentraci\u00f3n y en las l\u00edneas de investigaci\u00f3n del curso.<\/span><\/p>\n<p><span style=\"font-weight: 400;\">El Programa se articula en una gran \u00e1rea de concentraci\u00f3n, \u00c9tica y Filosof\u00eda Pol\u00edtica, con cuatro l\u00edneas de investigaci\u00f3n: Concepciones de la Virtud; Fundamentaci\u00f3n y Cr\u00edtica de la Moral; Derecho, Sociedad y Estado; y Epistemolog\u00eda Moral. El Programa tambi\u00e9n cuenta con la publicaci\u00f3n de la Revista Dissertatio, fundada en 1995 (indexada en CLASE, con calificaci\u00f3n A2 por el Qualis\/CAPES), la revista Seara Filos\u00f3fica, editada por los estudiantes del PPGFIL desde 2009 (clasificada en Qualis\/CAPES con B1), as\u00ed como, desde 2014, con las Colecciones <\/span><i><span style=\"font-weight: 400;\">Dissertatio <\/span><\/i><span style=\"font-weight: 400;\">Filosof\u00eda, <\/span><i><span style=\"font-weight: 400;\">Dissertatio Studia<\/span><\/i><span style=\"font-weight: 400;\"> y <\/span><i><span style=\"font-weight: 400;\">Dissertatio Incipiens<\/span><\/i><span style=\"font-weight: 400;\">.<\/span><\/p>\n","protected":false},"excerpt":{"rendered":"<p>El Programa de Posgrado stricto sensu en Filosof\u00eda de la Universidade Federal de Pelotas est\u00e1 basado en la trayectoria institucional de su Departamento de Filosof\u00eda. Desde su creaci\u00f3n en el 24\/08\/1984, la UFPel ha mantenido una Licenciatura en Filosof\u00eda (en 2005 se implement\u00f3 una modalidad de Bachillerato, y en el a\u00f1o 2014 se cre\u00f3 un [&hellip;]<\/p>\n","protected":false},"author":1247,"featured_media":0,"parent":0,"menu_order":0,"comment_status":"closed","ping_status":"closed","template":"","meta":{"jetpack_post_was_ever_published":false,"footnotes":""},"class_list":["post-3035","page","type-page","status-publish","hentry"],"jetpack_sharing_enabled":true,"_links":{"self":[{"href":"https:\/\/wp.ufpel.edu.br\/ppgfil\/wp-json\/wp\/v2\/pages\/3035","targetHints":{"allow":["GET"]}}],"collection":[{"href":"https:\/\/wp.ufpel.edu.br\/ppgfil\/wp-json\/wp\/v2\/pages"}],"about":[{"href":"https:\/\/wp.ufpel.edu.br\/ppgfil\/wp-json\/wp\/v2\/types\/page"}],"author":[{"embeddable":true,"href":"https:\/\/wp.ufpel.edu.br\/ppgfil\/wp-json\/wp\/v2\/users\/1247"}],"replies":[{"embeddable":true,"href":"https:\/\/wp.ufpel.edu.br\/ppgfil\/wp-json\/wp\/v2\/comments?post=3035"}],"version-history":[{"count":1,"href":"https:\/\/wp.ufpel.edu.br\/ppgfil\/wp-json\/wp\/v2\/pages\/3035\/revisions"}],"predecessor-version":[{"id":3036,"href":"https:\/\/wp.ufpel.edu.br\/ppgfil\/wp-json\/wp\/v2\/pages\/3035\/revisions\/3036"}],"wp:attachment":[{"href":"https:\/\/wp.ufpel.edu.br\/ppgfil\/wp-json\/wp\/v2\/media?parent=3035"}],"curies":[{"name":"wp","href":"https:\/\/api.w.org\/{rel}","templated":true}]}}