{"id":2976,"date":"2025-03-20T10:35:45","date_gmt":"2025-03-20T13:35:45","guid":{"rendered":"https:\/\/wp.ufpel.edu.br\/ppgfil\/?page_id=2976"},"modified":"2025-03-24T16:15:58","modified_gmt":"2025-03-24T19:15:58","slug":"objetivos-e-missao","status":"publish","type":"page","link":"https:\/\/wp.ufpel.edu.br\/ppgfil\/objetivos-e-missao\/","title":{"rendered":"Miss\u00e3o e Objetivos"},"content":{"rendered":"<p><strong>Miss\u00e3o<\/strong><\/p>\n<p>O Programa tem como voca\u00e7\u00e3o principal a forma\u00e7\u00e3o de quadros na sua \u00c1rea de Concentra\u00e7\u00e3o, comprometendo-se com a forma\u00e7\u00e3o e a pesquisa de excel\u00eancia, baseadas no rigor t\u00e9cnico, cient\u00edfico e filos\u00f3fico, sem negligenciar o recurso \u00e0 interdisciplinaridade, elemento indispens\u00e1vel para a inser\u00e7\u00e3o plena de cidad\u00e3os e de profissionais competitivos na sociedade contempor\u00e2nea.<\/p>\n<p>Assim, o Programa est\u00e1 comprometido, de acordo com seu Regimento, no cumprimento do tempo m\u00e9dio recomendado para a forma\u00e7\u00e3o de mestres (20 meses) e doutores (40 meses), bem como com a sempre crescente presen\u00e7a dos seus egressos no mercado de trabalho, nomeadamente em atividades relacionadas com a sua forma\u00e7\u00e3o.<\/p>\n<p>Do ponto de vista da pesquisa, a miss\u00e3o do Programa concretiza-se na atualiza\u00e7\u00e3o de problemas e temas cl\u00e1ssicos da sua \u00c1rea de Concentra\u00e7\u00e3o, com particular aten\u00e7\u00e3o para a situa\u00e7\u00e3o atual \u2013 nacional, regional, e\/ou internacional \u2013 e as demandas que dela emergem. De forma complementar, o Programa afirma o seu compromisso com a articula\u00e7\u00e3o da pesquisa de excel\u00eancia que nele \u00e9 realizada com a Universidade e a comunidade em que esta est\u00e1 integrada, nomeadamente atrav\u00e9s das teses, disserta\u00e7\u00f5es, projetos, e eventos nele produzidos e desenvolvidos, promovendo a participa\u00e7\u00e3o da comunidade mais alargada.<\/p>\n<p>O Programa est\u00e1 tamb\u00e9m investido na inova\u00e7\u00e3o e socializa\u00e7\u00e3o do conhecimento por interm\u00e9dio de publica\u00e7\u00f5es e outros produtos, bem como atrav\u00e9s da divulga\u00e7\u00e3o dos seus resultados na m\u00eddia e nas redes sociais. O comprometimento com a socializa\u00e7\u00e3o do conhecimento por parte do Programa expressa-se n\u00e3o s\u00f3 nas publica\u00e7\u00f5es em peri\u00f3dicos nacionais e internacionais, mas tamb\u00e9m na manuten\u00e7\u00e3o de estruturas como as revistas Dissertatio e Seara Filos\u00f3fica, bem como o NEPFIL, que \u00e9 hoje uma das mais significativas iniciativas de edi\u00e7\u00e3o de obras na \u00e1rea da Filosofia do pa\u00eds.<\/p>\n<p>&nbsp;<\/p>\n<p><strong>Objetivo geral<\/strong><\/p>\n<p>O Programa visa, como objetivo geral, formar profissionais tecnicamente competentes, com sentido cr\u00edtico e perfil interdisciplinar, capazes de fazer face \u00e0s exig\u00eancias da sociedade contempor\u00e2nea e aos desafios complexos que esta lhes coloca, com os n\u00edveis de excel\u00eancia ajustados aos padr\u00f5es de avalia\u00e7\u00e3o de ag\u00eancias nacionais e internacionais. A forma\u00e7\u00e3o e a pesquisa de excel\u00eancia, apoiadas por uma produ\u00e7\u00e3o qualificada, fazendo uso dos eixos estruturantes de toda a atividade acad\u00eamica, a saber, o ensino, a pesquisa, e a extens\u00e3o, s\u00e3o ve\u00edculos fundamentais para a concretiza\u00e7\u00e3o dos objetivos do Programa.<\/p>\n<p><strong>Objetivos espec\u00edficos<\/strong><\/p>\n<p>O Programa busca, como objetivos espec\u00edficos: 1) capacitar pessoas para as exig\u00eancias multifacetadas da vida contempor\u00e2nea, promovendo atividades de ensino, pesquisa, extens\u00e3o no sentido da inova\u00e7\u00e3o e da interdisciplinaridade, contribuindo para a cria\u00e7\u00e3o de oportunidades profissionais e inser\u00e7\u00e3o dos seus formandos na sociedade; 2) Refor\u00e7ar a sua internacionaliza\u00e7\u00e3o, nomeadamente atrav\u00e9s de projetos de pesquisa de docentes e discentes inseridos em institui\u00e7\u00f5es de refer\u00eancia nacionais e internacionais, bem como por via de protocolos de coopera\u00e7\u00e3o regional que consolidem o seu lugar como refer\u00eancia de forma\u00e7\u00e3o avan\u00e7ada e produ\u00e7\u00e3o cient\u00edfica na sua regi\u00e3o de atua\u00e7\u00e3o; 3) Garantir que a sua proposta de forma\u00e7\u00e3o e de pesquisa \u00e9 sustent\u00e1vel. Para esse efeito, necessita n\u00e3o s\u00f3 de manter e mesmo aumentar o n\u00famero de docentes permanentes, colaboradores e visitantes, mas tamb\u00e9m assegurar a atualiza\u00e7\u00e3o e renova\u00e7\u00e3o dos seus quadros e da sua oferta formativa atrav\u00e9s da integra\u00e7\u00e3o de pesquisadores seniores e j\u00faniores; 4) Qualificar a publica\u00e7\u00e3o discente, promovendo a distribui\u00e7\u00e3o equitativa das orienta\u00e7\u00f5es e a publica\u00e7\u00e3o conjunta em peri\u00f3dicos, livros e outras publica\u00e7\u00f5es de refer\u00eancia; 5) Corresponder \u00e0s demandas crescentes de produ\u00e7\u00e3o intelectual de qualidade, bem como de produ\u00e7\u00e3o t\u00e9cnica, organiza\u00e7\u00e3o de eventos e demais produtos, no sentido de disponibilizar ao p\u00fablico a pesquisa de excel\u00eancia que nele e por ele \u00e9 produzida, melhorando a sua visibilidade e, com isso, mostrar a sua relev\u00e2ncia nos panoramas da pesquisa nacional e internacional; 6) Estender a sua a\u00e7\u00e3o \u00e0 comunidade em que est\u00e1 inserido, quer enquanto centro de forma\u00e7\u00e3o profissional, de pesquisa e de p\u00f3s-gradua\u00e7\u00e3o de excel\u00eancia, quer posicionando-se na vanguarda da promo\u00e7\u00e3o e aplica\u00e7\u00e3o de pol\u00edticas com impacto social.<\/p>\n","protected":false},"excerpt":{"rendered":"<p>Miss\u00e3o O Programa tem como voca\u00e7\u00e3o principal a forma\u00e7\u00e3o de quadros na sua \u00c1rea de Concentra\u00e7\u00e3o, comprometendo-se com a forma\u00e7\u00e3o e a pesquisa de excel\u00eancia, baseadas no rigor t\u00e9cnico, cient\u00edfico e filos\u00f3fico, sem negligenciar o recurso \u00e0 interdisciplinaridade, elemento indispens\u00e1vel para a inser\u00e7\u00e3o plena de cidad\u00e3os e de profissionais competitivos na sociedade contempor\u00e2nea. Assim, o [&hellip;]<\/p>\n","protected":false},"author":16,"featured_media":0,"parent":0,"menu_order":0,"comment_status":"closed","ping_status":"closed","template":"","meta":{"jetpack_post_was_ever_published":false,"footnotes":""},"class_list":["post-2976","page","type-page","status-publish","hentry"],"jetpack_sharing_enabled":true,"_links":{"self":[{"href":"https:\/\/wp.ufpel.edu.br\/ppgfil\/wp-json\/wp\/v2\/pages\/2976","targetHints":{"allow":["GET"]}}],"collection":[{"href":"https:\/\/wp.ufpel.edu.br\/ppgfil\/wp-json\/wp\/v2\/pages"}],"about":[{"href":"https:\/\/wp.ufpel.edu.br\/ppgfil\/wp-json\/wp\/v2\/types\/page"}],"author":[{"embeddable":true,"href":"https:\/\/wp.ufpel.edu.br\/ppgfil\/wp-json\/wp\/v2\/users\/16"}],"replies":[{"embeddable":true,"href":"https:\/\/wp.ufpel.edu.br\/ppgfil\/wp-json\/wp\/v2\/comments?post=2976"}],"version-history":[{"count":2,"href":"https:\/\/wp.ufpel.edu.br\/ppgfil\/wp-json\/wp\/v2\/pages\/2976\/revisions"}],"predecessor-version":[{"id":2992,"href":"https:\/\/wp.ufpel.edu.br\/ppgfil\/wp-json\/wp\/v2\/pages\/2976\/revisions\/2992"}],"wp:attachment":[{"href":"https:\/\/wp.ufpel.edu.br\/ppgfil\/wp-json\/wp\/v2\/media?parent=2976"}],"curies":[{"name":"wp","href":"https:\/\/api.w.org\/{rel}","templated":true}]}}