{"id":29,"date":"2016-02-23T17:01:25","date_gmt":"2016-02-23T20:01:25","guid":{"rendered":"https:\/\/wp.ufpel.edu.br\/ppgfil\/?page_id=29"},"modified":"2026-03-23T10:27:10","modified_gmt":"2026-03-23T13:27:10","slug":"documentos","status":"publish","type":"page","link":"https:\/\/wp.ufpel.edu.br\/ppgfil\/documentos\/","title":{"rendered":"Documentos em geral"},"content":{"rendered":"<p><strong>Clique nos t\u00edtulos de documentos abaixo para acess\u00e1-los:<\/strong><\/p>\n<ol>\n<li><a href=\"https:\/\/wp.ufpel.edu.br\/ppgfil\/files\/2023\/06\/Formulario-6-Aproveitamento-de-creditos.doc\">Formul\u00e1rio 6 Aproveitamento de cr\u00e9ditos<\/a><\/li>\n<li><a href=\"https:\/\/wp.ufpel.edu.br\/ppgfil\/files\/2019\/12\/modelo-estruturado-de-projeto-de-pesquisa.pdf\">modelo-estruturado-de-projeto-de-pesquisa<\/a><\/li>\n<li><a href=\"https:\/\/wp.ufpel.edu.br\/ppgfil\/files\/2016\/02\/formulario-INSCRICAO.doc\">Formul\u00e1rio INSCRICAO ALUNO REGULAR<\/a><\/li>\n<li><a href=\"https:\/\/wp.ufpel.edu.br\/ppgfil\/files\/2016\/02\/formularioinscrio.rtf\" rel=\"\">Requerimento de INSCRI\u00c7\u00c3O ALUNO ESPECIAL<\/a><\/li>\n<li><a href=\"https:\/\/wp.ufpel.edu.br\/ppgfil\/files\/2016\/02\/cancelamento-de-disciplina.doc\" target=\"_blank\" rel=\"noopener noreferrer\">Formul\u00e1rio de Cancelamento de Disciplina<\/a><\/li>\n<li><a href=\"https:\/\/wp.ufpel.edu.br\/ppgfil\/files\/2016\/02\/encaminhamento-de-defesa.doc\" target=\"_blank\" rel=\"noopener noreferrer\">Formul\u00e1rio de Encaminhamento de Defesa<\/a><\/li>\n<li><a href=\"https:\/\/wp.ufpel.edu.br\/ppgfil\/files\/2016\/02\/matricula.doc\" target=\"_blank\" rel=\"noopener noreferrer\">Formul\u00e1rio de Matr\u00edcula<\/a><\/li>\n<li><a href=\"https:\/\/wp.ufpel.edu.br\/ppgfil\/files\/2016\/02\/programa-de-disciplina.doc\" target=\"_blank\" rel=\"noopener noreferrer\">Formul\u00e1rio de Programa de Disciplina<\/a><\/li>\n<li><a href=\"https:\/\/wp.ufpel.edu.br\/ppgfil\/files\/2024\/03\/FORMULARIO-DE-CORRECAO-DE-MATRICULA.doc\">Formul\u00e1rio de corre\u00e7\u00e3o de Matr\u00edcula<\/a><\/li>\n<li><a href=\"https:\/\/wp.ufpel.edu.br\/ppgfil\/files\/2016\/02\/trancamento-de-matricula.doc\" target=\"_blank\" rel=\"noopener noreferrer\">Formul\u00e1rio de Trancamento de Matr\u00edcula<\/a><\/li>\n<li><a href=\"https:\/\/wp.ufpel.edu.br\/ppgfil\/files\/2016\/02\/visitantes.doc\" target=\"_blank\" rel=\"noopener noreferrer\">Formul\u00e1rio Visitantes<\/a><\/li>\n<li><a href=\"https:\/\/wp.ufpel.edu.br\/ppgfil\/files\/2016\/02\/solicitacao-de-estagio-docencia.doc\" target=\"_blank\" rel=\"noopener noreferrer\">Solicita\u00e7\u00e3o de Est\u00e1gio Doc\u00eancia<\/a><\/li>\n<li><a href=\"https:\/\/wp.ufpel.edu.br\/ppgfil\/documentos\/procedimento-para-a-entrega-da-versao-final-da-dissertacao-ou-tese\/\"><span style=\"font-family: arial, helvetica, sans-serif;\">Procedimento para a entrega da vers\u00e3o final da disserta\u00e7\u00e3o ou tese<\/span><\/a><\/li>\n<li><a href=\"https:\/\/wp.ufpel.edu.br\/ppgfil\/files\/2024\/07\/2024-Criterios-para-Concessao-e-Manutencao-de-Bolsas-do-PPGFIL.pdf\">Crit\u00e9rios para concess\u00e3o de bolsas<\/a><\/li>\n<\/ol>\n<hr \/>\n<p><strong>Documentos para Processo Seletivo &#8211; Estudantes Regulares _Editais 245 e 246<\/strong><\/p>\n<ol>\n<li><a href=\"https:\/\/wp.ufpel.edu.br\/ppgfil\/files\/2016\/02\/formulario-INSCRICAO.doc\">Formul\u00e1rio INSCRICAO ALUNO REGULAR<\/a><\/li>\n<li><a href=\"https:\/\/wp.ufpel.edu.br\/ppgfil\/files\/2023\/12\/COMPROVANTE-DE-PAGAMENTO-DA-INSCRICAO.docx\">COMPROVANTE-DE-PAGAMENTO-DA-INSCRICAO<\/a><\/li>\n<li><a href=\"https:\/\/wp.ufpel.edu.br\/ppgfil\/files\/2023\/12\/AUTODECLARACAO-ETNICO-RACIAL-NOVO.pdf\">AUTODECLARACAO-ETNICO-RACIAL-NOVO<\/a><\/li>\n<li><a href=\"https:\/\/wp.ufpel.edu.br\/ppgfil\/files\/2023\/12\/AUTODECLARACAO-Indigenas.docx\">AUTODECLARACAO-Indigenas<\/a><\/li>\n<li><a href=\"https:\/\/wp.ufpel.edu.br\/ppgfil\/files\/2023\/12\/DECLARACAO-DE-PERTENCIMENTO-ETNICO-E-RESIDENCIA-Indigenas.docx\">DECLARACAO-DE-PERTENCIMENTO-ETNICO-E-RESIDENCIA-Indigenas<\/a><\/li>\n<li><a href=\"https:\/\/wp.ufpel.edu.br\/ppgfil\/files\/2023\/12\/AUTODECLARACAO-Quilombolas.docx\">AUTODECLARACAO-Quilombolas<\/a><\/li>\n<li><a href=\"https:\/\/wp.ufpel.edu.br\/ppgfil\/files\/2023\/12\/DECLARACAO-DE-PERTENCIMENTO-ETNICO-E-DE-RESIDENCIA-Quilombolas.docx\">DECLARACAO-DE-PERTENCIMENTO-ETNICO-E-DE-RESIDENCIA-Quilombolas<\/a><\/li>\n<li><a href=\"https:\/\/wp.ufpel.edu.br\/ppgfil\/files\/2023\/12\/Autodeclaracao_de_Identidade_de_Genero.pdf\">Autodeclaracao_de_Identidade_de_Genero<\/a><\/li>\n<\/ol>\n","protected":false},"excerpt":{"rendered":"<p>Clique nos t\u00edtulos de documentos abaixo para acess\u00e1-los: Formul\u00e1rio 6 Aproveitamento de cr\u00e9ditos modelo-estruturado-de-projeto-de-pesquisa Formul\u00e1rio INSCRICAO ALUNO REGULAR Requerimento de INSCRI\u00c7\u00c3O ALUNO ESPECIAL Formul\u00e1rio de Cancelamento de Disciplina Formul\u00e1rio de Encaminhamento de Defesa Formul\u00e1rio de Matr\u00edcula Formul\u00e1rio de Programa de Disciplina Formul\u00e1rio de corre\u00e7\u00e3o de Matr\u00edcula Formul\u00e1rio de Trancamento de Matr\u00edcula Formul\u00e1rio Visitantes Solicita\u00e7\u00e3o de [&hellip;]<\/p>\n","protected":false},"author":16,"featured_media":0,"parent":0,"menu_order":0,"comment_status":"closed","ping_status":"closed","template":"","meta":{"jetpack_post_was_ever_published":false,"footnotes":""},"class_list":["post-29","page","type-page","status-publish","hentry"],"jetpack_sharing_enabled":true,"_links":{"self":[{"href":"https:\/\/wp.ufpel.edu.br\/ppgfil\/wp-json\/wp\/v2\/pages\/29","targetHints":{"allow":["GET"]}}],"collection":[{"href":"https:\/\/wp.ufpel.edu.br\/ppgfil\/wp-json\/wp\/v2\/pages"}],"about":[{"href":"https:\/\/wp.ufpel.edu.br\/ppgfil\/wp-json\/wp\/v2\/types\/page"}],"author":[{"embeddable":true,"href":"https:\/\/wp.ufpel.edu.br\/ppgfil\/wp-json\/wp\/v2\/users\/16"}],"replies":[{"embeddable":true,"href":"https:\/\/wp.ufpel.edu.br\/ppgfil\/wp-json\/wp\/v2\/comments?post=29"}],"version-history":[{"count":3,"href":"https:\/\/wp.ufpel.edu.br\/ppgfil\/wp-json\/wp\/v2\/pages\/29\/revisions"}],"predecessor-version":[{"id":3670,"href":"https:\/\/wp.ufpel.edu.br\/ppgfil\/wp-json\/wp\/v2\/pages\/29\/revisions\/3670"}],"wp:attachment":[{"href":"https:\/\/wp.ufpel.edu.br\/ppgfil\/wp-json\/wp\/v2\/media?parent=29"}],"curies":[{"name":"wp","href":"https:\/\/api.w.org\/{rel}","templated":true}]}}