{"id":2885,"date":"2025-02-16T17:41:11","date_gmt":"2025-02-16T20:41:11","guid":{"rendered":"https:\/\/wp.ufpel.edu.br\/ppgfil\/?page_id=2885"},"modified":"2025-03-25T09:19:21","modified_gmt":"2025-03-25T12:19:21","slug":"canal-do-ppgfil-no-youtube","status":"publish","type":"page","link":"https:\/\/wp.ufpel.edu.br\/ppgfil\/canal-do-ppgfil-no-youtube\/","title":{"rendered":"Canal do PPGFIL no YouTube"},"content":{"rendered":"<p>O Canal do PPGFIL-UFPel foi criado no YouTube em setembro de 2023, com vistas a compartilhar com a comunidade em geral a produ\u00e7\u00e3o intelectual do Programa. O Canal, em atualiza\u00e7\u00e3o, re\u00fane apresenta\u00e7\u00f5es que foram registrada no \u00e2mbito do PPGFIL nas abas &#8220;Inicio&#8221; e &#8220;V\u00eddeos&#8221;, J\u00e1 na aba &#8220;Playlists&#8221; houve um resgate de apresenta\u00e7\u00f5es de docentes e discentes em atividades realizadas no \u00e2mbito do Departamento de Filosofia, em particular naquelas de ensino e extens\u00e3o. O Canal pode ser acessado em: <a href=\"https:\/\/www.youtube.com\/@ppgfilufpel\">https:\/\/www.youtube.com\/@ppgfilufpel<\/a><\/p>\n","protected":false},"excerpt":{"rendered":"<p>O Canal do PPGFIL-UFPel foi criado no YouTube em setembro de 2023, com vistas a compartilhar com a comunidade em geral a produ\u00e7\u00e3o intelectual do Programa. O Canal, em atualiza\u00e7\u00e3o, re\u00fane apresenta\u00e7\u00f5es que foram registrada no \u00e2mbito do PPGFIL nas abas &#8220;Inicio&#8221; e &#8220;V\u00eddeos&#8221;, J\u00e1 na aba &#8220;Playlists&#8221; houve um resgate de apresenta\u00e7\u00f5es de docentes [&hellip;]<\/p>\n","protected":false},"author":16,"featured_media":0,"parent":0,"menu_order":0,"comment_status":"closed","ping_status":"closed","template":"","meta":{"jetpack_post_was_ever_published":false,"footnotes":""},"class_list":["post-2885","page","type-page","status-publish","hentry"],"jetpack_sharing_enabled":true,"_links":{"self":[{"href":"https:\/\/wp.ufpel.edu.br\/ppgfil\/wp-json\/wp\/v2\/pages\/2885","targetHints":{"allow":["GET"]}}],"collection":[{"href":"https:\/\/wp.ufpel.edu.br\/ppgfil\/wp-json\/wp\/v2\/pages"}],"about":[{"href":"https:\/\/wp.ufpel.edu.br\/ppgfil\/wp-json\/wp\/v2\/types\/page"}],"author":[{"embeddable":true,"href":"https:\/\/wp.ufpel.edu.br\/ppgfil\/wp-json\/wp\/v2\/users\/16"}],"replies":[{"embeddable":true,"href":"https:\/\/wp.ufpel.edu.br\/ppgfil\/wp-json\/wp\/v2\/comments?post=2885"}],"version-history":[{"count":4,"href":"https:\/\/wp.ufpel.edu.br\/ppgfil\/wp-json\/wp\/v2\/pages\/2885\/revisions"}],"predecessor-version":[{"id":2997,"href":"https:\/\/wp.ufpel.edu.br\/ppgfil\/wp-json\/wp\/v2\/pages\/2885\/revisions\/2997"}],"wp:attachment":[{"href":"https:\/\/wp.ufpel.edu.br\/ppgfil\/wp-json\/wp\/v2\/media?parent=2885"}],"curies":[{"name":"wp","href":"https:\/\/api.w.org\/{rel}","templated":true}]}}